{"id":60819,"date":"2020-09-24T14:48:32","date_gmt":"2020-09-24T12:48:32","guid":{"rendered":"https:\/\/strohm-teka.com\/strohm-teka\/"},"modified":"2025-06-05T08:50:07","modified_gmt":"2025-06-05T06:50:07","slug":"strohm-teka","status":"publish","type":"page","link":"https:\/\/strohm-teka.hu\/en\/","title":{"rendered":"Strohm Teka"},"content":{"rendered":"\n<div style=\"height:20px\" aria-hidden=\"true\" class=\"wp-block-spacer\"><\/div>\n\n\n<\/div><\/div>\n<div class=\"full-screen-container \" style=\"background-image: url(https:\/\/strohm-wp-services.1s.funcionalia.com\/2020\/10\/showroom-02_dark-e1605183776226-1500x600.jpg);\">\n\t<div class=\"content\">\n\t\t<div class=\"inner-holder\">\n\t\t\t<p class=\"title\">Live our showroom experience<\/p>\n\t\t\t<p class=\"description\">Visit our showroom in Madrid<\/p>\n\t\t\t<p class=\"description\"><a href=\"\" class=\"link arrow-link\"><\/a><\/p>\n\t\t<\/div>\n\t<\/div>\n<\/div>\n<div class=\"container\"><div class=\"formatted-text\">\n\n<\/div><\/div>\n<div class=\"full-screen-row\">\n\t<div class=\"content \" style=\"background-image: url(https:\/\/strohm-wp-services.1s.funcionalia.com\/2020\/10\/detalles_0009_capa-27-900x500.jpg);width:50%;\">\n\t\t\t\t<div class=\"inner-holder\">\n\t\t\t<p class=\"title\"><a href=\"\/en\/product-category\/shower\/\">Shower columns<\/a><\/p>\n\t\t\t<p class=\"description\"><\/p>\n\t\t<\/div>\n\t<\/div>\n\t<div class=\"content \" style=\"background-image: url(https:\/\/strohm-wp-services.1s.funcionalia.com\/2020\/10\/lavabo-01-900x500.jpg);width:50%;\">\n\t\t\t<div class=\"inner-holder\">\n\t\t\t<p class=\"title\"><a href=\"\/en\/product-category\/basins-bath-cabinets\/\">Washbasins and bath cabinets<\/a><\/p>\n\t\t\t<p class=\"description\"><\/p>\n\t\t<\/div>\n\t<\/div>\n\t<\/div>\n<div class=\"container\"><div class=\"formatted-text\">\n\n<\/div><\/div>\n<div class=\"full-screen-row\">\n\t<div class=\"content \" style=\"background-image: url(https:\/\/strohm-wp-services.1s.funcionalia.com\/2020\/10\/bano-03-900x500.jpg);width:60%;\">\n\t\t\t\t<div class=\"inner-holder\">\n\t\t\t<p class=\"title\"><a href=\"\/en\/product-category\/bathtubs\/\">Bathtubs<\/a><\/p>\n\t\t\t<p class=\"description\"><\/p>\n\t\t<\/div>\n\t<\/div>\n\t<div class=\"content \" style=\"background-image: url(https:\/\/strohm-wp-services.1s.funcionalia.com\/2020\/09\/banos-modernos-sanitarios.jpg);width:40%;\">\n\t\t\t<div class=\"inner-holder\">\n\t\t\t<p class=\"title\"><a href=\"\/en\/product-category\/wc-bidets\/\">Toilets and bidets<\/a><\/p>\n\t\t\t<p class=\"description\"><\/p>\n\t\t<\/div>\n\t<\/div>\n\t<\/div>\n<div class=\"container\"><div class=\"formatted-text\">\n\n<\/div><\/div>\n<div class=\"full-screen-row\">\n\t<div class=\"content \" style=\"background-image: url(https:\/\/strohm-wp-services.1s.funcionalia.com\/2020\/10\/detalles_0004_capa-32-900x500.jpg);width:40%;\">\n\t\t\t\t<div class=\"inner-holder\">\n\t\t\t<p class=\"title\"><a href=\"\/en\/product-category\/accessories\/\">Accesories<\/a><\/p>\n\t\t\t<p class=\"description\"><\/p>\n\t\t<\/div>\n\t<\/div>\n\t<div class=\"content \" style=\"background-image: url(https:\/\/strohm-wp-services.1s.funcionalia.com\/2020\/10\/detalles_0002_capa-34-900x500.jpg);width:60%;\">\n\t\t\t<div class=\"inner-holder\">\n\t\t\t<p class=\"title\"><a href=\"\/en\/product-category\/shower\/shower-trays\/\">Shower trays<\/a><\/p>\n\t\t\t<p class=\"description\"><\/p>\n\t\t<\/div>\n\t<\/div>\n\t<\/div>\n<div class=\"container\"><div class=\"formatted-text\">\n\n\n<div style=\"height:20px\" aria-hidden=\"true\" class=\"wp-block-spacer\"><\/div>\n\n\n<\/div><\/div>\n<div class=\"full-screen-container \" style=\"background-image: url(https:\/\/strohm-wp-services.1s.funcionalia.com\/2020\/10\/bano-07-1800x600.jpg);\">\n\t<div class=\"content\">\n\t\t<div class=\"inner-holder\">\n\t\t\t<p class=\"title\">A collection for every style<\/p>\n\t\t\t<p class=\"description\">A brand for every need<\/p>\n\t\t\t<p class=\"description\"><a href=\"\/en\/collections\/\" class=\"link arrow-link\">See collections<\/a><\/p>\n\t\t<\/div>\n\t<\/div>\n<\/div>\n<div class=\"container\"><div class=\"formatted-text\">\n\n\n<div style=\"height:20px\" aria-hidden=\"true\" class=\"wp-block-spacer\"><\/div>\n\n\n<\/div><\/div>\n<div class=\"full-screen-row\">\n\t<div class=\"content \" style=\"background-image: url(https:\/\/strohm-wp-services.1s.funcionalia.com\/2020\/10\/banosol-copia-e1603354567524-900x500.jpg);width:70%;\">\n\t\t\t\t<div class=\"inner-holder\">\n\t\t\t<p class=\"title\"><a href=\"https:\/\/strohm-teka.com\/en\/collections\/itaca\/\">Itaca Collection<\/a><\/p>\n\t\t\t<p class=\"description\">Pursuing harmony amid the contrasts of nature<\/p>\n\t\t<\/div>\n\t<\/div>\n\t<div class=\"content empty\" style=\"background-image: url(https:\/\/strohm-wp-services.1s.funcionalia.com\/2020\/10\/strohm_sowroom_276-900x500.jpg);width:30%;\">\n\t\t\t<div class=\"inner-holder\">\n\t\t\t<p class=\"title\"><a href=\"\"><\/a><\/p>\n\t\t\t<p class=\"description\"><\/p>\n\t\t<\/div>\n\t<\/div>\n\t<\/div>\n<div class=\"container\"><div class=\"formatted-text\">\n\n\n<div style=\"height:20px\" aria-hidden=\"true\" class=\"wp-block-spacer\"><\/div>\n\n\n<\/div><\/div>\n<div class=\"full-screen-row\">\n\t<div class=\"content empty\" style=\"background-image: url(https:\/\/strohm-wp-services.1s.funcionalia.com\/2020\/11\/strohm_sense_008-900x500.jpg);width:40%;\">\n\t\t\t\t<div class=\"inner-holder\">\n\t\t\t<p class=\"title\"><a href=\"https:\/\/strohm-teka.com\/en\/collections\/sense\/\"><\/a><\/p>\n\t\t\t<p class=\"description\"><\/p>\n\t\t<\/div>\n\t<\/div>\n\t<div class=\"content \" style=\"background-image: url(https:\/\/strohm-wp-services.1s.funcionalia.com\/2020\/11\/strohm_sense_004-900x500.jpg);width:60%;\">\n\t\t\t<div class=\"inner-holder\">\n\t\t\t<p class=\"title\"><a href=\"https:\/\/strohm-teka.com\/en\/collections\/sense\/\">Sense Colleciton<\/a><\/p>\n\t\t\t<p class=\"description\">Silence the rumble of the city and let your senses take over<\/p>\n\t\t<\/div>\n\t<\/div>\n\t<\/div>\n<div class=\"container\"><div class=\"formatted-text\">\n\n\n<div style=\"height:20px\" aria-hidden=\"true\" class=\"wp-block-spacer\"><\/div>\n\n\n\n<iframe loading=\"lazy\" width=\"100%\" height=\"690\" src=\"https:\/\/www.youtube.com\/embed\/3FSlGBjmWJI\" frameborder=\"0\" allow=\"accelerometer; autoplay; clipboard-write; encrypted-media; gyroscope; picture-in-picture\" allowfullscreen=\"\"><\/iframe>\n\n\n\n<h3 class=\"wp-block-heading\">About Strohm Teka<\/h3>\n\n\n\n<p class=\"has-normal-font-size\">Strohm Teka is a brand that is focused on providing global solutions for bathrooms through all its product categories: <strong>taps<\/strong>, <strong>cabinets<\/strong>, <strong>mirrors<\/strong>, <strong>screens<\/strong>, <strong>accessories<\/strong> and ceramic products such as <strong>bathtubs<\/strong>, <strong>shower trays<\/strong>, <strong>toilets<\/strong> and <strong>bidets<\/strong>.<\/p>\n\n\n\n<p>Through our collections, at Strohm Teka <strong>we offer overall solutions for bathroom spaces<\/strong> by designing products with our users&#8217; different lifestyles in mind. Bathrooms that are functional but also pleasing and relaxing, always in keeping with our brand values: ease of use, care and inspiration&#8230; <em>enabling<\/em>, <em>caring<\/em> and <em>inspiring<\/em>\u2026<\/p>\n\n\n\n<p>All in line with our mission to go beyond provding hygiene solutions: we offer integral experiences that transform daily hygiene routines into special moments.<\/p>\n\n\n\n<div style=\"height:100px\" aria-hidden=\"true\" class=\"wp-block-spacer\"><\/div>\n","protected":false},"excerpt":{"rendered":"About Strohm Teka Strohm Teka is a brand that is focused on providing global solutions for bathrooms through all its product categories: taps, cabinets, mirrors, screens, accessories and ceramic products such as bathtubs, shower trays, toilets and bidets. Through our collections, at Strohm Teka we offer overall solutions for bathroom spaces by designing products with&#8230;","protected":false},"author":17,"featured_media":0,"parent":0,"menu_order":0,"comment_status":"closed","ping_status":"closed","template":"templates\/home.php","meta":{"_acf_changed":false,"footnotes":""},"class_list":["post-60819","page","type-page","status-publish","hentry"],"acf":[],"yoast_head":"<!-- This site is optimized with the Yoast SEO plugin v27.1.1 - https:\/\/yoast.com\/product\/yoast-seo-wordpress\/ -->\n<title>Strohm Teka - Strohm Teka Hungary<\/title>\n<meta name=\"robots\" content=\"index, follow, max-snippet:-1, max-image-preview:large, max-video-preview:-1\" \/>\n<link rel=\"canonical\" href=\"https:\/\/strohm-teka.hu\/en\/\" \/>\n<meta property=\"og:locale\" content=\"en_US\" \/>\n<meta property=\"og:type\" content=\"article\" \/>\n<meta property=\"og:title\" content=\"Strohm Teka - Strohm Teka Hungary\" \/>\n<meta property=\"og:description\" content=\"About Strohm Teka Strohm Teka is a brand that is focused on providing global solutions for bathrooms through all its product categories: taps, cabinets, mirrors, screens, accessories and ceramic products such as bathtubs, shower trays, toilets and bidets. Through our collections, at Strohm Teka we offer overall solutions for bathroom spaces by designing products with...\" \/>\n<meta property=\"og:url\" content=\"https:\/\/strohm-teka.hu\/en\/\" \/>\n<meta property=\"og:site_name\" content=\"Strohm Teka Hungary\" \/>\n<meta property=\"article:modified_time\" content=\"2025-06-05T06:50:07+00:00\" \/>\n<meta property=\"og:image\" content=\"https:\/\/strohm-wp-services.1s.funcionalia.com\/2021\/01\/brand_rgb_png3.png\" \/>\n\t<meta property=\"og:image:width\" content=\"11601\" \/>\n\t<meta property=\"og:image:height\" content=\"4519\" \/>\n\t<meta property=\"og:image:type\" content=\"image\/png\" \/>\n<meta name=\"twitter:card\" content=\"summary_large_image\" \/>\n<script type=\"application\/ld+json\" class=\"yoast-schema-graph\">{\"@context\":\"https:\/\/schema.org\",\"@graph\":[{\"@type\":\"WebPage\",\"@id\":\"https:\/\/strohm-teka.hu\/en\/\",\"url\":\"https:\/\/strohm-teka.hu\/en\/\",\"name\":\"Strohm Teka - Strohm Teka Hungary\",\"isPartOf\":{\"@id\":\"https:\/\/strohm-teka.hu\/en\/#website\"},\"datePublished\":\"2020-09-24T12:48:32+00:00\",\"dateModified\":\"2025-06-05T06:50:07+00:00\",\"breadcrumb\":{\"@id\":\"https:\/\/strohm-teka.hu\/en\/#breadcrumb\"},\"inLanguage\":\"en-US\",\"potentialAction\":[{\"@type\":\"ReadAction\",\"target\":[\"https:\/\/strohm-teka.hu\/en\/\"]}]},{\"@type\":\"BreadcrumbList\",\"@id\":\"https:\/\/strohm-teka.hu\/en\/#breadcrumb\",\"itemListElement\":[{\"@type\":\"ListItem\",\"position\":1,\"name\":\"Home\",\"item\":\"https:\/\/strohm-teka.hu\/en\/\"},{\"@type\":\"ListItem\",\"position\":2,\"name\":\"Strohm Teka\"}]},{\"@type\":\"WebSite\",\"@id\":\"https:\/\/strohm-teka.hu\/en\/#website\",\"url\":\"https:\/\/strohm-teka.hu\/en\/\",\"name\":\"Strohm Teka Hungary\",\"description\":\"Soluciones integrales para ba\u00f1o. Grifer\u00eda, sistemas de ducha, muebles y lavabos, mamparas, inodoros y bid\u00e9s, lavabos y accesorios de ba\u00f1o.\",\"publisher\":{\"@id\":\"https:\/\/strohm-teka.hu\/en\/#organization\"},\"potentialAction\":[{\"@type\":\"SearchAction\",\"target\":{\"@type\":\"EntryPoint\",\"urlTemplate\":\"https:\/\/strohm-teka.hu\/en\/?s={search_term_string}\"},\"query-input\":{\"@type\":\"PropertyValueSpecification\",\"valueRequired\":true,\"valueName\":\"search_term_string\"}}],\"inLanguage\":\"en-US\"},{\"@type\":\"Organization\",\"@id\":\"https:\/\/strohm-teka.hu\/en\/#organization\",\"name\":\"Strohm Teka\",\"url\":\"https:\/\/strohm-teka.hu\/en\/\",\"logo\":{\"@type\":\"ImageObject\",\"inLanguage\":\"en-US\",\"@id\":\"https:\/\/strohm-teka.hu\/en\/#\/schema\/logo\/image\/\",\"url\":\"https:\/\/strohm-wp-services.1s.funcionalia.com\/2021\/01\/strohm_teka_logo.jpg\",\"contentUrl\":\"https:\/\/strohm-wp-services.1s.funcionalia.com\/2021\/01\/strohm_teka_logo.jpg\",\"width\":738,\"height\":354,\"caption\":\"Strohm Teka\"},\"image\":{\"@id\":\"https:\/\/strohm-teka.hu\/en\/#\/schema\/logo\/image\/\"},\"sameAs\":[\"https:\/\/www.instagram.com\/strohm_teka_es\/\",\"https:\/\/www.linkedin.com\/company\/teka-strohm-espa\u00f1a\/\"]}]}<\/script>\n<!-- \/ Yoast SEO plugin. -->","yoast_head_json":{"title":"Strohm Teka - Strohm Teka Hungary","robots":{"index":"index","follow":"follow","max-snippet":"max-snippet:-1","max-image-preview":"max-image-preview:large","max-video-preview":"max-video-preview:-1"},"canonical":"https:\/\/strohm-teka.hu\/en\/","og_locale":"en_US","og_type":"article","og_title":"Strohm Teka - Strohm Teka Hungary","og_description":"About Strohm Teka Strohm Teka is a brand that is focused on providing global solutions for bathrooms through all its product categories: taps, cabinets, mirrors, screens, accessories and ceramic products such as bathtubs, shower trays, toilets and bidets. Through our collections, at Strohm Teka we offer overall solutions for bathroom spaces by designing products with...","og_url":"https:\/\/strohm-teka.hu\/en\/","og_site_name":"Strohm Teka Hungary","article_modified_time":"2025-06-05T06:50:07+00:00","og_image":[{"width":11601,"height":4519,"url":"https:\/\/strohm-wp-services.1s.funcionalia.com\/2021\/01\/brand_rgb_png3.png","type":"image\/png"}],"twitter_card":"summary_large_image","schema":{"@context":"https:\/\/schema.org","@graph":[{"@type":"WebPage","@id":"https:\/\/strohm-teka.hu\/en\/","url":"https:\/\/strohm-teka.hu\/en\/","name":"Strohm Teka - Strohm Teka Hungary","isPartOf":{"@id":"https:\/\/strohm-teka.hu\/en\/#website"},"datePublished":"2020-09-24T12:48:32+00:00","dateModified":"2025-06-05T06:50:07+00:00","breadcrumb":{"@id":"https:\/\/strohm-teka.hu\/en\/#breadcrumb"},"inLanguage":"en-US","potentialAction":[{"@type":"ReadAction","target":["https:\/\/strohm-teka.hu\/en\/"]}]},{"@type":"BreadcrumbList","@id":"https:\/\/strohm-teka.hu\/en\/#breadcrumb","itemListElement":[{"@type":"ListItem","position":1,"name":"Home","item":"https:\/\/strohm-teka.hu\/en\/"},{"@type":"ListItem","position":2,"name":"Strohm Teka"}]},{"@type":"WebSite","@id":"https:\/\/strohm-teka.hu\/en\/#website","url":"https:\/\/strohm-teka.hu\/en\/","name":"Strohm Teka Hungary","description":"Soluciones integrales para ba\u00f1o. Grifer\u00eda, sistemas de ducha, muebles y lavabos, mamparas, inodoros y bid\u00e9s, lavabos y accesorios de ba\u00f1o.","publisher":{"@id":"https:\/\/strohm-teka.hu\/en\/#organization"},"potentialAction":[{"@type":"SearchAction","target":{"@type":"EntryPoint","urlTemplate":"https:\/\/strohm-teka.hu\/en\/?s={search_term_string}"},"query-input":{"@type":"PropertyValueSpecification","valueRequired":true,"valueName":"search_term_string"}}],"inLanguage":"en-US"},{"@type":"Organization","@id":"https:\/\/strohm-teka.hu\/en\/#organization","name":"Strohm Teka","url":"https:\/\/strohm-teka.hu\/en\/","logo":{"@type":"ImageObject","inLanguage":"en-US","@id":"https:\/\/strohm-teka.hu\/en\/#\/schema\/logo\/image\/","url":"https:\/\/strohm-wp-services.1s.funcionalia.com\/2021\/01\/strohm_teka_logo.jpg","contentUrl":"https:\/\/strohm-wp-services.1s.funcionalia.com\/2021\/01\/strohm_teka_logo.jpg","width":738,"height":354,"caption":"Strohm Teka"},"image":{"@id":"https:\/\/strohm-teka.hu\/en\/#\/schema\/logo\/image\/"},"sameAs":["https:\/\/www.instagram.com\/strohm_teka_es\/","https:\/\/www.linkedin.com\/company\/teka-strohm-espa\u00f1a\/"]}]}},"_links":{"self":[{"href":"https:\/\/strohm-teka.hu\/en\/wp-json\/wp\/v2\/pages\/60819","targetHints":{"allow":["GET"]}}],"collection":[{"href":"https:\/\/strohm-teka.hu\/en\/wp-json\/wp\/v2\/pages"}],"about":[{"href":"https:\/\/strohm-teka.hu\/en\/wp-json\/wp\/v2\/types\/page"}],"author":[{"embeddable":true,"href":"https:\/\/strohm-teka.hu\/en\/wp-json\/wp\/v2\/users\/17"}],"replies":[{"embeddable":true,"href":"https:\/\/strohm-teka.hu\/en\/wp-json\/wp\/v2\/comments?post=60819"}],"version-history":[{"count":6,"href":"https:\/\/strohm-teka.hu\/en\/wp-json\/wp\/v2\/pages\/60819\/revisions"}],"predecessor-version":[{"id":134932,"href":"https:\/\/strohm-teka.hu\/en\/wp-json\/wp\/v2\/pages\/60819\/revisions\/134932"}],"wp:attachment":[{"href":"https:\/\/strohm-teka.hu\/en\/wp-json\/wp\/v2\/media?parent=60819"}],"curies":[{"name":"wp","href":"https:\/\/api.w.org\/{rel}","templated":true}]}}