{"id":60858,"date":"2020-09-24T18:17:59","date_gmt":"2020-09-24T16:17:59","guid":{"rendered":"https:\/\/strohm-teka.com\/collections\/healthy\/"},"modified":"2021-02-25T20:07:10","modified_gmt":"2021-02-25T19:07:10","slug":"healthy","status":"publish","type":"page","link":"https:\/\/strohm-teka.hu\/en\/collections\/healthy\/","title":{"rendered":"Healthy"},"content":{"rendered":"<div class=\"full-card2 dark\" style=\"background-image: url(https:\/\/strohm-wp-services.1s.funcionalia.com\/2020\/11\/strohm_healthy_004-1400x800.jpg);\">\n\t<div class=\"content\">\n\t\t<p class=\"title\">CLEAN WATER FROM START TO FINISH<\/p>\n\t\t<p class=\"description\"><p>Healthy, the shower system that enhances your quality of life.<\/p>\n<\/p>\n\t\t\t<\/div>\n<\/div><div class=\"center-aligned-columns\">\n\t<div class=\"grid align-center\">\n\t\t<div class=\"cols col6 tab-col5 mob-col12\">\n\t\t\t\t\t\t\t<img decoding=\"async\" src=\"https:\/\/strohm-wp-services.1s.funcionalia.com\/2020\/11\/healthy_poster-750x500.jpg\" alt=\"\">\n\t\t\t\t\t<\/div>\n\t\t<div class=\"cols col6 tab-col7 mob-col12 padded-in-text\">\n\t\t\t<h3><strong>Innovation and care <\/strong><\/h3>\n\t\t\t<p><p>The new Healthy thermostatic shower by Strohm cares for your health and that of your family.<br \/>\n<br \/>Thanks to the automatic release of the water retained in the shower column set, <strong>Healthy<\/strong> guarantees total sanitation of the ducts, as well as eliminating any possibility of dripping and annoying noises once the tap is turned off.<br \/>\n<br \/><strong>Healthy<\/strong> is responsible for eliminating the risk of bacteria generation due to water stagnation, protecting your skin and providing a safe and pleasant shower experience.<\/p>\n<\/p>\n\t\t<\/div>\n\t<\/div>\n<\/div>\n<div class=\"wp-block-columns is-layout-flex wp-container-core-columns-is-layout-9d6595d7 wp-block-columns-is-layout-flex\">\n<div class=\"wp-block-column is-layout-flow wp-block-column-is-layout-flow\">\n<div class=\"wp-block-image\"><figure class=\"alignleft size-large is-resized\"><img loading=\"lazy\" decoding=\"async\" src=\"https:\/\/strohm-teka.com\/wp-content\/uploads\/2020\/09\/strohm_i16_antibacterial.png\" alt=\"Antibacterial\" class=\"wp-image-55145\" width=\"90\" height=\"90\" srcset=\"https:\/\/strohm-wp-services.1s.funcionalia.com\/2020\/09\/strohm_i16_antibacterial.png 361w, https:\/\/strohm-wp-services.1s.funcionalia.com\/2020\/09\/strohm_i16_antibacterial-300x300.png 300w, https:\/\/strohm-wp-services.1s.funcionalia.com\/2020\/09\/strohm_i16_antibacterial-150x150.png 150w, https:\/\/strohm-wp-services.1s.funcionalia.com\/2020\/09\/strohm_i16_antibacterial-100x100.png 100w\" sizes=\"auto, (max-width: 90px) 100vw, 90px\" \/><\/figure><\/div>\n\n\n\n<h4 class=\"wp-block-heading\"><strong>Antibacterial<\/strong><\/h4>\n\n\n\n<p>Helping to prevent diseases with drain water technology after each use.<\/p>\n<\/div>\n\n\n\n<div class=\"wp-block-column is-layout-flow wp-block-column-is-layout-flow\">\n<div class=\"wp-block-image\"><figure class=\"alignleft size-large is-resized\"><img loading=\"lazy\" decoding=\"async\" src=\"https:\/\/strohm-teka.com\/wp-content\/uploads\/2020\/09\/strohm_i7_childprotection.png\" alt=\"\" class=\"wp-image-55146\" width=\"90\" height=\"90\" srcset=\"https:\/\/strohm-wp-services.1s.funcionalia.com\/2020\/09\/strohm_i7_childprotection.png 361w, https:\/\/strohm-wp-services.1s.funcionalia.com\/2020\/09\/strohm_i7_childprotection-300x300.png 300w, https:\/\/strohm-wp-services.1s.funcionalia.com\/2020\/09\/strohm_i7_childprotection-150x150.png 150w, https:\/\/strohm-wp-services.1s.funcionalia.com\/2020\/09\/strohm_i7_childprotection-100x100.png 100w\" sizes=\"auto, (max-width: 90px) 100vw, 90px\" \/><\/figure><\/div>\n\n\n\n<h4 class=\"wp-block-heading\"><strong>Child protection<\/strong><\/h4>\n\n\n\n<p>Safety temperature stop at 38 \u00b0C to prevent scalding. We take care of you and your family.<\/p>\n<\/div>\n\n\n\n<div class=\"wp-block-column is-layout-flow wp-block-column-is-layout-flow\">\n<div class=\"wp-block-image\"><figure class=\"alignleft size-large is-resized\"><img loading=\"lazy\" decoding=\"async\" src=\"https:\/\/strohm-teka.com\/wp-content\/uploads\/2020\/09\/strohm_i2_scaldingprevention-1.png\" alt=\"\" class=\"wp-image-55144\" width=\"90\" height=\"90\" srcset=\"https:\/\/strohm-wp-services.1s.funcionalia.com\/2020\/09\/strohm_i2_scaldingprevention-1.png 360w, https:\/\/strohm-wp-services.1s.funcionalia.com\/2020\/09\/strohm_i2_scaldingprevention-1-300x300.png 300w, https:\/\/strohm-wp-services.1s.funcionalia.com\/2020\/09\/strohm_i2_scaldingprevention-1-150x150.png 150w, https:\/\/strohm-wp-services.1s.funcionalia.com\/2020\/09\/strohm_i2_scaldingprevention-1-100x100.png 100w\" sizes=\"auto, (max-width: 90px) 100vw, 90px\" \/><\/figure><\/div>\n\n\n\n<h4 class=\"wp-block-heading\"><strong><strong>Scalding prevention<\/strong><\/strong><\/h4>\n\n\n\n<p>All our thermostatic mixers are fitted with a<br\/>38 \u00b0C temperature stop. This device prevents unwanted temperature variations, thus reducing the risk of burns.<\/p>\n<\/div>\n<\/div>\n\n<div class=\"center-aligned-columns video\" id=\"video-block-block_60096a550a5573\">\n\t<div class=\"grid align-center video-holder\">\n\t\t<div class=\"cols col12 mob-col12\">\n\t\t\t<h3>Discover more about Healthy from Strohm Teka<\/h3>\n\t\t<\/div>\n\t\t<div class=\"cols col12 mob-col12\">\n\t\t\t<div class=\"img\">\n\t\t\t\t<img decoding=\"async\" src=\"https:\/\/strohm-wp-services.1s.funcionalia.com\/2020\/10\/poster_healthy.jpg\" alt=\"\">\n\t\t\t\t<a href=\"#\" class=\"play play-video-btn\">\n\t\t\t\t\t<img decoding=\"async\" src=\"https:\/\/strohm-teka.hu\/wp-content\/themes\/strohm\/img\/ui-kit\/play.svg\" alt=\"\">\n\t\t\t\t<\/a>\n\t\t\t<\/div>\n\t\t<\/div>\n\t<\/div>\n\t\t\t\t <iframe loading=\"lazy\" class=\"yt-video-player\" width=\"100%\" height=\"500\" src=\"https:\/\/www.youtube.com\/embed\/uLrMmRsI3sY?autoplay=1&#038;mute=1\" frameborder=\"0\" allow=\"accelerometer; autoplay; clipboard-write; encrypted-media; gyroscope; picture-in-picture;\" allowfullscreen><\/iframe>\n\t\t\t\n<\/div>\n\n<style type=\"text\/css\">\n\t.acf-block-component #video-block-block_60096a550a5573 iframe.yt-video-player {\n\t\tdisplay: none;\n\t}\n<\/style><\/div><\/div>\n<div class=\"full-screen-row\">\n\t<div class=\"content \" style=\"background-image: url(https:\/\/strohm-wp-services.1s.funcionalia.com\/2020\/11\/strohm_healthy_005-900x500.jpg);width:33%;\">\n\t\t\t\t<div class=\"inner-holder\">\n\t\t\t<p class=\"title\"><a href=\"\">\u00a0 <\/a><\/p>\n\t\t\t<p class=\"description\"><\/p>\n\t\t<\/div>\n\t<\/div>\n\t<div class=\"content \" style=\"background-image: url(https:\/\/strohm-wp-services.1s.funcionalia.com\/2020\/11\/strohm_healthy_002-900x500.jpg);width:34%;\">\n\t\t\t<div class=\"inner-holder\">\n\t\t\t<p class=\"title\"><a href=\"\">\u00a0<\/a><\/p>\n\t\t\t<p class=\"description\"><\/p>\n\t\t<\/div>\n\t<\/div>\n\t\t<div class=\"content \" style=\"background-image: url(https:\/\/strohm-wp-services.1s.funcionalia.com\/importedmedia\/STROHM_BATHROOM_SHOWERSYSTEMS_HEALTHY_182310200_black-900x500.png);width:33%;\">\n\t\t\t<div class=\"inner-holder\">\n\t\t\t<p class=\"title\"><a href=\"\">\u00a0<\/a><\/p>\n\t\t\t<p class=\"description\"><\/p>\n\t\t<\/div>\n\t<\/div>\n\t<\/div>\n<div class=\"container\"><div class=\"formatted-text\">","protected":false},"excerpt":{"rendered":"Antibacterial Helping to prevent diseases with drain water technology after each use. Child protection Safety temperature stop at 38 \u00b0C to prevent scalding. We take care of you and your family. Scalding prevention All our thermostatic mixers are fitted with a38 \u00b0C temperature stop. This device prevents unwanted temperature variations, thus reducing the risk of&#8230;","protected":false},"author":17,"featured_media":60695,"parent":60852,"menu_order":0,"comment_status":"closed","ping_status":"closed","template":"templates\/collection.php","meta":{"_acf_changed":false,"footnotes":""},"class_list":["post-60858","page","type-page","status-publish","has-post-thumbnail","hentry"],"acf":[],"yoast_head":"<!-- This site is optimized with the Yoast SEO plugin v27.1.1 - https:\/\/yoast.com\/product\/yoast-seo-wordpress\/ -->\n<title>Healthy - Strohm Teka Hungary<\/title>\n<meta name=\"robots\" content=\"index, follow, max-snippet:-1, max-image-preview:large, max-video-preview:-1\" \/>\n<link rel=\"canonical\" href=\"https:\/\/strohm-teka.hu\/en\/collections\/healthy\/\" \/>\n<meta property=\"og:locale\" content=\"en_US\" \/>\n<meta property=\"og:type\" content=\"article\" \/>\n<meta property=\"og:title\" content=\"Healthy - Strohm Teka Hungary\" \/>\n<meta property=\"og:description\" content=\"Antibacterial Helping to prevent diseases with drain water technology after each use. Child protection Safety temperature stop at 38 \u00b0C to prevent scalding. We take care of you and your family. Scalding prevention All our thermostatic mixers are fitted with a38 \u00b0C temperature stop. This device prevents unwanted temperature variations, thus reducing the risk of...\" \/>\n<meta property=\"og:url\" content=\"https:\/\/strohm-teka.hu\/en\/collections\/healthy\/\" \/>\n<meta property=\"og:site_name\" content=\"Strohm Teka Hungary\" \/>\n<meta property=\"article:modified_time\" content=\"2021-02-25T19:07:10+00:00\" \/>\n<meta property=\"og:image\" content=\"https:\/\/strohm-wp-services.1s.funcionalia.com\/2020\/11\/strohm_healthy_002.jpg\" \/>\n\t<meta property=\"og:image:width\" content=\"1500\" \/>\n\t<meta property=\"og:image:height\" content=\"1000\" \/>\n\t<meta property=\"og:image:type\" content=\"image\/jpeg\" \/>\n<meta name=\"twitter:card\" content=\"summary_large_image\" \/>\n<script type=\"application\/ld+json\" class=\"yoast-schema-graph\">{\"@context\":\"https:\/\/schema.org\",\"@graph\":[{\"@type\":\"WebPage\",\"@id\":\"https:\/\/strohm-teka.hu\/en\/collections\/healthy\/\",\"url\":\"https:\/\/strohm-teka.hu\/en\/collections\/healthy\/\",\"name\":\"Healthy - Strohm Teka Hungary\",\"isPartOf\":{\"@id\":\"https:\/\/strohm-teka.hu\/en\/#website\"},\"primaryImageOfPage\":{\"@id\":\"https:\/\/strohm-teka.hu\/en\/collections\/healthy\/#primaryimage\"},\"image\":{\"@id\":\"https:\/\/strohm-teka.hu\/en\/collections\/healthy\/#primaryimage\"},\"thumbnailUrl\":\"https:\/\/strohm-wp-services.1s.funcionalia.com\/2020\/11\/strohm_healthy_002.jpg\",\"datePublished\":\"2020-09-24T16:17:59+00:00\",\"dateModified\":\"2021-02-25T19:07:10+00:00\",\"breadcrumb\":{\"@id\":\"https:\/\/strohm-teka.hu\/en\/collections\/healthy\/#breadcrumb\"},\"inLanguage\":\"en-US\",\"potentialAction\":[{\"@type\":\"ReadAction\",\"target\":[\"https:\/\/strohm-teka.hu\/en\/collections\/healthy\/\"]}]},{\"@type\":\"ImageObject\",\"inLanguage\":\"en-US\",\"@id\":\"https:\/\/strohm-teka.hu\/en\/collections\/healthy\/#primaryimage\",\"url\":\"https:\/\/strohm-wp-services.1s.funcionalia.com\/2020\/11\/strohm_healthy_002.jpg\",\"contentUrl\":\"https:\/\/strohm-wp-services.1s.funcionalia.com\/2020\/11\/strohm_healthy_002.jpg\",\"width\":1500,\"height\":1000},{\"@type\":\"BreadcrumbList\",\"@id\":\"https:\/\/strohm-teka.hu\/en\/collections\/healthy\/#breadcrumb\",\"itemListElement\":[{\"@type\":\"ListItem\",\"position\":1,\"name\":\"Home\",\"item\":\"https:\/\/strohm-teka.hu\/en\/\"},{\"@type\":\"ListItem\",\"position\":2,\"name\":\"Collections\",\"item\":\"https:\/\/strohm-teka.hu\/en\/collections\/\"},{\"@type\":\"ListItem\",\"position\":3,\"name\":\"Healthy\"}]},{\"@type\":\"WebSite\",\"@id\":\"https:\/\/strohm-teka.hu\/en\/#website\",\"url\":\"https:\/\/strohm-teka.hu\/en\/\",\"name\":\"Strohm Teka Hungary\",\"description\":\"Soluciones integrales para ba\u00f1o. Grifer\u00eda, sistemas de ducha, muebles y lavabos, mamparas, inodoros y bid\u00e9s, lavabos y accesorios de ba\u00f1o.\",\"publisher\":{\"@id\":\"https:\/\/strohm-teka.hu\/en\/#organization\"},\"potentialAction\":[{\"@type\":\"SearchAction\",\"target\":{\"@type\":\"EntryPoint\",\"urlTemplate\":\"https:\/\/strohm-teka.hu\/en\/?s={search_term_string}\"},\"query-input\":{\"@type\":\"PropertyValueSpecification\",\"valueRequired\":true,\"valueName\":\"search_term_string\"}}],\"inLanguage\":\"en-US\"},{\"@type\":\"Organization\",\"@id\":\"https:\/\/strohm-teka.hu\/en\/#organization\",\"name\":\"Strohm Teka\",\"url\":\"https:\/\/strohm-teka.hu\/en\/\",\"logo\":{\"@type\":\"ImageObject\",\"inLanguage\":\"en-US\",\"@id\":\"https:\/\/strohm-teka.hu\/en\/#\/schema\/logo\/image\/\",\"url\":\"https:\/\/strohm-wp-services.1s.funcionalia.com\/2021\/01\/strohm_teka_logo.jpg\",\"contentUrl\":\"https:\/\/strohm-wp-services.1s.funcionalia.com\/2021\/01\/strohm_teka_logo.jpg\",\"width\":738,\"height\":354,\"caption\":\"Strohm Teka\"},\"image\":{\"@id\":\"https:\/\/strohm-teka.hu\/en\/#\/schema\/logo\/image\/\"},\"sameAs\":[\"https:\/\/www.instagram.com\/strohm_teka_es\/\",\"https:\/\/www.linkedin.com\/company\/teka-strohm-espa\u00f1a\/\"]}]}<\/script>\n<!-- \/ Yoast SEO plugin. -->","yoast_head_json":{"title":"Healthy - Strohm Teka Hungary","robots":{"index":"index","follow":"follow","max-snippet":"max-snippet:-1","max-image-preview":"max-image-preview:large","max-video-preview":"max-video-preview:-1"},"canonical":"https:\/\/strohm-teka.hu\/en\/collections\/healthy\/","og_locale":"en_US","og_type":"article","og_title":"Healthy - Strohm Teka Hungary","og_description":"Antibacterial Helping to prevent diseases with drain water technology after each use. Child protection Safety temperature stop at 38 \u00b0C to prevent scalding. We take care of you and your family. Scalding prevention All our thermostatic mixers are fitted with a38 \u00b0C temperature stop. This device prevents unwanted temperature variations, thus reducing the risk of...","og_url":"https:\/\/strohm-teka.hu\/en\/collections\/healthy\/","og_site_name":"Strohm Teka Hungary","article_modified_time":"2021-02-25T19:07:10+00:00","og_image":[{"width":1500,"height":1000,"url":"https:\/\/strohm-wp-services.1s.funcionalia.com\/2020\/11\/strohm_healthy_002.jpg","type":"image\/jpeg"}],"twitter_card":"summary_large_image","schema":{"@context":"https:\/\/schema.org","@graph":[{"@type":"WebPage","@id":"https:\/\/strohm-teka.hu\/en\/collections\/healthy\/","url":"https:\/\/strohm-teka.hu\/en\/collections\/healthy\/","name":"Healthy - Strohm Teka Hungary","isPartOf":{"@id":"https:\/\/strohm-teka.hu\/en\/#website"},"primaryImageOfPage":{"@id":"https:\/\/strohm-teka.hu\/en\/collections\/healthy\/#primaryimage"},"image":{"@id":"https:\/\/strohm-teka.hu\/en\/collections\/healthy\/#primaryimage"},"thumbnailUrl":"https:\/\/strohm-wp-services.1s.funcionalia.com\/2020\/11\/strohm_healthy_002.jpg","datePublished":"2020-09-24T16:17:59+00:00","dateModified":"2021-02-25T19:07:10+00:00","breadcrumb":{"@id":"https:\/\/strohm-teka.hu\/en\/collections\/healthy\/#breadcrumb"},"inLanguage":"en-US","potentialAction":[{"@type":"ReadAction","target":["https:\/\/strohm-teka.hu\/en\/collections\/healthy\/"]}]},{"@type":"ImageObject","inLanguage":"en-US","@id":"https:\/\/strohm-teka.hu\/en\/collections\/healthy\/#primaryimage","url":"https:\/\/strohm-wp-services.1s.funcionalia.com\/2020\/11\/strohm_healthy_002.jpg","contentUrl":"https:\/\/strohm-wp-services.1s.funcionalia.com\/2020\/11\/strohm_healthy_002.jpg","width":1500,"height":1000},{"@type":"BreadcrumbList","@id":"https:\/\/strohm-teka.hu\/en\/collections\/healthy\/#breadcrumb","itemListElement":[{"@type":"ListItem","position":1,"name":"Home","item":"https:\/\/strohm-teka.hu\/en\/"},{"@type":"ListItem","position":2,"name":"Collections","item":"https:\/\/strohm-teka.hu\/en\/collections\/"},{"@type":"ListItem","position":3,"name":"Healthy"}]},{"@type":"WebSite","@id":"https:\/\/strohm-teka.hu\/en\/#website","url":"https:\/\/strohm-teka.hu\/en\/","name":"Strohm Teka Hungary","description":"Soluciones integrales para ba\u00f1o. Grifer\u00eda, sistemas de ducha, muebles y lavabos, mamparas, inodoros y bid\u00e9s, lavabos y accesorios de ba\u00f1o.","publisher":{"@id":"https:\/\/strohm-teka.hu\/en\/#organization"},"potentialAction":[{"@type":"SearchAction","target":{"@type":"EntryPoint","urlTemplate":"https:\/\/strohm-teka.hu\/en\/?s={search_term_string}"},"query-input":{"@type":"PropertyValueSpecification","valueRequired":true,"valueName":"search_term_string"}}],"inLanguage":"en-US"},{"@type":"Organization","@id":"https:\/\/strohm-teka.hu\/en\/#organization","name":"Strohm Teka","url":"https:\/\/strohm-teka.hu\/en\/","logo":{"@type":"ImageObject","inLanguage":"en-US","@id":"https:\/\/strohm-teka.hu\/en\/#\/schema\/logo\/image\/","url":"https:\/\/strohm-wp-services.1s.funcionalia.com\/2021\/01\/strohm_teka_logo.jpg","contentUrl":"https:\/\/strohm-wp-services.1s.funcionalia.com\/2021\/01\/strohm_teka_logo.jpg","width":738,"height":354,"caption":"Strohm Teka"},"image":{"@id":"https:\/\/strohm-teka.hu\/en\/#\/schema\/logo\/image\/"},"sameAs":["https:\/\/www.instagram.com\/strohm_teka_es\/","https:\/\/www.linkedin.com\/company\/teka-strohm-espa\u00f1a\/"]}]}},"_links":{"self":[{"href":"https:\/\/strohm-teka.hu\/en\/wp-json\/wp\/v2\/pages\/60858","targetHints":{"allow":["GET"]}}],"collection":[{"href":"https:\/\/strohm-teka.hu\/en\/wp-json\/wp\/v2\/pages"}],"about":[{"href":"https:\/\/strohm-teka.hu\/en\/wp-json\/wp\/v2\/types\/page"}],"author":[{"embeddable":true,"href":"https:\/\/strohm-teka.hu\/en\/wp-json\/wp\/v2\/users\/17"}],"replies":[{"embeddable":true,"href":"https:\/\/strohm-teka.hu\/en\/wp-json\/wp\/v2\/comments?post=60858"}],"version-history":[{"count":5,"href":"https:\/\/strohm-teka.hu\/en\/wp-json\/wp\/v2\/pages\/60858\/revisions"}],"predecessor-version":[{"id":93805,"href":"https:\/\/strohm-teka.hu\/en\/wp-json\/wp\/v2\/pages\/60858\/revisions\/93805"}],"up":[{"embeddable":true,"href":"https:\/\/strohm-teka.hu\/en\/wp-json\/wp\/v2\/pages\/60852"}],"wp:featuredmedia":[{"embeddable":true,"href":"https:\/\/strohm-teka.hu\/en\/wp-json\/wp\/v2\/media\/60695"}],"wp:attachment":[{"href":"https:\/\/strohm-teka.hu\/en\/wp-json\/wp\/v2\/media?parent=60858"}],"curies":[{"name":"wp","href":"https:\/\/api.w.org\/{rel}","templated":true}]}}