{"id":60868,"date":"2020-09-24T16:16:15","date_gmt":"2020-09-24T14:16:15","guid":{"rendered":"https:\/\/strohm-teka.com\/collections\/sense\/"},"modified":"2021-03-04T17:13:39","modified_gmt":"2021-03-04T16:13:39","slug":"sense","status":"publish","type":"page","link":"https:\/\/strohm-teka.hu\/en\/collections\/sense\/","title":{"rendered":"Sense"},"content":{"rendered":"<div class=\"center-aligned-columns\">\n\t<div class=\"grid align-center\">\n\t\t<div class=\"cols col6 tab-col5 mob-col12\">\n\t\t\t\t\t\t\t<video src=\"https:\/\/strohm-teka.com\/wp-content\/uploads\/2020\/10\/gripo-sense_1.mp4\" alt=\"\" autoplay loop muted playsinline preload><\/video>\n\t\t\t\t\t<\/div>\n\t\t<div class=\"cols col6 tab-col7 mob-col12 padded-in-text\">\n\t\t\t<h3>Surround yourself with absolute calm<\/h3>\n\t\t\t<p><p>A collection for those wishing to leave noise and stress behind when they get home.<br \/>\n<br \/><strong>Sense<\/strong> stands out for its smooth shapes, subtle movement and silence.<br \/>The Sense range includes <strong>bathroom taps<\/strong> with fine metallic finishes, <strong>bathroom cabinets<\/strong> in various sizes and motion sensor <strong>mirrors<\/strong>.<br \/>\n<br \/> A solution for the sensitive and sophisticated with a passion for detail.<\/p>\n<\/p>\n\t\t<\/div>\n\t<\/div>\n<\/div>\n\n<div class=\"center-aligned-columns\">\n\t<div class=\"grid align-center\">\n\t\t<div class=\"cols col6 tab-col5 mob-col12\">\n\t\t\t\t\t\t\t<img decoding=\"async\" src=\"https:\/\/strohm-wp-services.1s.funcionalia.com\/2020\/10\/lavabo-01-750x500.jpg\" alt=\"\">\n\t\t\t\t\t<\/div>\n\t\t<div class=\"cols col6 tab-col7 mob-col12 padded-in-text\">\n\t\t\t<h3>Designed with you in mind<\/h3>\n\t\t\t<p><p>Sense products have been designed to fill your bathroom with delicate touches, such as:<br \/>\n<br \/><strong>The taps use 50% less water<\/strong>, bath cabinets with push open drawers, mirrors with motion sensores and silent sliding screens.<br \/>\n<br \/>The <strong>bath cabinet collection is available in 3 different finishes and and 4 different sizes.<\/strong> Made in Spain with high quality <strong>Hettich\u00ae<\/strong> metal fittings to ensure drawers open smoothly and gently.<\/p>\n<\/p>\n\t\t<\/div>\n\t<\/div>\n<\/div>\n\n<\/div><\/div>\n<div class=\"full-screen-row\">\n\t<div class=\"content \" style=\"background-image: url(https:\/\/strohm-wp-services.1s.funcionalia.com\/2020\/11\/strohm_sense_009-1-900x500.jpg);width:33%;\">\n\t\t\t\t<div class=\"inner-holder\">\n\t\t\t<p class=\"title\"><a href=\"\">Sense styles<\/a><\/p>\n\t\t\t<p class=\"description\"><\/p>\n\t\t<\/div>\n\t<\/div>\n\t<div class=\"content empty\" style=\"background-image: url(https:\/\/strohm-wp-services.1s.funcionalia.com\/2020\/11\/strohm_sense_006-900x500.jpg);width:34%;\">\n\t\t\t<div class=\"inner-holder\">\n\t\t\t<p class=\"title\"><a href=\"\"><\/a><\/p>\n\t\t\t<p class=\"description\"><\/p>\n\t\t<\/div>\n\t<\/div>\n\t\t<div class=\"content \" style=\"background-image: url(https:\/\/strohm-wp-services.1s.funcionalia.com\/2020\/11\/strohm_sense_004-900x500.jpg);width:33%;\">\n\t\t\t<div class=\"inner-holder\">\n\t\t\t<p class=\"title\"><a href=\"\">&nbsp;<\/a><\/p>\n\t\t\t<p class=\"description\"><\/p>\n\t\t<\/div>\n\t<\/div>\n\t<\/div>\n<div class=\"container\"><div class=\"formatted-text\">\n\n\n<div class=\"center-aligned-columns video\" id=\"video-block-block_60096a550a4061\">\n\t<div class=\"grid align-center video-holder\">\n\t\t<div class=\"cols col12 mob-col12\">\n\t\t\t<h3>Discover Sense<\/h3>\n\t\t<\/div>\n\t\t<div class=\"cols col12 mob-col12\">\n\t\t\t<div class=\"img\">\n\t\t\t\t<img decoding=\"async\" src=\"https:\/\/strohm-wp-services.1s.funcionalia.com\/2020\/10\/sense-strohm-video-thumbnail.jpg\" alt=\"\">\n\t\t\t\t<a href=\"#\" class=\"play play-video-btn\">\n\t\t\t\t\t<img decoding=\"async\" src=\"https:\/\/strohm-teka.hu\/wp-content\/themes\/strohm\/img\/ui-kit\/play.svg\" alt=\"\">\n\t\t\t\t<\/a>\n\t\t\t<\/div>\n\t\t<\/div>\n\t<\/div>\n\t\t\n\t\t<video class=\"video-player\" id=\"video-player\" preload=\"true\" width=\"100%\" controls style=\"display:none;\"> \n\t\t\t<source src=\"https:\/\/player.vimeo.com\/external\/322226112.hd.mp4?s=b87c9039db2817c7b931d4dcb7031eecc24c9fa1&#038;profile_id=175\">\n\t\t<\/video>\n\t\n\t\t\n<\/div>\n\n<style type=\"text\/css\">\n\t.acf-block-component #video-block-block_60096a550a4061 iframe.yt-video-player {\n\t\tdisplay: none;\n\t}\n<\/style>","protected":false},"excerpt":{"rendered":"","protected":false},"author":17,"featured_media":60750,"parent":60852,"menu_order":1,"comment_status":"closed","ping_status":"closed","template":"templates\/collection.php","meta":{"_acf_changed":false,"footnotes":""},"class_list":["post-60868","page","type-page","status-publish","has-post-thumbnail","hentry"],"acf":[],"yoast_head":"<!-- This site is optimized with the Yoast SEO plugin v27.1.1 - https:\/\/yoast.com\/product\/yoast-seo-wordpress\/ -->\n<title>Sense - Strohm Teka Hungary<\/title>\n<meta name=\"robots\" content=\"index, follow, max-snippet:-1, max-image-preview:large, max-video-preview:-1\" \/>\n<link rel=\"canonical\" href=\"https:\/\/strohm-teka.hu\/en\/collections\/sense\/\" \/>\n<meta property=\"og:locale\" content=\"en_US\" \/>\n<meta property=\"og:type\" content=\"article\" \/>\n<meta property=\"og:title\" content=\"Sense - Strohm Teka Hungary\" \/>\n<meta property=\"og:url\" content=\"https:\/\/strohm-teka.hu\/en\/collections\/sense\/\" \/>\n<meta property=\"og:site_name\" content=\"Strohm Teka Hungary\" \/>\n<meta property=\"article:modified_time\" content=\"2021-03-04T16:13:39+00:00\" \/>\n<meta property=\"og:image\" content=\"https:\/\/strohm-wp-services.1s.funcionalia.com\/2020\/11\/strohm_sense_005.jpg\" \/>\n\t<meta property=\"og:image:width\" content=\"1500\" \/>\n\t<meta property=\"og:image:height\" content=\"1000\" \/>\n\t<meta property=\"og:image:type\" content=\"image\/jpeg\" \/>\n<meta name=\"twitter:card\" content=\"summary_large_image\" \/>\n<script type=\"application\/ld+json\" class=\"yoast-schema-graph\">{\"@context\":\"https:\/\/schema.org\",\"@graph\":[{\"@type\":\"WebPage\",\"@id\":\"https:\/\/strohm-teka.hu\/en\/collections\/sense\/\",\"url\":\"https:\/\/strohm-teka.hu\/en\/collections\/sense\/\",\"name\":\"Sense - Strohm Teka Hungary\",\"isPartOf\":{\"@id\":\"https:\/\/strohm-teka.hu\/en\/#website\"},\"primaryImageOfPage\":{\"@id\":\"https:\/\/strohm-teka.hu\/en\/collections\/sense\/#primaryimage\"},\"image\":{\"@id\":\"https:\/\/strohm-teka.hu\/en\/collections\/sense\/#primaryimage\"},\"thumbnailUrl\":\"https:\/\/strohm-wp-services.1s.funcionalia.com\/2020\/11\/strohm_sense_005.jpg\",\"datePublished\":\"2020-09-24T14:16:15+00:00\",\"dateModified\":\"2021-03-04T16:13:39+00:00\",\"breadcrumb\":{\"@id\":\"https:\/\/strohm-teka.hu\/en\/collections\/sense\/#breadcrumb\"},\"inLanguage\":\"en-US\",\"potentialAction\":[{\"@type\":\"ReadAction\",\"target\":[\"https:\/\/strohm-teka.hu\/en\/collections\/sense\/\"]}]},{\"@type\":\"ImageObject\",\"inLanguage\":\"en-US\",\"@id\":\"https:\/\/strohm-teka.hu\/en\/collections\/sense\/#primaryimage\",\"url\":\"https:\/\/strohm-wp-services.1s.funcionalia.com\/2020\/11\/strohm_sense_005.jpg\",\"contentUrl\":\"https:\/\/strohm-wp-services.1s.funcionalia.com\/2020\/11\/strohm_sense_005.jpg\",\"width\":1500,\"height\":1000},{\"@type\":\"BreadcrumbList\",\"@id\":\"https:\/\/strohm-teka.hu\/en\/collections\/sense\/#breadcrumb\",\"itemListElement\":[{\"@type\":\"ListItem\",\"position\":1,\"name\":\"Home\",\"item\":\"https:\/\/strohm-teka.hu\/en\/\"},{\"@type\":\"ListItem\",\"position\":2,\"name\":\"Collections\",\"item\":\"https:\/\/strohm-teka.hu\/en\/collections\/\"},{\"@type\":\"ListItem\",\"position\":3,\"name\":\"Sense\"}]},{\"@type\":\"WebSite\",\"@id\":\"https:\/\/strohm-teka.hu\/en\/#website\",\"url\":\"https:\/\/strohm-teka.hu\/en\/\",\"name\":\"Strohm Teka Hungary\",\"description\":\"Soluciones integrales para ba\u00f1o. Grifer\u00eda, sistemas de ducha, muebles y lavabos, mamparas, inodoros y bid\u00e9s, lavabos y accesorios de ba\u00f1o.\",\"publisher\":{\"@id\":\"https:\/\/strohm-teka.hu\/en\/#organization\"},\"potentialAction\":[{\"@type\":\"SearchAction\",\"target\":{\"@type\":\"EntryPoint\",\"urlTemplate\":\"https:\/\/strohm-teka.hu\/en\/?s={search_term_string}\"},\"query-input\":{\"@type\":\"PropertyValueSpecification\",\"valueRequired\":true,\"valueName\":\"search_term_string\"}}],\"inLanguage\":\"en-US\"},{\"@type\":\"Organization\",\"@id\":\"https:\/\/strohm-teka.hu\/en\/#organization\",\"name\":\"Strohm Teka\",\"url\":\"https:\/\/strohm-teka.hu\/en\/\",\"logo\":{\"@type\":\"ImageObject\",\"inLanguage\":\"en-US\",\"@id\":\"https:\/\/strohm-teka.hu\/en\/#\/schema\/logo\/image\/\",\"url\":\"https:\/\/strohm-wp-services.1s.funcionalia.com\/2021\/01\/strohm_teka_logo.jpg\",\"contentUrl\":\"https:\/\/strohm-wp-services.1s.funcionalia.com\/2021\/01\/strohm_teka_logo.jpg\",\"width\":738,\"height\":354,\"caption\":\"Strohm Teka\"},\"image\":{\"@id\":\"https:\/\/strohm-teka.hu\/en\/#\/schema\/logo\/image\/\"},\"sameAs\":[\"https:\/\/www.instagram.com\/strohm_teka_es\/\",\"https:\/\/www.linkedin.com\/company\/teka-strohm-espa\u00f1a\/\"]}]}<\/script>\n<!-- \/ Yoast SEO plugin. -->","yoast_head_json":{"title":"Sense - Strohm Teka Hungary","robots":{"index":"index","follow":"follow","max-snippet":"max-snippet:-1","max-image-preview":"max-image-preview:large","max-video-preview":"max-video-preview:-1"},"canonical":"https:\/\/strohm-teka.hu\/en\/collections\/sense\/","og_locale":"en_US","og_type":"article","og_title":"Sense - Strohm Teka Hungary","og_url":"https:\/\/strohm-teka.hu\/en\/collections\/sense\/","og_site_name":"Strohm Teka Hungary","article_modified_time":"2021-03-04T16:13:39+00:00","og_image":[{"width":1500,"height":1000,"url":"https:\/\/strohm-wp-services.1s.funcionalia.com\/2020\/11\/strohm_sense_005.jpg","type":"image\/jpeg"}],"twitter_card":"summary_large_image","schema":{"@context":"https:\/\/schema.org","@graph":[{"@type":"WebPage","@id":"https:\/\/strohm-teka.hu\/en\/collections\/sense\/","url":"https:\/\/strohm-teka.hu\/en\/collections\/sense\/","name":"Sense - Strohm Teka Hungary","isPartOf":{"@id":"https:\/\/strohm-teka.hu\/en\/#website"},"primaryImageOfPage":{"@id":"https:\/\/strohm-teka.hu\/en\/collections\/sense\/#primaryimage"},"image":{"@id":"https:\/\/strohm-teka.hu\/en\/collections\/sense\/#primaryimage"},"thumbnailUrl":"https:\/\/strohm-wp-services.1s.funcionalia.com\/2020\/11\/strohm_sense_005.jpg","datePublished":"2020-09-24T14:16:15+00:00","dateModified":"2021-03-04T16:13:39+00:00","breadcrumb":{"@id":"https:\/\/strohm-teka.hu\/en\/collections\/sense\/#breadcrumb"},"inLanguage":"en-US","potentialAction":[{"@type":"ReadAction","target":["https:\/\/strohm-teka.hu\/en\/collections\/sense\/"]}]},{"@type":"ImageObject","inLanguage":"en-US","@id":"https:\/\/strohm-teka.hu\/en\/collections\/sense\/#primaryimage","url":"https:\/\/strohm-wp-services.1s.funcionalia.com\/2020\/11\/strohm_sense_005.jpg","contentUrl":"https:\/\/strohm-wp-services.1s.funcionalia.com\/2020\/11\/strohm_sense_005.jpg","width":1500,"height":1000},{"@type":"BreadcrumbList","@id":"https:\/\/strohm-teka.hu\/en\/collections\/sense\/#breadcrumb","itemListElement":[{"@type":"ListItem","position":1,"name":"Home","item":"https:\/\/strohm-teka.hu\/en\/"},{"@type":"ListItem","position":2,"name":"Collections","item":"https:\/\/strohm-teka.hu\/en\/collections\/"},{"@type":"ListItem","position":3,"name":"Sense"}]},{"@type":"WebSite","@id":"https:\/\/strohm-teka.hu\/en\/#website","url":"https:\/\/strohm-teka.hu\/en\/","name":"Strohm Teka Hungary","description":"Soluciones integrales para ba\u00f1o. Grifer\u00eda, sistemas de ducha, muebles y lavabos, mamparas, inodoros y bid\u00e9s, lavabos y accesorios de ba\u00f1o.","publisher":{"@id":"https:\/\/strohm-teka.hu\/en\/#organization"},"potentialAction":[{"@type":"SearchAction","target":{"@type":"EntryPoint","urlTemplate":"https:\/\/strohm-teka.hu\/en\/?s={search_term_string}"},"query-input":{"@type":"PropertyValueSpecification","valueRequired":true,"valueName":"search_term_string"}}],"inLanguage":"en-US"},{"@type":"Organization","@id":"https:\/\/strohm-teka.hu\/en\/#organization","name":"Strohm Teka","url":"https:\/\/strohm-teka.hu\/en\/","logo":{"@type":"ImageObject","inLanguage":"en-US","@id":"https:\/\/strohm-teka.hu\/en\/#\/schema\/logo\/image\/","url":"https:\/\/strohm-wp-services.1s.funcionalia.com\/2021\/01\/strohm_teka_logo.jpg","contentUrl":"https:\/\/strohm-wp-services.1s.funcionalia.com\/2021\/01\/strohm_teka_logo.jpg","width":738,"height":354,"caption":"Strohm Teka"},"image":{"@id":"https:\/\/strohm-teka.hu\/en\/#\/schema\/logo\/image\/"},"sameAs":["https:\/\/www.instagram.com\/strohm_teka_es\/","https:\/\/www.linkedin.com\/company\/teka-strohm-espa\u00f1a\/"]}]}},"_links":{"self":[{"href":"https:\/\/strohm-teka.hu\/en\/wp-json\/wp\/v2\/pages\/60868","targetHints":{"allow":["GET"]}}],"collection":[{"href":"https:\/\/strohm-teka.hu\/en\/wp-json\/wp\/v2\/pages"}],"about":[{"href":"https:\/\/strohm-teka.hu\/en\/wp-json\/wp\/v2\/types\/page"}],"author":[{"embeddable":true,"href":"https:\/\/strohm-teka.hu\/en\/wp-json\/wp\/v2\/users\/17"}],"replies":[{"embeddable":true,"href":"https:\/\/strohm-teka.hu\/en\/wp-json\/wp\/v2\/comments?post=60868"}],"version-history":[{"count":5,"href":"https:\/\/strohm-teka.hu\/en\/wp-json\/wp\/v2\/pages\/60868\/revisions"}],"predecessor-version":[{"id":94916,"href":"https:\/\/strohm-teka.hu\/en\/wp-json\/wp\/v2\/pages\/60868\/revisions\/94916"}],"up":[{"embeddable":true,"href":"https:\/\/strohm-teka.hu\/en\/wp-json\/wp\/v2\/pages\/60852"}],"wp:featuredmedia":[{"embeddable":true,"href":"https:\/\/strohm-teka.hu\/en\/wp-json\/wp\/v2\/media\/60750"}],"wp:attachment":[{"href":"https:\/\/strohm-teka.hu\/en\/wp-json\/wp\/v2\/media?parent=60868"}],"curies":[{"name":"wp","href":"https:\/\/api.w.org\/{rel}","templated":true}]}}