{"id":60917,"date":"2020-10-02T13:58:36","date_gmt":"2020-10-02T11:58:36","guid":{"rendered":"https:\/\/strohm-teka.com\/collections\/shower-trays\/"},"modified":"2021-03-04T17:14:28","modified_gmt":"2021-03-04T16:14:28","slug":"shower-trays","status":"publish","type":"page","link":"https:\/\/strohm-teka.hu\/en\/collections\/shower-trays\/","title":{"rendered":"Shower trays"},"content":{"rendered":"<div class=\"center-aligned-columns\">\n\t<div class=\"grid align-center\">\n\t\t<div class=\"cols col6 tab-col5 mob-col12\">\n\t\t\t\t\t\t\t<img decoding=\"async\" src=\"https:\/\/strohm-wp-services.1s.funcionalia.com\/2020\/11\/strohm_inca_003-750x500.jpg\" alt=\"\">\n\t\t\t\t\t<\/div>\n\t\t<div class=\"cols col6 tab-col7 mob-col12 padded-in-text\">\n\t\t\t<h3>Lifelong quality<\/h3>\n\t\t\t<p><p class=\"p1\">As well as a flexible design, all our shower trays have been treated to enhance use. Highly resistant to chemicals and UV rays.<\/p>\n<p class=\"p1\">A layer of <em>premium gel coat<\/em> seals resin pores and provides a non-slip surface. This layer also prevents the accumulation of dirt, making it easier to clean and more long-lasting.\n<\/p>\n<p class=\"p1\"> All our <strong>shower trays<\/strong> are <strong>100% made in Spain<\/strong>.<\/p>\n<\/p>\n\t\t<\/div>\n\t<\/div>\n<\/div>\n\n<div class=\"center-aligned-columns\">\n\t<div class=\"grid align-center\">\n\t\t<div class=\"cols col6 tab-col5 mob-col12\">\n\t\t\t\t\t\t\t<img decoding=\"async\" src=\"https:\/\/strohm-wp-services.1s.funcionalia.com\/importedmedia\/STROHM_BATHROOM_SHOWERSYSTEMS_ITACA__672980200_view-750x500.png\" alt=\"\">\n\t\t\t\t\t<\/div>\n\t\t<div class=\"cols col6 tab-col7 mob-col12 padded-in-text\">\n\t\t\t<h3>Variety to help customise your shower<\/h3>\n\t\t\t<p><p class=\"p1\">Strohm Teka shower trays are made of mineral resin.<\/p>\n<p class=\"p1\">The drains are of an exclusive design and made of stainless steel.<\/p>\n<p class=\"p1\">In order to suit any bathroom style and space, <strong>we offer 4 different models, with finishes in 2 textures and 5 different colours: white, beige, tortola, cement and graphite.<\/strong><\/p>\n<p class=\"p1\"><strong>Personalise your shower tray to suit your own style and taste.<\/strong><\/p>\n<\/p>\n\t\t<\/div>\n\t<\/div>\n<\/div>\n\n<\/div><\/div>\n<div class=\"full-screen-row\">\n\t<div class=\"content \" style=\"background-image: url(https:\/\/strohm-wp-services.1s.funcionalia.com\/2020\/11\/strohm_itaca_009-900x500.jpg);width:33%;\">\n\t\t\t\t<div class=\"inner-holder\">\n\t\t\t<p class=\"title\"><a href=\"\">Colours<\/a><\/p>\n\t\t\t<p class=\"description\"><\/p>\n\t\t<\/div>\n\t<\/div>\n\t<div class=\"content \" style=\"background-image: url(https:\/\/strohm-wp-services.1s.funcionalia.com\/2020\/11\/strohm_showertray_b-588x500.jpg);width:34%;\">\n\t\t\t<div class=\"inner-holder\">\n\t\t\t<p class=\"title\"><a href=\"\">Beige<\/a><\/p>\n\t\t\t<p class=\"description\"><\/p>\n\t\t<\/div>\n\t<\/div>\n\t\t<div class=\"content \" style=\"background-image: url(https:\/\/strohm-wp-services.1s.funcionalia.com\/2020\/11\/strohm_showertray_t-588x500.jpg);width:33%;\">\n\t\t\t<div class=\"inner-holder\">\n\t\t\t<p class=\"title\"><a href=\"\">Tortora<\/a><\/p>\n\t\t\t<p class=\"description\"><\/p>\n\t\t<\/div>\n\t<\/div>\n\t<\/div>\n<div class=\"container\"><div class=\"formatted-text\">\n\n<\/div><\/div>\n<div class=\"full-screen-row\">\n\t<div class=\"content \" style=\"background-image: url(https:\/\/strohm-wp-services.1s.funcionalia.com\/2020\/11\/strohm_showertray_w-588x500.jpg);width:33%;\">\n\t\t\t\t<div class=\"inner-holder\">\n\t\t\t<p class=\"title\"><a href=\"\">White<\/a><\/p>\n\t\t\t<p class=\"description\"><\/p>\n\t\t<\/div>\n\t<\/div>\n\t<div class=\"content \" style=\"background-image: url(https:\/\/strohm-wp-services.1s.funcionalia.com\/2020\/11\/strohm_showertray_c-588x500.jpg);width:34%;\">\n\t\t\t<div class=\"inner-holder\">\n\t\t\t<p class=\"title\"><a href=\"\">Cement<\/a><\/p>\n\t\t\t<p class=\"description\"><\/p>\n\t\t<\/div>\n\t<\/div>\n\t\t<div class=\"content \" style=\"background-image: url(https:\/\/strohm-wp-services.1s.funcionalia.com\/2020\/11\/strohm_inca_002-900x500.jpg);width:33%;\">\n\t\t\t<div class=\"inner-holder\">\n\t\t\t<p class=\"title\"><a href=\"\">Graphite<\/a><\/p>\n\t\t\t<p class=\"description\"><\/p>\n\t\t<\/div>\n\t<\/div>\n\t<\/div>\n<div class=\"container\"><div class=\"formatted-text\">","protected":false},"excerpt":{"rendered":"","protected":false},"author":17,"featured_media":60792,"parent":60852,"menu_order":1,"comment_status":"closed","ping_status":"closed","template":"templates\/collection.php","meta":{"_acf_changed":false,"footnotes":""},"class_list":["post-60917","page","type-page","status-publish","has-post-thumbnail","hentry"],"acf":[],"yoast_head":"<!-- This site is optimized with the Yoast SEO plugin v27.1.1 - https:\/\/yoast.com\/product\/yoast-seo-wordpress\/ -->\n<title>Shower trays - Strohm Teka Hungary<\/title>\n<meta name=\"robots\" content=\"index, follow, max-snippet:-1, max-image-preview:large, max-video-preview:-1\" \/>\n<link rel=\"canonical\" href=\"https:\/\/strohm-teka.hu\/en\/collections\/shower-trays\/\" \/>\n<meta property=\"og:locale\" content=\"en_US\" \/>\n<meta property=\"og:type\" content=\"article\" \/>\n<meta property=\"og:title\" content=\"Shower trays - Strohm Teka Hungary\" \/>\n<meta property=\"og:url\" content=\"https:\/\/strohm-teka.hu\/en\/collections\/shower-trays\/\" \/>\n<meta property=\"og:site_name\" content=\"Strohm Teka Hungary\" \/>\n<meta property=\"article:modified_time\" content=\"2021-03-04T16:14:28+00:00\" \/>\n<meta property=\"og:image\" content=\"https:\/\/strohm-wp-services.1s.funcionalia.com\/2020\/11\/strohm_shower_tray.jpg\" \/>\n\t<meta property=\"og:image:width\" content=\"1500\" \/>\n\t<meta property=\"og:image:height\" content=\"1000\" \/>\n\t<meta property=\"og:image:type\" content=\"image\/jpeg\" \/>\n<meta name=\"twitter:card\" content=\"summary_large_image\" \/>\n<script type=\"application\/ld+json\" class=\"yoast-schema-graph\">{\"@context\":\"https:\/\/schema.org\",\"@graph\":[{\"@type\":\"WebPage\",\"@id\":\"https:\/\/strohm-teka.hu\/en\/collections\/shower-trays\/\",\"url\":\"https:\/\/strohm-teka.hu\/en\/collections\/shower-trays\/\",\"name\":\"Shower trays - Strohm Teka Hungary\",\"isPartOf\":{\"@id\":\"https:\/\/strohm-teka.hu\/en\/#website\"},\"primaryImageOfPage\":{\"@id\":\"https:\/\/strohm-teka.hu\/en\/collections\/shower-trays\/#primaryimage\"},\"image\":{\"@id\":\"https:\/\/strohm-teka.hu\/en\/collections\/shower-trays\/#primaryimage\"},\"thumbnailUrl\":\"https:\/\/strohm-wp-services.1s.funcionalia.com\/2020\/11\/strohm_shower_tray.jpg\",\"datePublished\":\"2020-10-02T11:58:36+00:00\",\"dateModified\":\"2021-03-04T16:14:28+00:00\",\"breadcrumb\":{\"@id\":\"https:\/\/strohm-teka.hu\/en\/collections\/shower-trays\/#breadcrumb\"},\"inLanguage\":\"en-US\",\"potentialAction\":[{\"@type\":\"ReadAction\",\"target\":[\"https:\/\/strohm-teka.hu\/en\/collections\/shower-trays\/\"]}]},{\"@type\":\"ImageObject\",\"inLanguage\":\"en-US\",\"@id\":\"https:\/\/strohm-teka.hu\/en\/collections\/shower-trays\/#primaryimage\",\"url\":\"https:\/\/strohm-wp-services.1s.funcionalia.com\/2020\/11\/strohm_shower_tray.jpg\",\"contentUrl\":\"https:\/\/strohm-wp-services.1s.funcionalia.com\/2020\/11\/strohm_shower_tray.jpg\",\"width\":1500,\"height\":1000},{\"@type\":\"BreadcrumbList\",\"@id\":\"https:\/\/strohm-teka.hu\/en\/collections\/shower-trays\/#breadcrumb\",\"itemListElement\":[{\"@type\":\"ListItem\",\"position\":1,\"name\":\"Home\",\"item\":\"https:\/\/strohm-teka.hu\/en\/\"},{\"@type\":\"ListItem\",\"position\":2,\"name\":\"Collections\",\"item\":\"https:\/\/strohm-teka.hu\/en\/collections\/\"},{\"@type\":\"ListItem\",\"position\":3,\"name\":\"Shower trays\"}]},{\"@type\":\"WebSite\",\"@id\":\"https:\/\/strohm-teka.hu\/en\/#website\",\"url\":\"https:\/\/strohm-teka.hu\/en\/\",\"name\":\"Strohm Teka Hungary\",\"description\":\"Soluciones integrales para ba\u00f1o. Grifer\u00eda, sistemas de ducha, muebles y lavabos, mamparas, inodoros y bid\u00e9s, lavabos y accesorios de ba\u00f1o.\",\"publisher\":{\"@id\":\"https:\/\/strohm-teka.hu\/en\/#organization\"},\"potentialAction\":[{\"@type\":\"SearchAction\",\"target\":{\"@type\":\"EntryPoint\",\"urlTemplate\":\"https:\/\/strohm-teka.hu\/en\/?s={search_term_string}\"},\"query-input\":{\"@type\":\"PropertyValueSpecification\",\"valueRequired\":true,\"valueName\":\"search_term_string\"}}],\"inLanguage\":\"en-US\"},{\"@type\":\"Organization\",\"@id\":\"https:\/\/strohm-teka.hu\/en\/#organization\",\"name\":\"Strohm Teka\",\"url\":\"https:\/\/strohm-teka.hu\/en\/\",\"logo\":{\"@type\":\"ImageObject\",\"inLanguage\":\"en-US\",\"@id\":\"https:\/\/strohm-teka.hu\/en\/#\/schema\/logo\/image\/\",\"url\":\"https:\/\/strohm-wp-services.1s.funcionalia.com\/2021\/01\/strohm_teka_logo.jpg\",\"contentUrl\":\"https:\/\/strohm-wp-services.1s.funcionalia.com\/2021\/01\/strohm_teka_logo.jpg\",\"width\":738,\"height\":354,\"caption\":\"Strohm Teka\"},\"image\":{\"@id\":\"https:\/\/strohm-teka.hu\/en\/#\/schema\/logo\/image\/\"},\"sameAs\":[\"https:\/\/www.instagram.com\/strohm_teka_es\/\",\"https:\/\/www.linkedin.com\/company\/teka-strohm-espa\u00f1a\/\"]}]}<\/script>\n<!-- \/ Yoast SEO plugin. -->","yoast_head_json":{"title":"Shower trays - Strohm Teka Hungary","robots":{"index":"index","follow":"follow","max-snippet":"max-snippet:-1","max-image-preview":"max-image-preview:large","max-video-preview":"max-video-preview:-1"},"canonical":"https:\/\/strohm-teka.hu\/en\/collections\/shower-trays\/","og_locale":"en_US","og_type":"article","og_title":"Shower trays - Strohm Teka Hungary","og_url":"https:\/\/strohm-teka.hu\/en\/collections\/shower-trays\/","og_site_name":"Strohm Teka Hungary","article_modified_time":"2021-03-04T16:14:28+00:00","og_image":[{"width":1500,"height":1000,"url":"https:\/\/strohm-wp-services.1s.funcionalia.com\/2020\/11\/strohm_shower_tray.jpg","type":"image\/jpeg"}],"twitter_card":"summary_large_image","schema":{"@context":"https:\/\/schema.org","@graph":[{"@type":"WebPage","@id":"https:\/\/strohm-teka.hu\/en\/collections\/shower-trays\/","url":"https:\/\/strohm-teka.hu\/en\/collections\/shower-trays\/","name":"Shower trays - Strohm Teka Hungary","isPartOf":{"@id":"https:\/\/strohm-teka.hu\/en\/#website"},"primaryImageOfPage":{"@id":"https:\/\/strohm-teka.hu\/en\/collections\/shower-trays\/#primaryimage"},"image":{"@id":"https:\/\/strohm-teka.hu\/en\/collections\/shower-trays\/#primaryimage"},"thumbnailUrl":"https:\/\/strohm-wp-services.1s.funcionalia.com\/2020\/11\/strohm_shower_tray.jpg","datePublished":"2020-10-02T11:58:36+00:00","dateModified":"2021-03-04T16:14:28+00:00","breadcrumb":{"@id":"https:\/\/strohm-teka.hu\/en\/collections\/shower-trays\/#breadcrumb"},"inLanguage":"en-US","potentialAction":[{"@type":"ReadAction","target":["https:\/\/strohm-teka.hu\/en\/collections\/shower-trays\/"]}]},{"@type":"ImageObject","inLanguage":"en-US","@id":"https:\/\/strohm-teka.hu\/en\/collections\/shower-trays\/#primaryimage","url":"https:\/\/strohm-wp-services.1s.funcionalia.com\/2020\/11\/strohm_shower_tray.jpg","contentUrl":"https:\/\/strohm-wp-services.1s.funcionalia.com\/2020\/11\/strohm_shower_tray.jpg","width":1500,"height":1000},{"@type":"BreadcrumbList","@id":"https:\/\/strohm-teka.hu\/en\/collections\/shower-trays\/#breadcrumb","itemListElement":[{"@type":"ListItem","position":1,"name":"Home","item":"https:\/\/strohm-teka.hu\/en\/"},{"@type":"ListItem","position":2,"name":"Collections","item":"https:\/\/strohm-teka.hu\/en\/collections\/"},{"@type":"ListItem","position":3,"name":"Shower trays"}]},{"@type":"WebSite","@id":"https:\/\/strohm-teka.hu\/en\/#website","url":"https:\/\/strohm-teka.hu\/en\/","name":"Strohm Teka Hungary","description":"Soluciones integrales para ba\u00f1o. Grifer\u00eda, sistemas de ducha, muebles y lavabos, mamparas, inodoros y bid\u00e9s, lavabos y accesorios de ba\u00f1o.","publisher":{"@id":"https:\/\/strohm-teka.hu\/en\/#organization"},"potentialAction":[{"@type":"SearchAction","target":{"@type":"EntryPoint","urlTemplate":"https:\/\/strohm-teka.hu\/en\/?s={search_term_string}"},"query-input":{"@type":"PropertyValueSpecification","valueRequired":true,"valueName":"search_term_string"}}],"inLanguage":"en-US"},{"@type":"Organization","@id":"https:\/\/strohm-teka.hu\/en\/#organization","name":"Strohm Teka","url":"https:\/\/strohm-teka.hu\/en\/","logo":{"@type":"ImageObject","inLanguage":"en-US","@id":"https:\/\/strohm-teka.hu\/en\/#\/schema\/logo\/image\/","url":"https:\/\/strohm-wp-services.1s.funcionalia.com\/2021\/01\/strohm_teka_logo.jpg","contentUrl":"https:\/\/strohm-wp-services.1s.funcionalia.com\/2021\/01\/strohm_teka_logo.jpg","width":738,"height":354,"caption":"Strohm Teka"},"image":{"@id":"https:\/\/strohm-teka.hu\/en\/#\/schema\/logo\/image\/"},"sameAs":["https:\/\/www.instagram.com\/strohm_teka_es\/","https:\/\/www.linkedin.com\/company\/teka-strohm-espa\u00f1a\/"]}]}},"_links":{"self":[{"href":"https:\/\/strohm-teka.hu\/en\/wp-json\/wp\/v2\/pages\/60917","targetHints":{"allow":["GET"]}}],"collection":[{"href":"https:\/\/strohm-teka.hu\/en\/wp-json\/wp\/v2\/pages"}],"about":[{"href":"https:\/\/strohm-teka.hu\/en\/wp-json\/wp\/v2\/types\/page"}],"author":[{"embeddable":true,"href":"https:\/\/strohm-teka.hu\/en\/wp-json\/wp\/v2\/users\/17"}],"replies":[{"embeddable":true,"href":"https:\/\/strohm-teka.hu\/en\/wp-json\/wp\/v2\/comments?post=60917"}],"version-history":[{"count":5,"href":"https:\/\/strohm-teka.hu\/en\/wp-json\/wp\/v2\/pages\/60917\/revisions"}],"predecessor-version":[{"id":94917,"href":"https:\/\/strohm-teka.hu\/en\/wp-json\/wp\/v2\/pages\/60917\/revisions\/94917"}],"up":[{"embeddable":true,"href":"https:\/\/strohm-teka.hu\/en\/wp-json\/wp\/v2\/pages\/60852"}],"wp:featuredmedia":[{"embeddable":true,"href":"https:\/\/strohm-teka.hu\/en\/wp-json\/wp\/v2\/media\/60792"}],"wp:attachment":[{"href":"https:\/\/strohm-teka.hu\/en\/wp-json\/wp\/v2\/media?parent=60917"}],"curies":[{"name":"wp","href":"https:\/\/api.w.org\/{rel}","templated":true}]}}