{"id":60995,"date":"2020-09-21T11:27:19","date_gmt":"2020-09-21T09:27:19","guid":{"rendered":"https:\/\/strohm-teka.com\/about-the-product\/"},"modified":"2021-03-03T11:14:57","modified_gmt":"2021-03-03T10:14:57","slug":"about-the-product","status":"publish","type":"page","link":"https:\/\/strohm-teka.hu\/en\/about-the-product\/","title":{"rendered":"About the product"},"content":{"rendered":"\n<h3 class=\"wp-block-heading\">Welcome to your comfort zone<\/h3>\n\n\n\n<div class=\"wp-block-columns is-layout-flex wp-container-core-columns-is-layout-9d6595d7 wp-block-columns-is-layout-flex\">\n<div class=\"wp-block-column is-layout-flow wp-block-column-is-layout-flow\" style=\"flex-basis:66.66%\">\n<p>Our product design and innovation team strive t continuously improve our products, so that they fully reflect our brand values: Enabling, caring and inspiring.<\/p>\n\n\n\n<p>We create products that are easy to use and which promote care, safety and respect for the environment, as well as inspire and care for their users. <\/p>\n<\/div>\n\n\n\n<div class=\"wp-block-column is-layout-flow wp-block-column-is-layout-flow\" style=\"flex-basis:33.33%\">\n<blockquote class=\"wp-block-quote is-style-large is-layout-flow wp-block-quote-is-layout-flow\"><p>The best and most efficient bathroom solutions in terms of innovation and design.<\/p><\/blockquote>\n<\/div>\n<\/div>\n\n\n<div class=\"center-aligned-columns\">\n\t<div class=\"grid align-center\">\n\t\t<div class=\"cols col6 tab-col5 mob-col12\">\n\t\t\t\t\t\t\t<img decoding=\"async\" src=\"https:\/\/strohm-wp-services.1s.funcionalia.com\/2020\/09\/1330300_detalle-2-750x500.jpg\" alt=\"\">\n\t\t\t\t\t<\/div>\n\t\t<div class=\"cols col6 tab-col7 mob-col12 padded-in-text\">\n\t\t\t<h3>Innovation<\/h3>\n\t\t\t<p><p>In addition to the functional features, we enhance the value of our products by highlighting their emotional aspects.<\/p>\n<p>Features and innovation which have a truly significant impact on people&#8217;s lives.<\/p>\n<\/p>\n\t\t<\/div>\n\t<\/div>\n<\/div>\n\n<div class=\"center-aligned-columns\">\n\t<div class=\"grid align-center\">\n\t\t<div class=\"cols col6 tab-col5 mob-col12\">\n\t\t\t\t\t\t\t<img decoding=\"async\" src=\"https:\/\/strohm-wp-services.1s.funcionalia.com\/2020\/09\/pvditacafamily_st-2-scaled-e1600973346235-750x500.jpg\" alt=\"\">\n\t\t\t\t\t<\/div>\n\t\t<div class=\"cols col6 tab-col7 mob-col12 padded-in-text\">\n\t\t\t<h3>Design<\/h3>\n\t\t\t<p><p>Good design touches one&#8217;s heart. It inspires, simplifies and provides shortcuts to daily routines.<\/p>\n<p>As a brand, we create products designed to delight you, to bring a sense of harmony, pleasure, comfort and fulfilment.<br \/>\nOur products tell stories of which memories are made of.<\/p>\n<\/p>\n\t\t<\/div>\n\t<\/div>\n<\/div>\n\n\n<div style=\"height:44px\" aria-hidden=\"true\" class=\"wp-block-spacer\"><\/div>\n\n\n\n<div class=\"wp-block-columns is-layout-flex wp-container-core-columns-is-layout-9d6595d7 wp-block-columns-is-layout-flex\">\n<div class=\"wp-block-column is-layout-flow wp-block-column-is-layout-flow\">\n<p class=\"has-text-align-center\"><a class=\"btn fill\" href=\"https:\/\/strohm-teka.com\/en\/about-the-product\/catalogues-brochures\/\" data-type=\"page\" data-id=\"242\"><i class=\"icon str-info\"><\/i> Catalogues and brochures<\/a><\/p>\n<\/div>\n\n\n\n<div class=\"wp-block-column is-layout-flow wp-block-column-is-layout-flow\">\n<p class=\"has-text-align-center\"><a class=\"btn fill\" href=\"https:\/\/strohm-teka.com\/en\/about-the-product\/quality-certifications\/\" data-type=\"page\" data-id=\"242\"><i class=\"icon str-sheald\"><\/i> Quality Certifications<\/a><\/p>\n<\/div>\n\n\n\n<div class=\"wp-block-column is-layout-flow wp-block-column-is-layout-flow\">\n<p class=\"has-text-align-center\"><a class=\"btn fill\" href=\"https:\/\/strohm-teka.com\/en\/about-the-product\/product-features\/\" data-type=\"page\" data-id=\"242\"><i class=\"icon str-tag\"><\/i> Product features<\/a><\/p>\n<\/div>\n<\/div>\n\n\n\n<div style=\"height:44px\" aria-hidden=\"true\" class=\"wp-block-spacer\"><\/div>\n\n\n<div class=\"full-card1 dark\" style=\"background-image: url(https:\/\/strohm-wp-services.1s.funcionalia.com\/2020\/11\/strohm_sowroom_067-1400x800.jpg);\">\n\t<div class=\"content\">\n\t\t<p class=\"title\">VISIT OUR SHOWROOM<\/p>\n\t\t<p class=\"description\"><p>Come and live the Strohm experience at our Showroom in Madrid, a stunning and unique space located on the 22nd floor of the Icon Tower in Madrid.<\/p>\n<\/p>\n\t\t\t<\/div>\n<\/div>\n\n\n<div style=\"height:44px\" aria-hidden=\"true\" class=\"wp-block-spacer\"><\/div>\n","protected":false},"excerpt":{"rendered":"Welcome to your comfort zone Our product design and innovation team strive t continuously improve our products, so that they fully reflect our brand values: Enabling, caring and inspiring. We create products that are easy to use and which promote care, safety and respect for the environment, as well as inspire and care for their&#8230;","protected":false},"author":17,"featured_media":60485,"parent":0,"menu_order":0,"comment_status":"closed","ping_status":"closed","template":"","meta":{"_acf_changed":false,"footnotes":""},"class_list":["post-60995","page","type-page","status-publish","has-post-thumbnail","hentry"],"acf":[],"yoast_head":"<!-- This site is optimized with the Yoast SEO plugin v27.1.1 - https:\/\/yoast.com\/product\/yoast-seo-wordpress\/ -->\n<title>About the product - Strohm Teka Hungary<\/title>\n<meta name=\"robots\" content=\"index, follow, max-snippet:-1, max-image-preview:large, max-video-preview:-1\" \/>\n<link rel=\"canonical\" href=\"https:\/\/strohm-teka.hu\/en\/about-the-product\/\" \/>\n<meta property=\"og:locale\" content=\"en_US\" \/>\n<meta property=\"og:type\" content=\"article\" \/>\n<meta property=\"og:title\" content=\"About the product - Strohm Teka Hungary\" \/>\n<meta property=\"og:description\" content=\"Welcome to your comfort zone Our product design and innovation team strive t continuously improve our products, so that they fully reflect our brand values: Enabling, caring and inspiring. We create products that are easy to use and which promote care, safety and respect for the environment, as well as inspire and care for their...\" \/>\n<meta property=\"og:url\" content=\"https:\/\/strohm-teka.hu\/en\/about-the-product\/\" \/>\n<meta property=\"og:site_name\" content=\"Strohm Teka Hungary\" \/>\n<meta property=\"article:modified_time\" content=\"2021-03-03T10:14:57+00:00\" \/>\n<meta property=\"og:image\" content=\"https:\/\/strohm-wp-services.1s.funcionalia.com\/2020\/10\/detalles_0010_capa-26.jpg\" \/>\n\t<meta property=\"og:image:width\" content=\"2059\" \/>\n\t<meta property=\"og:image:height\" content=\"1372\" \/>\n\t<meta property=\"og:image:type\" content=\"image\/jpeg\" \/>\n<meta name=\"twitter:card\" content=\"summary_large_image\" \/>\n<script type=\"application\/ld+json\" class=\"yoast-schema-graph\">{\"@context\":\"https:\/\/schema.org\",\"@graph\":[{\"@type\":\"WebPage\",\"@id\":\"https:\/\/strohm-teka.hu\/en\/about-the-product\/\",\"url\":\"https:\/\/strohm-teka.hu\/en\/about-the-product\/\",\"name\":\"About the product - Strohm Teka Hungary\",\"isPartOf\":{\"@id\":\"https:\/\/strohm-teka.hu\/en\/#website\"},\"primaryImageOfPage\":{\"@id\":\"https:\/\/strohm-teka.hu\/en\/about-the-product\/#primaryimage\"},\"image\":{\"@id\":\"https:\/\/strohm-teka.hu\/en\/about-the-product\/#primaryimage\"},\"thumbnailUrl\":\"https:\/\/strohm-wp-services.1s.funcionalia.com\/2020\/10\/detalles_0010_capa-26.jpg\",\"datePublished\":\"2020-09-21T09:27:19+00:00\",\"dateModified\":\"2021-03-03T10:14:57+00:00\",\"breadcrumb\":{\"@id\":\"https:\/\/strohm-teka.hu\/en\/about-the-product\/#breadcrumb\"},\"inLanguage\":\"en-US\",\"potentialAction\":[{\"@type\":\"ReadAction\",\"target\":[\"https:\/\/strohm-teka.hu\/en\/about-the-product\/\"]}]},{\"@type\":\"ImageObject\",\"inLanguage\":\"en-US\",\"@id\":\"https:\/\/strohm-teka.hu\/en\/about-the-product\/#primaryimage\",\"url\":\"https:\/\/strohm-wp-services.1s.funcionalia.com\/2020\/10\/detalles_0010_capa-26.jpg\",\"contentUrl\":\"https:\/\/strohm-wp-services.1s.funcionalia.com\/2020\/10\/detalles_0010_capa-26.jpg\",\"width\":2059,\"height\":1372},{\"@type\":\"BreadcrumbList\",\"@id\":\"https:\/\/strohm-teka.hu\/en\/about-the-product\/#breadcrumb\",\"itemListElement\":[{\"@type\":\"ListItem\",\"position\":1,\"name\":\"Home\",\"item\":\"https:\/\/strohm-teka.hu\/en\/\"},{\"@type\":\"ListItem\",\"position\":2,\"name\":\"About the product\"}]},{\"@type\":\"WebSite\",\"@id\":\"https:\/\/strohm-teka.hu\/en\/#website\",\"url\":\"https:\/\/strohm-teka.hu\/en\/\",\"name\":\"Strohm Teka Hungary\",\"description\":\"Soluciones integrales para ba\u00f1o. Grifer\u00eda, sistemas de ducha, muebles y lavabos, mamparas, inodoros y bid\u00e9s, lavabos y accesorios de ba\u00f1o.\",\"publisher\":{\"@id\":\"https:\/\/strohm-teka.hu\/en\/#organization\"},\"potentialAction\":[{\"@type\":\"SearchAction\",\"target\":{\"@type\":\"EntryPoint\",\"urlTemplate\":\"https:\/\/strohm-teka.hu\/en\/?s={search_term_string}\"},\"query-input\":{\"@type\":\"PropertyValueSpecification\",\"valueRequired\":true,\"valueName\":\"search_term_string\"}}],\"inLanguage\":\"en-US\"},{\"@type\":\"Organization\",\"@id\":\"https:\/\/strohm-teka.hu\/en\/#organization\",\"name\":\"Strohm Teka\",\"url\":\"https:\/\/strohm-teka.hu\/en\/\",\"logo\":{\"@type\":\"ImageObject\",\"inLanguage\":\"en-US\",\"@id\":\"https:\/\/strohm-teka.hu\/en\/#\/schema\/logo\/image\/\",\"url\":\"https:\/\/strohm-wp-services.1s.funcionalia.com\/2021\/01\/strohm_teka_logo.jpg\",\"contentUrl\":\"https:\/\/strohm-wp-services.1s.funcionalia.com\/2021\/01\/strohm_teka_logo.jpg\",\"width\":738,\"height\":354,\"caption\":\"Strohm Teka\"},\"image\":{\"@id\":\"https:\/\/strohm-teka.hu\/en\/#\/schema\/logo\/image\/\"},\"sameAs\":[\"https:\/\/www.instagram.com\/strohm_teka_es\/\",\"https:\/\/www.linkedin.com\/company\/teka-strohm-espa\u00f1a\/\"]}]}<\/script>\n<!-- \/ Yoast SEO plugin. -->","yoast_head_json":{"title":"About the product - Strohm Teka Hungary","robots":{"index":"index","follow":"follow","max-snippet":"max-snippet:-1","max-image-preview":"max-image-preview:large","max-video-preview":"max-video-preview:-1"},"canonical":"https:\/\/strohm-teka.hu\/en\/about-the-product\/","og_locale":"en_US","og_type":"article","og_title":"About the product - Strohm Teka Hungary","og_description":"Welcome to your comfort zone Our product design and innovation team strive t continuously improve our products, so that they fully reflect our brand values: Enabling, caring and inspiring. We create products that are easy to use and which promote care, safety and respect for the environment, as well as inspire and care for their...","og_url":"https:\/\/strohm-teka.hu\/en\/about-the-product\/","og_site_name":"Strohm Teka Hungary","article_modified_time":"2021-03-03T10:14:57+00:00","og_image":[{"width":2059,"height":1372,"url":"https:\/\/strohm-wp-services.1s.funcionalia.com\/2020\/10\/detalles_0010_capa-26.jpg","type":"image\/jpeg"}],"twitter_card":"summary_large_image","schema":{"@context":"https:\/\/schema.org","@graph":[{"@type":"WebPage","@id":"https:\/\/strohm-teka.hu\/en\/about-the-product\/","url":"https:\/\/strohm-teka.hu\/en\/about-the-product\/","name":"About the product - Strohm Teka Hungary","isPartOf":{"@id":"https:\/\/strohm-teka.hu\/en\/#website"},"primaryImageOfPage":{"@id":"https:\/\/strohm-teka.hu\/en\/about-the-product\/#primaryimage"},"image":{"@id":"https:\/\/strohm-teka.hu\/en\/about-the-product\/#primaryimage"},"thumbnailUrl":"https:\/\/strohm-wp-services.1s.funcionalia.com\/2020\/10\/detalles_0010_capa-26.jpg","datePublished":"2020-09-21T09:27:19+00:00","dateModified":"2021-03-03T10:14:57+00:00","breadcrumb":{"@id":"https:\/\/strohm-teka.hu\/en\/about-the-product\/#breadcrumb"},"inLanguage":"en-US","potentialAction":[{"@type":"ReadAction","target":["https:\/\/strohm-teka.hu\/en\/about-the-product\/"]}]},{"@type":"ImageObject","inLanguage":"en-US","@id":"https:\/\/strohm-teka.hu\/en\/about-the-product\/#primaryimage","url":"https:\/\/strohm-wp-services.1s.funcionalia.com\/2020\/10\/detalles_0010_capa-26.jpg","contentUrl":"https:\/\/strohm-wp-services.1s.funcionalia.com\/2020\/10\/detalles_0010_capa-26.jpg","width":2059,"height":1372},{"@type":"BreadcrumbList","@id":"https:\/\/strohm-teka.hu\/en\/about-the-product\/#breadcrumb","itemListElement":[{"@type":"ListItem","position":1,"name":"Home","item":"https:\/\/strohm-teka.hu\/en\/"},{"@type":"ListItem","position":2,"name":"About the product"}]},{"@type":"WebSite","@id":"https:\/\/strohm-teka.hu\/en\/#website","url":"https:\/\/strohm-teka.hu\/en\/","name":"Strohm Teka Hungary","description":"Soluciones integrales para ba\u00f1o. Grifer\u00eda, sistemas de ducha, muebles y lavabos, mamparas, inodoros y bid\u00e9s, lavabos y accesorios de ba\u00f1o.","publisher":{"@id":"https:\/\/strohm-teka.hu\/en\/#organization"},"potentialAction":[{"@type":"SearchAction","target":{"@type":"EntryPoint","urlTemplate":"https:\/\/strohm-teka.hu\/en\/?s={search_term_string}"},"query-input":{"@type":"PropertyValueSpecification","valueRequired":true,"valueName":"search_term_string"}}],"inLanguage":"en-US"},{"@type":"Organization","@id":"https:\/\/strohm-teka.hu\/en\/#organization","name":"Strohm Teka","url":"https:\/\/strohm-teka.hu\/en\/","logo":{"@type":"ImageObject","inLanguage":"en-US","@id":"https:\/\/strohm-teka.hu\/en\/#\/schema\/logo\/image\/","url":"https:\/\/strohm-wp-services.1s.funcionalia.com\/2021\/01\/strohm_teka_logo.jpg","contentUrl":"https:\/\/strohm-wp-services.1s.funcionalia.com\/2021\/01\/strohm_teka_logo.jpg","width":738,"height":354,"caption":"Strohm Teka"},"image":{"@id":"https:\/\/strohm-teka.hu\/en\/#\/schema\/logo\/image\/"},"sameAs":["https:\/\/www.instagram.com\/strohm_teka_es\/","https:\/\/www.linkedin.com\/company\/teka-strohm-espa\u00f1a\/"]}]}},"_links":{"self":[{"href":"https:\/\/strohm-teka.hu\/en\/wp-json\/wp\/v2\/pages\/60995","targetHints":{"allow":["GET"]}}],"collection":[{"href":"https:\/\/strohm-teka.hu\/en\/wp-json\/wp\/v2\/pages"}],"about":[{"href":"https:\/\/strohm-teka.hu\/en\/wp-json\/wp\/v2\/types\/page"}],"author":[{"embeddable":true,"href":"https:\/\/strohm-teka.hu\/en\/wp-json\/wp\/v2\/users\/17"}],"replies":[{"embeddable":true,"href":"https:\/\/strohm-teka.hu\/en\/wp-json\/wp\/v2\/comments?post=60995"}],"version-history":[{"count":5,"href":"https:\/\/strohm-teka.hu\/en\/wp-json\/wp\/v2\/pages\/60995\/revisions"}],"predecessor-version":[{"id":94567,"href":"https:\/\/strohm-teka.hu\/en\/wp-json\/wp\/v2\/pages\/60995\/revisions\/94567"}],"wp:featuredmedia":[{"embeddable":true,"href":"https:\/\/strohm-teka.hu\/en\/wp-json\/wp\/v2\/media\/60485"}],"wp:attachment":[{"href":"https:\/\/strohm-teka.hu\/en\/wp-json\/wp\/v2\/media?parent=60995"}],"curies":[{"name":"wp","href":"https:\/\/api.w.org\/{rel}","templated":true}]}}