{"id":61012,"date":"2020-09-24T09:59:02","date_gmt":"2020-09-24T07:59:02","guid":{"rendered":"https:\/\/strohm-teka.com\/contact-with-us\/"},"modified":"2021-03-23T14:31:11","modified_gmt":"2021-03-23T13:31:11","slug":"contact-us","status":"publish","type":"page","link":"https:\/\/strohm-teka.hu\/en\/contact-us\/","title":{"rendered":"Contact with us"},"content":{"rendered":"\n<p>For issues related to a product, please contact Customer Service directly at strohmsupport@strohm-teka.com<\/p>\n\n\n\n<div class=\"wp-block-columns is-layout-flex wp-container-core-columns-is-layout-9d6595d7 wp-block-columns-is-layout-flex\">\n<div class=\"wp-block-column is-layout-flow wp-block-column-is-layout-flow\" style=\"flex-basis:66.66%\">\n<h3 class=\"wp-block-heading\">Contact form<\/h3>\n\n\n\n<!-- Begin Mailchimp Signup Form -->\n<link href=\"\/\/cdn-images.mailchimp.com\/embedcode\/classic-10_7.css\" rel=\"stylesheet\" type=\"text\/css\">\n<style type=\"text\/css\">\n\t#mc_embed_signup{background:#fff; clear:left; font:14px Helvetica,Arial,sans-serif; }\n\t\/* Add your own Mailchimp form style overrides in your site stylesheet or in this style block.\n\t   We recommend moving this block and the preceding CSS link to the HEAD of your HTML file. *\/\n<\/style>\n<style type=\"text\/css\">\n\t#mc-embedded-subscribe-form input[type=checkbox]{display: inline; width: auto;margin-right: 10px;}\n\t#mergeRow-gdpr {margin-top: 20px;}\n\t#mergeRow-gdpr fieldset label {font-weight: normal;}\n\t#mc-embedded-subscribe-form .mc_fieldset{border:none;min-height: 0px;padding-bottom:0px;}\n<\/style>\n<div id=\"mc_embed_signup\">\n\t<script>(function() {\n\t\twindow.mc4wp = window.mc4wp || {\n\t\t\tlisteners: [],\n\t\t\tforms: {\n\t\t\t\ton: function(evt, cb) {\n\t\t\t\t\twindow.mc4wp.listeners.push(\n\t\t\t\t\t\t{\n\t\t\t\t\t\t\tevent   : evt,\n\t\t\t\t\t\t\tcallback: cb\n\t\t\t\t\t\t}\n\t\t\t\t\t);\n\t\t\t\t}\n\t\t\t}\n\t\t}\n\t})();\n\t<\/script><!-- Mailchimp for WordPress v4.8.3 - https:\/\/wordpress.org\/plugins\/mailchimp-for-wp\/ --><form id=\"mc4wp-form-1\" class=\"mc4wp-form mc4wp-form-98900\" method=\"post\" data-id=\"98900\" data-name=\"Contacto\" onsubmit=\"return strohm_mc_validate();\"><div class=\"mc4wp-form-fields\">\n\n\t<div id=\"mc_embed_signup_scroll\">\n<div class=\"indicates-required\"><span class=\"asterisk\">*<\/span> required field<\/div>\n<div class=\"mc-field-group size1of2\">\n\t<label for=\"mce-FNAME\">First name <\/label>\n\t<input type=\"text\" value=\"\" name=\"FNAME\" class=\"\" id=\"mce-FNAME\">\n<\/div>\n<div class=\"mc-field-group size1of2\">\n\t<label for=\"mce-LNAME\">Last name <\/label>\n\t<input type=\"text\" value=\"\" name=\"LNAME\" class=\"\" id=\"mce-LNAME\">\n<\/div>\n<div class=\"mc-field-group size1of2\">\n\t<label for=\"mce-EMAIL\">Email  <span class=\"asterisk\">*<\/span>\n<\/label>\n\t<input type=\"email\" value=\"\" name=\"EMAIL\" class=\"required email\" id=\"mce-EMAIL\">\n<\/div>\n<div class=\"mc-field-group size1of2\">\n\t<label for=\"mce-PHONE\">Contact telephone number <\/label>\n\t<input type=\"text\" name=\"PHONE\" class=\"\" value=\"\" id=\"mce-PHONE\">\n<\/div>\n<input type=\"hidden\" value=\"EN\" name=\"LANG\" class=\"hidden\" id=\"mce-LANG\">\n\n \n<div class=\"mc-field-group size1of2\">\n\t<label for=\"mce-REGION\">Region <\/label>\n\t<input type=\"text\" name=\"REGION\" class=\"\" value=\"\" id=\"mce-REGION\">\n<\/div>\n \n<div class=\"mc-field-group size1of2\">\n\t<label for=\"mce-TYPE\">Request type <\/label>\n\t<select name=\"TYPE\" class=\"\" id=\"mce-TYPE\">\n\t<option value=\"\"><\/option>\n\t<option value=\"technical\">Technical request<\/option>\n<option value=\"purchase\">Where to buy<\/option>\n<option value=\"quality\">Quality<\/option>\n<option value=\"other\">Other features<\/option>\n\n\t<\/select>\n<\/div>\n<div class=\"mc-field-group\">\n\t<label for=\"mce-MESSAGE\">Request  <span class=\"asterisk\">*<\/span>\n<\/label>\n\t<textarea name=\"MESSAGE\" class=\"required\" id=\"mce-MESSAGE\"><\/textarea>\n<\/div>\n\n<input type=\"hidden\" value=\"Contact\" name=\"FORM\" id=\"mce-FORM\">\n<div id=\"mergeRow-gdpr\" class=\"mergeRow gdpr-mergeRow content__gdprBlock mc-field-group\">\n\t<div class=\"content__gdpr\">\n\t\t<label>Privacy and Permissions<\/label>\n\t\t<p>Do you agree to be contacted to answer your questions?<\/p>\n\t\t<p >\n\t\t\t<label>\n\t\t\t\t<input id=\"gdpr_49879\" name=\"INTERESTS[8e27d10fcd][]\" type=\"checkbox\" value=\"2e6b8e7c75\"><span>I consent to be contacted by Strohm staff by any of the means provided on this form in accordance with the privacy policy.<\/span>\n\t\t\t<\/label>\n\t\t<\/p>\n\t\t<p>\n\t\t\t<label class=\"checkbox\"><input id=\"legal\" name=\"INTERESTS[8e27d10fcd][]\" type=\"checkbox\" value=\"a0337aef7f\">I accept the <a href=\"https:\/\/strohm-teka.com\/en\/privacy-policy\/\" target=\"_blank\">privacy policy<\/a> of the site.<\/label><\/p>\n\t\t<p >\n\t\t\t<label><input name=\"INTERESTS[8e27d10fcd][]\" type=\"checkbox\" value=\"5936bc3b0b\"><span>I would also like to subscribe to the Strohm Teka Newsletter.<\/span>\n\t\t<\/p>\n\t\t<p>You can unsubscribe from our list at any time by clicking on the link at the bottom of all our emails or, if you prefer, by writing to info@strohm-teka.com. You can review our privacy policy at any time on the strohm-teka.com website.<\/p>\n\t\t<\/label>\n\t<\/div>\n<\/div>\n\t<div id=\"mce-responses\" class=\"clear\">\n\t\t<div class=\"response\" id=\"mce-error-response\" style=\"display:none\"><\/div>\n\t\t<div class=\"response\" id=\"mce-success-response\" style=\"display:none\"><\/div>\n\t<\/div>    <!-- real people should not fill this in and expect good things - do not remove this or risk form bot signups-->\n\t<div style=\"position: absolute; left: -5000px;\" aria-hidden=\"true\"><input type=\"text\" name=\"b_d8fa65a356568f6171dc89a4a_297328ce02\" tabindex=\"-1\" value=\"\"><\/div>\n\t<div class=\"clear\"><input type=\"submit\" value=\"Submit\" name=\"subscribe\" id=\"mc-embedded-subscribe\" class=\"button\"><\/div>\n\t<\/div>\n\t<\/div>\n\t<label style=\"display: none !important;\">Leave empty if you are a human: <input type=\"text\" name=\"_mc4wp_honeypot\" value=\"\" tabindex=\"-1\" autocomplete=\"off\" \/><\/label><input type=\"hidden\" name=\"_mc4wp_timestamp\" value=\"1776215789\" \/><input type=\"hidden\" name=\"_mc4wp_form_id\" value=\"98900\" \/><input type=\"hidden\" name=\"_mc4wp_form_element_id\" value=\"mc4wp-form-1\" \/><div class=\"mc4wp-response\"><\/div>\n<\/form>\n<\/div><script type='text\/javascript'>\n\n\nfunction strohm_mc_validate(){\n\tif ($('#mce-EMAIL').val().length < 6){\n\t\tconsole.log('email');\n\t\talert(window.mc_translations['required_em']);\n\t\treturn false;\n\t}\n\tif ($('#mce-MESSAGE').val().length < 2){\n\t\tconsole.log('message');\n\t\talert(window.mc_translations['required_ms']);\n\t\treturn false;\n\t}\n\tif ($('#legal').prop('checked')!=true){\n\t\tconsole.log('legal');\n\t\talert(window.mc_translations['required_leg']);\n\t\treturn false;\n\t}\n\tif ($('#gdpr_49879').prop('checked')!=true){\n\t\tconsole.log('legal');\n\t\talert(window.mc_translations['required_ctem']);\n\t\treturn false;\n\t}\n\treturn true;\n}\n\n\nwindow.mc_translations = {\n  required_em: \"The email field is required.\",\n  required_ms: \"Please fill in the query field.\",\nrequired_leg: \"Please accept the terms in order to submit the form.\",\nrequired_ctem: \"Please agree to be contacted by email at a minimum.\"\n};\n\n<\/script>\n<!--End mc_embed_signup-->\n\t\n\t\n<\/div>\n\n\n\n<div class=\"wp-block-column is-layout-flow wp-block-column-is-layout-flow\" style=\"flex-basis:33.33%\">\n<div style=\"height:120px\" aria-hidden=\"true\" class=\"wp-block-spacer\"><\/div>\n\n\n\n<h4 class=\"wp-block-heading\">Links of interest<\/h4>\n\n\n\n<p class=\"arrow-link\"><a href=\"https:\/\/strohm-teka.com\/en\/about-us\/our-centres\/\" data-type=\"page\" data-id=\"204\">D\u00f3nde estamos<\/a><\/p>\n\n\n\n<p class=\"arrow-link\"><a href=\"https:\/\/strohm-teka.com\/en\/about-the-product\/catalogues-brochures\/\" data-type=\"page\" data-id=\"242\">Cat\u00e1logos y Folletos<\/a><\/p>\n\n\n\n<p class=\"arrow-link\"><a href=\"https:\/\/strohm-teka.com\/en\/about-the-product\/quality-certifications\/\" data-type=\"page\" data-id=\"330\">Certificados de calidad<\/a><\/p>\n\n\n\n<p class=\"arrow-link\">\n          <a href=\"https:\/\/strohm-teka.com\/en\/about-the-product\/product-features\/\">Product features<\/a>\n        <\/p>\n<\/div>\n<\/div>\n\n\n\n<p><\/p>\n","protected":false},"excerpt":{"rendered":"For issues related to a product, please contact Customer Service directly at strohmsupport@strohm-teka.com Contact form Links of interest D\u00f3nde estamos Cat\u00e1logos y Folletos Certificados de calidad Product features","protected":false},"author":17,"featured_media":0,"parent":0,"menu_order":0,"comment_status":"closed","ping_status":"closed","template":"","meta":{"_acf_changed":false,"footnotes":""},"class_list":["post-61012","page","type-page","status-publish","hentry"],"acf":[],"yoast_head":"<!-- This site is optimized with the Yoast SEO plugin v27.1.1 - https:\/\/yoast.com\/product\/yoast-seo-wordpress\/ -->\n<title>Contact with us - Strohm Teka Hungary<\/title>\n<meta name=\"robots\" content=\"index, follow, max-snippet:-1, max-image-preview:large, max-video-preview:-1\" \/>\n<link rel=\"canonical\" href=\"https:\/\/strohm-teka.hu\/en\/contact-us\/\" \/>\n<meta property=\"og:locale\" content=\"en_US\" \/>\n<meta property=\"og:type\" content=\"article\" \/>\n<meta property=\"og:title\" content=\"Contact with us - Strohm Teka Hungary\" \/>\n<meta property=\"og:description\" content=\"For issues related to a product, please contact Customer Service directly at strohmsupport@strohm-teka.com Contact form Links of interest D\u00f3nde estamos Cat\u00e1logos y Folletos Certificados de calidad Product features\" \/>\n<meta property=\"og:url\" content=\"https:\/\/strohm-teka.hu\/en\/contact-us\/\" \/>\n<meta property=\"og:site_name\" content=\"Strohm Teka Hungary\" \/>\n<meta property=\"article:modified_time\" content=\"2021-03-23T13:31:11+00:00\" \/>\n<meta property=\"og:image\" content=\"https:\/\/strohm-wp-services.1s.funcionalia.com\/2021\/01\/brand_rgb_png3.png\" \/>\n\t<meta property=\"og:image:width\" content=\"11601\" \/>\n\t<meta property=\"og:image:height\" content=\"4519\" \/>\n\t<meta property=\"og:image:type\" content=\"image\/png\" \/>\n<meta name=\"twitter:card\" content=\"summary_large_image\" \/>\n<script type=\"application\/ld+json\" class=\"yoast-schema-graph\">{\"@context\":\"https:\/\/schema.org\",\"@graph\":[{\"@type\":\"WebPage\",\"@id\":\"https:\/\/strohm-teka.hu\/en\/contact-us\/\",\"url\":\"https:\/\/strohm-teka.hu\/en\/contact-us\/\",\"name\":\"Contact with us - Strohm Teka Hungary\",\"isPartOf\":{\"@id\":\"https:\/\/strohm-teka.hu\/en\/#website\"},\"datePublished\":\"2020-09-24T07:59:02+00:00\",\"dateModified\":\"2021-03-23T13:31:11+00:00\",\"breadcrumb\":{\"@id\":\"https:\/\/strohm-teka.hu\/en\/contact-us\/#breadcrumb\"},\"inLanguage\":\"en-US\",\"potentialAction\":[{\"@type\":\"ReadAction\",\"target\":[\"https:\/\/strohm-teka.hu\/en\/contact-us\/\"]}]},{\"@type\":\"BreadcrumbList\",\"@id\":\"https:\/\/strohm-teka.hu\/en\/contact-us\/#breadcrumb\",\"itemListElement\":[{\"@type\":\"ListItem\",\"position\":1,\"name\":\"Home\",\"item\":\"https:\/\/strohm-teka.hu\/en\/\"},{\"@type\":\"ListItem\",\"position\":2,\"name\":\"Contact with us\"}]},{\"@type\":\"WebSite\",\"@id\":\"https:\/\/strohm-teka.hu\/en\/#website\",\"url\":\"https:\/\/strohm-teka.hu\/en\/\",\"name\":\"Strohm Teka Hungary\",\"description\":\"Soluciones integrales para ba\u00f1o. Grifer\u00eda, sistemas de ducha, muebles y lavabos, mamparas, inodoros y bid\u00e9s, lavabos y accesorios de ba\u00f1o.\",\"publisher\":{\"@id\":\"https:\/\/strohm-teka.hu\/en\/#organization\"},\"potentialAction\":[{\"@type\":\"SearchAction\",\"target\":{\"@type\":\"EntryPoint\",\"urlTemplate\":\"https:\/\/strohm-teka.hu\/en\/?s={search_term_string}\"},\"query-input\":{\"@type\":\"PropertyValueSpecification\",\"valueRequired\":true,\"valueName\":\"search_term_string\"}}],\"inLanguage\":\"en-US\"},{\"@type\":\"Organization\",\"@id\":\"https:\/\/strohm-teka.hu\/en\/#organization\",\"name\":\"Strohm Teka\",\"url\":\"https:\/\/strohm-teka.hu\/en\/\",\"logo\":{\"@type\":\"ImageObject\",\"inLanguage\":\"en-US\",\"@id\":\"https:\/\/strohm-teka.hu\/en\/#\/schema\/logo\/image\/\",\"url\":\"https:\/\/strohm-wp-services.1s.funcionalia.com\/2021\/01\/strohm_teka_logo.jpg\",\"contentUrl\":\"https:\/\/strohm-wp-services.1s.funcionalia.com\/2021\/01\/strohm_teka_logo.jpg\",\"width\":738,\"height\":354,\"caption\":\"Strohm Teka\"},\"image\":{\"@id\":\"https:\/\/strohm-teka.hu\/en\/#\/schema\/logo\/image\/\"},\"sameAs\":[\"https:\/\/www.instagram.com\/strohm_teka_es\/\",\"https:\/\/www.linkedin.com\/company\/teka-strohm-espa\u00f1a\/\"]}]}<\/script>\n<!-- \/ Yoast SEO plugin. -->","yoast_head_json":{"title":"Contact with us - Strohm Teka Hungary","robots":{"index":"index","follow":"follow","max-snippet":"max-snippet:-1","max-image-preview":"max-image-preview:large","max-video-preview":"max-video-preview:-1"},"canonical":"https:\/\/strohm-teka.hu\/en\/contact-us\/","og_locale":"en_US","og_type":"article","og_title":"Contact with us - Strohm Teka Hungary","og_description":"For issues related to a product, please contact Customer Service directly at strohmsupport@strohm-teka.com Contact form Links of interest D\u00f3nde estamos Cat\u00e1logos y Folletos Certificados de calidad Product features","og_url":"https:\/\/strohm-teka.hu\/en\/contact-us\/","og_site_name":"Strohm Teka Hungary","article_modified_time":"2021-03-23T13:31:11+00:00","og_image":[{"width":11601,"height":4519,"url":"https:\/\/strohm-wp-services.1s.funcionalia.com\/2021\/01\/brand_rgb_png3.png","type":"image\/png"}],"twitter_card":"summary_large_image","schema":{"@context":"https:\/\/schema.org","@graph":[{"@type":"WebPage","@id":"https:\/\/strohm-teka.hu\/en\/contact-us\/","url":"https:\/\/strohm-teka.hu\/en\/contact-us\/","name":"Contact with us - Strohm Teka Hungary","isPartOf":{"@id":"https:\/\/strohm-teka.hu\/en\/#website"},"datePublished":"2020-09-24T07:59:02+00:00","dateModified":"2021-03-23T13:31:11+00:00","breadcrumb":{"@id":"https:\/\/strohm-teka.hu\/en\/contact-us\/#breadcrumb"},"inLanguage":"en-US","potentialAction":[{"@type":"ReadAction","target":["https:\/\/strohm-teka.hu\/en\/contact-us\/"]}]},{"@type":"BreadcrumbList","@id":"https:\/\/strohm-teka.hu\/en\/contact-us\/#breadcrumb","itemListElement":[{"@type":"ListItem","position":1,"name":"Home","item":"https:\/\/strohm-teka.hu\/en\/"},{"@type":"ListItem","position":2,"name":"Contact with us"}]},{"@type":"WebSite","@id":"https:\/\/strohm-teka.hu\/en\/#website","url":"https:\/\/strohm-teka.hu\/en\/","name":"Strohm Teka Hungary","description":"Soluciones integrales para ba\u00f1o. Grifer\u00eda, sistemas de ducha, muebles y lavabos, mamparas, inodoros y bid\u00e9s, lavabos y accesorios de ba\u00f1o.","publisher":{"@id":"https:\/\/strohm-teka.hu\/en\/#organization"},"potentialAction":[{"@type":"SearchAction","target":{"@type":"EntryPoint","urlTemplate":"https:\/\/strohm-teka.hu\/en\/?s={search_term_string}"},"query-input":{"@type":"PropertyValueSpecification","valueRequired":true,"valueName":"search_term_string"}}],"inLanguage":"en-US"},{"@type":"Organization","@id":"https:\/\/strohm-teka.hu\/en\/#organization","name":"Strohm Teka","url":"https:\/\/strohm-teka.hu\/en\/","logo":{"@type":"ImageObject","inLanguage":"en-US","@id":"https:\/\/strohm-teka.hu\/en\/#\/schema\/logo\/image\/","url":"https:\/\/strohm-wp-services.1s.funcionalia.com\/2021\/01\/strohm_teka_logo.jpg","contentUrl":"https:\/\/strohm-wp-services.1s.funcionalia.com\/2021\/01\/strohm_teka_logo.jpg","width":738,"height":354,"caption":"Strohm Teka"},"image":{"@id":"https:\/\/strohm-teka.hu\/en\/#\/schema\/logo\/image\/"},"sameAs":["https:\/\/www.instagram.com\/strohm_teka_es\/","https:\/\/www.linkedin.com\/company\/teka-strohm-espa\u00f1a\/"]}]}},"_links":{"self":[{"href":"https:\/\/strohm-teka.hu\/en\/wp-json\/wp\/v2\/pages\/61012","targetHints":{"allow":["GET"]}}],"collection":[{"href":"https:\/\/strohm-teka.hu\/en\/wp-json\/wp\/v2\/pages"}],"about":[{"href":"https:\/\/strohm-teka.hu\/en\/wp-json\/wp\/v2\/types\/page"}],"author":[{"embeddable":true,"href":"https:\/\/strohm-teka.hu\/en\/wp-json\/wp\/v2\/users\/17"}],"replies":[{"embeddable":true,"href":"https:\/\/strohm-teka.hu\/en\/wp-json\/wp\/v2\/comments?post=61012"}],"version-history":[{"count":5,"href":"https:\/\/strohm-teka.hu\/en\/wp-json\/wp\/v2\/pages\/61012\/revisions"}],"predecessor-version":[{"id":96374,"href":"https:\/\/strohm-teka.hu\/en\/wp-json\/wp\/v2\/pages\/61012\/revisions\/96374"}],"wp:attachment":[{"href":"https:\/\/strohm-teka.hu\/en\/wp-json\/wp\/v2\/media?parent=61012"}],"curies":[{"name":"wp","href":"https:\/\/api.w.org\/{rel}","templated":true}]}}