{"id":61015,"date":"2020-09-18T11:54:11","date_gmt":"2020-09-18T09:54:11","guid":{"rendered":"https:\/\/strohm-teka.com\/about-us\/"},"modified":"2021-02-10T14:10:30","modified_gmt":"2021-02-10T13:10:30","slug":"about-us","status":"publish","type":"page","link":"https:\/\/strohm-teka.hu\/en\/about-us\/","title":{"rendered":"About us"},"content":{"rendered":"\n<h3 class=\"wp-block-heading\">Welcome to your comfort zone<\/h3>\n\n<div class=\"wp-block-columns is-layout-flex wp-container-core-columns-is-layout-9d6595d7 wp-block-columns-is-layout-flex\">\n<div class=\"wp-block-column is-layout-flow wp-block-column-is-layout-flow\" style=\"flex-basis:66.66%\">\n<p>Strohm Teka is a brand that is focused on providing global solutions for bathrooms through all its product categories: <strong>taps<\/strong>, <strong>cabinets<\/strong>, <strong>mirrors<\/strong>, <strong>screens<\/strong>, <strong>accessories<\/strong> and resin products such as <strong>bathtubs, shower trays<\/strong>, <strong>toilets and bidets<\/strong>. Also ceramic: <strong>toilets<\/strong> and <strong>bidets.<\/strong><\/p>\n\n\n\n<p>At Strohm Teka offers <strong>global solutions for your bathroom<\/strong>. Likewise, we design products adapted to the different lifestyles of our clients, as well as accompanying them in their vital moments, always having as a premise our brand values: <em>facilitate<\/em>, <em>care<\/em> and <em>inspire<\/em> &#8230;<\/p>\n\n\n\n<p>Bearing in mind our mission to go beyond hygiene solutions, we offer experiences that turn the most intimate daily gestures into special moments.<\/p>\n<\/div>\n\n\n\n<div class=\"wp-block-column is-layout-flow wp-block-column-is-layout-flow\" style=\"flex-basis:33.33%\"><\/div>\n<\/div>\n\n<div class=\"wp-block-columns is-layout-flex wp-container-core-columns-is-layout-9d6595d7 wp-block-columns-is-layout-flex\">\n<div class=\"wp-block-column is-layout-flow wp-block-column-is-layout-flow\"><div class=\"series-item\">\n\t<div class=\"img\" style=\"background-image: url(https:\/\/strohm-wp-services.1s.funcionalia.com\/2020\/09\/75-aniv-buades-750x500.jpg);\">\n\t\t<img decoding=\"async\" src=\"https:\/\/strohm-wp-services.1s.funcionalia.com\/2020\/09\/75-aniv-buades-750x500.jpg\" alt=\"\" class=\"px1px\">\n\t<\/div>\n\t<h3 class=\"title\"><\/h3>\n\t<p class=\"description\"><\/p>\n\t<a href=\"\/en\/about-us\/our-history\/\" class=\"link arrow-link\">Our history<\/a>\n<\/div>\n<\/div>\n\n\n\n<div class=\"wp-block-column is-layout-flow wp-block-column-is-layout-flow\"><div class=\"series-item\">\n\t<div class=\"img\" style=\"background-image: url(https:\/\/strohm-wp-services.1s.funcionalia.com\/2020\/11\/strohm_showroom_015-e1605188290675-750x500.jpg);\">\n\t\t<img decoding=\"async\" src=\"https:\/\/strohm-wp-services.1s.funcionalia.com\/2020\/11\/strohm_showroom_015-e1605188290675-750x500.jpg\" alt=\"\" class=\"px1px\">\n\t<\/div>\n\t<h3 class=\"title\"><\/h3>\n\t<p class=\"description\"><\/p>\n\t<a href=\"\/en\/about-us\/strohm-values\/\" class=\"link arrow-link\">Strohm Values<\/a>\n<\/div>\n<\/div>\n\n\n\n<div class=\"wp-block-column is-layout-flow wp-block-column-is-layout-flow\"><div class=\"series-item\">\n\t<div class=\"img\" style=\"background-image: url(https:\/\/strohm-wp-services.1s.funcionalia.com\/2020\/11\/strohm_sowroom_009-1-750x500.jpg);\">\n\t\t<img decoding=\"async\" src=\"https:\/\/strohm-wp-services.1s.funcionalia.com\/2020\/11\/strohm_sowroom_009-1-750x500.jpg\" alt=\"\" class=\"px1px\">\n\t<\/div>\n\t<h3 class=\"title\"><\/h3>\n\t<p class=\"description\"><\/p>\n\t<a href=\"\/en\/about-us\/our-centres\/\" class=\"link arrow-link\">Where are we<\/a>\n<\/div>\n<\/div>\n<\/div>\n\n<div style=\"height:100px\" aria-hidden=\"true\" class=\"wp-block-spacer\"><\/div>\n","protected":false},"excerpt":{"rendered":"Welcome to your comfort zone Strohm Teka is a brand that is focused on providing global solutions for bathrooms through all its product categories: taps, cabinets, mirrors, screens, accessories and resin products such as bathtubs, shower trays, toilets and bidets. Also ceramic: toilets and bidets. At Strohm Teka offers global solutions for your bathroom. Likewise,&#8230;","protected":false},"author":17,"featured_media":60375,"parent":0,"menu_order":0,"comment_status":"closed","ping_status":"closed","template":"","meta":{"_acf_changed":false,"footnotes":""},"class_list":["post-61015","page","type-page","status-publish","has-post-thumbnail","hentry"],"acf":[],"yoast_head":"<!-- This site is optimized with the Yoast SEO plugin v27.1.1 - https:\/\/yoast.com\/product\/yoast-seo-wordpress\/ -->\n<title>About us - Strohm Teka Hungary<\/title>\n<meta name=\"robots\" content=\"index, follow, max-snippet:-1, max-image-preview:large, max-video-preview:-1\" \/>\n<link rel=\"canonical\" href=\"https:\/\/strohm-teka.hu\/en\/about-us\/\" \/>\n<meta property=\"og:locale\" content=\"en_US\" \/>\n<meta property=\"og:type\" content=\"article\" \/>\n<meta property=\"og:title\" content=\"About us - Strohm Teka Hungary\" \/>\n<meta property=\"og:description\" content=\"Welcome to your comfort zone Strohm Teka is a brand that is focused on providing global solutions for bathrooms through all its product categories: taps, cabinets, mirrors, screens, accessories and resin products such as bathtubs, shower trays, toilets and bidets. Also ceramic: toilets and bidets. At Strohm Teka offers global solutions for your bathroom. Likewise,...\" \/>\n<meta property=\"og:url\" content=\"https:\/\/strohm-teka.hu\/en\/about-us\/\" \/>\n<meta property=\"og:site_name\" content=\"Strohm Teka Hungary\" \/>\n<meta property=\"article:modified_time\" content=\"2021-02-10T13:10:30+00:00\" \/>\n<meta property=\"og:image\" content=\"https:\/\/strohm-wp-services.1s.funcionalia.com\/2020\/10\/maquillaje2.jpg\" \/>\n\t<meta property=\"og:image:width\" content=\"2000\" \/>\n\t<meta property=\"og:image:height\" content=\"1160\" \/>\n\t<meta property=\"og:image:type\" content=\"image\/jpeg\" \/>\n<meta name=\"twitter:card\" content=\"summary_large_image\" \/>\n<script type=\"application\/ld+json\" class=\"yoast-schema-graph\">{\"@context\":\"https:\/\/schema.org\",\"@graph\":[{\"@type\":\"WebPage\",\"@id\":\"https:\/\/strohm-teka.hu\/en\/about-us\/\",\"url\":\"https:\/\/strohm-teka.hu\/en\/about-us\/\",\"name\":\"About us - Strohm Teka Hungary\",\"isPartOf\":{\"@id\":\"https:\/\/strohm-teka.hu\/en\/#website\"},\"primaryImageOfPage\":{\"@id\":\"https:\/\/strohm-teka.hu\/en\/about-us\/#primaryimage\"},\"image\":{\"@id\":\"https:\/\/strohm-teka.hu\/en\/about-us\/#primaryimage\"},\"thumbnailUrl\":\"https:\/\/strohm-wp-services.1s.funcionalia.com\/2020\/10\/maquillaje2.jpg\",\"datePublished\":\"2020-09-18T09:54:11+00:00\",\"dateModified\":\"2021-02-10T13:10:30+00:00\",\"breadcrumb\":{\"@id\":\"https:\/\/strohm-teka.hu\/en\/about-us\/#breadcrumb\"},\"inLanguage\":\"en-US\",\"potentialAction\":[{\"@type\":\"ReadAction\",\"target\":[\"https:\/\/strohm-teka.hu\/en\/about-us\/\"]}]},{\"@type\":\"ImageObject\",\"inLanguage\":\"en-US\",\"@id\":\"https:\/\/strohm-teka.hu\/en\/about-us\/#primaryimage\",\"url\":\"https:\/\/strohm-wp-services.1s.funcionalia.com\/2020\/10\/maquillaje2.jpg\",\"contentUrl\":\"https:\/\/strohm-wp-services.1s.funcionalia.com\/2020\/10\/maquillaje2.jpg\",\"width\":2000,\"height\":1160},{\"@type\":\"BreadcrumbList\",\"@id\":\"https:\/\/strohm-teka.hu\/en\/about-us\/#breadcrumb\",\"itemListElement\":[{\"@type\":\"ListItem\",\"position\":1,\"name\":\"Home\",\"item\":\"https:\/\/strohm-teka.hu\/en\/\"},{\"@type\":\"ListItem\",\"position\":2,\"name\":\"About us\"}]},{\"@type\":\"WebSite\",\"@id\":\"https:\/\/strohm-teka.hu\/en\/#website\",\"url\":\"https:\/\/strohm-teka.hu\/en\/\",\"name\":\"Strohm Teka Hungary\",\"description\":\"Soluciones integrales para ba\u00f1o. Grifer\u00eda, sistemas de ducha, muebles y lavabos, mamparas, inodoros y bid\u00e9s, lavabos y accesorios de ba\u00f1o.\",\"publisher\":{\"@id\":\"https:\/\/strohm-teka.hu\/en\/#organization\"},\"potentialAction\":[{\"@type\":\"SearchAction\",\"target\":{\"@type\":\"EntryPoint\",\"urlTemplate\":\"https:\/\/strohm-teka.hu\/en\/?s={search_term_string}\"},\"query-input\":{\"@type\":\"PropertyValueSpecification\",\"valueRequired\":true,\"valueName\":\"search_term_string\"}}],\"inLanguage\":\"en-US\"},{\"@type\":\"Organization\",\"@id\":\"https:\/\/strohm-teka.hu\/en\/#organization\",\"name\":\"Strohm Teka\",\"url\":\"https:\/\/strohm-teka.hu\/en\/\",\"logo\":{\"@type\":\"ImageObject\",\"inLanguage\":\"en-US\",\"@id\":\"https:\/\/strohm-teka.hu\/en\/#\/schema\/logo\/image\/\",\"url\":\"https:\/\/strohm-wp-services.1s.funcionalia.com\/2021\/01\/strohm_teka_logo.jpg\",\"contentUrl\":\"https:\/\/strohm-wp-services.1s.funcionalia.com\/2021\/01\/strohm_teka_logo.jpg\",\"width\":738,\"height\":354,\"caption\":\"Strohm Teka\"},\"image\":{\"@id\":\"https:\/\/strohm-teka.hu\/en\/#\/schema\/logo\/image\/\"},\"sameAs\":[\"https:\/\/www.instagram.com\/strohm_teka_es\/\",\"https:\/\/www.linkedin.com\/company\/teka-strohm-espa\u00f1a\/\"]}]}<\/script>\n<!-- \/ Yoast SEO plugin. -->","yoast_head_json":{"title":"About us - Strohm Teka Hungary","robots":{"index":"index","follow":"follow","max-snippet":"max-snippet:-1","max-image-preview":"max-image-preview:large","max-video-preview":"max-video-preview:-1"},"canonical":"https:\/\/strohm-teka.hu\/en\/about-us\/","og_locale":"en_US","og_type":"article","og_title":"About us - Strohm Teka Hungary","og_description":"Welcome to your comfort zone Strohm Teka is a brand that is focused on providing global solutions for bathrooms through all its product categories: taps, cabinets, mirrors, screens, accessories and resin products such as bathtubs, shower trays, toilets and bidets. Also ceramic: toilets and bidets. At Strohm Teka offers global solutions for your bathroom. Likewise,...","og_url":"https:\/\/strohm-teka.hu\/en\/about-us\/","og_site_name":"Strohm Teka Hungary","article_modified_time":"2021-02-10T13:10:30+00:00","og_image":[{"width":2000,"height":1160,"url":"https:\/\/strohm-wp-services.1s.funcionalia.com\/2020\/10\/maquillaje2.jpg","type":"image\/jpeg"}],"twitter_card":"summary_large_image","schema":{"@context":"https:\/\/schema.org","@graph":[{"@type":"WebPage","@id":"https:\/\/strohm-teka.hu\/en\/about-us\/","url":"https:\/\/strohm-teka.hu\/en\/about-us\/","name":"About us - Strohm Teka Hungary","isPartOf":{"@id":"https:\/\/strohm-teka.hu\/en\/#website"},"primaryImageOfPage":{"@id":"https:\/\/strohm-teka.hu\/en\/about-us\/#primaryimage"},"image":{"@id":"https:\/\/strohm-teka.hu\/en\/about-us\/#primaryimage"},"thumbnailUrl":"https:\/\/strohm-wp-services.1s.funcionalia.com\/2020\/10\/maquillaje2.jpg","datePublished":"2020-09-18T09:54:11+00:00","dateModified":"2021-02-10T13:10:30+00:00","breadcrumb":{"@id":"https:\/\/strohm-teka.hu\/en\/about-us\/#breadcrumb"},"inLanguage":"en-US","potentialAction":[{"@type":"ReadAction","target":["https:\/\/strohm-teka.hu\/en\/about-us\/"]}]},{"@type":"ImageObject","inLanguage":"en-US","@id":"https:\/\/strohm-teka.hu\/en\/about-us\/#primaryimage","url":"https:\/\/strohm-wp-services.1s.funcionalia.com\/2020\/10\/maquillaje2.jpg","contentUrl":"https:\/\/strohm-wp-services.1s.funcionalia.com\/2020\/10\/maquillaje2.jpg","width":2000,"height":1160},{"@type":"BreadcrumbList","@id":"https:\/\/strohm-teka.hu\/en\/about-us\/#breadcrumb","itemListElement":[{"@type":"ListItem","position":1,"name":"Home","item":"https:\/\/strohm-teka.hu\/en\/"},{"@type":"ListItem","position":2,"name":"About us"}]},{"@type":"WebSite","@id":"https:\/\/strohm-teka.hu\/en\/#website","url":"https:\/\/strohm-teka.hu\/en\/","name":"Strohm Teka Hungary","description":"Soluciones integrales para ba\u00f1o. Grifer\u00eda, sistemas de ducha, muebles y lavabos, mamparas, inodoros y bid\u00e9s, lavabos y accesorios de ba\u00f1o.","publisher":{"@id":"https:\/\/strohm-teka.hu\/en\/#organization"},"potentialAction":[{"@type":"SearchAction","target":{"@type":"EntryPoint","urlTemplate":"https:\/\/strohm-teka.hu\/en\/?s={search_term_string}"},"query-input":{"@type":"PropertyValueSpecification","valueRequired":true,"valueName":"search_term_string"}}],"inLanguage":"en-US"},{"@type":"Organization","@id":"https:\/\/strohm-teka.hu\/en\/#organization","name":"Strohm Teka","url":"https:\/\/strohm-teka.hu\/en\/","logo":{"@type":"ImageObject","inLanguage":"en-US","@id":"https:\/\/strohm-teka.hu\/en\/#\/schema\/logo\/image\/","url":"https:\/\/strohm-wp-services.1s.funcionalia.com\/2021\/01\/strohm_teka_logo.jpg","contentUrl":"https:\/\/strohm-wp-services.1s.funcionalia.com\/2021\/01\/strohm_teka_logo.jpg","width":738,"height":354,"caption":"Strohm Teka"},"image":{"@id":"https:\/\/strohm-teka.hu\/en\/#\/schema\/logo\/image\/"},"sameAs":["https:\/\/www.instagram.com\/strohm_teka_es\/","https:\/\/www.linkedin.com\/company\/teka-strohm-espa\u00f1a\/"]}]}},"_links":{"self":[{"href":"https:\/\/strohm-teka.hu\/en\/wp-json\/wp\/v2\/pages\/61015","targetHints":{"allow":["GET"]}}],"collection":[{"href":"https:\/\/strohm-teka.hu\/en\/wp-json\/wp\/v2\/pages"}],"about":[{"href":"https:\/\/strohm-teka.hu\/en\/wp-json\/wp\/v2\/types\/page"}],"author":[{"embeddable":true,"href":"https:\/\/strohm-teka.hu\/en\/wp-json\/wp\/v2\/users\/17"}],"replies":[{"embeddable":true,"href":"https:\/\/strohm-teka.hu\/en\/wp-json\/wp\/v2\/comments?post=61015"}],"version-history":[{"count":5,"href":"https:\/\/strohm-teka.hu\/en\/wp-json\/wp\/v2\/pages\/61015\/revisions"}],"predecessor-version":[{"id":69997,"href":"https:\/\/strohm-teka.hu\/en\/wp-json\/wp\/v2\/pages\/61015\/revisions\/69997"}],"wp:featuredmedia":[{"embeddable":true,"href":"https:\/\/strohm-teka.hu\/en\/wp-json\/wp\/v2\/media\/60375"}],"wp:attachment":[{"href":"https:\/\/strohm-teka.hu\/en\/wp-json\/wp\/v2\/media?parent=61015"}],"curies":[{"name":"wp","href":"https:\/\/api.w.org\/{rel}","templated":true}]}}