{"id":61043,"date":"2020-10-01T19:45:52","date_gmt":"2020-10-01T17:45:52","guid":{"rendered":"https:\/\/strohm-teka.com\/contact-form\/"},"modified":"2021-05-05T18:35:36","modified_gmt":"2021-05-05T16:35:36","slug":"contact-form","status":"publish","type":"page","link":"https:\/\/strohm-teka.hu\/en\/contact-form\/","title":{"rendered":"Contact form"},"content":{"rendered":"\n<p>If you have any technical request or need any clarification about a product, fill out this form and our customer service department will contact you as soon as possible.<\/p>\n\n\n\n\n\n<!-- Begin Mailchimp Signup Form -->\n<link href=\"\/\/cdn-images.mailchimp.com\/embedcode\/classic-10_7.css\" rel=\"stylesheet\" type=\"text\/css\">\n<style type=\"text\/css\">\n\t#mc_embed_signup{background:#fff; clear:left; font:14px Helvetica,Arial,sans-serif; }\n\t\/* Add your own Mailchimp form style overrides in your site stylesheet or in this style block.\n\t   We recommend moving this block and the preceding CSS link to the HEAD of your HTML file. *\/\n<\/style>\n<style type=\"text\/css\">\n\t#mc-embedded-subscribe-form input[type=checkbox]{display: inline; width: auto;margin-right: 10px;}\n\t#mergeRow-gdpr {margin-top: 20px;}\n\t#mergeRow-gdpr fieldset label {font-weight: normal;}\n\t#mc-embedded-subscribe-form .mc_fieldset{border:none;min-height: 0px;padding-bottom:0px;}\n<\/style>\n<div id=\"mc_embed_signup\">\n\t<script>(function() {\n\t\twindow.mc4wp = window.mc4wp || {\n\t\t\tlisteners: [],\n\t\t\tforms: {\n\t\t\t\ton: function(evt, cb) {\n\t\t\t\t\twindow.mc4wp.listeners.push(\n\t\t\t\t\t\t{\n\t\t\t\t\t\t\tevent   : evt,\n\t\t\t\t\t\t\tcallback: cb\n\t\t\t\t\t\t}\n\t\t\t\t\t);\n\t\t\t\t}\n\t\t\t}\n\t\t}\n\t})();\n\t<\/script><!-- Mailchimp for WordPress v4.8.3 - https:\/\/wordpress.org\/plugins\/mailchimp-for-wp\/ --><form id=\"mc4wp-form-1\" class=\"mc4wp-form mc4wp-form-98900\" method=\"post\" data-id=\"98900\" data-name=\"Contacto\" onsubmit=\"return strohm_mc_validate();\"><div class=\"mc4wp-form-fields\">\n\n\t<div id=\"mc_embed_signup_scroll\">\n<div class=\"indicates-required\"><span class=\"asterisk\">*<\/span> required field<\/div>\n<div class=\"mc-field-group size1of2\">\n\t<label for=\"mce-FNAME\">First name <\/label>\n\t<input type=\"text\" value=\"\" name=\"FNAME\" class=\"\" id=\"mce-FNAME\">\n<\/div>\n<div class=\"mc-field-group size1of2\">\n\t<label for=\"mce-LNAME\">Last name <\/label>\n\t<input type=\"text\" value=\"\" name=\"LNAME\" class=\"\" id=\"mce-LNAME\">\n<\/div>\n<div class=\"mc-field-group size1of2\">\n\t<label for=\"mce-EMAIL\">Email  <span class=\"asterisk\">*<\/span>\n<\/label>\n\t<input type=\"email\" value=\"\" name=\"EMAIL\" class=\"required email\" id=\"mce-EMAIL\">\n<\/div>\n<div class=\"mc-field-group size1of2\">\n\t<label for=\"mce-PHONE\">Contact telephone number <\/label>\n\t<input type=\"text\" name=\"PHONE\" class=\"\" value=\"\" id=\"mce-PHONE\">\n<\/div>\n<input type=\"hidden\" value=\"EN\" name=\"LANG\" class=\"hidden\" id=\"mce-LANG\">\n\n \n<div class=\"mc-field-group size1of2\">\n\t<label for=\"mce-REGION\">Region <\/label>\n\t<input type=\"text\" name=\"REGION\" class=\"\" value=\"\" id=\"mce-REGION\">\n<\/div>\n \n<div class=\"mc-field-group size1of2\">\n\t<label for=\"mce-TYPE\">Request type <\/label>\n\t<select name=\"TYPE\" class=\"\" id=\"mce-TYPE\">\n\t<option value=\"\"><\/option>\n\t<option value=\"technical\">Technical request<\/option>\n<option value=\"purchase\">Where to buy<\/option>\n<option value=\"quality\">Quality<\/option>\n<option value=\"other\">Other features<\/option>\n\n\t<\/select>\n<\/div>\n<div class=\"mc-field-group\">\n\t<label for=\"mce-MESSAGE\">Request  <span class=\"asterisk\">*<\/span>\n<\/label>\n\t<textarea name=\"MESSAGE\" class=\"required\" id=\"mce-MESSAGE\"><\/textarea>\n<\/div>\n\t<div class=\"mc-field-group size1of2\">\n\t\t<label for=\"mce-MMERGE8\">Product reference <\/label>\n\t\t<input type=\"text\" name=\"MMERGE8\" class=\"\" value=\"\" id=\"mce-MMERGE8\">\n\t<\/div>\n\t<div class=\"mc-field-group size1of2\">\n\t\t<label for=\"mce-MMERGE7\">Product name <\/label>\n\t\t<input type=\"text\" value=\"\" name=\"MMERGE7\" class=\"\" id=\"mce-MMERGE7\">\n\t<\/div>\n\n<input type=\"hidden\" value=\"Contact\" name=\"FORM\" id=\"mce-FORM\">\n<div id=\"mergeRow-gdpr\" class=\"mergeRow gdpr-mergeRow content__gdprBlock mc-field-group\">\n\t<div class=\"content__gdpr\">\n\t\t<label>Privacy and Permissions<\/label>\n\t\t<p>Do you agree to be contacted to answer your questions?<\/p>\n\t\t<p >\n\t\t\t<label>\n\t\t\t\t<input id=\"gdpr_49879\" name=\"INTERESTS[8e27d10fcd][]\" type=\"checkbox\" value=\"2e6b8e7c75\"><span>I consent to be contacted by Strohm staff by any of the means provided on this form in accordance with the privacy policy.<\/span>\n\t\t\t<\/label>\n\t\t<\/p>\n\t\t<p>\n\t\t\t<label class=\"checkbox\"><input id=\"legal\" name=\"INTERESTS[8e27d10fcd][]\" type=\"checkbox\" value=\"a0337aef7f\">I accept the <a href=\"https:\/\/strohm-teka.com\/en\/privacy-policy\/\" target=\"_blank\">privacy policy<\/a> of the site.<\/label><\/p>\n\t\t<p >\n\t\t\t<label><input name=\"INTERESTS[8e27d10fcd][]\" type=\"checkbox\" value=\"5936bc3b0b\"><span>I would also like to subscribe to the Strohm Teka Newsletter.<\/span>\n\t\t<\/p>\n\t\t<p>You can unsubscribe from our list at any time by clicking on the link at the bottom of all our emails or, if you prefer, by writing to info@strohm-teka.com. You can review our privacy policy at any time on the strohm-teka.com website.<\/p>\n\t\t<\/label>\n\t<\/div>\n<\/div>\n\t<div id=\"mce-responses\" class=\"clear\">\n\t\t<div class=\"response\" id=\"mce-error-response\" style=\"display:none\"><\/div>\n\t\t<div class=\"response\" id=\"mce-success-response\" style=\"display:none\"><\/div>\n\t<\/div>    <!-- real people should not fill this in and expect good things - do not remove this or risk form bot signups-->\n\t<div style=\"position: absolute; left: -5000px;\" aria-hidden=\"true\"><input type=\"text\" name=\"b_d8fa65a356568f6171dc89a4a_297328ce02\" tabindex=\"-1\" value=\"\"><\/div>\n\t<div class=\"clear\"><input type=\"submit\" value=\"Submit\" name=\"subscribe\" id=\"mc-embedded-subscribe\" class=\"button\"><\/div>\n\t<\/div>\n\t<\/div>\n\t<label style=\"display: none !important;\">Leave empty if you are a human: <input type=\"text\" name=\"_mc4wp_honeypot\" value=\"\" tabindex=\"-1\" autocomplete=\"off\" \/><\/label><input type=\"hidden\" name=\"_mc4wp_timestamp\" value=\"1776062437\" \/><input type=\"hidden\" name=\"_mc4wp_form_id\" value=\"98900\" \/><input type=\"hidden\" name=\"_mc4wp_form_element_id\" value=\"mc4wp-form-1\" \/><div class=\"mc4wp-response\"><\/div>\n<\/form>\n<\/div><script type='text\/javascript'>\n\n\nfunction strohm_mc_validate(){\n\tif ($('#mce-EMAIL').val().length < 6){\n\t\tconsole.log('email');\n\t\talert(window.mc_translations['required_em']);\n\t\treturn false;\n\t}\n\tif ($('#mce-MESSAGE').val().length < 2){\n\t\tconsole.log('message');\n\t\talert(window.mc_translations['required_ms']);\n\t\treturn false;\n\t}\n\tif ($('#legal').prop('checked')!=true){\n\t\tconsole.log('legal');\n\t\talert(window.mc_translations['required_leg']);\n\t\treturn false;\n\t}\n\tif ($('#gdpr_49879').prop('checked')!=true){\n\t\tconsole.log('legal');\n\t\talert(window.mc_translations['required_ctem']);\n\t\treturn false;\n\t}\n\treturn true;\n}\n\n\nwindow.mc_translations = {\n  required_em: \"The email field is required.\",\n  required_ms: \"Please fill in the query field.\",\nrequired_leg: \"Please accept the terms in order to submit the form.\",\nrequired_ctem: \"Please agree to be contacted by email at a minimum.\"\n};\n\n<\/script>\n<!--End mc_embed_signup-->\n\t\n\t\n","protected":false},"excerpt":{"rendered":"If you have any technical request or need any clarification about a product, fill out this form and our customer service department will contact you as soon as possible.","protected":false},"author":17,"featured_media":0,"parent":0,"menu_order":0,"comment_status":"closed","ping_status":"closed","template":"","meta":{"_acf_changed":false,"footnotes":""},"class_list":["post-61043","page","type-page","status-publish","hentry"],"acf":[],"yoast_head":"<!-- This site is optimized with the Yoast SEO plugin v27.1.1 - https:\/\/yoast.com\/product\/yoast-seo-wordpress\/ -->\n<title>Contact form - Strohm Teka Hungary<\/title>\n<meta name=\"robots\" content=\"index, follow, max-snippet:-1, max-image-preview:large, max-video-preview:-1\" \/>\n<link rel=\"canonical\" href=\"https:\/\/strohm-teka.hu\/en\/contact-form\/\" \/>\n<meta property=\"og:locale\" content=\"en_US\" \/>\n<meta property=\"og:type\" content=\"article\" \/>\n<meta property=\"og:title\" content=\"Contact form - Strohm Teka Hungary\" \/>\n<meta property=\"og:description\" content=\"If you have any technical request or need any clarification about a product, fill out this form and our customer service department will contact you as soon as possible.\" \/>\n<meta property=\"og:url\" content=\"https:\/\/strohm-teka.hu\/en\/contact-form\/\" \/>\n<meta property=\"og:site_name\" content=\"Strohm Teka Hungary\" \/>\n<meta property=\"article:modified_time\" content=\"2021-05-05T16:35:36+00:00\" \/>\n<meta property=\"og:image\" content=\"https:\/\/strohm-wp-services.1s.funcionalia.com\/2021\/01\/brand_rgb_png3.png\" \/>\n\t<meta property=\"og:image:width\" content=\"11601\" \/>\n\t<meta property=\"og:image:height\" content=\"4519\" \/>\n\t<meta property=\"og:image:type\" content=\"image\/png\" \/>\n<meta name=\"twitter:card\" content=\"summary_large_image\" \/>\n<script type=\"application\/ld+json\" class=\"yoast-schema-graph\">{\"@context\":\"https:\/\/schema.org\",\"@graph\":[{\"@type\":\"WebPage\",\"@id\":\"https:\/\/strohm-teka.hu\/en\/contact-form\/\",\"url\":\"https:\/\/strohm-teka.hu\/en\/contact-form\/\",\"name\":\"Contact form - Strohm Teka Hungary\",\"isPartOf\":{\"@id\":\"https:\/\/strohm-teka.hu\/en\/#website\"},\"datePublished\":\"2020-10-01T17:45:52+00:00\",\"dateModified\":\"2021-05-05T16:35:36+00:00\",\"breadcrumb\":{\"@id\":\"https:\/\/strohm-teka.hu\/en\/contact-form\/#breadcrumb\"},\"inLanguage\":\"en-US\",\"potentialAction\":[{\"@type\":\"ReadAction\",\"target\":[\"https:\/\/strohm-teka.hu\/en\/contact-form\/\"]}]},{\"@type\":\"BreadcrumbList\",\"@id\":\"https:\/\/strohm-teka.hu\/en\/contact-form\/#breadcrumb\",\"itemListElement\":[{\"@type\":\"ListItem\",\"position\":1,\"name\":\"Home\",\"item\":\"https:\/\/strohm-teka.hu\/en\/\"},{\"@type\":\"ListItem\",\"position\":2,\"name\":\"Contact form\"}]},{\"@type\":\"WebSite\",\"@id\":\"https:\/\/strohm-teka.hu\/en\/#website\",\"url\":\"https:\/\/strohm-teka.hu\/en\/\",\"name\":\"Strohm Teka Hungary\",\"description\":\"Soluciones integrales para ba\u00f1o. Grifer\u00eda, sistemas de ducha, muebles y lavabos, mamparas, inodoros y bid\u00e9s, lavabos y accesorios de ba\u00f1o.\",\"publisher\":{\"@id\":\"https:\/\/strohm-teka.hu\/en\/#organization\"},\"potentialAction\":[{\"@type\":\"SearchAction\",\"target\":{\"@type\":\"EntryPoint\",\"urlTemplate\":\"https:\/\/strohm-teka.hu\/en\/?s={search_term_string}\"},\"query-input\":{\"@type\":\"PropertyValueSpecification\",\"valueRequired\":true,\"valueName\":\"search_term_string\"}}],\"inLanguage\":\"en-US\"},{\"@type\":\"Organization\",\"@id\":\"https:\/\/strohm-teka.hu\/en\/#organization\",\"name\":\"Strohm Teka\",\"url\":\"https:\/\/strohm-teka.hu\/en\/\",\"logo\":{\"@type\":\"ImageObject\",\"inLanguage\":\"en-US\",\"@id\":\"https:\/\/strohm-teka.hu\/en\/#\/schema\/logo\/image\/\",\"url\":\"https:\/\/strohm-wp-services.1s.funcionalia.com\/2021\/01\/strohm_teka_logo.jpg\",\"contentUrl\":\"https:\/\/strohm-wp-services.1s.funcionalia.com\/2021\/01\/strohm_teka_logo.jpg\",\"width\":738,\"height\":354,\"caption\":\"Strohm Teka\"},\"image\":{\"@id\":\"https:\/\/strohm-teka.hu\/en\/#\/schema\/logo\/image\/\"},\"sameAs\":[\"https:\/\/www.instagram.com\/strohm_teka_es\/\",\"https:\/\/www.linkedin.com\/company\/teka-strohm-espa\u00f1a\/\"]}]}<\/script>\n<!-- \/ Yoast SEO plugin. -->","yoast_head_json":{"title":"Contact form - Strohm Teka Hungary","robots":{"index":"index","follow":"follow","max-snippet":"max-snippet:-1","max-image-preview":"max-image-preview:large","max-video-preview":"max-video-preview:-1"},"canonical":"https:\/\/strohm-teka.hu\/en\/contact-form\/","og_locale":"en_US","og_type":"article","og_title":"Contact form - Strohm Teka Hungary","og_description":"If you have any technical request or need any clarification about a product, fill out this form and our customer service department will contact you as soon as possible.","og_url":"https:\/\/strohm-teka.hu\/en\/contact-form\/","og_site_name":"Strohm Teka Hungary","article_modified_time":"2021-05-05T16:35:36+00:00","og_image":[{"width":11601,"height":4519,"url":"https:\/\/strohm-wp-services.1s.funcionalia.com\/2021\/01\/brand_rgb_png3.png","type":"image\/png"}],"twitter_card":"summary_large_image","schema":{"@context":"https:\/\/schema.org","@graph":[{"@type":"WebPage","@id":"https:\/\/strohm-teka.hu\/en\/contact-form\/","url":"https:\/\/strohm-teka.hu\/en\/contact-form\/","name":"Contact form - Strohm Teka Hungary","isPartOf":{"@id":"https:\/\/strohm-teka.hu\/en\/#website"},"datePublished":"2020-10-01T17:45:52+00:00","dateModified":"2021-05-05T16:35:36+00:00","breadcrumb":{"@id":"https:\/\/strohm-teka.hu\/en\/contact-form\/#breadcrumb"},"inLanguage":"en-US","potentialAction":[{"@type":"ReadAction","target":["https:\/\/strohm-teka.hu\/en\/contact-form\/"]}]},{"@type":"BreadcrumbList","@id":"https:\/\/strohm-teka.hu\/en\/contact-form\/#breadcrumb","itemListElement":[{"@type":"ListItem","position":1,"name":"Home","item":"https:\/\/strohm-teka.hu\/en\/"},{"@type":"ListItem","position":2,"name":"Contact form"}]},{"@type":"WebSite","@id":"https:\/\/strohm-teka.hu\/en\/#website","url":"https:\/\/strohm-teka.hu\/en\/","name":"Strohm Teka Hungary","description":"Soluciones integrales para ba\u00f1o. Grifer\u00eda, sistemas de ducha, muebles y lavabos, mamparas, inodoros y bid\u00e9s, lavabos y accesorios de ba\u00f1o.","publisher":{"@id":"https:\/\/strohm-teka.hu\/en\/#organization"},"potentialAction":[{"@type":"SearchAction","target":{"@type":"EntryPoint","urlTemplate":"https:\/\/strohm-teka.hu\/en\/?s={search_term_string}"},"query-input":{"@type":"PropertyValueSpecification","valueRequired":true,"valueName":"search_term_string"}}],"inLanguage":"en-US"},{"@type":"Organization","@id":"https:\/\/strohm-teka.hu\/en\/#organization","name":"Strohm Teka","url":"https:\/\/strohm-teka.hu\/en\/","logo":{"@type":"ImageObject","inLanguage":"en-US","@id":"https:\/\/strohm-teka.hu\/en\/#\/schema\/logo\/image\/","url":"https:\/\/strohm-wp-services.1s.funcionalia.com\/2021\/01\/strohm_teka_logo.jpg","contentUrl":"https:\/\/strohm-wp-services.1s.funcionalia.com\/2021\/01\/strohm_teka_logo.jpg","width":738,"height":354,"caption":"Strohm Teka"},"image":{"@id":"https:\/\/strohm-teka.hu\/en\/#\/schema\/logo\/image\/"},"sameAs":["https:\/\/www.instagram.com\/strohm_teka_es\/","https:\/\/www.linkedin.com\/company\/teka-strohm-espa\u00f1a\/"]}]}},"_links":{"self":[{"href":"https:\/\/strohm-teka.hu\/en\/wp-json\/wp\/v2\/pages\/61043","targetHints":{"allow":["GET"]}}],"collection":[{"href":"https:\/\/strohm-teka.hu\/en\/wp-json\/wp\/v2\/pages"}],"about":[{"href":"https:\/\/strohm-teka.hu\/en\/wp-json\/wp\/v2\/types\/page"}],"author":[{"embeddable":true,"href":"https:\/\/strohm-teka.hu\/en\/wp-json\/wp\/v2\/users\/17"}],"replies":[{"embeddable":true,"href":"https:\/\/strohm-teka.hu\/en\/wp-json\/wp\/v2\/comments?post=61043"}],"version-history":[{"count":5,"href":"https:\/\/strohm-teka.hu\/en\/wp-json\/wp\/v2\/pages\/61043\/revisions"}],"predecessor-version":[{"id":98905,"href":"https:\/\/strohm-teka.hu\/en\/wp-json\/wp\/v2\/pages\/61043\/revisions\/98905"}],"wp:attachment":[{"href":"https:\/\/strohm-teka.hu\/en\/wp-json\/wp\/v2\/media?parent=61043"}],"curies":[{"name":"wp","href":"https:\/\/api.w.org\/{rel}","templated":true}]}}