{"id":61149,"date":"2020-09-24T09:30:02","date_gmt":"2020-09-24T07:30:02","guid":{"rendered":"https:\/\/strohm-teka.com\/about-the-product\/certificados-de-calidad\/"},"modified":"2021-03-02T21:37:57","modified_gmt":"2021-03-02T20:37:57","slug":"quality-certifications","status":"publish","type":"page","link":"https:\/\/strohm-teka.hu\/en\/about-the-product\/quality-certifications\/","title":{"rendered":"Quality Certifications"},"content":{"rendered":"\n<p>Most of our products meet the strictest standards of quality in the various markets, such as France (NF), Norway (SINTEF) and Spain.<\/p>\n\n<p>These are some of the quality standards and recognitions earned by our products: <\/p>\n","protected":false},"excerpt":{"rendered":"Most of our products meet the strictest standards of quality in the various markets, such as France (NF), Norway (SINTEF) and Spain. These are some of the quality standards and recognitions earned by our products:","protected":false},"author":17,"featured_media":0,"parent":60995,"menu_order":2,"comment_status":"closed","ping_status":"closed","template":"templates\/certifications.php","meta":{"_acf_changed":false,"footnotes":""},"class_list":["post-61149","page","type-page","status-publish","hentry"],"acf":[],"yoast_head":"<!-- This site is optimized with the Yoast SEO plugin v27.1.1 - https:\/\/yoast.com\/product\/yoast-seo-wordpress\/ -->\n<title>Quality Certifications - Strohm Teka Hungary<\/title>\n<meta name=\"robots\" content=\"index, follow, max-snippet:-1, max-image-preview:large, max-video-preview:-1\" \/>\n<link rel=\"canonical\" href=\"https:\/\/strohm-teka.hu\/en\/about-the-product\/quality-certifications\/\" \/>\n<meta property=\"og:locale\" content=\"en_US\" \/>\n<meta property=\"og:type\" content=\"article\" \/>\n<meta property=\"og:title\" content=\"Quality Certifications - Strohm Teka Hungary\" \/>\n<meta property=\"og:description\" content=\"Most of our products meet the strictest standards of quality in the various markets, such as France (NF), Norway (SINTEF) and Spain. These are some of the quality standards and recognitions earned by our products:\" \/>\n<meta property=\"og:url\" content=\"https:\/\/strohm-teka.hu\/en\/about-the-product\/quality-certifications\/\" \/>\n<meta property=\"og:site_name\" content=\"Strohm Teka Hungary\" \/>\n<meta property=\"article:modified_time\" content=\"2021-03-02T20:37:57+00:00\" \/>\n<meta property=\"og:image\" content=\"https:\/\/strohm-wp-services.1s.funcionalia.com\/2021\/01\/brand_rgb_png3.png\" \/>\n\t<meta property=\"og:image:width\" content=\"11601\" \/>\n\t<meta property=\"og:image:height\" content=\"4519\" \/>\n\t<meta property=\"og:image:type\" content=\"image\/png\" \/>\n<meta name=\"twitter:card\" content=\"summary_large_image\" \/>\n<script type=\"application\/ld+json\" class=\"yoast-schema-graph\">{\"@context\":\"https:\/\/schema.org\",\"@graph\":[{\"@type\":\"WebPage\",\"@id\":\"https:\/\/strohm-teka.hu\/en\/about-the-product\/quality-certifications\/\",\"url\":\"https:\/\/strohm-teka.hu\/en\/about-the-product\/quality-certifications\/\",\"name\":\"Quality Certifications - Strohm Teka Hungary\",\"isPartOf\":{\"@id\":\"https:\/\/strohm-teka.hu\/en\/#website\"},\"datePublished\":\"2020-09-24T07:30:02+00:00\",\"dateModified\":\"2021-03-02T20:37:57+00:00\",\"breadcrumb\":{\"@id\":\"https:\/\/strohm-teka.hu\/en\/about-the-product\/quality-certifications\/#breadcrumb\"},\"inLanguage\":\"en-US\",\"potentialAction\":[{\"@type\":\"ReadAction\",\"target\":[\"https:\/\/strohm-teka.hu\/en\/about-the-product\/quality-certifications\/\"]}]},{\"@type\":\"BreadcrumbList\",\"@id\":\"https:\/\/strohm-teka.hu\/en\/about-the-product\/quality-certifications\/#breadcrumb\",\"itemListElement\":[{\"@type\":\"ListItem\",\"position\":1,\"name\":\"Home\",\"item\":\"https:\/\/strohm-teka.hu\/en\/\"},{\"@type\":\"ListItem\",\"position\":2,\"name\":\"About the product\",\"item\":\"https:\/\/strohm-teka.hu\/en\/about-the-product\/\"},{\"@type\":\"ListItem\",\"position\":3,\"name\":\"Quality Certifications\"}]},{\"@type\":\"WebSite\",\"@id\":\"https:\/\/strohm-teka.hu\/en\/#website\",\"url\":\"https:\/\/strohm-teka.hu\/en\/\",\"name\":\"Strohm Teka Hungary\",\"description\":\"Soluciones integrales para ba\u00f1o. Grifer\u00eda, sistemas de ducha, muebles y lavabos, mamparas, inodoros y bid\u00e9s, lavabos y accesorios de ba\u00f1o.\",\"publisher\":{\"@id\":\"https:\/\/strohm-teka.hu\/en\/#organization\"},\"potentialAction\":[{\"@type\":\"SearchAction\",\"target\":{\"@type\":\"EntryPoint\",\"urlTemplate\":\"https:\/\/strohm-teka.hu\/en\/?s={search_term_string}\"},\"query-input\":{\"@type\":\"PropertyValueSpecification\",\"valueRequired\":true,\"valueName\":\"search_term_string\"}}],\"inLanguage\":\"en-US\"},{\"@type\":\"Organization\",\"@id\":\"https:\/\/strohm-teka.hu\/en\/#organization\",\"name\":\"Strohm Teka\",\"url\":\"https:\/\/strohm-teka.hu\/en\/\",\"logo\":{\"@type\":\"ImageObject\",\"inLanguage\":\"en-US\",\"@id\":\"https:\/\/strohm-teka.hu\/en\/#\/schema\/logo\/image\/\",\"url\":\"https:\/\/strohm-wp-services.1s.funcionalia.com\/2021\/01\/strohm_teka_logo.jpg\",\"contentUrl\":\"https:\/\/strohm-wp-services.1s.funcionalia.com\/2021\/01\/strohm_teka_logo.jpg\",\"width\":738,\"height\":354,\"caption\":\"Strohm Teka\"},\"image\":{\"@id\":\"https:\/\/strohm-teka.hu\/en\/#\/schema\/logo\/image\/\"},\"sameAs\":[\"https:\/\/www.instagram.com\/strohm_teka_es\/\",\"https:\/\/www.linkedin.com\/company\/teka-strohm-espa\u00f1a\/\"]}]}<\/script>\n<!-- \/ Yoast SEO plugin. -->","yoast_head_json":{"title":"Quality Certifications - Strohm Teka Hungary","robots":{"index":"index","follow":"follow","max-snippet":"max-snippet:-1","max-image-preview":"max-image-preview:large","max-video-preview":"max-video-preview:-1"},"canonical":"https:\/\/strohm-teka.hu\/en\/about-the-product\/quality-certifications\/","og_locale":"en_US","og_type":"article","og_title":"Quality Certifications - Strohm Teka Hungary","og_description":"Most of our products meet the strictest standards of quality in the various markets, such as France (NF), Norway (SINTEF) and Spain. These are some of the quality standards and recognitions earned by our products:","og_url":"https:\/\/strohm-teka.hu\/en\/about-the-product\/quality-certifications\/","og_site_name":"Strohm Teka Hungary","article_modified_time":"2021-03-02T20:37:57+00:00","og_image":[{"width":11601,"height":4519,"url":"https:\/\/strohm-wp-services.1s.funcionalia.com\/2021\/01\/brand_rgb_png3.png","type":"image\/png"}],"twitter_card":"summary_large_image","schema":{"@context":"https:\/\/schema.org","@graph":[{"@type":"WebPage","@id":"https:\/\/strohm-teka.hu\/en\/about-the-product\/quality-certifications\/","url":"https:\/\/strohm-teka.hu\/en\/about-the-product\/quality-certifications\/","name":"Quality Certifications - Strohm Teka Hungary","isPartOf":{"@id":"https:\/\/strohm-teka.hu\/en\/#website"},"datePublished":"2020-09-24T07:30:02+00:00","dateModified":"2021-03-02T20:37:57+00:00","breadcrumb":{"@id":"https:\/\/strohm-teka.hu\/en\/about-the-product\/quality-certifications\/#breadcrumb"},"inLanguage":"en-US","potentialAction":[{"@type":"ReadAction","target":["https:\/\/strohm-teka.hu\/en\/about-the-product\/quality-certifications\/"]}]},{"@type":"BreadcrumbList","@id":"https:\/\/strohm-teka.hu\/en\/about-the-product\/quality-certifications\/#breadcrumb","itemListElement":[{"@type":"ListItem","position":1,"name":"Home","item":"https:\/\/strohm-teka.hu\/en\/"},{"@type":"ListItem","position":2,"name":"About the product","item":"https:\/\/strohm-teka.hu\/en\/about-the-product\/"},{"@type":"ListItem","position":3,"name":"Quality Certifications"}]},{"@type":"WebSite","@id":"https:\/\/strohm-teka.hu\/en\/#website","url":"https:\/\/strohm-teka.hu\/en\/","name":"Strohm Teka Hungary","description":"Soluciones integrales para ba\u00f1o. Grifer\u00eda, sistemas de ducha, muebles y lavabos, mamparas, inodoros y bid\u00e9s, lavabos y accesorios de ba\u00f1o.","publisher":{"@id":"https:\/\/strohm-teka.hu\/en\/#organization"},"potentialAction":[{"@type":"SearchAction","target":{"@type":"EntryPoint","urlTemplate":"https:\/\/strohm-teka.hu\/en\/?s={search_term_string}"},"query-input":{"@type":"PropertyValueSpecification","valueRequired":true,"valueName":"search_term_string"}}],"inLanguage":"en-US"},{"@type":"Organization","@id":"https:\/\/strohm-teka.hu\/en\/#organization","name":"Strohm Teka","url":"https:\/\/strohm-teka.hu\/en\/","logo":{"@type":"ImageObject","inLanguage":"en-US","@id":"https:\/\/strohm-teka.hu\/en\/#\/schema\/logo\/image\/","url":"https:\/\/strohm-wp-services.1s.funcionalia.com\/2021\/01\/strohm_teka_logo.jpg","contentUrl":"https:\/\/strohm-wp-services.1s.funcionalia.com\/2021\/01\/strohm_teka_logo.jpg","width":738,"height":354,"caption":"Strohm Teka"},"image":{"@id":"https:\/\/strohm-teka.hu\/en\/#\/schema\/logo\/image\/"},"sameAs":["https:\/\/www.instagram.com\/strohm_teka_es\/","https:\/\/www.linkedin.com\/company\/teka-strohm-espa\u00f1a\/"]}]}},"_links":{"self":[{"href":"https:\/\/strohm-teka.hu\/en\/wp-json\/wp\/v2\/pages\/61149","targetHints":{"allow":["GET"]}}],"collection":[{"href":"https:\/\/strohm-teka.hu\/en\/wp-json\/wp\/v2\/pages"}],"about":[{"href":"https:\/\/strohm-teka.hu\/en\/wp-json\/wp\/v2\/types\/page"}],"author":[{"embeddable":true,"href":"https:\/\/strohm-teka.hu\/en\/wp-json\/wp\/v2\/users\/17"}],"replies":[{"embeddable":true,"href":"https:\/\/strohm-teka.hu\/en\/wp-json\/wp\/v2\/comments?post=61149"}],"version-history":[{"count":5,"href":"https:\/\/strohm-teka.hu\/en\/wp-json\/wp\/v2\/pages\/61149\/revisions"}],"predecessor-version":[{"id":94433,"href":"https:\/\/strohm-teka.hu\/en\/wp-json\/wp\/v2\/pages\/61149\/revisions\/94433"}],"up":[{"embeddable":true,"href":"https:\/\/strohm-teka.hu\/en\/wp-json\/wp\/v2\/pages\/60995"}],"wp:attachment":[{"href":"https:\/\/strohm-teka.hu\/en\/wp-json\/wp\/v2\/media?parent=61149"}],"curies":[{"name":"wp","href":"https:\/\/api.w.org\/{rel}","templated":true}]}}