{"id":93106,"date":"2020-09-18T12:11:08","date_gmt":"2020-09-18T10:11:08","guid":{"rendered":"https:\/\/strohm-teka.com\/about-us\/over-100-years-experience\/"},"modified":"2021-06-22T20:27:41","modified_gmt":"2021-06-22T18:27:41","slug":"over-100-years-experience","status":"publish","type":"page","link":"https:\/\/strohm-teka.hu\/en\/about-us\/over-100-years-experience\/","title":{"rendered":"Over 100 years&#8217; experience"},"content":{"rendered":"\n<p>We boast over 100 years of experience in this sector, bringing quality, usability and efficiency to everything we do. <\/p>\n\n\n\n<div style=\"height:79px\" aria-hidden=\"true\" class=\"wp-block-spacer\"><\/div>\n\n\n\n<p><\/p>\n","protected":false},"excerpt":{"rendered":"We boast over 100 years of experience in this sector, bringing quality, usability and efficiency to everything we do.","protected":false},"author":17,"featured_media":60692,"parent":61015,"menu_order":0,"comment_status":"closed","ping_status":"closed","template":"templates\/history.php","meta":{"_acf_changed":false,"footnotes":""},"class_list":["post-93106","page","type-page","status-publish","has-post-thumbnail","hentry"],"acf":[],"yoast_head":"<!-- This site is optimized with the Yoast SEO plugin v27.1.1 - https:\/\/yoast.com\/product\/yoast-seo-wordpress\/ -->\n<title>Over 100 years&#039; experience - Strohm Teka Hungary<\/title>\n<meta name=\"robots\" content=\"index, follow, max-snippet:-1, max-image-preview:large, max-video-preview:-1\" \/>\n<link rel=\"canonical\" href=\"https:\/\/strohm-teka.hu\/en\/about-us\/over-100-years-experience\/\" \/>\n<meta property=\"og:locale\" content=\"en_US\" \/>\n<meta property=\"og:type\" content=\"article\" \/>\n<meta property=\"og:title\" content=\"Over 100 years&#039; experience - Strohm Teka Hungary\" \/>\n<meta property=\"og:description\" content=\"We boast over 100 years of experience in this sector, bringing quality, usability and efficiency to everything we do.\" \/>\n<meta property=\"og:url\" content=\"https:\/\/strohm-teka.hu\/en\/about-us\/over-100-years-experience\/\" \/>\n<meta property=\"og:site_name\" content=\"Strohm Teka Hungary\" \/>\n<meta property=\"article:modified_time\" content=\"2021-06-22T18:27:41+00:00\" \/>\n<meta property=\"og:image\" content=\"https:\/\/strohm-wp-services.1s.funcionalia.com\/2020\/11\/strohm_showroom_001.jpg\" \/>\n\t<meta property=\"og:image:width\" content=\"1500\" \/>\n\t<meta property=\"og:image:height\" content=\"541\" \/>\n\t<meta property=\"og:image:type\" content=\"image\/jpeg\" \/>\n<meta name=\"twitter:card\" content=\"summary_large_image\" \/>\n<script type=\"application\/ld+json\" class=\"yoast-schema-graph\">{\"@context\":\"https:\/\/schema.org\",\"@graph\":[{\"@type\":\"WebPage\",\"@id\":\"https:\/\/strohm-teka.hu\/en\/about-us\/over-100-years-experience\/\",\"url\":\"https:\/\/strohm-teka.hu\/en\/about-us\/over-100-years-experience\/\",\"name\":\"Over 100 years' experience - Strohm Teka Hungary\",\"isPartOf\":{\"@id\":\"https:\/\/strohm-teka.hu\/en\/#website\"},\"primaryImageOfPage\":{\"@id\":\"https:\/\/strohm-teka.hu\/en\/about-us\/over-100-years-experience\/#primaryimage\"},\"image\":{\"@id\":\"https:\/\/strohm-teka.hu\/en\/about-us\/over-100-years-experience\/#primaryimage\"},\"thumbnailUrl\":\"https:\/\/strohm-wp-services.1s.funcionalia.com\/2020\/11\/strohm_showroom_001.jpg\",\"datePublished\":\"2020-09-18T10:11:08+00:00\",\"dateModified\":\"2021-06-22T18:27:41+00:00\",\"breadcrumb\":{\"@id\":\"https:\/\/strohm-teka.hu\/en\/about-us\/over-100-years-experience\/#breadcrumb\"},\"inLanguage\":\"en-US\",\"potentialAction\":[{\"@type\":\"ReadAction\",\"target\":[\"https:\/\/strohm-teka.hu\/en\/about-us\/over-100-years-experience\/\"]}]},{\"@type\":\"ImageObject\",\"inLanguage\":\"en-US\",\"@id\":\"https:\/\/strohm-teka.hu\/en\/about-us\/over-100-years-experience\/#primaryimage\",\"url\":\"https:\/\/strohm-wp-services.1s.funcionalia.com\/2020\/11\/strohm_showroom_001.jpg\",\"contentUrl\":\"https:\/\/strohm-wp-services.1s.funcionalia.com\/2020\/11\/strohm_showroom_001.jpg\",\"width\":1500,\"height\":541},{\"@type\":\"BreadcrumbList\",\"@id\":\"https:\/\/strohm-teka.hu\/en\/about-us\/over-100-years-experience\/#breadcrumb\",\"itemListElement\":[{\"@type\":\"ListItem\",\"position\":1,\"name\":\"Home\",\"item\":\"https:\/\/strohm-teka.hu\/en\/\"},{\"@type\":\"ListItem\",\"position\":2,\"name\":\"About us\",\"item\":\"https:\/\/strohm-teka.hu\/en\/about-us\/\"},{\"@type\":\"ListItem\",\"position\":3,\"name\":\"Over 100 years&#8217; experience\"}]},{\"@type\":\"WebSite\",\"@id\":\"https:\/\/strohm-teka.hu\/en\/#website\",\"url\":\"https:\/\/strohm-teka.hu\/en\/\",\"name\":\"Strohm Teka Hungary\",\"description\":\"Soluciones integrales para ba\u00f1o. Grifer\u00eda, sistemas de ducha, muebles y lavabos, mamparas, inodoros y bid\u00e9s, lavabos y accesorios de ba\u00f1o.\",\"publisher\":{\"@id\":\"https:\/\/strohm-teka.hu\/en\/#organization\"},\"potentialAction\":[{\"@type\":\"SearchAction\",\"target\":{\"@type\":\"EntryPoint\",\"urlTemplate\":\"https:\/\/strohm-teka.hu\/en\/?s={search_term_string}\"},\"query-input\":{\"@type\":\"PropertyValueSpecification\",\"valueRequired\":true,\"valueName\":\"search_term_string\"}}],\"inLanguage\":\"en-US\"},{\"@type\":\"Organization\",\"@id\":\"https:\/\/strohm-teka.hu\/en\/#organization\",\"name\":\"Strohm Teka\",\"url\":\"https:\/\/strohm-teka.hu\/en\/\",\"logo\":{\"@type\":\"ImageObject\",\"inLanguage\":\"en-US\",\"@id\":\"https:\/\/strohm-teka.hu\/en\/#\/schema\/logo\/image\/\",\"url\":\"https:\/\/strohm-wp-services.1s.funcionalia.com\/2021\/01\/strohm_teka_logo.jpg\",\"contentUrl\":\"https:\/\/strohm-wp-services.1s.funcionalia.com\/2021\/01\/strohm_teka_logo.jpg\",\"width\":738,\"height\":354,\"caption\":\"Strohm Teka\"},\"image\":{\"@id\":\"https:\/\/strohm-teka.hu\/en\/#\/schema\/logo\/image\/\"},\"sameAs\":[\"https:\/\/www.instagram.com\/strohm_teka_es\/\",\"https:\/\/www.linkedin.com\/company\/teka-strohm-espa\u00f1a\/\"]}]}<\/script>\n<!-- \/ Yoast SEO plugin. -->","yoast_head_json":{"title":"Over 100 years' experience - Strohm Teka Hungary","robots":{"index":"index","follow":"follow","max-snippet":"max-snippet:-1","max-image-preview":"max-image-preview:large","max-video-preview":"max-video-preview:-1"},"canonical":"https:\/\/strohm-teka.hu\/en\/about-us\/over-100-years-experience\/","og_locale":"en_US","og_type":"article","og_title":"Over 100 years' experience - Strohm Teka Hungary","og_description":"We boast over 100 years of experience in this sector, bringing quality, usability and efficiency to everything we do.","og_url":"https:\/\/strohm-teka.hu\/en\/about-us\/over-100-years-experience\/","og_site_name":"Strohm Teka Hungary","article_modified_time":"2021-06-22T18:27:41+00:00","og_image":[{"width":1500,"height":541,"url":"https:\/\/strohm-wp-services.1s.funcionalia.com\/2020\/11\/strohm_showroom_001.jpg","type":"image\/jpeg"}],"twitter_card":"summary_large_image","schema":{"@context":"https:\/\/schema.org","@graph":[{"@type":"WebPage","@id":"https:\/\/strohm-teka.hu\/en\/about-us\/over-100-years-experience\/","url":"https:\/\/strohm-teka.hu\/en\/about-us\/over-100-years-experience\/","name":"Over 100 years' experience - Strohm Teka Hungary","isPartOf":{"@id":"https:\/\/strohm-teka.hu\/en\/#website"},"primaryImageOfPage":{"@id":"https:\/\/strohm-teka.hu\/en\/about-us\/over-100-years-experience\/#primaryimage"},"image":{"@id":"https:\/\/strohm-teka.hu\/en\/about-us\/over-100-years-experience\/#primaryimage"},"thumbnailUrl":"https:\/\/strohm-wp-services.1s.funcionalia.com\/2020\/11\/strohm_showroom_001.jpg","datePublished":"2020-09-18T10:11:08+00:00","dateModified":"2021-06-22T18:27:41+00:00","breadcrumb":{"@id":"https:\/\/strohm-teka.hu\/en\/about-us\/over-100-years-experience\/#breadcrumb"},"inLanguage":"en-US","potentialAction":[{"@type":"ReadAction","target":["https:\/\/strohm-teka.hu\/en\/about-us\/over-100-years-experience\/"]}]},{"@type":"ImageObject","inLanguage":"en-US","@id":"https:\/\/strohm-teka.hu\/en\/about-us\/over-100-years-experience\/#primaryimage","url":"https:\/\/strohm-wp-services.1s.funcionalia.com\/2020\/11\/strohm_showroom_001.jpg","contentUrl":"https:\/\/strohm-wp-services.1s.funcionalia.com\/2020\/11\/strohm_showroom_001.jpg","width":1500,"height":541},{"@type":"BreadcrumbList","@id":"https:\/\/strohm-teka.hu\/en\/about-us\/over-100-years-experience\/#breadcrumb","itemListElement":[{"@type":"ListItem","position":1,"name":"Home","item":"https:\/\/strohm-teka.hu\/en\/"},{"@type":"ListItem","position":2,"name":"About us","item":"https:\/\/strohm-teka.hu\/en\/about-us\/"},{"@type":"ListItem","position":3,"name":"Over 100 years&#8217; experience"}]},{"@type":"WebSite","@id":"https:\/\/strohm-teka.hu\/en\/#website","url":"https:\/\/strohm-teka.hu\/en\/","name":"Strohm Teka Hungary","description":"Soluciones integrales para ba\u00f1o. Grifer\u00eda, sistemas de ducha, muebles y lavabos, mamparas, inodoros y bid\u00e9s, lavabos y accesorios de ba\u00f1o.","publisher":{"@id":"https:\/\/strohm-teka.hu\/en\/#organization"},"potentialAction":[{"@type":"SearchAction","target":{"@type":"EntryPoint","urlTemplate":"https:\/\/strohm-teka.hu\/en\/?s={search_term_string}"},"query-input":{"@type":"PropertyValueSpecification","valueRequired":true,"valueName":"search_term_string"}}],"inLanguage":"en-US"},{"@type":"Organization","@id":"https:\/\/strohm-teka.hu\/en\/#organization","name":"Strohm Teka","url":"https:\/\/strohm-teka.hu\/en\/","logo":{"@type":"ImageObject","inLanguage":"en-US","@id":"https:\/\/strohm-teka.hu\/en\/#\/schema\/logo\/image\/","url":"https:\/\/strohm-wp-services.1s.funcionalia.com\/2021\/01\/strohm_teka_logo.jpg","contentUrl":"https:\/\/strohm-wp-services.1s.funcionalia.com\/2021\/01\/strohm_teka_logo.jpg","width":738,"height":354,"caption":"Strohm Teka"},"image":{"@id":"https:\/\/strohm-teka.hu\/en\/#\/schema\/logo\/image\/"},"sameAs":["https:\/\/www.instagram.com\/strohm_teka_es\/","https:\/\/www.linkedin.com\/company\/teka-strohm-espa\u00f1a\/"]}]}},"_links":{"self":[{"href":"https:\/\/strohm-teka.hu\/en\/wp-json\/wp\/v2\/pages\/93106","targetHints":{"allow":["GET"]}}],"collection":[{"href":"https:\/\/strohm-teka.hu\/en\/wp-json\/wp\/v2\/pages"}],"about":[{"href":"https:\/\/strohm-teka.hu\/en\/wp-json\/wp\/v2\/types\/page"}],"author":[{"embeddable":true,"href":"https:\/\/strohm-teka.hu\/en\/wp-json\/wp\/v2\/users\/17"}],"replies":[{"embeddable":true,"href":"https:\/\/strohm-teka.hu\/en\/wp-json\/wp\/v2\/comments?post=93106"}],"version-history":[{"count":5,"href":"https:\/\/strohm-teka.hu\/en\/wp-json\/wp\/v2\/pages\/93106\/revisions"}],"predecessor-version":[{"id":103499,"href":"https:\/\/strohm-teka.hu\/en\/wp-json\/wp\/v2\/pages\/93106\/revisions\/103499"}],"up":[{"embeddable":true,"href":"https:\/\/strohm-teka.hu\/en\/wp-json\/wp\/v2\/pages\/61015"}],"wp:featuredmedia":[{"embeddable":true,"href":"https:\/\/strohm-teka.hu\/en\/wp-json\/wp\/v2\/media\/60692"}],"wp:attachment":[{"href":"https:\/\/strohm-teka.hu\/en\/wp-json\/wp\/v2\/media?parent=93106"}],"curies":[{"name":"wp","href":"https:\/\/api.w.org\/{rel}","templated":true}]}}