{"id":175,"date":"2020-09-19T17:25:14","date_gmt":"2020-09-19T17:25:14","guid":{"rendered":"http:\/\/strohm-teka.com\/?page_id=175"},"modified":"2021-01-22T15:22:48","modified_gmt":"2021-01-22T14:22:48","slug":"inca","status":"publish","type":"page","link":"https:\/\/strohm-teka.hu\/es\/colecciones\/inca\/","title":{"rendered":"Inca"},"content":{"rendered":"<div class=\"center-aligned-columns\">\n\t<div class=\"grid align-center\">\n\t\t<div class=\"cols col6 tab-col5 mob-col12\">\n\t\t\t\t\t\t\t<img decoding=\"async\" src=\"https:\/\/strohm-wp-services.1s.funcionalia.com\/2020\/11\/strohm_alaior_014-740x500.jpg\" alt=\"\">\n\t\t\t\t\t<\/div>\n\t\t<div class=\"cols col6 tab-col7 mob-col12 padded-in-text\">\n\t\t\t<h3>Historia viva<\/h3>\n\t\t\t<p><p>Inspirada en nuestros primeros dise\u00f1os de grifer\u00eda, <strong>Inca es una colecci\u00f3n funcional y pr\u00e1ctica<\/strong> que se adapta a cualquier espacio de ba\u00f1o y por la que no pasa el tiempo.<\/p>\n<\/p>\n\t\t<\/div>\n\t<\/div>\n<\/div>\n\n<div class=\"center-aligned-columns\">\n\t<div class=\"grid align-center\">\n\t\t<div class=\"cols col6 tab-col5 mob-col12\">\n\t\t\t\t\t\t\t<img decoding=\"async\" src=\"https:\/\/strohm-wp-services.1s.funcionalia.com\/2020\/11\/strohm_sowroom_097-750x500.jpg\" alt=\"\">\n\t\t\t\t\t<\/div>\n\t\t<div class=\"cols col6 tab-col7 mob-col12 padded-in-text\">\n\t\t\t<h3>Soluciones pr\u00e1cticas<\/h3>\n\t\t\t<p><p>Complementa tu ba\u00f1o con Inca. <\/p>\n<p>Esta colecci\u00f3n tiene<strong> platos de ducha antideslizantes,  grifer\u00eda de dise\u00f1o atemporal, muebles de ba\u00f1o <\/strong>con dos o tres cajones,<strong> inodoros de f\u00e1cil limpieza, apliques <\/strong>y<strong>  espejos con led <\/strong> dise\u00f1ados para adaptarse a cualquier estilo de vida.<\/p>\n<\/p>\n\t\t<\/div>\n\t<\/div>\n<\/div>\n\n<\/div><\/div>\n<div class=\"full-screen-row\">\n\t<div class=\"content \" style=\"background-image: url(https:\/\/strohm-wp-services.1s.funcionalia.com\/2020\/11\/strohm_alaior_007-900x500.jpg);width:33%;\">\n\t\t\t\t<div class=\"inner-holder\">\n\t\t\t<p class=\"title\"><a href=\"\">&nbsp;<\/a><\/p>\n\t\t\t<p class=\"description\"><\/p>\n\t\t<\/div>\n\t<\/div>\n\t<div class=\"content \" style=\"background-image: url(https:\/\/strohm-wp-services.1s.funcionalia.com\/2020\/11\/strohm_alaior_003-900x500.jpg);width:34%;\">\n\t\t\t<div class=\"inner-holder\">\n\t\t\t<p class=\"title\"><a href=\"\">&nbsp;<\/a><\/p>\n\t\t\t<p class=\"description\"><\/p>\n\t\t<\/div>\n\t<\/div>\n\t\t<div class=\"content \" style=\"background-image: url(https:\/\/strohm-wp-services.1s.funcionalia.com\/2020\/11\/strohm_alaior_006-900x500.jpg);width:33%;\">\n\t\t\t<div class=\"inner-holder\">\n\t\t\t<p class=\"title\"><a href=\"\">&nbsp;<\/a><\/p>\n\t\t\t<p class=\"description\"><\/p>\n\t\t<\/div>\n\t<\/div>\n\t<\/div>\n<div class=\"container\"><div class=\"formatted-text\">","protected":false},"excerpt":{"rendered":"","protected":false},"author":17,"featured_media":59611,"parent":41,"menu_order":8,"comment_status":"closed","ping_status":"closed","template":"templates\/collection.php","meta":{"_acf_changed":false,"footnotes":""},"class_list":["post-175","page","type-page","status-publish","has-post-thumbnail","hentry"],"acf":[],"yoast_head":"<!-- This site is optimized with the Yoast SEO plugin v27.1.1 - https:\/\/yoast.com\/product\/yoast-seo-wordpress\/ -->\n<title>Inca - Strohm Teka Hungary<\/title>\n<meta name=\"robots\" content=\"index, follow, max-snippet:-1, max-image-preview:large, max-video-preview:-1\" \/>\n<link rel=\"canonical\" href=\"https:\/\/strohm-teka.hu\/es\/colecciones\/inca\/\" \/>\n<meta property=\"og:locale\" content=\"es_ES\" \/>\n<meta property=\"og:type\" content=\"article\" \/>\n<meta property=\"og:title\" content=\"Inca - Strohm Teka Hungary\" \/>\n<meta property=\"og:url\" content=\"https:\/\/strohm-teka.hu\/es\/colecciones\/inca\/\" \/>\n<meta property=\"og:site_name\" content=\"Strohm Teka Hungary\" \/>\n<meta property=\"article:modified_time\" content=\"2021-01-22T14:22:48+00:00\" \/>\n<meta property=\"og:image\" content=\"https:\/\/strohm-wp-services.1s.funcionalia.com\/2020\/11\/strohm_alaior_001.jpg\" \/>\n\t<meta property=\"og:image:width\" content=\"1332\" \/>\n\t<meta property=\"og:image:height\" content=\"794\" \/>\n\t<meta property=\"og:image:type\" content=\"image\/jpeg\" \/>\n<meta name=\"twitter:card\" content=\"summary_large_image\" \/>\n<script type=\"application\/ld+json\" class=\"yoast-schema-graph\">{\"@context\":\"https:\/\/schema.org\",\"@graph\":[{\"@type\":\"WebPage\",\"@id\":\"https:\/\/strohm-teka.hu\/es\/colecciones\/inca\/\",\"url\":\"https:\/\/strohm-teka.hu\/es\/colecciones\/inca\/\",\"name\":\"Inca - Strohm Teka Hungary\",\"isPartOf\":{\"@id\":\"https:\/\/strohm-teka.hu\/es\/#website\"},\"primaryImageOfPage\":{\"@id\":\"https:\/\/strohm-teka.hu\/es\/colecciones\/inca\/#primaryimage\"},\"image\":{\"@id\":\"https:\/\/strohm-teka.hu\/es\/colecciones\/inca\/#primaryimage\"},\"thumbnailUrl\":\"https:\/\/strohm-wp-services.1s.funcionalia.com\/2020\/11\/strohm_alaior_001.jpg\",\"datePublished\":\"2020-09-19T17:25:14+00:00\",\"dateModified\":\"2021-01-22T14:22:48+00:00\",\"breadcrumb\":{\"@id\":\"https:\/\/strohm-teka.hu\/es\/colecciones\/inca\/#breadcrumb\"},\"inLanguage\":\"es\",\"potentialAction\":[{\"@type\":\"ReadAction\",\"target\":[\"https:\/\/strohm-teka.hu\/es\/colecciones\/inca\/\"]}]},{\"@type\":\"ImageObject\",\"inLanguage\":\"es\",\"@id\":\"https:\/\/strohm-teka.hu\/es\/colecciones\/inca\/#primaryimage\",\"url\":\"https:\/\/strohm-wp-services.1s.funcionalia.com\/2020\/11\/strohm_alaior_001.jpg\",\"contentUrl\":\"https:\/\/strohm-wp-services.1s.funcionalia.com\/2020\/11\/strohm_alaior_001.jpg\",\"width\":1332,\"height\":794},{\"@type\":\"BreadcrumbList\",\"@id\":\"https:\/\/strohm-teka.hu\/es\/colecciones\/inca\/#breadcrumb\",\"itemListElement\":[{\"@type\":\"ListItem\",\"position\":1,\"name\":\"Home\",\"item\":\"https:\/\/strohm-teka.hu\/es\/\"},{\"@type\":\"ListItem\",\"position\":2,\"name\":\"Colecciones\",\"item\":\"https:\/\/strohm-teka.hu\/es\/colecciones\/\"},{\"@type\":\"ListItem\",\"position\":3,\"name\":\"Inca\"}]},{\"@type\":\"WebSite\",\"@id\":\"https:\/\/strohm-teka.hu\/es\/#website\",\"url\":\"https:\/\/strohm-teka.hu\/es\/\",\"name\":\"Strohm Teka Hungary\",\"description\":\"Welcome to your comfort zone\",\"publisher\":{\"@id\":\"https:\/\/strohm-teka.hu\/es\/#organization\"},\"potentialAction\":[{\"@type\":\"SearchAction\",\"target\":{\"@type\":\"EntryPoint\",\"urlTemplate\":\"https:\/\/strohm-teka.hu\/es\/?s={search_term_string}\"},\"query-input\":{\"@type\":\"PropertyValueSpecification\",\"valueRequired\":true,\"valueName\":\"search_term_string\"}}],\"inLanguage\":\"es\"},{\"@type\":\"Organization\",\"@id\":\"https:\/\/strohm-teka.hu\/es\/#organization\",\"name\":\"Strohm Teka\",\"url\":\"https:\/\/strohm-teka.hu\/es\/\",\"logo\":{\"@type\":\"ImageObject\",\"inLanguage\":\"es\",\"@id\":\"https:\/\/strohm-teka.hu\/es\/#\/schema\/logo\/image\/\",\"url\":\"https:\/\/strohm-wp-services.1s.funcionalia.com\/2021\/01\/strohm_teka_logo.jpg\",\"contentUrl\":\"https:\/\/strohm-wp-services.1s.funcionalia.com\/2021\/01\/strohm_teka_logo.jpg\",\"width\":738,\"height\":354,\"caption\":\"Strohm Teka\"},\"image\":{\"@id\":\"https:\/\/strohm-teka.hu\/es\/#\/schema\/logo\/image\/\"},\"sameAs\":[\"https:\/\/www.instagram.com\/strohm_teka_es\/\",\"https:\/\/www.linkedin.com\/company\/teka-strohm-espa\u00f1a\/\"]}]}<\/script>\n<!-- \/ Yoast SEO plugin. -->","yoast_head_json":{"title":"Inca - Strohm Teka Hungary","robots":{"index":"index","follow":"follow","max-snippet":"max-snippet:-1","max-image-preview":"max-image-preview:large","max-video-preview":"max-video-preview:-1"},"canonical":"https:\/\/strohm-teka.hu\/es\/colecciones\/inca\/","og_locale":"es_ES","og_type":"article","og_title":"Inca - Strohm Teka Hungary","og_url":"https:\/\/strohm-teka.hu\/es\/colecciones\/inca\/","og_site_name":"Strohm Teka Hungary","article_modified_time":"2021-01-22T14:22:48+00:00","og_image":[{"width":1332,"height":794,"url":"https:\/\/strohm-wp-services.1s.funcionalia.com\/2020\/11\/strohm_alaior_001.jpg","type":"image\/jpeg"}],"twitter_card":"summary_large_image","schema":{"@context":"https:\/\/schema.org","@graph":[{"@type":"WebPage","@id":"https:\/\/strohm-teka.hu\/es\/colecciones\/inca\/","url":"https:\/\/strohm-teka.hu\/es\/colecciones\/inca\/","name":"Inca - Strohm Teka Hungary","isPartOf":{"@id":"https:\/\/strohm-teka.hu\/es\/#website"},"primaryImageOfPage":{"@id":"https:\/\/strohm-teka.hu\/es\/colecciones\/inca\/#primaryimage"},"image":{"@id":"https:\/\/strohm-teka.hu\/es\/colecciones\/inca\/#primaryimage"},"thumbnailUrl":"https:\/\/strohm-wp-services.1s.funcionalia.com\/2020\/11\/strohm_alaior_001.jpg","datePublished":"2020-09-19T17:25:14+00:00","dateModified":"2021-01-22T14:22:48+00:00","breadcrumb":{"@id":"https:\/\/strohm-teka.hu\/es\/colecciones\/inca\/#breadcrumb"},"inLanguage":"es","potentialAction":[{"@type":"ReadAction","target":["https:\/\/strohm-teka.hu\/es\/colecciones\/inca\/"]}]},{"@type":"ImageObject","inLanguage":"es","@id":"https:\/\/strohm-teka.hu\/es\/colecciones\/inca\/#primaryimage","url":"https:\/\/strohm-wp-services.1s.funcionalia.com\/2020\/11\/strohm_alaior_001.jpg","contentUrl":"https:\/\/strohm-wp-services.1s.funcionalia.com\/2020\/11\/strohm_alaior_001.jpg","width":1332,"height":794},{"@type":"BreadcrumbList","@id":"https:\/\/strohm-teka.hu\/es\/colecciones\/inca\/#breadcrumb","itemListElement":[{"@type":"ListItem","position":1,"name":"Home","item":"https:\/\/strohm-teka.hu\/es\/"},{"@type":"ListItem","position":2,"name":"Colecciones","item":"https:\/\/strohm-teka.hu\/es\/colecciones\/"},{"@type":"ListItem","position":3,"name":"Inca"}]},{"@type":"WebSite","@id":"https:\/\/strohm-teka.hu\/es\/#website","url":"https:\/\/strohm-teka.hu\/es\/","name":"Strohm Teka Hungary","description":"Welcome to your comfort zone","publisher":{"@id":"https:\/\/strohm-teka.hu\/es\/#organization"},"potentialAction":[{"@type":"SearchAction","target":{"@type":"EntryPoint","urlTemplate":"https:\/\/strohm-teka.hu\/es\/?s={search_term_string}"},"query-input":{"@type":"PropertyValueSpecification","valueRequired":true,"valueName":"search_term_string"}}],"inLanguage":"es"},{"@type":"Organization","@id":"https:\/\/strohm-teka.hu\/es\/#organization","name":"Strohm Teka","url":"https:\/\/strohm-teka.hu\/es\/","logo":{"@type":"ImageObject","inLanguage":"es","@id":"https:\/\/strohm-teka.hu\/es\/#\/schema\/logo\/image\/","url":"https:\/\/strohm-wp-services.1s.funcionalia.com\/2021\/01\/strohm_teka_logo.jpg","contentUrl":"https:\/\/strohm-wp-services.1s.funcionalia.com\/2021\/01\/strohm_teka_logo.jpg","width":738,"height":354,"caption":"Strohm Teka"},"image":{"@id":"https:\/\/strohm-teka.hu\/es\/#\/schema\/logo\/image\/"},"sameAs":["https:\/\/www.instagram.com\/strohm_teka_es\/","https:\/\/www.linkedin.com\/company\/teka-strohm-espa\u00f1a\/"]}]}},"_links":{"self":[{"href":"https:\/\/strohm-teka.hu\/es\/wp-json\/wp\/v2\/pages\/175","targetHints":{"allow":["GET"]}}],"collection":[{"href":"https:\/\/strohm-teka.hu\/es\/wp-json\/wp\/v2\/pages"}],"about":[{"href":"https:\/\/strohm-teka.hu\/es\/wp-json\/wp\/v2\/types\/page"}],"author":[{"embeddable":true,"href":"https:\/\/strohm-teka.hu\/es\/wp-json\/wp\/v2\/users\/17"}],"replies":[{"embeddable":true,"href":"https:\/\/strohm-teka.hu\/es\/wp-json\/wp\/v2\/comments?post=175"}],"version-history":[{"count":5,"href":"https:\/\/strohm-teka.hu\/es\/wp-json\/wp\/v2\/pages\/175\/revisions"}],"predecessor-version":[{"id":63949,"href":"https:\/\/strohm-teka.hu\/es\/wp-json\/wp\/v2\/pages\/175\/revisions\/63949"}],"up":[{"embeddable":true,"href":"https:\/\/strohm-teka.hu\/es\/wp-json\/wp\/v2\/pages\/41"}],"wp:featuredmedia":[{"embeddable":true,"href":"https:\/\/strohm-teka.hu\/es\/wp-json\/wp\/v2\/media\/59611"}],"wp:attachment":[{"href":"https:\/\/strohm-teka.hu\/es\/wp-json\/wp\/v2\/media?parent=175"}],"curies":[{"name":"wp","href":"https:\/\/api.w.org\/{rel}","templated":true}]}}