{"id":197,"date":"2020-09-21T10:11:53","date_gmt":"2020-09-21T10:11:53","guid":{"rendered":"http:\/\/strohm-teka.com\/?page_id=197"},"modified":"2022-04-29T13:08:00","modified_gmt":"2022-04-29T11:08:00","slug":"valores-strohm","status":"publish","type":"page","link":"https:\/\/strohm-teka.hu\/es\/sobre-nosotros\/valores-strohm\/","title":{"rendered":"Valores Strohm"},"content":{"rendered":"\n<p>Como marca, nuestros valores son parte de nuestro ADN. Estos valores se encuentran en el n\u00facleo de nuestra experiencia de marca, dando forma a cada proceso, investigaci\u00f3n, lanzamiento de producto y decisi\u00f3n comercial. Una marca consistente ayuda a reforzar nuestro prop\u00f3sito y fortalece nuestras relaciones.<\/p>\n\n\n<div class=\"center-aligned-columns\">\n\t<div class=\"grid align-center\">\n\t\t<div class=\"cols col6 tab-col5 mob-col12\">\n\t\t\t\t\t\t\t<img decoding=\"async\" src=\"https:\/\/strohm-wp-services.1s.funcionalia.com\/importedmedia\/CT625BI590_A3_C1_Grifos_IMD-750x500.jpg\" alt=\"\">\n\t\t\t\t\t<\/div>\n\t\t<div class=\"cols col6 tab-col7 mob-col12 padded-in-text\">\n\t\t\t<h3>Facilitar<\/h3>\n\t\t\t<p><p>En <strong>Strohm Teka<\/strong> no solo dise\u00f1amos ba\u00f1os para hogares: los dise\u00f1amos para personas. No hay dos personas iguales por lo que no hay dos ba\u00f1os iguales.<\/p>\n<p>Nuestra amplia gama de productos y accesorios permiten construir el ba\u00f1o so\u00f1ado por completo desde un solo lugar y totalmente personalizado. Compartimos tu visi\u00f3n y te ayudamos a darle vida paso a paso, pieza por pieza. <\/p>\n<\/p>\n\t\t<\/div>\n\t<\/div>\n<\/div>\n\n<div class=\"center-aligned-columns\">\n\t<div class=\"grid align-center\">\n\t\t<div class=\"cols col6 tab-col5 mob-col12\">\n\t\t\t\t\t\t\t<img decoding=\"async\" src=\"https:\/\/strohm-wp-services.1s.funcionalia.com\/2020\/09\/crema-mano-750x500.jpg\" alt=\"\">\n\t\t\t\t\t<\/div>\n\t\t<div class=\"cols col6 tab-col7 mob-col12 padded-in-text\">\n\t\t\t<h3>Cuidar<\/h3>\n\t\t\t<p><p>Ofrecemos un dise\u00f1o excepcional y un compromiso firme con el bienestar, la seguridad y la tranquilidad de nuestros clientes.<\/p>\n<p> Ponemos las necesidades de cada usuario en el centro para crear soluciones que nos ayuden a cuidar a los tuyos, brindando calidad e innovaci\u00f3n en la que puedes confiar.<\/p>\n<\/p>\n\t\t<\/div>\n\t<\/div>\n<\/div>\n\n<div class=\"center-aligned-columns\">\n\t<div class=\"grid align-center\">\n\t\t<div class=\"cols col6 tab-col5 mob-col12\">\n\t\t\t\t\t\t\t<img decoding=\"async\" src=\"https:\/\/strohm-wp-services.1s.funcionalia.com\/2022\/04\/imagen-valores_inspiracion-ajustada-1-750x500.jpg\" alt=\"\">\n\t\t\t\t\t<\/div>\n\t\t<div class=\"cols col6 tab-col7 mob-col12 padded-in-text\">\n\t\t\t<h3>Inspirar<\/h3>\n\t\t\t<p><p>Este es tu momento. Te lo has ganado. Un momento tranquilo para la reflexi\u00f3n y la renovaci\u00f3n, rodeado de elementos inspiradores dise\u00f1ados para transmitir sensaciones y hacerte sentir bien. <\/p>\n<p><strong>Strohm Teka<\/strong> tiene como objetivo satisfacer las necesidades y deseos de los clientes, permitiendo crear esos ambientes \u00fanicos donde reencontrase con uno mismo. Las herramientas perfectas para crear ese espacio de confort.<\/p>\n<\/p>\n\t\t<\/div>\n\t<\/div>\n<\/div>\n\n\n<div style=\"height:50px\" aria-hidden=\"true\" class=\"wp-block-spacer\"><\/div>\n\n\n\n<div class=\"wp-block-columns is-layout-flex wp-container-core-columns-is-layout-9d6595d7 wp-block-columns-is-layout-flex\">\n<div class=\"wp-block-column is-layout-flow wp-block-column-is-layout-flow\" style=\"flex-basis:66.66%\">\n<iframe loading=\"lazy\" width=\"100%\" height=\"690\" src=\"https:\/\/www.youtube.com\/embed\/D0NYPQ-d1RM\" frameborder=\"0\" allow=\"accelerometer; autoplay; clipboard-write; encrypted-media; gyroscope; picture-in-picture\" allowfullscreen=\"\"><\/iframe>\n<\/div>\n\n\n\n<div class=\"wp-block-column is-layout-flow wp-block-column-is-layout-flow\" style=\"flex-basis:33.33%\">\n<blockquote class=\"wp-block-quote is-layout-flow wp-block-quote-is-layout-flow\"><p>Siente el esp\u00edritu de Strohm Teka<\/p><\/blockquote>\n<\/div>\n<\/div>\n","protected":false},"excerpt":{"rendered":"Como marca, nuestros valores son parte de nuestro ADN. Estos valores se encuentran en el n\u00facleo de nuestra experiencia de marca, dando forma a cada proceso, investigaci\u00f3n, lanzamiento de producto y decisi\u00f3n comercial. Una marca consistente ayuda a reforzar nuestro prop\u00f3sito y fortalece nuestras relaciones.","protected":false},"author":17,"featured_media":59441,"parent":52,"menu_order":2,"comment_status":"closed","ping_status":"closed","template":"","meta":{"_acf_changed":false,"footnotes":""},"class_list":["post-197","page","type-page","status-publish","has-post-thumbnail","hentry"],"acf":[],"yoast_head":"<!-- This site is optimized with the Yoast SEO plugin v27.1.1 - https:\/\/yoast.com\/product\/yoast-seo-wordpress\/ -->\n<title>Valores Strohm - Strohm Teka Hungary<\/title>\n<meta name=\"robots\" content=\"index, follow, max-snippet:-1, max-image-preview:large, max-video-preview:-1\" \/>\n<link rel=\"canonical\" href=\"https:\/\/strohm-teka.hu\/es\/sobre-nosotros\/valores-strohm\/\" \/>\n<meta property=\"og:locale\" content=\"es_ES\" \/>\n<meta property=\"og:type\" content=\"article\" \/>\n<meta property=\"og:title\" content=\"Valores Strohm - Strohm Teka Hungary\" \/>\n<meta property=\"og:description\" content=\"Como marca, nuestros valores son parte de nuestro ADN. Estos valores se encuentran en el n\u00facleo de nuestra experiencia de marca, dando forma a cada proceso, investigaci\u00f3n, lanzamiento de producto y decisi\u00f3n comercial. Una marca consistente ayuda a reforzar nuestro prop\u00f3sito y fortalece nuestras relaciones.\" \/>\n<meta property=\"og:url\" content=\"https:\/\/strohm-teka.hu\/es\/sobre-nosotros\/valores-strohm\/\" \/>\n<meta property=\"og:site_name\" content=\"Strohm Teka Hungary\" \/>\n<meta property=\"article:modified_time\" content=\"2022-04-29T11:08:00+00:00\" \/>\n<meta property=\"og:image\" content=\"https:\/\/strohm-wp-services.1s.funcionalia.com\/2020\/11\/strohm_showroom_015-e1605188290675.jpg\" \/>\n\t<meta property=\"og:image:width\" content=\"1164\" \/>\n\t<meta property=\"og:image:height\" content=\"684\" \/>\n\t<meta property=\"og:image:type\" content=\"image\/jpeg\" \/>\n<meta name=\"twitter:card\" content=\"summary_large_image\" \/>\n<script type=\"application\/ld+json\" class=\"yoast-schema-graph\">{\"@context\":\"https:\/\/schema.org\",\"@graph\":[{\"@type\":\"WebPage\",\"@id\":\"https:\/\/strohm-teka.hu\/es\/sobre-nosotros\/valores-strohm\/\",\"url\":\"https:\/\/strohm-teka.hu\/es\/sobre-nosotros\/valores-strohm\/\",\"name\":\"Valores Strohm - Strohm Teka Hungary\",\"isPartOf\":{\"@id\":\"https:\/\/strohm-teka.hu\/es\/#website\"},\"primaryImageOfPage\":{\"@id\":\"https:\/\/strohm-teka.hu\/es\/sobre-nosotros\/valores-strohm\/#primaryimage\"},\"image\":{\"@id\":\"https:\/\/strohm-teka.hu\/es\/sobre-nosotros\/valores-strohm\/#primaryimage\"},\"thumbnailUrl\":\"https:\/\/strohm-wp-services.1s.funcionalia.com\/2020\/11\/strohm_showroom_015-e1605188290675.jpg\",\"datePublished\":\"2020-09-21T10:11:53+00:00\",\"dateModified\":\"2022-04-29T11:08:00+00:00\",\"breadcrumb\":{\"@id\":\"https:\/\/strohm-teka.hu\/es\/sobre-nosotros\/valores-strohm\/#breadcrumb\"},\"inLanguage\":\"es\",\"potentialAction\":[{\"@type\":\"ReadAction\",\"target\":[\"https:\/\/strohm-teka.hu\/es\/sobre-nosotros\/valores-strohm\/\"]}]},{\"@type\":\"ImageObject\",\"inLanguage\":\"es\",\"@id\":\"https:\/\/strohm-teka.hu\/es\/sobre-nosotros\/valores-strohm\/#primaryimage\",\"url\":\"https:\/\/strohm-wp-services.1s.funcionalia.com\/2020\/11\/strohm_showroom_015-e1605188290675.jpg\",\"contentUrl\":\"https:\/\/strohm-wp-services.1s.funcionalia.com\/2020\/11\/strohm_showroom_015-e1605188290675.jpg\",\"width\":1164,\"height\":684},{\"@type\":\"BreadcrumbList\",\"@id\":\"https:\/\/strohm-teka.hu\/es\/sobre-nosotros\/valores-strohm\/#breadcrumb\",\"itemListElement\":[{\"@type\":\"ListItem\",\"position\":1,\"name\":\"Home\",\"item\":\"https:\/\/strohm-teka.hu\/es\/\"},{\"@type\":\"ListItem\",\"position\":2,\"name\":\"Sobre nosotros\",\"item\":\"https:\/\/strohm-teka.hu\/es\/sobre-nosotros\/\"},{\"@type\":\"ListItem\",\"position\":3,\"name\":\"Valores Strohm\"}]},{\"@type\":\"WebSite\",\"@id\":\"https:\/\/strohm-teka.hu\/es\/#website\",\"url\":\"https:\/\/strohm-teka.hu\/es\/\",\"name\":\"Strohm Teka Hungary\",\"description\":\"Welcome to your comfort zone\",\"publisher\":{\"@id\":\"https:\/\/strohm-teka.hu\/es\/#organization\"},\"potentialAction\":[{\"@type\":\"SearchAction\",\"target\":{\"@type\":\"EntryPoint\",\"urlTemplate\":\"https:\/\/strohm-teka.hu\/es\/?s={search_term_string}\"},\"query-input\":{\"@type\":\"PropertyValueSpecification\",\"valueRequired\":true,\"valueName\":\"search_term_string\"}}],\"inLanguage\":\"es\"},{\"@type\":\"Organization\",\"@id\":\"https:\/\/strohm-teka.hu\/es\/#organization\",\"name\":\"Strohm Teka\",\"url\":\"https:\/\/strohm-teka.hu\/es\/\",\"logo\":{\"@type\":\"ImageObject\",\"inLanguage\":\"es\",\"@id\":\"https:\/\/strohm-teka.hu\/es\/#\/schema\/logo\/image\/\",\"url\":\"https:\/\/strohm-wp-services.1s.funcionalia.com\/2021\/01\/strohm_teka_logo.jpg\",\"contentUrl\":\"https:\/\/strohm-wp-services.1s.funcionalia.com\/2021\/01\/strohm_teka_logo.jpg\",\"width\":738,\"height\":354,\"caption\":\"Strohm Teka\"},\"image\":{\"@id\":\"https:\/\/strohm-teka.hu\/es\/#\/schema\/logo\/image\/\"},\"sameAs\":[\"https:\/\/www.instagram.com\/strohm_teka_es\/\",\"https:\/\/www.linkedin.com\/company\/teka-strohm-espa\u00f1a\/\"]}]}<\/script>\n<!-- \/ Yoast SEO plugin. -->","yoast_head_json":{"title":"Valores Strohm - Strohm Teka Hungary","robots":{"index":"index","follow":"follow","max-snippet":"max-snippet:-1","max-image-preview":"max-image-preview:large","max-video-preview":"max-video-preview:-1"},"canonical":"https:\/\/strohm-teka.hu\/es\/sobre-nosotros\/valores-strohm\/","og_locale":"es_ES","og_type":"article","og_title":"Valores Strohm - Strohm Teka Hungary","og_description":"Como marca, nuestros valores son parte de nuestro ADN. Estos valores se encuentran en el n\u00facleo de nuestra experiencia de marca, dando forma a cada proceso, investigaci\u00f3n, lanzamiento de producto y decisi\u00f3n comercial. Una marca consistente ayuda a reforzar nuestro prop\u00f3sito y fortalece nuestras relaciones.","og_url":"https:\/\/strohm-teka.hu\/es\/sobre-nosotros\/valores-strohm\/","og_site_name":"Strohm Teka Hungary","article_modified_time":"2022-04-29T11:08:00+00:00","og_image":[{"width":1164,"height":684,"url":"https:\/\/strohm-wp-services.1s.funcionalia.com\/2020\/11\/strohm_showroom_015-e1605188290675.jpg","type":"image\/jpeg"}],"twitter_card":"summary_large_image","schema":{"@context":"https:\/\/schema.org","@graph":[{"@type":"WebPage","@id":"https:\/\/strohm-teka.hu\/es\/sobre-nosotros\/valores-strohm\/","url":"https:\/\/strohm-teka.hu\/es\/sobre-nosotros\/valores-strohm\/","name":"Valores Strohm - Strohm Teka Hungary","isPartOf":{"@id":"https:\/\/strohm-teka.hu\/es\/#website"},"primaryImageOfPage":{"@id":"https:\/\/strohm-teka.hu\/es\/sobre-nosotros\/valores-strohm\/#primaryimage"},"image":{"@id":"https:\/\/strohm-teka.hu\/es\/sobre-nosotros\/valores-strohm\/#primaryimage"},"thumbnailUrl":"https:\/\/strohm-wp-services.1s.funcionalia.com\/2020\/11\/strohm_showroom_015-e1605188290675.jpg","datePublished":"2020-09-21T10:11:53+00:00","dateModified":"2022-04-29T11:08:00+00:00","breadcrumb":{"@id":"https:\/\/strohm-teka.hu\/es\/sobre-nosotros\/valores-strohm\/#breadcrumb"},"inLanguage":"es","potentialAction":[{"@type":"ReadAction","target":["https:\/\/strohm-teka.hu\/es\/sobre-nosotros\/valores-strohm\/"]}]},{"@type":"ImageObject","inLanguage":"es","@id":"https:\/\/strohm-teka.hu\/es\/sobre-nosotros\/valores-strohm\/#primaryimage","url":"https:\/\/strohm-wp-services.1s.funcionalia.com\/2020\/11\/strohm_showroom_015-e1605188290675.jpg","contentUrl":"https:\/\/strohm-wp-services.1s.funcionalia.com\/2020\/11\/strohm_showroom_015-e1605188290675.jpg","width":1164,"height":684},{"@type":"BreadcrumbList","@id":"https:\/\/strohm-teka.hu\/es\/sobre-nosotros\/valores-strohm\/#breadcrumb","itemListElement":[{"@type":"ListItem","position":1,"name":"Home","item":"https:\/\/strohm-teka.hu\/es\/"},{"@type":"ListItem","position":2,"name":"Sobre nosotros","item":"https:\/\/strohm-teka.hu\/es\/sobre-nosotros\/"},{"@type":"ListItem","position":3,"name":"Valores Strohm"}]},{"@type":"WebSite","@id":"https:\/\/strohm-teka.hu\/es\/#website","url":"https:\/\/strohm-teka.hu\/es\/","name":"Strohm Teka Hungary","description":"Welcome to your comfort zone","publisher":{"@id":"https:\/\/strohm-teka.hu\/es\/#organization"},"potentialAction":[{"@type":"SearchAction","target":{"@type":"EntryPoint","urlTemplate":"https:\/\/strohm-teka.hu\/es\/?s={search_term_string}"},"query-input":{"@type":"PropertyValueSpecification","valueRequired":true,"valueName":"search_term_string"}}],"inLanguage":"es"},{"@type":"Organization","@id":"https:\/\/strohm-teka.hu\/es\/#organization","name":"Strohm Teka","url":"https:\/\/strohm-teka.hu\/es\/","logo":{"@type":"ImageObject","inLanguage":"es","@id":"https:\/\/strohm-teka.hu\/es\/#\/schema\/logo\/image\/","url":"https:\/\/strohm-wp-services.1s.funcionalia.com\/2021\/01\/strohm_teka_logo.jpg","contentUrl":"https:\/\/strohm-wp-services.1s.funcionalia.com\/2021\/01\/strohm_teka_logo.jpg","width":738,"height":354,"caption":"Strohm Teka"},"image":{"@id":"https:\/\/strohm-teka.hu\/es\/#\/schema\/logo\/image\/"},"sameAs":["https:\/\/www.instagram.com\/strohm_teka_es\/","https:\/\/www.linkedin.com\/company\/teka-strohm-espa\u00f1a\/"]}]}},"_links":{"self":[{"href":"https:\/\/strohm-teka.hu\/es\/wp-json\/wp\/v2\/pages\/197","targetHints":{"allow":["GET"]}}],"collection":[{"href":"https:\/\/strohm-teka.hu\/es\/wp-json\/wp\/v2\/pages"}],"about":[{"href":"https:\/\/strohm-teka.hu\/es\/wp-json\/wp\/v2\/types\/page"}],"author":[{"embeddable":true,"href":"https:\/\/strohm-teka.hu\/es\/wp-json\/wp\/v2\/users\/17"}],"replies":[{"embeddable":true,"href":"https:\/\/strohm-teka.hu\/es\/wp-json\/wp\/v2\/comments?post=197"}],"version-history":[{"count":5,"href":"https:\/\/strohm-teka.hu\/es\/wp-json\/wp\/v2\/pages\/197\/revisions"}],"predecessor-version":[{"id":111094,"href":"https:\/\/strohm-teka.hu\/es\/wp-json\/wp\/v2\/pages\/197\/revisions\/111094"}],"up":[{"embeddable":true,"href":"https:\/\/strohm-teka.hu\/es\/wp-json\/wp\/v2\/pages\/52"}],"wp:featuredmedia":[{"embeddable":true,"href":"https:\/\/strohm-teka.hu\/es\/wp-json\/wp\/v2\/media\/59441"}],"wp:attachment":[{"href":"https:\/\/strohm-teka.hu\/es\/wp-json\/wp\/v2\/media?parent=197"}],"curies":[{"name":"wp","href":"https:\/\/api.w.org\/{rel}","templated":true}]}}