{"id":204,"date":"2020-09-21T10:20:23","date_gmt":"2020-09-21T10:20:23","guid":{"rendered":"http:\/\/strohm-teka.com\/?page_id=204"},"modified":"2022-04-29T13:02:55","modified_gmt":"2022-04-29T11:02:55","slug":"donde-estamos","status":"publish","type":"page","link":"https:\/\/strohm-teka.hu\/es\/sobre-nosotros\/donde-estamos\/","title":{"rendered":"Nuestros centros"},"content":{"rendered":"\n<p>Somos una compa\u00f1\u00eda con m\u00e1s de 400 empleados alrededor del mundo. Con sede central en Madrid y oficinas en  Mallorca, damos servicio a socios distribuidos en m\u00e1s de 50 pa\u00edses.<\/p>\n\n\n\n<p><strong>Strohm Teka<\/strong>&nbsp;tiene dos f\u00e1bricas propias, una en Hungr\u00eda y otra en China, especializadas en la fabricaci\u00f3n de grifer\u00eda y columnas de ducha. Fieles a nuestras ra\u00edces, nuestros&nbsp;<strong>platos de ducha<\/strong>,&nbsp;<strong>muebles y mamparas&nbsp;<\/strong>son fabricados en Espa\u00f1a.<\/p>\n\n\n\n<p>Con nuestra trayectoria de m\u00e1s de 100 a\u00f1os en el universo del ba\u00f1o, nos hemos ganado la confianza de instaladores y profesionales de todo el mundo.<\/p>\n","protected":false},"excerpt":{"rendered":"Somos una compa\u00f1\u00eda con m\u00e1s de 400 empleados alrededor del mundo. Con sede central en Madrid y oficinas en Mallorca, damos servicio a socios distribuidos en m\u00e1s de 50 pa\u00edses. Strohm Teka&nbsp;tiene dos f\u00e1bricas propias, una en Hungr\u00eda y otra en China, especializadas en la fabricaci\u00f3n de grifer\u00eda y columnas de ducha. Fieles a nuestras&#8230;","protected":false},"author":17,"featured_media":59440,"parent":52,"menu_order":3,"comment_status":"closed","ping_status":"closed","template":"templates\/locations.php","meta":{"_acf_changed":false,"footnotes":""},"class_list":["post-204","page","type-page","status-publish","has-post-thumbnail","hentry"],"acf":[],"yoast_head":"<!-- This site is optimized with the Yoast SEO plugin v27.1.1 - https:\/\/yoast.com\/product\/yoast-seo-wordpress\/ -->\n<title>Nuestros centros - Strohm Teka Hungary<\/title>\n<meta name=\"robots\" content=\"index, follow, max-snippet:-1, max-image-preview:large, max-video-preview:-1\" \/>\n<link rel=\"canonical\" href=\"https:\/\/strohm-teka.hu\/es\/sobre-nosotros\/donde-estamos\/\" \/>\n<meta property=\"og:locale\" content=\"es_ES\" \/>\n<meta property=\"og:type\" content=\"article\" \/>\n<meta property=\"og:title\" content=\"Nuestros centros - Strohm Teka Hungary\" \/>\n<meta property=\"og:description\" content=\"Somos una compa\u00f1\u00eda con m\u00e1s de 400 empleados alrededor del mundo. Con sede central en Madrid y oficinas en Mallorca, damos servicio a socios distribuidos en m\u00e1s de 50 pa\u00edses. Strohm Teka&nbsp;tiene dos f\u00e1bricas propias, una en Hungr\u00eda y otra en China, especializadas en la fabricaci\u00f3n de grifer\u00eda y columnas de ducha. Fieles a nuestras...\" \/>\n<meta property=\"og:url\" content=\"https:\/\/strohm-teka.hu\/es\/sobre-nosotros\/donde-estamos\/\" \/>\n<meta property=\"og:site_name\" content=\"Strohm Teka Hungary\" \/>\n<meta property=\"article:modified_time\" content=\"2022-04-29T11:02:55+00:00\" \/>\n<meta property=\"og:image\" content=\"https:\/\/strohm-wp-services.1s.funcionalia.com\/2020\/11\/strohm_showroom_013.jpg\" \/>\n\t<meta property=\"og:image:width\" content=\"1500\" \/>\n\t<meta property=\"og:image:height\" content=\"1000\" \/>\n\t<meta property=\"og:image:type\" content=\"image\/jpeg\" \/>\n<meta name=\"twitter:card\" content=\"summary_large_image\" \/>\n<script type=\"application\/ld+json\" class=\"yoast-schema-graph\">{\"@context\":\"https:\/\/schema.org\",\"@graph\":[{\"@type\":\"WebPage\",\"@id\":\"https:\/\/strohm-teka.hu\/es\/sobre-nosotros\/donde-estamos\/\",\"url\":\"https:\/\/strohm-teka.hu\/es\/sobre-nosotros\/donde-estamos\/\",\"name\":\"Nuestros centros - Strohm Teka Hungary\",\"isPartOf\":{\"@id\":\"https:\/\/strohm-teka.hu\/es\/#website\"},\"primaryImageOfPage\":{\"@id\":\"https:\/\/strohm-teka.hu\/es\/sobre-nosotros\/donde-estamos\/#primaryimage\"},\"image\":{\"@id\":\"https:\/\/strohm-teka.hu\/es\/sobre-nosotros\/donde-estamos\/#primaryimage\"},\"thumbnailUrl\":\"https:\/\/strohm-wp-services.1s.funcionalia.com\/2020\/11\/strohm_showroom_013.jpg\",\"datePublished\":\"2020-09-21T10:20:23+00:00\",\"dateModified\":\"2022-04-29T11:02:55+00:00\",\"breadcrumb\":{\"@id\":\"https:\/\/strohm-teka.hu\/es\/sobre-nosotros\/donde-estamos\/#breadcrumb\"},\"inLanguage\":\"es\",\"potentialAction\":[{\"@type\":\"ReadAction\",\"target\":[\"https:\/\/strohm-teka.hu\/es\/sobre-nosotros\/donde-estamos\/\"]}]},{\"@type\":\"ImageObject\",\"inLanguage\":\"es\",\"@id\":\"https:\/\/strohm-teka.hu\/es\/sobre-nosotros\/donde-estamos\/#primaryimage\",\"url\":\"https:\/\/strohm-wp-services.1s.funcionalia.com\/2020\/11\/strohm_showroom_013.jpg\",\"contentUrl\":\"https:\/\/strohm-wp-services.1s.funcionalia.com\/2020\/11\/strohm_showroom_013.jpg\",\"width\":1500,\"height\":1000},{\"@type\":\"BreadcrumbList\",\"@id\":\"https:\/\/strohm-teka.hu\/es\/sobre-nosotros\/donde-estamos\/#breadcrumb\",\"itemListElement\":[{\"@type\":\"ListItem\",\"position\":1,\"name\":\"Home\",\"item\":\"https:\/\/strohm-teka.hu\/es\/\"},{\"@type\":\"ListItem\",\"position\":2,\"name\":\"Sobre nosotros\",\"item\":\"https:\/\/strohm-teka.hu\/es\/sobre-nosotros\/\"},{\"@type\":\"ListItem\",\"position\":3,\"name\":\"Nuestros centros\"}]},{\"@type\":\"WebSite\",\"@id\":\"https:\/\/strohm-teka.hu\/es\/#website\",\"url\":\"https:\/\/strohm-teka.hu\/es\/\",\"name\":\"Strohm Teka Hungary\",\"description\":\"Welcome to your comfort zone\",\"publisher\":{\"@id\":\"https:\/\/strohm-teka.hu\/es\/#organization\"},\"potentialAction\":[{\"@type\":\"SearchAction\",\"target\":{\"@type\":\"EntryPoint\",\"urlTemplate\":\"https:\/\/strohm-teka.hu\/es\/?s={search_term_string}\"},\"query-input\":{\"@type\":\"PropertyValueSpecification\",\"valueRequired\":true,\"valueName\":\"search_term_string\"}}],\"inLanguage\":\"es\"},{\"@type\":\"Organization\",\"@id\":\"https:\/\/strohm-teka.hu\/es\/#organization\",\"name\":\"Strohm Teka\",\"url\":\"https:\/\/strohm-teka.hu\/es\/\",\"logo\":{\"@type\":\"ImageObject\",\"inLanguage\":\"es\",\"@id\":\"https:\/\/strohm-teka.hu\/es\/#\/schema\/logo\/image\/\",\"url\":\"https:\/\/strohm-wp-services.1s.funcionalia.com\/2021\/01\/strohm_teka_logo.jpg\",\"contentUrl\":\"https:\/\/strohm-wp-services.1s.funcionalia.com\/2021\/01\/strohm_teka_logo.jpg\",\"width\":738,\"height\":354,\"caption\":\"Strohm Teka\"},\"image\":{\"@id\":\"https:\/\/strohm-teka.hu\/es\/#\/schema\/logo\/image\/\"},\"sameAs\":[\"https:\/\/www.instagram.com\/strohm_teka_es\/\",\"https:\/\/www.linkedin.com\/company\/teka-strohm-espa\u00f1a\/\"]}]}<\/script>\n<!-- \/ Yoast SEO plugin. -->","yoast_head_json":{"title":"Nuestros centros - Strohm Teka Hungary","robots":{"index":"index","follow":"follow","max-snippet":"max-snippet:-1","max-image-preview":"max-image-preview:large","max-video-preview":"max-video-preview:-1"},"canonical":"https:\/\/strohm-teka.hu\/es\/sobre-nosotros\/donde-estamos\/","og_locale":"es_ES","og_type":"article","og_title":"Nuestros centros - Strohm Teka Hungary","og_description":"Somos una compa\u00f1\u00eda con m\u00e1s de 400 empleados alrededor del mundo. Con sede central en Madrid y oficinas en Mallorca, damos servicio a socios distribuidos en m\u00e1s de 50 pa\u00edses. Strohm Teka&nbsp;tiene dos f\u00e1bricas propias, una en Hungr\u00eda y otra en China, especializadas en la fabricaci\u00f3n de grifer\u00eda y columnas de ducha. Fieles a nuestras...","og_url":"https:\/\/strohm-teka.hu\/es\/sobre-nosotros\/donde-estamos\/","og_site_name":"Strohm Teka Hungary","article_modified_time":"2022-04-29T11:02:55+00:00","og_image":[{"width":1500,"height":1000,"url":"https:\/\/strohm-wp-services.1s.funcionalia.com\/2020\/11\/strohm_showroom_013.jpg","type":"image\/jpeg"}],"twitter_card":"summary_large_image","schema":{"@context":"https:\/\/schema.org","@graph":[{"@type":"WebPage","@id":"https:\/\/strohm-teka.hu\/es\/sobre-nosotros\/donde-estamos\/","url":"https:\/\/strohm-teka.hu\/es\/sobre-nosotros\/donde-estamos\/","name":"Nuestros centros - Strohm Teka Hungary","isPartOf":{"@id":"https:\/\/strohm-teka.hu\/es\/#website"},"primaryImageOfPage":{"@id":"https:\/\/strohm-teka.hu\/es\/sobre-nosotros\/donde-estamos\/#primaryimage"},"image":{"@id":"https:\/\/strohm-teka.hu\/es\/sobre-nosotros\/donde-estamos\/#primaryimage"},"thumbnailUrl":"https:\/\/strohm-wp-services.1s.funcionalia.com\/2020\/11\/strohm_showroom_013.jpg","datePublished":"2020-09-21T10:20:23+00:00","dateModified":"2022-04-29T11:02:55+00:00","breadcrumb":{"@id":"https:\/\/strohm-teka.hu\/es\/sobre-nosotros\/donde-estamos\/#breadcrumb"},"inLanguage":"es","potentialAction":[{"@type":"ReadAction","target":["https:\/\/strohm-teka.hu\/es\/sobre-nosotros\/donde-estamos\/"]}]},{"@type":"ImageObject","inLanguage":"es","@id":"https:\/\/strohm-teka.hu\/es\/sobre-nosotros\/donde-estamos\/#primaryimage","url":"https:\/\/strohm-wp-services.1s.funcionalia.com\/2020\/11\/strohm_showroom_013.jpg","contentUrl":"https:\/\/strohm-wp-services.1s.funcionalia.com\/2020\/11\/strohm_showroom_013.jpg","width":1500,"height":1000},{"@type":"BreadcrumbList","@id":"https:\/\/strohm-teka.hu\/es\/sobre-nosotros\/donde-estamos\/#breadcrumb","itemListElement":[{"@type":"ListItem","position":1,"name":"Home","item":"https:\/\/strohm-teka.hu\/es\/"},{"@type":"ListItem","position":2,"name":"Sobre nosotros","item":"https:\/\/strohm-teka.hu\/es\/sobre-nosotros\/"},{"@type":"ListItem","position":3,"name":"Nuestros centros"}]},{"@type":"WebSite","@id":"https:\/\/strohm-teka.hu\/es\/#website","url":"https:\/\/strohm-teka.hu\/es\/","name":"Strohm Teka Hungary","description":"Welcome to your comfort zone","publisher":{"@id":"https:\/\/strohm-teka.hu\/es\/#organization"},"potentialAction":[{"@type":"SearchAction","target":{"@type":"EntryPoint","urlTemplate":"https:\/\/strohm-teka.hu\/es\/?s={search_term_string}"},"query-input":{"@type":"PropertyValueSpecification","valueRequired":true,"valueName":"search_term_string"}}],"inLanguage":"es"},{"@type":"Organization","@id":"https:\/\/strohm-teka.hu\/es\/#organization","name":"Strohm Teka","url":"https:\/\/strohm-teka.hu\/es\/","logo":{"@type":"ImageObject","inLanguage":"es","@id":"https:\/\/strohm-teka.hu\/es\/#\/schema\/logo\/image\/","url":"https:\/\/strohm-wp-services.1s.funcionalia.com\/2021\/01\/strohm_teka_logo.jpg","contentUrl":"https:\/\/strohm-wp-services.1s.funcionalia.com\/2021\/01\/strohm_teka_logo.jpg","width":738,"height":354,"caption":"Strohm Teka"},"image":{"@id":"https:\/\/strohm-teka.hu\/es\/#\/schema\/logo\/image\/"},"sameAs":["https:\/\/www.instagram.com\/strohm_teka_es\/","https:\/\/www.linkedin.com\/company\/teka-strohm-espa\u00f1a\/"]}]}},"_links":{"self":[{"href":"https:\/\/strohm-teka.hu\/es\/wp-json\/wp\/v2\/pages\/204","targetHints":{"allow":["GET"]}}],"collection":[{"href":"https:\/\/strohm-teka.hu\/es\/wp-json\/wp\/v2\/pages"}],"about":[{"href":"https:\/\/strohm-teka.hu\/es\/wp-json\/wp\/v2\/types\/page"}],"author":[{"embeddable":true,"href":"https:\/\/strohm-teka.hu\/es\/wp-json\/wp\/v2\/users\/17"}],"replies":[{"embeddable":true,"href":"https:\/\/strohm-teka.hu\/es\/wp-json\/wp\/v2\/comments?post=204"}],"version-history":[{"count":5,"href":"https:\/\/strohm-teka.hu\/es\/wp-json\/wp\/v2\/pages\/204\/revisions"}],"predecessor-version":[{"id":111089,"href":"https:\/\/strohm-teka.hu\/es\/wp-json\/wp\/v2\/pages\/204\/revisions\/111089"}],"up":[{"embeddable":true,"href":"https:\/\/strohm-teka.hu\/es\/wp-json\/wp\/v2\/pages\/52"}],"wp:featuredmedia":[{"embeddable":true,"href":"https:\/\/strohm-teka.hu\/es\/wp-json\/wp\/v2\/media\/59440"}],"wp:attachment":[{"href":"https:\/\/strohm-teka.hu\/es\/wp-json\/wp\/v2\/media?parent=204"}],"curies":[{"name":"wp","href":"https:\/\/api.w.org\/{rel}","templated":true}]}}