{"id":250,"date":"2020-09-21T11:27:19","date_gmt":"2020-09-21T11:27:19","guid":{"rendered":"http:\/\/strohm-teka.com\/?page_id=250"},"modified":"2021-01-22T19:40:08","modified_gmt":"2021-01-22T18:40:08","slug":"sobre-el-producto","status":"publish","type":"page","link":"https:\/\/strohm-teka.hu\/es\/sobre-el-producto\/","title":{"rendered":"Sobre el producto"},"content":{"rendered":"\n<h3 class=\"wp-block-heading\">Welcome to your comfort zone<\/h3>\n\n\n\n<div class=\"wp-block-columns is-layout-flex wp-container-core-columns-is-layout-9d6595d7 wp-block-columns-is-layout-flex\">\n<div class=\"wp-block-column is-layout-flow wp-block-column-is-layout-flow\" style=\"flex-basis:66.66%\">\n<p>Nuestro equipo de dise\u00f1o de producto e innovaci\u00f3n trabaja en la constante de mejora del producto buscando atender especialmente los aspectos que definen nuestros valores de marca. Facilitar, cuidar e inspirar.<\/p>\n\n\n\n<p>Creamos productos que faciliten el uso, promuevan el cuidado, la seguridad y el respeto al medio ambiente y permitan crear productos que inspiren.&nbsp;<\/p>\n<\/div>\n\n\n\n<div class=\"wp-block-column is-layout-flow wp-block-column-is-layout-flow\" style=\"flex-basis:33.33%\">\n<blockquote class=\"wp-block-quote is-style-large is-layout-flow wp-block-quote-is-layout-flow\"><p>Las mejores y m\u00e1s eficientes soluciones para el ba\u00f1o que destacan por su innovaci\u00f3n y dise\u00f1o.<\/p><\/blockquote>\n<\/div>\n<\/div>\n\n\n<div class=\"center-aligned-columns\">\n\t<div class=\"grid align-center\">\n\t\t<div class=\"cols col6 tab-col5 mob-col12\">\n\t\t\t\t\t\t\t<img decoding=\"async\" src=\"https:\/\/strohm-wp-services.1s.funcionalia.com\/2020\/09\/1330300_detalle-2-750x500.jpg\" alt=\"\">\n\t\t\t\t\t<\/div>\n\t\t<div class=\"cols col6 tab-col7 mob-col12 padded-in-text\">\n\t\t\t<h3>Innovaci\u00f3n<\/h3>\n\t\t\t<p><p>M\u00e1s que caracter\u00edsticas funcionales, sacamos a relucir los aspectos emocionales de nuestros productos ofreciendo un alto valor al producto.<\/p>\n<p>Caracter\u00edsticas e innovaciones que son verdaderamente significativas para la vida de las personas.<\/p>\n<\/p>\n\t\t<\/div>\n\t<\/div>\n<\/div>\n\n<div class=\"center-aligned-columns\">\n\t<div class=\"grid align-center\">\n\t\t<div class=\"cols col6 tab-col5 mob-col12\">\n\t\t\t\t\t\t\t<img decoding=\"async\" src=\"https:\/\/strohm-wp-services.1s.funcionalia.com\/2020\/09\/pvditacafamily_st-2-scaled-e1600973346235-750x500.jpg\" alt=\"\">\n\t\t\t\t\t<\/div>\n\t\t<div class=\"cols col6 tab-col7 mob-col12 padded-in-text\">\n\t\t\t<h3>Dise\u00f1o<\/h3>\n\t\t\t<p><p>Un buen dise\u00f1o toca el coraz\u00f3n. Inspira, simplifica y descubre atajos para la rutina.<\/p>\n<p>Como marca, creamos cosas para deleitar, estimulando una sensaci\u00f3n de armon\u00eda, placer, deseo y realizaci\u00f3n.<br \/>\nNuestro productos cuentan historias que generan recuerdos.<\/p>\n<\/p>\n\t\t<\/div>\n\t<\/div>\n<\/div>\n\n\n<div style=\"height:44px\" aria-hidden=\"true\" class=\"wp-block-spacer\"><\/div>\n\n\n\n<div class=\"wp-block-columns is-layout-flex wp-container-core-columns-is-layout-9d6595d7 wp-block-columns-is-layout-flex\">\n<div class=\"wp-block-column is-layout-flow wp-block-column-is-layout-flow\">\n<p class=\"has-text-align-center\"><a class=\"btn fill\" href=\"\/sobre-el-producto\/catalogos-y-folletos\/\" data-type=\"page\" data-id=\"242\"><i class=\"icon str-info\"><\/i> Cat\u00e1logos y folletos<\/a><\/p>\n<\/div>\n\n\n\n<div class=\"wp-block-column is-layout-flow wp-block-column-is-layout-flow\">\n<p class=\"has-text-align-center\"><a class=\"btn fill\" href=\"\/sobre-el-producto\/certificados-de-calidad\/\" data-type=\"page\" data-id=\"242\"><i class=\"icon str-sheald\"><\/i> Certificados de calidad<\/a><\/p>\n<\/div>\n\n\n\n<div class=\"wp-block-column is-layout-flow wp-block-column-is-layout-flow\">\n<p class=\"has-text-align-center\"><a class=\"btn fill\" href=\"\/sobre-el-producto\/caracteristicas-del-producto\/\" data-type=\"page\" data-id=\"242\"><i class=\"icon str-tag\"><\/i> Caracter\u00edsticas del producto<\/a><\/p>\n<\/div>\n<\/div>\n\n\n\n<div style=\"height:44px\" aria-hidden=\"true\" class=\"wp-block-spacer\"><\/div>\n\n\n<div class=\"full-card1 dark\" style=\"background-image: url(https:\/\/strohm-wp-services.1s.funcionalia.com\/2020\/11\/strohm_sowroom_067-1400x800.jpg);\">\n\t<div class=\"content\">\n\t\t<p class=\"title\">Visita nuestro Showroom<\/p>\n\t\t<p class=\"description\"><p>Vive la experiencia Strohm en directo en nuestro Showrrom de Madrid, ubicado en un espacio excepcional en la planta 22 de la Icon Tower de Madrid.<\/p>\n<\/p>\n\t\t\t<\/div>\n<\/div>\n\n\n<div style=\"height:44px\" aria-hidden=\"true\" class=\"wp-block-spacer\"><\/div>\n","protected":false},"excerpt":{"rendered":"Welcome to your comfort zone Nuestro equipo de dise\u00f1o de producto e innovaci\u00f3n trabaja en la constante de mejora del producto buscando atender especialmente los aspectos que definen nuestros valores de marca. Facilitar, cuidar e inspirar. Creamos productos que faciliten el uso, promuevan el cuidado, la seguridad y el respeto al medio ambiente y permitan&#8230;","protected":false},"author":17,"featured_media":58980,"parent":0,"menu_order":0,"comment_status":"closed","ping_status":"closed","template":"","meta":{"_acf_changed":false,"footnotes":""},"class_list":["post-250","page","type-page","status-publish","has-post-thumbnail","hentry"],"acf":[],"yoast_head":"<!-- This site is optimized with the Yoast SEO plugin v27.1.1 - https:\/\/yoast.com\/product\/yoast-seo-wordpress\/ -->\n<title>Sobre el producto - Strohm Teka Hungary<\/title>\n<meta name=\"robots\" content=\"index, follow, max-snippet:-1, max-image-preview:large, max-video-preview:-1\" \/>\n<link rel=\"canonical\" href=\"https:\/\/strohm-teka.hu\/es\/sobre-el-producto\/\" \/>\n<meta property=\"og:locale\" content=\"es_ES\" \/>\n<meta property=\"og:type\" content=\"article\" \/>\n<meta property=\"og:title\" content=\"Sobre el producto - Strohm Teka Hungary\" \/>\n<meta property=\"og:description\" content=\"Welcome to your comfort zone Nuestro equipo de dise\u00f1o de producto e innovaci\u00f3n trabaja en la constante de mejora del producto buscando atender especialmente los aspectos que definen nuestros valores de marca. Facilitar, cuidar e inspirar. Creamos productos que faciliten el uso, promuevan el cuidado, la seguridad y el respeto al medio ambiente y permitan...\" \/>\n<meta property=\"og:url\" content=\"https:\/\/strohm-teka.hu\/es\/sobre-el-producto\/\" \/>\n<meta property=\"og:site_name\" content=\"Strohm Teka Hungary\" \/>\n<meta property=\"article:modified_time\" content=\"2021-01-22T18:40:08+00:00\" \/>\n<meta property=\"og:image\" content=\"https:\/\/strohm-wp-services.1s.funcionalia.com\/2020\/10\/detalles_0010_capa-26.jpg\" \/>\n\t<meta property=\"og:image:width\" content=\"2059\" \/>\n\t<meta property=\"og:image:height\" content=\"1372\" \/>\n\t<meta property=\"og:image:type\" content=\"image\/jpeg\" \/>\n<meta name=\"twitter:card\" content=\"summary_large_image\" \/>\n<script type=\"application\/ld+json\" class=\"yoast-schema-graph\">{\"@context\":\"https:\/\/schema.org\",\"@graph\":[{\"@type\":\"WebPage\",\"@id\":\"https:\/\/strohm-teka.hu\/es\/sobre-el-producto\/\",\"url\":\"https:\/\/strohm-teka.hu\/es\/sobre-el-producto\/\",\"name\":\"Sobre el producto - Strohm Teka Hungary\",\"isPartOf\":{\"@id\":\"https:\/\/strohm-teka.hu\/es\/#website\"},\"primaryImageOfPage\":{\"@id\":\"https:\/\/strohm-teka.hu\/es\/sobre-el-producto\/#primaryimage\"},\"image\":{\"@id\":\"https:\/\/strohm-teka.hu\/es\/sobre-el-producto\/#primaryimage\"},\"thumbnailUrl\":\"https:\/\/strohm-wp-services.1s.funcionalia.com\/2020\/10\/detalles_0010_capa-26.jpg\",\"datePublished\":\"2020-09-21T11:27:19+00:00\",\"dateModified\":\"2021-01-22T18:40:08+00:00\",\"breadcrumb\":{\"@id\":\"https:\/\/strohm-teka.hu\/es\/sobre-el-producto\/#breadcrumb\"},\"inLanguage\":\"es\",\"potentialAction\":[{\"@type\":\"ReadAction\",\"target\":[\"https:\/\/strohm-teka.hu\/es\/sobre-el-producto\/\"]}]},{\"@type\":\"ImageObject\",\"inLanguage\":\"es\",\"@id\":\"https:\/\/strohm-teka.hu\/es\/sobre-el-producto\/#primaryimage\",\"url\":\"https:\/\/strohm-wp-services.1s.funcionalia.com\/2020\/10\/detalles_0010_capa-26.jpg\",\"contentUrl\":\"https:\/\/strohm-wp-services.1s.funcionalia.com\/2020\/10\/detalles_0010_capa-26.jpg\",\"width\":2059,\"height\":1372},{\"@type\":\"BreadcrumbList\",\"@id\":\"https:\/\/strohm-teka.hu\/es\/sobre-el-producto\/#breadcrumb\",\"itemListElement\":[{\"@type\":\"ListItem\",\"position\":1,\"name\":\"Home\",\"item\":\"https:\/\/strohm-teka.hu\/es\/\"},{\"@type\":\"ListItem\",\"position\":2,\"name\":\"Sobre el producto\"}]},{\"@type\":\"WebSite\",\"@id\":\"https:\/\/strohm-teka.hu\/es\/#website\",\"url\":\"https:\/\/strohm-teka.hu\/es\/\",\"name\":\"Strohm Teka Hungary\",\"description\":\"Welcome to your comfort zone\",\"publisher\":{\"@id\":\"https:\/\/strohm-teka.hu\/es\/#organization\"},\"potentialAction\":[{\"@type\":\"SearchAction\",\"target\":{\"@type\":\"EntryPoint\",\"urlTemplate\":\"https:\/\/strohm-teka.hu\/es\/?s={search_term_string}\"},\"query-input\":{\"@type\":\"PropertyValueSpecification\",\"valueRequired\":true,\"valueName\":\"search_term_string\"}}],\"inLanguage\":\"es\"},{\"@type\":\"Organization\",\"@id\":\"https:\/\/strohm-teka.hu\/es\/#organization\",\"name\":\"Strohm Teka\",\"url\":\"https:\/\/strohm-teka.hu\/es\/\",\"logo\":{\"@type\":\"ImageObject\",\"inLanguage\":\"es\",\"@id\":\"https:\/\/strohm-teka.hu\/es\/#\/schema\/logo\/image\/\",\"url\":\"https:\/\/strohm-wp-services.1s.funcionalia.com\/2021\/01\/strohm_teka_logo.jpg\",\"contentUrl\":\"https:\/\/strohm-wp-services.1s.funcionalia.com\/2021\/01\/strohm_teka_logo.jpg\",\"width\":738,\"height\":354,\"caption\":\"Strohm Teka\"},\"image\":{\"@id\":\"https:\/\/strohm-teka.hu\/es\/#\/schema\/logo\/image\/\"},\"sameAs\":[\"https:\/\/www.instagram.com\/strohm_teka_es\/\",\"https:\/\/www.linkedin.com\/company\/teka-strohm-espa\u00f1a\/\"]}]}<\/script>\n<!-- \/ Yoast SEO plugin. -->","yoast_head_json":{"title":"Sobre el producto - Strohm Teka Hungary","robots":{"index":"index","follow":"follow","max-snippet":"max-snippet:-1","max-image-preview":"max-image-preview:large","max-video-preview":"max-video-preview:-1"},"canonical":"https:\/\/strohm-teka.hu\/es\/sobre-el-producto\/","og_locale":"es_ES","og_type":"article","og_title":"Sobre el producto - Strohm Teka Hungary","og_description":"Welcome to your comfort zone Nuestro equipo de dise\u00f1o de producto e innovaci\u00f3n trabaja en la constante de mejora del producto buscando atender especialmente los aspectos que definen nuestros valores de marca. Facilitar, cuidar e inspirar. Creamos productos que faciliten el uso, promuevan el cuidado, la seguridad y el respeto al medio ambiente y permitan...","og_url":"https:\/\/strohm-teka.hu\/es\/sobre-el-producto\/","og_site_name":"Strohm Teka Hungary","article_modified_time":"2021-01-22T18:40:08+00:00","og_image":[{"width":2059,"height":1372,"url":"https:\/\/strohm-wp-services.1s.funcionalia.com\/2020\/10\/detalles_0010_capa-26.jpg","type":"image\/jpeg"}],"twitter_card":"summary_large_image","schema":{"@context":"https:\/\/schema.org","@graph":[{"@type":"WebPage","@id":"https:\/\/strohm-teka.hu\/es\/sobre-el-producto\/","url":"https:\/\/strohm-teka.hu\/es\/sobre-el-producto\/","name":"Sobre el producto - Strohm Teka Hungary","isPartOf":{"@id":"https:\/\/strohm-teka.hu\/es\/#website"},"primaryImageOfPage":{"@id":"https:\/\/strohm-teka.hu\/es\/sobre-el-producto\/#primaryimage"},"image":{"@id":"https:\/\/strohm-teka.hu\/es\/sobre-el-producto\/#primaryimage"},"thumbnailUrl":"https:\/\/strohm-wp-services.1s.funcionalia.com\/2020\/10\/detalles_0010_capa-26.jpg","datePublished":"2020-09-21T11:27:19+00:00","dateModified":"2021-01-22T18:40:08+00:00","breadcrumb":{"@id":"https:\/\/strohm-teka.hu\/es\/sobre-el-producto\/#breadcrumb"},"inLanguage":"es","potentialAction":[{"@type":"ReadAction","target":["https:\/\/strohm-teka.hu\/es\/sobre-el-producto\/"]}]},{"@type":"ImageObject","inLanguage":"es","@id":"https:\/\/strohm-teka.hu\/es\/sobre-el-producto\/#primaryimage","url":"https:\/\/strohm-wp-services.1s.funcionalia.com\/2020\/10\/detalles_0010_capa-26.jpg","contentUrl":"https:\/\/strohm-wp-services.1s.funcionalia.com\/2020\/10\/detalles_0010_capa-26.jpg","width":2059,"height":1372},{"@type":"BreadcrumbList","@id":"https:\/\/strohm-teka.hu\/es\/sobre-el-producto\/#breadcrumb","itemListElement":[{"@type":"ListItem","position":1,"name":"Home","item":"https:\/\/strohm-teka.hu\/es\/"},{"@type":"ListItem","position":2,"name":"Sobre el producto"}]},{"@type":"WebSite","@id":"https:\/\/strohm-teka.hu\/es\/#website","url":"https:\/\/strohm-teka.hu\/es\/","name":"Strohm Teka Hungary","description":"Welcome to your comfort zone","publisher":{"@id":"https:\/\/strohm-teka.hu\/es\/#organization"},"potentialAction":[{"@type":"SearchAction","target":{"@type":"EntryPoint","urlTemplate":"https:\/\/strohm-teka.hu\/es\/?s={search_term_string}"},"query-input":{"@type":"PropertyValueSpecification","valueRequired":true,"valueName":"search_term_string"}}],"inLanguage":"es"},{"@type":"Organization","@id":"https:\/\/strohm-teka.hu\/es\/#organization","name":"Strohm Teka","url":"https:\/\/strohm-teka.hu\/es\/","logo":{"@type":"ImageObject","inLanguage":"es","@id":"https:\/\/strohm-teka.hu\/es\/#\/schema\/logo\/image\/","url":"https:\/\/strohm-wp-services.1s.funcionalia.com\/2021\/01\/strohm_teka_logo.jpg","contentUrl":"https:\/\/strohm-wp-services.1s.funcionalia.com\/2021\/01\/strohm_teka_logo.jpg","width":738,"height":354,"caption":"Strohm Teka"},"image":{"@id":"https:\/\/strohm-teka.hu\/es\/#\/schema\/logo\/image\/"},"sameAs":["https:\/\/www.instagram.com\/strohm_teka_es\/","https:\/\/www.linkedin.com\/company\/teka-strohm-espa\u00f1a\/"]}]}},"_links":{"self":[{"href":"https:\/\/strohm-teka.hu\/es\/wp-json\/wp\/v2\/pages\/250","targetHints":{"allow":["GET"]}}],"collection":[{"href":"https:\/\/strohm-teka.hu\/es\/wp-json\/wp\/v2\/pages"}],"about":[{"href":"https:\/\/strohm-teka.hu\/es\/wp-json\/wp\/v2\/types\/page"}],"author":[{"embeddable":true,"href":"https:\/\/strohm-teka.hu\/es\/wp-json\/wp\/v2\/users\/17"}],"replies":[{"embeddable":true,"href":"https:\/\/strohm-teka.hu\/es\/wp-json\/wp\/v2\/comments?post=250"}],"version-history":[{"count":5,"href":"https:\/\/strohm-teka.hu\/es\/wp-json\/wp\/v2\/pages\/250\/revisions"}],"predecessor-version":[{"id":64043,"href":"https:\/\/strohm-teka.hu\/es\/wp-json\/wp\/v2\/pages\/250\/revisions\/64043"}],"wp:featuredmedia":[{"embeddable":true,"href":"https:\/\/strohm-teka.hu\/es\/wp-json\/wp\/v2\/media\/58980"}],"wp:attachment":[{"href":"https:\/\/strohm-teka.hu\/es\/wp-json\/wp\/v2\/media?parent=250"}],"curies":[{"name":"wp","href":"https:\/\/api.w.org\/{rel}","templated":true}]}}