{"id":52,"date":"2020-09-18T11:54:11","date_gmt":"2020-09-18T11:54:11","guid":{"rendered":"http:\/\/strohm-teka.com\/?page_id=52"},"modified":"2021-02-10T14:07:34","modified_gmt":"2021-02-10T13:07:34","slug":"sobre-nosotros","status":"publish","type":"page","link":"https:\/\/strohm-teka.hu\/es\/sobre-nosotros\/","title":{"rendered":"Sobre nosotros"},"content":{"rendered":"\n<h3 class=\"wp-block-heading\">Welcome to your comfort zone<\/h3>\n\n\n\n<div class=\"wp-block-columns is-layout-flex wp-container-core-columns-is-layout-9d6595d7 wp-block-columns-is-layout-flex\">\n<div class=\"wp-block-column is-layout-flow wp-block-column-is-layout-flow\" style=\"flex-basis:66.66%\">\n<p>Strohm Teka es una marca enfocada en buscar soluciones globales  de ba\u00f1o a trav\u00e9s de todas sus categor\u00edas de producto: <strong>grifer\u00eda<\/strong>, <strong>muebles<\/strong>, <strong>espejos<\/strong>, <strong>mamparas<\/strong>, <strong>accesorios<\/strong> y diversos productos de resina como <strong>ba\u00f1eras, lavabos,<\/strong> <strong>platos de ducha<\/strong>. Adem\u00e1s de cer\u00e1mica: <strong>inodoros<\/strong> y <strong>bid\u00e9s.<\/strong><\/p>\n\n\n\n<p>En Strohm Teka , <strong>ofrecemos soluciones para el ba\u00f1o<\/strong>. As\u00ed mismo, buscamos dise\u00f1ar productos adapt\u00e1ndonos a los diferentes estilos de vida de nuestros clientes, as\u00ed como acompa\u00f1arles en sus momentos vitales, teniendo siempre como premisa nuestros valores de marca: <em>facilitar<\/em>, <em>cuidar<\/em> e <em>inspirar<\/em>\u2026<\/p>\n\n\n\n<p>Teniendo presente nuestra misi\u00f3n de ir m\u00e1s all\u00e1 de las soluciones de higiene, ofrecemos experiencias que conviertan los gestos m\u00e1s \u00edntimos de la vida cotidiana en momentos especiales.<\/p>\n<\/div>\n\n\n\n<div class=\"wp-block-column is-layout-flow wp-block-column-is-layout-flow\" style=\"flex-basis:33.33%\"><\/div>\n<\/div>\n\n\n\n<div class=\"wp-block-columns is-layout-flex wp-container-core-columns-is-layout-9d6595d7 wp-block-columns-is-layout-flex\">\n<div class=\"wp-block-column is-layout-flow wp-block-column-is-layout-flow\"><div class=\"series-item\">\n\t<div class=\"img\" style=\"background-image: url(https:\/\/strohm-wp-services.1s.funcionalia.com\/2020\/09\/75-aniv-buades-750x500.jpg);\">\n\t\t<img decoding=\"async\" src=\"https:\/\/strohm-wp-services.1s.funcionalia.com\/2020\/09\/75-aniv-buades-750x500.jpg\" alt=\"\" class=\"px1px\">\n\t<\/div>\n\t<h3 class=\"title\"><\/h3>\n\t<p class=\"description\"><\/p>\n\t<a href=\"\/historia\/\" class=\"link arrow-link\">Nuestra historia<\/a>\n<\/div>\n<\/div>\n\n\n\n<div class=\"wp-block-column is-layout-flow wp-block-column-is-layout-flow\"><div class=\"series-item\">\n\t<div class=\"img\" style=\"background-image: url(https:\/\/strohm-wp-services.1s.funcionalia.com\/2020\/11\/strohm_showroom_015-e1605188290675-750x500.jpg);\">\n\t\t<img decoding=\"async\" src=\"https:\/\/strohm-wp-services.1s.funcionalia.com\/2020\/11\/strohm_showroom_015-e1605188290675-750x500.jpg\" alt=\"\" class=\"px1px\">\n\t<\/div>\n\t<h3 class=\"title\"><\/h3>\n\t<p class=\"description\"><\/p>\n\t<a href=\"\/sobre-nosotros\/valores-strohm\/\" class=\"link arrow-link\">Valores Strohm<\/a>\n<\/div>\n<\/div>\n\n\n\n<div class=\"wp-block-column is-layout-flow wp-block-column-is-layout-flow\"><div class=\"series-item\">\n\t<div class=\"img\" style=\"background-image: url(https:\/\/strohm-wp-services.1s.funcionalia.com\/2020\/11\/strohm_sowroom_009-1-750x500.jpg);\">\n\t\t<img decoding=\"async\" src=\"https:\/\/strohm-wp-services.1s.funcionalia.com\/2020\/11\/strohm_sowroom_009-1-750x500.jpg\" alt=\"\" class=\"px1px\">\n\t<\/div>\n\t<h3 class=\"title\"><\/h3>\n\t<p class=\"description\"><\/p>\n\t<a href=\"\/sobre-nosotros\/donde-estamos\/\" class=\"link arrow-link\">D\u00f3nde estamos<\/a>\n<\/div>\n<\/div>\n<\/div>\n\n\n\n<div style=\"height:100px\" aria-hidden=\"true\" class=\"wp-block-spacer\"><\/div>\n","protected":false},"excerpt":{"rendered":"Welcome to your comfort zone Strohm Teka es una marca enfocada en buscar soluciones globales de ba\u00f1o a trav\u00e9s de todas sus categor\u00edas de producto: grifer\u00eda, muebles, espejos, mamparas, accesorios y diversos productos de resina como ba\u00f1eras, lavabos, platos de ducha. Adem\u00e1s de cer\u00e1mica: inodoros y bid\u00e9s. En Strohm Teka , ofrecemos soluciones para el&#8230;","protected":false},"author":17,"featured_media":58607,"parent":0,"menu_order":0,"comment_status":"closed","ping_status":"closed","template":"","meta":{"_acf_changed":false,"footnotes":""},"class_list":["post-52","page","type-page","status-publish","has-post-thumbnail","hentry"],"acf":[],"yoast_head":"<!-- This site is optimized with the Yoast SEO plugin v27.1.1 - https:\/\/yoast.com\/product\/yoast-seo-wordpress\/ -->\n<title>Sobre nosotros - Strohm Teka Hungary<\/title>\n<meta name=\"robots\" content=\"index, follow, max-snippet:-1, max-image-preview:large, max-video-preview:-1\" \/>\n<link rel=\"canonical\" href=\"https:\/\/strohm-teka.hu\/es\/sobre-nosotros\/\" \/>\n<meta property=\"og:locale\" content=\"es_ES\" \/>\n<meta property=\"og:type\" content=\"article\" \/>\n<meta property=\"og:title\" content=\"Sobre nosotros - Strohm Teka Hungary\" \/>\n<meta property=\"og:description\" content=\"Welcome to your comfort zone Strohm Teka es una marca enfocada en buscar soluciones globales de ba\u00f1o a trav\u00e9s de todas sus categor\u00edas de producto: grifer\u00eda, muebles, espejos, mamparas, accesorios y diversos productos de resina como ba\u00f1eras, lavabos, platos de ducha. Adem\u00e1s de cer\u00e1mica: inodoros y bid\u00e9s. En Strohm Teka , ofrecemos soluciones para el...\" \/>\n<meta property=\"og:url\" content=\"https:\/\/strohm-teka.hu\/es\/sobre-nosotros\/\" \/>\n<meta property=\"og:site_name\" content=\"Strohm Teka Hungary\" \/>\n<meta property=\"article:modified_time\" content=\"2021-02-10T13:07:34+00:00\" \/>\n<meta property=\"og:image\" content=\"https:\/\/strohm-wp-services.1s.funcionalia.com\/2020\/10\/maquillaje2.jpg\" \/>\n\t<meta property=\"og:image:width\" content=\"2000\" \/>\n\t<meta property=\"og:image:height\" content=\"1160\" \/>\n\t<meta property=\"og:image:type\" content=\"image\/jpeg\" \/>\n<meta name=\"twitter:card\" content=\"summary_large_image\" \/>\n<script type=\"application\/ld+json\" class=\"yoast-schema-graph\">{\"@context\":\"https:\/\/schema.org\",\"@graph\":[{\"@type\":\"WebPage\",\"@id\":\"https:\/\/strohm-teka.hu\/es\/sobre-nosotros\/\",\"url\":\"https:\/\/strohm-teka.hu\/es\/sobre-nosotros\/\",\"name\":\"Sobre nosotros - Strohm Teka Hungary\",\"isPartOf\":{\"@id\":\"https:\/\/strohm-teka.hu\/es\/#website\"},\"primaryImageOfPage\":{\"@id\":\"https:\/\/strohm-teka.hu\/es\/sobre-nosotros\/#primaryimage\"},\"image\":{\"@id\":\"https:\/\/strohm-teka.hu\/es\/sobre-nosotros\/#primaryimage\"},\"thumbnailUrl\":\"https:\/\/strohm-wp-services.1s.funcionalia.com\/2020\/10\/maquillaje2.jpg\",\"datePublished\":\"2020-09-18T11:54:11+00:00\",\"dateModified\":\"2021-02-10T13:07:34+00:00\",\"breadcrumb\":{\"@id\":\"https:\/\/strohm-teka.hu\/es\/sobre-nosotros\/#breadcrumb\"},\"inLanguage\":\"es\",\"potentialAction\":[{\"@type\":\"ReadAction\",\"target\":[\"https:\/\/strohm-teka.hu\/es\/sobre-nosotros\/\"]}]},{\"@type\":\"ImageObject\",\"inLanguage\":\"es\",\"@id\":\"https:\/\/strohm-teka.hu\/es\/sobre-nosotros\/#primaryimage\",\"url\":\"https:\/\/strohm-wp-services.1s.funcionalia.com\/2020\/10\/maquillaje2.jpg\",\"contentUrl\":\"https:\/\/strohm-wp-services.1s.funcionalia.com\/2020\/10\/maquillaje2.jpg\",\"width\":2000,\"height\":1160},{\"@type\":\"BreadcrumbList\",\"@id\":\"https:\/\/strohm-teka.hu\/es\/sobre-nosotros\/#breadcrumb\",\"itemListElement\":[{\"@type\":\"ListItem\",\"position\":1,\"name\":\"Home\",\"item\":\"https:\/\/strohm-teka.hu\/es\/\"},{\"@type\":\"ListItem\",\"position\":2,\"name\":\"Sobre nosotros\"}]},{\"@type\":\"WebSite\",\"@id\":\"https:\/\/strohm-teka.hu\/es\/#website\",\"url\":\"https:\/\/strohm-teka.hu\/es\/\",\"name\":\"Strohm Teka Hungary\",\"description\":\"Welcome to your comfort zone\",\"publisher\":{\"@id\":\"https:\/\/strohm-teka.hu\/es\/#organization\"},\"potentialAction\":[{\"@type\":\"SearchAction\",\"target\":{\"@type\":\"EntryPoint\",\"urlTemplate\":\"https:\/\/strohm-teka.hu\/es\/?s={search_term_string}\"},\"query-input\":{\"@type\":\"PropertyValueSpecification\",\"valueRequired\":true,\"valueName\":\"search_term_string\"}}],\"inLanguage\":\"es\"},{\"@type\":\"Organization\",\"@id\":\"https:\/\/strohm-teka.hu\/es\/#organization\",\"name\":\"Strohm Teka\",\"url\":\"https:\/\/strohm-teka.hu\/es\/\",\"logo\":{\"@type\":\"ImageObject\",\"inLanguage\":\"es\",\"@id\":\"https:\/\/strohm-teka.hu\/es\/#\/schema\/logo\/image\/\",\"url\":\"https:\/\/strohm-wp-services.1s.funcionalia.com\/2021\/01\/strohm_teka_logo.jpg\",\"contentUrl\":\"https:\/\/strohm-wp-services.1s.funcionalia.com\/2021\/01\/strohm_teka_logo.jpg\",\"width\":738,\"height\":354,\"caption\":\"Strohm Teka\"},\"image\":{\"@id\":\"https:\/\/strohm-teka.hu\/es\/#\/schema\/logo\/image\/\"},\"sameAs\":[\"https:\/\/www.instagram.com\/strohm_teka_es\/\",\"https:\/\/www.linkedin.com\/company\/teka-strohm-espa\u00f1a\/\"]}]}<\/script>\n<!-- \/ Yoast SEO plugin. -->","yoast_head_json":{"title":"Sobre nosotros - Strohm Teka Hungary","robots":{"index":"index","follow":"follow","max-snippet":"max-snippet:-1","max-image-preview":"max-image-preview:large","max-video-preview":"max-video-preview:-1"},"canonical":"https:\/\/strohm-teka.hu\/es\/sobre-nosotros\/","og_locale":"es_ES","og_type":"article","og_title":"Sobre nosotros - Strohm Teka Hungary","og_description":"Welcome to your comfort zone Strohm Teka es una marca enfocada en buscar soluciones globales de ba\u00f1o a trav\u00e9s de todas sus categor\u00edas de producto: grifer\u00eda, muebles, espejos, mamparas, accesorios y diversos productos de resina como ba\u00f1eras, lavabos, platos de ducha. Adem\u00e1s de cer\u00e1mica: inodoros y bid\u00e9s. En Strohm Teka , ofrecemos soluciones para el...","og_url":"https:\/\/strohm-teka.hu\/es\/sobre-nosotros\/","og_site_name":"Strohm Teka Hungary","article_modified_time":"2021-02-10T13:07:34+00:00","og_image":[{"width":2000,"height":1160,"url":"https:\/\/strohm-wp-services.1s.funcionalia.com\/2020\/10\/maquillaje2.jpg","type":"image\/jpeg"}],"twitter_card":"summary_large_image","schema":{"@context":"https:\/\/schema.org","@graph":[{"@type":"WebPage","@id":"https:\/\/strohm-teka.hu\/es\/sobre-nosotros\/","url":"https:\/\/strohm-teka.hu\/es\/sobre-nosotros\/","name":"Sobre nosotros - Strohm Teka Hungary","isPartOf":{"@id":"https:\/\/strohm-teka.hu\/es\/#website"},"primaryImageOfPage":{"@id":"https:\/\/strohm-teka.hu\/es\/sobre-nosotros\/#primaryimage"},"image":{"@id":"https:\/\/strohm-teka.hu\/es\/sobre-nosotros\/#primaryimage"},"thumbnailUrl":"https:\/\/strohm-wp-services.1s.funcionalia.com\/2020\/10\/maquillaje2.jpg","datePublished":"2020-09-18T11:54:11+00:00","dateModified":"2021-02-10T13:07:34+00:00","breadcrumb":{"@id":"https:\/\/strohm-teka.hu\/es\/sobre-nosotros\/#breadcrumb"},"inLanguage":"es","potentialAction":[{"@type":"ReadAction","target":["https:\/\/strohm-teka.hu\/es\/sobre-nosotros\/"]}]},{"@type":"ImageObject","inLanguage":"es","@id":"https:\/\/strohm-teka.hu\/es\/sobre-nosotros\/#primaryimage","url":"https:\/\/strohm-wp-services.1s.funcionalia.com\/2020\/10\/maquillaje2.jpg","contentUrl":"https:\/\/strohm-wp-services.1s.funcionalia.com\/2020\/10\/maquillaje2.jpg","width":2000,"height":1160},{"@type":"BreadcrumbList","@id":"https:\/\/strohm-teka.hu\/es\/sobre-nosotros\/#breadcrumb","itemListElement":[{"@type":"ListItem","position":1,"name":"Home","item":"https:\/\/strohm-teka.hu\/es\/"},{"@type":"ListItem","position":2,"name":"Sobre nosotros"}]},{"@type":"WebSite","@id":"https:\/\/strohm-teka.hu\/es\/#website","url":"https:\/\/strohm-teka.hu\/es\/","name":"Strohm Teka Hungary","description":"Welcome to your comfort zone","publisher":{"@id":"https:\/\/strohm-teka.hu\/es\/#organization"},"potentialAction":[{"@type":"SearchAction","target":{"@type":"EntryPoint","urlTemplate":"https:\/\/strohm-teka.hu\/es\/?s={search_term_string}"},"query-input":{"@type":"PropertyValueSpecification","valueRequired":true,"valueName":"search_term_string"}}],"inLanguage":"es"},{"@type":"Organization","@id":"https:\/\/strohm-teka.hu\/es\/#organization","name":"Strohm Teka","url":"https:\/\/strohm-teka.hu\/es\/","logo":{"@type":"ImageObject","inLanguage":"es","@id":"https:\/\/strohm-teka.hu\/es\/#\/schema\/logo\/image\/","url":"https:\/\/strohm-wp-services.1s.funcionalia.com\/2021\/01\/strohm_teka_logo.jpg","contentUrl":"https:\/\/strohm-wp-services.1s.funcionalia.com\/2021\/01\/strohm_teka_logo.jpg","width":738,"height":354,"caption":"Strohm Teka"},"image":{"@id":"https:\/\/strohm-teka.hu\/es\/#\/schema\/logo\/image\/"},"sameAs":["https:\/\/www.instagram.com\/strohm_teka_es\/","https:\/\/www.linkedin.com\/company\/teka-strohm-espa\u00f1a\/"]}]}},"_links":{"self":[{"href":"https:\/\/strohm-teka.hu\/es\/wp-json\/wp\/v2\/pages\/52","targetHints":{"allow":["GET"]}}],"collection":[{"href":"https:\/\/strohm-teka.hu\/es\/wp-json\/wp\/v2\/pages"}],"about":[{"href":"https:\/\/strohm-teka.hu\/es\/wp-json\/wp\/v2\/types\/page"}],"author":[{"embeddable":true,"href":"https:\/\/strohm-teka.hu\/es\/wp-json\/wp\/v2\/users\/17"}],"replies":[{"embeddable":true,"href":"https:\/\/strohm-teka.hu\/es\/wp-json\/wp\/v2\/comments?post=52"}],"version-history":[{"count":5,"href":"https:\/\/strohm-teka.hu\/es\/wp-json\/wp\/v2\/pages\/52\/revisions"}],"predecessor-version":[{"id":69992,"href":"https:\/\/strohm-teka.hu\/es\/wp-json\/wp\/v2\/pages\/52\/revisions\/69992"}],"wp:featuredmedia":[{"embeddable":true,"href":"https:\/\/strohm-teka.hu\/es\/wp-json\/wp\/v2\/media\/58607"}],"wp:attachment":[{"href":"https:\/\/strohm-teka.hu\/es\/wp-json\/wp\/v2\/media?parent=52"}],"curies":[{"name":"wp","href":"https:\/\/api.w.org\/{rel}","templated":true}]}}