{"id":54840,"date":"2020-09-24T10:31:19","date_gmt":"2020-09-24T10:31:19","guid":{"rendered":"http:\/\/strohm-teka.com\/?page_id=54840"},"modified":"2021-01-27T17:18:35","modified_gmt":"2021-01-27T16:18:35","slug":"terminos-y-condiciones","status":"publish","type":"page","link":"https:\/\/strohm-teka.hu\/es\/terminos-y-condiciones\/","title":{"rendered":"T\u00e9rminos y condiciones"},"content":{"rendered":"\n<p><strong>T\u00c9RMINOS Y CONDICIONES<\/strong><\/p>\n\n\n\n<p>Lea cuidadosamente este documento. El mismo se constituye como T\u00e9rminos y Condiciones que regulan el acceso, navegaci\u00f3n y utilizaci\u00f3n del sitio web <a href=\"https:\/\/www.teka.com\/es-es\/\">https:\/\/<\/a><a href=\"https:\/\/strohm-teka.com\/\"> www. Strohm-TEKA.com<\/a> (en adelante, \u201c<strong>Sitio Web<\/strong>\u201d).&nbsp;<\/p>\n\n\n\n<p>El acceso, navegaci\u00f3n y utilizaci\u00f3n del presente Sitio Web implica la aceptaci\u00f3n expresa y sin reservas de todos los t\u00e9rminos recogidos en los presentes \u201cT\u00e9rminos y Condiciones\u201d, (en adelante, los <strong>T&amp;C<\/strong>), teniendo la misma validez y eficacia que cualquier contrato celebrado por escrito y firmado.&nbsp;<\/p>\n\n\n\n<p>Su observancia y cumplimiento ser\u00e1 exigible respecto de cualquier persona que acceda, navegue o utilice el Sitio Web, ya sea como usuario registrado, (en adelante, \u201c<strong>Usuario\u201d<\/strong>) o como visitante. Si Ud. no est\u00e1 de acuerdo con los t\u00e9rminos expuestos, no acceda, no navegue o utilice el Sitio Web.&nbsp;<\/p>\n\n\n\n<p><strong>1. DATOS IDENTIFICATIVOS.<\/strong><\/p>\n\n\n\n<ul class=\"wp-block-list\"><li><strong>Titular<\/strong>: TEKA SANITARY SYSTEMS S.A (en adelante, <strong><em>\u201c<\/em><\/strong><strong>TSS\u201d<\/strong>).<\/li><li><strong>NIF: A07005473<\/strong><\/li><li><strong>Domicilio social<\/strong>: Calle Conquistador 2, 07350 Binissalem, ESPA\u00d1A<\/li><li><strong>Tel\u00e9fono de contacto<\/strong>: +34 608515419<\/li><li><strong>Correo electr\u00f3nico<\/strong>: strohmsupport@strohm-teka.com<\/li><\/ul>\n\n\n\n<p><strong>2. OBJETO<\/strong><\/p>\n\n\n\n<p>Los presentes T&amp;C regulan el acceso, la navegaci\u00f3n y utilizaci\u00f3n del presente Sitio Web, y en \u00e9l se informa a los usuarios del Sito Web acerca de sus derechos y obligaciones en relaci\u00f3n con los contenidos expuestos a trav\u00e9s de la misma, logotipos y marcas utilizadas, as\u00ed como las responsabilidades que pueden derivarse del uso del servicio.&nbsp;<\/p>\n\n\n\n<p>Sin perjuicio de lo anterior, TSS se reserva el derecho a modificar la presentaci\u00f3n, configuraci\u00f3n y contenido del Sitio Web, as\u00ed como las condiciones requeridas para su acceso y\/o utilizaci\u00f3n.&nbsp;<\/p>\n\n\n\n<p>Las modificaciones de los T&amp;C ser\u00e1n publicadas en la misma forma que parece \u00e9ste o a trav\u00e9s de cualquier tipo de comunicaci\u00f3n dirigida a los usuarios. El acceso y utilizaci\u00f3n de los contenidos del Sitio Web tras la entrada en vigor de sus modificaciones o cambios suponen la aceptaci\u00f3n de los mismos.&nbsp;<\/p>\n\n\n\n<p><strong>3. ACCESO Y REGISTRO<\/strong><\/p>\n\n\n\n<p>El acceso al contenido del Sitio Web es totalmente gratuito.&nbsp;<\/p>\n\n\n\n<p>Bajo ning\u00fan concepto TSS se responsabilizar\u00e1 de la veracidad de los datos facilitados por los usuarios en los formularios, por lo que cada uno de \u00e9stos ser\u00e1 \u00fanico responsable de las posibles consecuencias, errores y fallos que pudieran derivarse de la falta de calidad de los datos.<\/p>\n\n\n\n<p><strong>Enlaces en otras p\u00e1ginas Web<\/strong><\/p>\n\n\n\n<p>En caso de que en el Sitio Web se mostraran enlaces a otras p\u00e1ginas Web mediante diferentes botones, links, banners, contenidos embebidos, etc., TSS informa que \u00e9stos se encuentran directamente gestionados por terceros.&nbsp; TSS no tiene facultad ni medios humanos ni t\u00e9cnicos para conocer de forma previa y\/o controlar y\/o aprobar toda la informaci\u00f3n, contenidos, productos o servicios facilitados por otras plataformas a las que se puedan establecer enlaces desde la Plataforma.<\/p>\n\n\n\n<p>En consecuencia, TSS no podr\u00e1 asumir ning\u00fan tipo de responsabilidad por cualquier aspecto relativo al Sitio Web o p\u00e1gina Web a la que se pudiera establecer un enlace desde la Plataforma, en concreto, a t\u00edtulo enunciativo y no limitativo, sobre su funcionamiento, acceso, datos, informaci\u00f3n, archivos, calidad y fiabilidad de sus productos y servicios, sus propios enlaces y\/o cualquiera de sus contenidos, en general.<\/p>\n\n\n\n<p>En cualquier caso, el establecimiento de cualquier tipo de enlace desde el Sitio Web a otra p\u00e1gina Web ajena no implicar\u00e1 que exista alg\u00fan tipo de relaci\u00f3n, colaboraci\u00f3n o dependencia entre TSS y el responsable de dicha p\u00e1gina Web ajena.<\/p>\n\n\n\n<p><strong>Enlaces en otras p\u00e1ginas Web con destino al Sitio Web.<\/strong><\/p>\n\n\n\n<p>TSS no autoriza el establecimiento de un enlace al Sitio Web desde aquellas p\u00e1ginas que contengan materiales, informaci\u00f3n o contenidos il\u00edcitos, ilegales, degradantes, obscenos y, en general, que contravengan las leyes, la moral o el orden p\u00fablico, o las normas sociales generalmente aceptadas.<\/p>\n\n\n\n<p>TSS no tiene facultad ni medios humanos ni t\u00e9cnicos para conocer, controlar ni aprobar toda la informaci\u00f3n, contenidos, productos o servicios facilitados por otras p\u00e1ginas Web que tengan establecidos enlaces con destino a la Plataforma. TSS no asume ning\u00fan tipo de responsabilidad por cualquier aspecto relativo a la p\u00e1gina Web que establece ese enlace con destino a la Plataforma, en concreto, a t\u00edtulo enunciativo y no limitativo, sobre su funcionamiento, acceso, datos, informaci\u00f3n, archivos, calidad y fiabilidad de sus productos y servicios, sus propios enlaces y\/o cualquiera de sus contenidos, en general.<\/p>\n\n\n\n<p>Cualquier persona f\u00edsica o jur\u00eddica que se proponga establecer un hiperenlace o dispositivo t\u00e9cnico de enlace desde su sitio Web a \u00e9ste, debe saber que estar\u00e1 sometido a las siguientes condiciones:<\/p>\n\n\n\n<ul class=\"wp-block-list\"><li>No se permite la reproducci\u00f3n ni total ni parcial de ninguno de los recursos ni contenidos del sitio Web de TSS.<\/li><li>Se proh\u00edben los deep-links con las p\u00e1ginas del sitio Web y de sus recursos y la creaci\u00f3n un browser o un border enviroment sobre las mismas.<\/li><li>No se declarar\u00e1 ni dar\u00e1 a entender que TSS ha supervisado o asumido de cualquier forma los contenidos o servicios ofrecidos o anunciados en el sitio Web en el que se establece el enlace.<\/li><li>La p\u00e1gina Web en la que se establezca el hiperenlace no deber\u00e1 contener ninguna marca, nombre comercial, r\u00f3tulo de establecimiento, denominaci\u00f3n, logotipo, eslogan u otros signos distintivos pertenecientes a TSS.<\/li><li>El sitio Web en el que se establezca el enlace no contendr\u00e1 informaciones o contenidos il\u00edcitos, contrarios a la moral y buenas costumbres generalmente aceptadas y al orden p\u00fablico, o contrarios a cualesquiera derechos de terceros.<\/li><\/ul>\n\n\n\n<p><strong>5. REGLAS DE USO DE LA WEB<\/strong><\/p>\n\n\n\n<p>No est\u00e1 permitido y, por tanto, sus consecuencias ser\u00e1n de la exclusiva responsabilidad del usuario, el acceso o la utilizaci\u00f3n del Sitio Web con fines ilegales o no autorizados, con o sin finalidad econ\u00f3mica. En particular, y sin que el siguiente listado tenga car\u00e1cter absoluto, queda prohibido:<\/p>\n\n\n\n<ol class=\"wp-block-list\"><li>Usar el Sitio Web en cualquier forma que pudiera implicar da\u00f1os, interrupciones, ineficiencias o defectos de funcionamiento del mismo o de un ordenador de un tercero.<\/li><li>Usar el Sitio Web para transmitir, instalar o publicar cualquier virus, c\u00f3digo malicioso u otros programas o archivos da\u00f1inos.<\/li><li>Usar el Sitio Web para transmitir material con fines publicitarios o promocionales, incluyendo spam, correo masivo o similar.<\/li><li>Usar el Sitio Web de manera que constituya una violaci\u00f3n de los derechos de TSS o de cualquier tercero.<\/li><li>Usar el Sitio Web para transmitir o publicar cualquier material difamatorio, ofensivo, racista, vulgar, degradante, pornogr\u00e1fico, obsceno o amenazante que pueda causar incomodidad a cualquier persona.<\/li><li>Usar el Sitio Web de forma ilegal, vulnerando la buena fe, la moral y el orden p\u00fablico.<\/li><li>Acceder e interactuar en el Sitio Web con una identidad falsa, reemplazar a terceros, usar un perfil o realizar cualquier otra acci\u00f3n que pueda confundir sobre la identidad del origen del mensaje.<\/li><li>Acceder sin autorizaci\u00f3n a ninguna secci\u00f3n de la Web, a otros sistemas o redes conectadas al Sitio Web, a ning\u00fan servidor TSS, ni a servicios ofrecidos a trav\u00e9s del Sitio Web, mediante pirater\u00eda o falsificaci\u00f3n, extracci\u00f3n de contrase\u00f1as o cualquier otra v\u00eda ileg\u00edtima.<\/li><li>Vulnerar o intentar vulnerar medidas de seguridad o autenticaci\u00f3n Web o autenticaci\u00f3n de cualquier otra red conectada a ella, as\u00ed como medidas de seguridad o protecci\u00f3n inherentes al contenido Web.<\/li><li>Realizar cualquier acci\u00f3n que pueda provocar una saturaci\u00f3n desproporcionada o innecesaria de la infraestructura Web o de los servicios de red TSS, as\u00ed como de cualquier sistema o red conectada al Sitio Web;<\/li><\/ol>\n\n\n\n<p>El incumplimiento de cualquiera de las anteriores obligaciones podr\u00e1 llevar aparejada la adopci\u00f3n por TSS de las medidas oportunas amparadas en Derecho y en el ejercicio de sus derechos u obligaciones. En particular, algunas de las anteriores acciones est\u00e1n tipificadas como delitos en el C\u00f3digo Penal espa\u00f1ol, y TSS pondr\u00e1 toda acci\u00f3n contraria a lo anteriormente expuesto en conocimiento de las autoridades competentes.<\/p>\n\n\n\n<p><strong>6. RESPONSABILIDADES Y GARANT\u00cdAS.<\/strong><\/p>\n\n\n\n<p>TSS no garantiza: (i) la continuidad de los contenidos del Sitio Web; (ii) la ausencia de errores en dichos contenidos; (iii) la ausencia de virus o dem\u00e1s componentes da\u00f1inos en el Sitio Web o en el servidor que lo suministra; (iv) la invulnerabilidad del Sitio Web o la imposibilidad de vulnerar las medidas de seguridad que se adopten para el mismo; (v) la falta de utilidad o rendimiento de los contenidos del Sitio Web; y (vi) los da\u00f1os o perjuicios que cause, a s\u00ed mismo o a un tercero, cualquier persona que infringiera las condiciones, normas e instrucciones que TSS establece, no pudiendo TSS, por lo tanto, ser considerado responsable por las consecuencias adversas e indeseables que pudieran surgir al respecto.<\/p>\n\n\n\n<p>Sin embargo, TSS declara que ha adoptado todas las medidas necesarias, dentro de sus posibilidades y del estado de la t\u00e9cnica, para garantizar el buen funcionamiento del Sitio Web y reducir al m\u00ednimo los errores del sistema, tanto desde el punto de vista t\u00e9cnico como de los contenidos publicados, as\u00ed como para evitar la existencia y transmisi\u00f3n de virus y dem\u00e1s componentes da\u00f1inos a los sistemas inform\u00e1ticos de los Usuarios.<\/p>\n\n\n\n<p>En todos los casos, TSS se reserva el derecho de suspender, modificar, restringir o interrumpir temporal o permanentemente el acceso, navegaci\u00f3n, uso, carga de contenido y\/o descarga de contenido o uso de servicios Web, con o sin notificaci\u00f3n previa.<\/p>\n\n\n\n<p><strong>7. DERECHOS DE PROPIEDAD INDUSTRIAL E INTELECTUAL<\/strong><\/p>\n\n\n\n<p>El dise\u00f1o, los programas inform\u00e1ticos, as\u00ed como los logos, marcas y dem\u00e1s signos distintivos y\/o otros elementos (sin limitaci\u00f3n alguna: textos, im\u00e1genes, bases de datos, contenidos multimedia, sonidos, etc.) que se usan y\/o aparecen en el sitio Web pertenecen a TSS o han sido incluidos en el sitio Web con la autorizaci\u00f3n de su correspondiente titular y est\u00e1n protegidos por los correspondientes derechos de propiedad intelectual e industrial. El usuario se compromete a respetar estos derechos de Propiedad Intelectual e Industrial.<\/p>\n\n\n\n<p>El acceso por parte del usuario a los contenidos y servicios del sitio Web no implica, en ning\u00fan caso, ning\u00fan tipo de renuncia, transmisi\u00f3n o cesi\u00f3n total o parcial de los mencionados derechos, ni confiere ning\u00fan derecho de utilizaci\u00f3n, alteraci\u00f3n, explotaci\u00f3n, reproducci\u00f3n, distribuci\u00f3n o comunicaci\u00f3n p\u00fablica sobre los contenidos o signos distintivos objeto de propiedad intelectual o industrial, sin la previa y expresa autorizaci\u00f3n espec\u00edficamente otorgada a tal efecto por parte de TSS o del tercero titular de los derechos.<\/p>\n\n\n\n<p>Quedan expresamente prohibidas la reproducci\u00f3n, la distribuci\u00f3n, la comunicaci\u00f3n p\u00fablica, incluida su modalidad de puesta a disposici\u00f3n, de la totalidad o parte de los contenidos de este sitio Web, con fines comerciales, en cualquier soporte y por cualquier medio t\u00e9cnico, sin la autorizaci\u00f3n de TSS.<\/p>\n\n\n\n<p><strong>8. SUSPENSI\u00d3N DE LA WEB.<\/strong><\/p>\n\n\n\n<p>TSS se reserva el derecho a suspender, modificar, restringir o interrumpir, ya sea temporal o permanentemente, el acceso, navegaci\u00f3n, uso, alojamiento y\/o descarga del contenido y\/o uso de servicios del Sitio Web.<\/p>\n\n\n\n<p><strong>9. GENERALES.<\/strong><\/p>\n\n\n\n<p>Los encabezamientos a las distintas cl\u00e1usulas son meramente informativos y no afectar\u00e1n, calificar\u00e1n o ampliar\u00e1n la interpretaci\u00f3n de los presentes T&amp;C. Adem\u00e1s, TSS podr\u00e1 modificar los t\u00e9rminos y condiciones establecidos aqu\u00ed, total o parcialmente, publicando cualquier cambio en la misma forma en que aparece estos T&amp;C.<\/p>\n\n\n\n<p>Estos T&amp;C est\u00e1n vigentes, desde el momento de su publicaci\u00f3n hasta su modificaci\u00f3n total o parcial. A partir de ese momento, los T&amp;C modificados entrar\u00e1n en vigor.<\/p>\n\n\n\n<p>Asimismo, TSS podr\u00e1 dar por terminado, suspender o interrumpir, en cualquier momento y sin necesidad de preaviso, el acceso a los contenidos del Sitio Web.<\/p>\n\n\n\n<p>En el caso de que cualquier disposici\u00f3n de los presentes T&amp;C fuese declarada nula o inaplicable, en su totalidad o en parte, por cualquier Juzgado, Tribunal u \u00f3rgano administrativo competente, dicha nulidad o inaplicaci\u00f3n no afectar\u00e1 a las restantes disposiciones del mismo.<\/p>\n\n\n\n<p>El no ejercicio o ejecuci\u00f3n por parte de TSS de cualquier derecho o disposici\u00f3n contenido en los presentes T&amp;C no constituir\u00e1 una renuncia al mismo.<\/p>\n\n\n\n<p><strong>10.<\/strong> <strong>LEGISLACI\u00d3N APLICABLE&nbsp;<\/strong><\/p>\n\n\n\n<p>Estos T&amp;C quedan sometidas al derecho com\u00fan espa\u00f1ol.<\/p>\n","protected":false},"excerpt":{"rendered":"T\u00c9RMINOS Y CONDICIONES Lea cuidadosamente este documento. El mismo se constituye como T\u00e9rminos y Condiciones que regulan el acceso, navegaci\u00f3n y utilizaci\u00f3n del sitio web https:\/\/ www. Strohm-TEKA.com (en adelante, \u201cSitio Web\u201d).&nbsp; El acceso, navegaci\u00f3n y utilizaci\u00f3n del presente Sitio Web implica la aceptaci\u00f3n expresa y sin reservas de todos los t\u00e9rminos recogidos en los&#8230;","protected":false},"author":17,"featured_media":0,"parent":0,"menu_order":0,"comment_status":"closed","ping_status":"closed","template":"","meta":{"_acf_changed":false,"footnotes":""},"class_list":["post-54840","page","type-page","status-publish","hentry"],"acf":[],"yoast_head":"<!-- This site is optimized with the Yoast SEO plugin v27.1.1 - https:\/\/yoast.com\/product\/yoast-seo-wordpress\/ -->\n<title>T\u00e9rminos y condiciones - Strohm Teka Hungary<\/title>\n<meta name=\"robots\" content=\"index, follow, max-snippet:-1, max-image-preview:large, max-video-preview:-1\" \/>\n<link rel=\"canonical\" href=\"https:\/\/strohm-teka.hu\/es\/terminos-y-condiciones\/\" \/>\n<meta property=\"og:locale\" content=\"es_ES\" \/>\n<meta property=\"og:type\" content=\"article\" \/>\n<meta property=\"og:title\" content=\"T\u00e9rminos y condiciones - Strohm Teka Hungary\" \/>\n<meta property=\"og:description\" content=\"T\u00c9RMINOS Y CONDICIONES Lea cuidadosamente este documento. El mismo se constituye como T\u00e9rminos y Condiciones que regulan el acceso, navegaci\u00f3n y utilizaci\u00f3n del sitio web https:\/\/ www. Strohm-TEKA.com (en adelante, \u201cSitio Web\u201d).&nbsp; El acceso, navegaci\u00f3n y utilizaci\u00f3n del presente Sitio Web implica la aceptaci\u00f3n expresa y sin reservas de todos los t\u00e9rminos recogidos en los...\" \/>\n<meta property=\"og:url\" content=\"https:\/\/strohm-teka.hu\/es\/terminos-y-condiciones\/\" \/>\n<meta property=\"og:site_name\" content=\"Strohm Teka Hungary\" \/>\n<meta property=\"article:modified_time\" content=\"2021-01-27T16:18:35+00:00\" \/>\n<meta property=\"og:image\" content=\"https:\/\/strohm-wp-services.1s.funcionalia.com\/2021\/01\/brand_rgb_png3.png\" \/>\n\t<meta property=\"og:image:width\" content=\"11601\" \/>\n\t<meta property=\"og:image:height\" content=\"4519\" \/>\n\t<meta property=\"og:image:type\" content=\"image\/png\" \/>\n<meta name=\"twitter:card\" content=\"summary_large_image\" \/>\n<script type=\"application\/ld+json\" class=\"yoast-schema-graph\">{\"@context\":\"https:\/\/schema.org\",\"@graph\":[{\"@type\":\"WebPage\",\"@id\":\"https:\/\/strohm-teka.hu\/es\/terminos-y-condiciones\/\",\"url\":\"https:\/\/strohm-teka.hu\/es\/terminos-y-condiciones\/\",\"name\":\"T\u00e9rminos y condiciones - Strohm Teka Hungary\",\"isPartOf\":{\"@id\":\"https:\/\/strohm-teka.hu\/es\/#website\"},\"datePublished\":\"2020-09-24T10:31:19+00:00\",\"dateModified\":\"2021-01-27T16:18:35+00:00\",\"breadcrumb\":{\"@id\":\"https:\/\/strohm-teka.hu\/es\/terminos-y-condiciones\/#breadcrumb\"},\"inLanguage\":\"es\",\"potentialAction\":[{\"@type\":\"ReadAction\",\"target\":[\"https:\/\/strohm-teka.hu\/es\/terminos-y-condiciones\/\"]}]},{\"@type\":\"BreadcrumbList\",\"@id\":\"https:\/\/strohm-teka.hu\/es\/terminos-y-condiciones\/#breadcrumb\",\"itemListElement\":[{\"@type\":\"ListItem\",\"position\":1,\"name\":\"Home\",\"item\":\"https:\/\/strohm-teka.hu\/es\/\"},{\"@type\":\"ListItem\",\"position\":2,\"name\":\"T\u00e9rminos y condiciones\"}]},{\"@type\":\"WebSite\",\"@id\":\"https:\/\/strohm-teka.hu\/es\/#website\",\"url\":\"https:\/\/strohm-teka.hu\/es\/\",\"name\":\"Strohm Teka Hungary\",\"description\":\"Welcome to your comfort zone\",\"publisher\":{\"@id\":\"https:\/\/strohm-teka.hu\/es\/#organization\"},\"potentialAction\":[{\"@type\":\"SearchAction\",\"target\":{\"@type\":\"EntryPoint\",\"urlTemplate\":\"https:\/\/strohm-teka.hu\/es\/?s={search_term_string}\"},\"query-input\":{\"@type\":\"PropertyValueSpecification\",\"valueRequired\":true,\"valueName\":\"search_term_string\"}}],\"inLanguage\":\"es\"},{\"@type\":\"Organization\",\"@id\":\"https:\/\/strohm-teka.hu\/es\/#organization\",\"name\":\"Strohm Teka\",\"url\":\"https:\/\/strohm-teka.hu\/es\/\",\"logo\":{\"@type\":\"ImageObject\",\"inLanguage\":\"es\",\"@id\":\"https:\/\/strohm-teka.hu\/es\/#\/schema\/logo\/image\/\",\"url\":\"https:\/\/strohm-wp-services.1s.funcionalia.com\/2021\/01\/strohm_teka_logo.jpg\",\"contentUrl\":\"https:\/\/strohm-wp-services.1s.funcionalia.com\/2021\/01\/strohm_teka_logo.jpg\",\"width\":738,\"height\":354,\"caption\":\"Strohm Teka\"},\"image\":{\"@id\":\"https:\/\/strohm-teka.hu\/es\/#\/schema\/logo\/image\/\"},\"sameAs\":[\"https:\/\/www.instagram.com\/strohm_teka_es\/\",\"https:\/\/www.linkedin.com\/company\/teka-strohm-espa\u00f1a\/\"]}]}<\/script>\n<!-- \/ Yoast SEO plugin. -->","yoast_head_json":{"title":"T\u00e9rminos y condiciones - Strohm Teka Hungary","robots":{"index":"index","follow":"follow","max-snippet":"max-snippet:-1","max-image-preview":"max-image-preview:large","max-video-preview":"max-video-preview:-1"},"canonical":"https:\/\/strohm-teka.hu\/es\/terminos-y-condiciones\/","og_locale":"es_ES","og_type":"article","og_title":"T\u00e9rminos y condiciones - Strohm Teka Hungary","og_description":"T\u00c9RMINOS Y CONDICIONES Lea cuidadosamente este documento. El mismo se constituye como T\u00e9rminos y Condiciones que regulan el acceso, navegaci\u00f3n y utilizaci\u00f3n del sitio web https:\/\/ www. Strohm-TEKA.com (en adelante, \u201cSitio Web\u201d).&nbsp; El acceso, navegaci\u00f3n y utilizaci\u00f3n del presente Sitio Web implica la aceptaci\u00f3n expresa y sin reservas de todos los t\u00e9rminos recogidos en los...","og_url":"https:\/\/strohm-teka.hu\/es\/terminos-y-condiciones\/","og_site_name":"Strohm Teka Hungary","article_modified_time":"2021-01-27T16:18:35+00:00","og_image":[{"width":11601,"height":4519,"url":"https:\/\/strohm-wp-services.1s.funcionalia.com\/2021\/01\/brand_rgb_png3.png","type":"image\/png"}],"twitter_card":"summary_large_image","schema":{"@context":"https:\/\/schema.org","@graph":[{"@type":"WebPage","@id":"https:\/\/strohm-teka.hu\/es\/terminos-y-condiciones\/","url":"https:\/\/strohm-teka.hu\/es\/terminos-y-condiciones\/","name":"T\u00e9rminos y condiciones - Strohm Teka Hungary","isPartOf":{"@id":"https:\/\/strohm-teka.hu\/es\/#website"},"datePublished":"2020-09-24T10:31:19+00:00","dateModified":"2021-01-27T16:18:35+00:00","breadcrumb":{"@id":"https:\/\/strohm-teka.hu\/es\/terminos-y-condiciones\/#breadcrumb"},"inLanguage":"es","potentialAction":[{"@type":"ReadAction","target":["https:\/\/strohm-teka.hu\/es\/terminos-y-condiciones\/"]}]},{"@type":"BreadcrumbList","@id":"https:\/\/strohm-teka.hu\/es\/terminos-y-condiciones\/#breadcrumb","itemListElement":[{"@type":"ListItem","position":1,"name":"Home","item":"https:\/\/strohm-teka.hu\/es\/"},{"@type":"ListItem","position":2,"name":"T\u00e9rminos y condiciones"}]},{"@type":"WebSite","@id":"https:\/\/strohm-teka.hu\/es\/#website","url":"https:\/\/strohm-teka.hu\/es\/","name":"Strohm Teka Hungary","description":"Welcome to your comfort zone","publisher":{"@id":"https:\/\/strohm-teka.hu\/es\/#organization"},"potentialAction":[{"@type":"SearchAction","target":{"@type":"EntryPoint","urlTemplate":"https:\/\/strohm-teka.hu\/es\/?s={search_term_string}"},"query-input":{"@type":"PropertyValueSpecification","valueRequired":true,"valueName":"search_term_string"}}],"inLanguage":"es"},{"@type":"Organization","@id":"https:\/\/strohm-teka.hu\/es\/#organization","name":"Strohm Teka","url":"https:\/\/strohm-teka.hu\/es\/","logo":{"@type":"ImageObject","inLanguage":"es","@id":"https:\/\/strohm-teka.hu\/es\/#\/schema\/logo\/image\/","url":"https:\/\/strohm-wp-services.1s.funcionalia.com\/2021\/01\/strohm_teka_logo.jpg","contentUrl":"https:\/\/strohm-wp-services.1s.funcionalia.com\/2021\/01\/strohm_teka_logo.jpg","width":738,"height":354,"caption":"Strohm Teka"},"image":{"@id":"https:\/\/strohm-teka.hu\/es\/#\/schema\/logo\/image\/"},"sameAs":["https:\/\/www.instagram.com\/strohm_teka_es\/","https:\/\/www.linkedin.com\/company\/teka-strohm-espa\u00f1a\/"]}]}},"_links":{"self":[{"href":"https:\/\/strohm-teka.hu\/es\/wp-json\/wp\/v2\/pages\/54840","targetHints":{"allow":["GET"]}}],"collection":[{"href":"https:\/\/strohm-teka.hu\/es\/wp-json\/wp\/v2\/pages"}],"about":[{"href":"https:\/\/strohm-teka.hu\/es\/wp-json\/wp\/v2\/types\/page"}],"author":[{"embeddable":true,"href":"https:\/\/strohm-teka.hu\/es\/wp-json\/wp\/v2\/users\/17"}],"replies":[{"embeddable":true,"href":"https:\/\/strohm-teka.hu\/es\/wp-json\/wp\/v2\/comments?post=54840"}],"version-history":[{"count":3,"href":"https:\/\/strohm-teka.hu\/es\/wp-json\/wp\/v2\/pages\/54840\/revisions"}],"predecessor-version":[{"id":65291,"href":"https:\/\/strohm-teka.hu\/es\/wp-json\/wp\/v2\/pages\/54840\/revisions\/65291"}],"wp:attachment":[{"href":"https:\/\/strohm-teka.hu\/es\/wp-json\/wp\/v2\/media?parent=54840"}],"curies":[{"name":"wp","href":"https:\/\/api.w.org\/{rel}","templated":true}]}}