{"id":54935,"date":"2020-09-24T14:48:32","date_gmt":"2020-09-24T14:48:32","guid":{"rendered":"http:\/\/strohm-teka.com\/?page_id=54935"},"modified":"2021-06-29T18:36:10","modified_gmt":"2021-06-29T16:36:10","slug":"strohm-teka","status":"publish","type":"page","link":"https:\/\/strohm-teka.hu\/es\/","title":{"rendered":"Strohm Teka"},"content":{"rendered":"\n<div style=\"height:20px\" aria-hidden=\"true\" class=\"wp-block-spacer\"><\/div>\n\n\n<\/div><\/div>\n<div class=\"full-screen-container \" style=\"background-image: url(https:\/\/strohm-wp-services.1s.funcionalia.com\/2020\/10\/showroom-02_dark-e1605183776226-1500x600.jpg);\">\n\t<div class=\"content\">\n\t\t<div class=\"inner-holder\">\n\t\t\t<p class=\"title\">Vive la experiencia Strohm en directo<\/p>\n\t\t\t<p class=\"description\">Visita nuestro Showroom en Madrid<\/p>\n\t\t\t<p class=\"description\"><a href=\"\" class=\"link arrow-link\"><\/a><\/p>\n\t\t<\/div>\n\t<\/div>\n<\/div>\n<div class=\"container\"><div class=\"formatted-text\">\n\n<\/div><\/div>\n<div class=\"full-screen-row\">\n\t<div class=\"content \" style=\"background-image: url(https:\/\/strohm-wp-services.1s.funcionalia.com\/2020\/10\/detalles_0009_capa-27-900x500.jpg);width:50%;\">\n\t\t\t\t<div class=\"inner-holder\">\n\t\t\t<p class=\"title\"><a href=\"\/es\/categorias\/ducha\/\">Columnas de ducha<\/a><\/p>\n\t\t\t<p class=\"description\"><\/p>\n\t\t<\/div>\n\t<\/div>\n\t<div class=\"content \" style=\"background-image: url(https:\/\/strohm-wp-services.1s.funcionalia.com\/2020\/10\/lavabo-01-900x500.jpg);width:50%;\">\n\t\t\t<div class=\"inner-holder\">\n\t\t\t<p class=\"title\"><a href=\"\/es\/categorias\/lavabos-y-muebles\/\">Lavabos y muebles<\/a><\/p>\n\t\t\t<p class=\"description\"><\/p>\n\t\t<\/div>\n\t<\/div>\n\t<\/div>\n<div class=\"container\"><div class=\"formatted-text\">\n\n<\/div><\/div>\n<div class=\"full-screen-row\">\n\t<div class=\"content \" style=\"background-image: url(https:\/\/strohm-wp-services.1s.funcionalia.com\/2020\/10\/bano-03-900x500.jpg);width:60%;\">\n\t\t\t\t<div class=\"inner-holder\">\n\t\t\t<p class=\"title\"><a href=\"\/es\/categorias\/baneras\/\">Ba\u00f1eras<\/a><\/p>\n\t\t\t<p class=\"description\"><\/p>\n\t\t<\/div>\n\t<\/div>\n\t<div class=\"content \" style=\"background-image: url(https:\/\/strohm-wp-services.1s.funcionalia.com\/2020\/09\/banos-modernos-sanitarios.jpg);width:40%;\">\n\t\t\t<div class=\"inner-holder\">\n\t\t\t<p class=\"title\"><a href=\"\/es\/categorias\/inodoros-y-bidets\/\">Inodoros y bid\u00e9s<\/a><\/p>\n\t\t\t<p class=\"description\"><\/p>\n\t\t<\/div>\n\t<\/div>\n\t<\/div>\n<div class=\"container\"><div class=\"formatted-text\">\n\n<\/div><\/div>\n<div class=\"full-screen-row\">\n\t<div class=\"content \" style=\"background-image: url(https:\/\/strohm-wp-services.1s.funcionalia.com\/2020\/10\/detalles_0004_capa-32-900x500.jpg);width:40%;\">\n\t\t\t\t<div class=\"inner-holder\">\n\t\t\t<p class=\"title\"><a href=\"\/es\/categorias\/complementos\/\">Complementos<\/a><\/p>\n\t\t\t<p class=\"description\"><\/p>\n\t\t<\/div>\n\t<\/div>\n\t<div class=\"content \" style=\"background-image: url(https:\/\/strohm-wp-services.1s.funcionalia.com\/2020\/10\/detalles_0002_capa-34-900x500.jpg);width:60%;\">\n\t\t\t<div class=\"inner-holder\">\n\t\t\t<p class=\"title\"><a href=\"\/es\/series\/platos-de-ducha\/\">Platos de ducha<\/a><\/p>\n\t\t\t<p class=\"description\"><\/p>\n\t\t<\/div>\n\t<\/div>\n\t<\/div>\n<div class=\"container\"><div class=\"formatted-text\">\n\n\n<div style=\"height:20px\" aria-hidden=\"true\" class=\"wp-block-spacer\"><\/div>\n\n\n<\/div><\/div>\n<div class=\"full-screen-container \" style=\"background-image: url(https:\/\/strohm-wp-services.1s.funcionalia.com\/2020\/10\/bano-07-1800x600.jpg);\">\n\t<div class=\"content\">\n\t\t<div class=\"inner-holder\">\n\t\t\t<p class=\"title\">Una colecci\u00f3n para cada estilo<\/p>\n\t\t\t<p class=\"description\">Una marca para todas las necesidades<\/p>\n\t\t\t<p class=\"description\"><a href=\"\/colecciones\/\" class=\"link arrow-link\">Ver todas las colecciones<\/a><\/p>\n\t\t<\/div>\n\t<\/div>\n<\/div>\n<div class=\"container\"><div class=\"formatted-text\">\n\n\n<div style=\"height:20px\" aria-hidden=\"true\" class=\"wp-block-spacer\"><\/div>\n\n\n<\/div><\/div>\n<div class=\"full-screen-row\">\n\t<div class=\"content \" style=\"background-image: url(https:\/\/strohm-wp-services.1s.funcionalia.com\/2020\/10\/banosol-copia-e1603354567524-900x500.jpg);width:70%;\">\n\t\t\t\t<div class=\"inner-holder\">\n\t\t\t<p class=\"title\"><a href=\"https:\/\/strohm-teka.com\/colecciones\/itaca\/\">Colecci\u00f3n Itaca<\/a><\/p>\n\t\t\t<p class=\"description\">Busca la armon\u00eda en los contrastes de la naturaleza<\/p>\n\t\t<\/div>\n\t<\/div>\n\t<div class=\"content empty\" style=\"background-image: url(https:\/\/strohm-wp-services.1s.funcionalia.com\/2020\/10\/strohm_sowroom_276-900x500.jpg);width:30%;\">\n\t\t\t<div class=\"inner-holder\">\n\t\t\t<p class=\"title\"><a href=\"\"><\/a><\/p>\n\t\t\t<p class=\"description\"><\/p>\n\t\t<\/div>\n\t<\/div>\n\t<\/div>\n<div class=\"container\"><div class=\"formatted-text\">\n\n\n<div style=\"height:20px\" aria-hidden=\"true\" class=\"wp-block-spacer\"><\/div>\n\n\n<\/div><\/div>\n<div class=\"full-screen-row\">\n\t<div class=\"content empty\" style=\"background-image: url(https:\/\/strohm-wp-services.1s.funcionalia.com\/2020\/11\/strohm_sense_008-900x500.jpg);width:40%;\">\n\t\t\t\t<div class=\"inner-holder\">\n\t\t\t<p class=\"title\"><a href=\"https:\/\/strohm-teka.com\/colecciones\/sense\/\"><\/a><\/p>\n\t\t\t<p class=\"description\"><\/p>\n\t\t<\/div>\n\t<\/div>\n\t<div class=\"content \" style=\"background-image: url(https:\/\/strohm-wp-services.1s.funcionalia.com\/2020\/11\/strohm_sense_004-900x500.jpg);width:60%;\">\n\t\t\t<div class=\"inner-holder\">\n\t\t\t<p class=\"title\"><a href=\"https:\/\/strohm-teka.com\/colecciones\/sense\/\">Colecci\u00f3n Sense<\/a><\/p>\n\t\t\t<p class=\"description\">Apaga el ruido de la ciudad y conecta con tus sentidos<\/p>\n\t\t<\/div>\n\t<\/div>\n\t<\/div>\n<div class=\"container\"><div class=\"formatted-text\">\n\n\n<div style=\"height:20px\" aria-hidden=\"true\" class=\"wp-block-spacer\"><\/div>\n\n\n\n<iframe loading=\"lazy\" width=\"100%\" height=\"690\" src=\"https:\/\/www.youtube.com\/embed\/D0NYPQ-d1RM\" frameborder=\"0\" allow=\"accelerometer; autoplay; clipboard-write; encrypted-media; gyroscope; picture-in-picture\" allowfullscreen=\"\"><\/iframe>\n\n\n\n<h3 class=\"wp-block-heading\">Sobre Strohm Teka<\/h3>\n\n\n\n<p class=\"has-normal-font-size\">Strohm Teka es una marca enfocada en brindar soluciones integrales para el espacio de ba\u00f1o a trav\u00e9s de todas sus categor\u00edas de producto: <strong>grifer\u00eda<\/strong>, <strong>muebles<\/strong>, <strong>espejos<\/strong>, <strong>mamparas<\/strong>, <strong>accesorios<\/strong> y diversos productos cer\u00e1micos como <strong>ba\u00f1eras<\/strong>, <strong>platos de ducha<\/strong>, <strong>inodoros<\/strong> y <strong>bidets<\/strong>.<\/p>\n\n\n\n<p>En Strohm Teka a trav\u00e9s de nuestras colecciones,&nbsp;<strong>ofrecemos soluciones integrales para ba\u00f1os<\/strong>&nbsp;y buscamos dise\u00f1ar productos pensando en los diferentes estilos de vida de nuestros usuarios, as\u00ed como sus momentos vitales o lugares en los que necesiten disfrutar del espacio ba\u00f1o, teniendo siempre como premisa principal nuestros valores de marca que son:&nbsp;<em>facilitar<\/em>,&nbsp;<em>cuidar<\/em>&nbsp;e&nbsp;<em>inspirar<\/em>\u2026<\/p>\n\n\n\n<p>Teniendo presente nuestra misi\u00f3n de ir m\u00e1s all\u00e1 de las soluciones de higiene y ofrecer experiencias integrales que conviertan los gestos m\u00e1s \u00edntimos de la vida cotidiana en momentos especiales.<\/p>\n\n\n\n<div style=\"height:100px\" aria-hidden=\"true\" class=\"wp-block-spacer\"><\/div>\n","protected":false},"excerpt":{"rendered":"Sobre Strohm Teka Strohm Teka es una marca enfocada en brindar soluciones integrales para el espacio de ba\u00f1o a trav\u00e9s de todas sus categor\u00edas de producto: grifer\u00eda, muebles, espejos, mamparas, accesorios y diversos productos cer\u00e1micos como ba\u00f1eras, platos de ducha, inodoros y bidets. En Strohm Teka a trav\u00e9s de nuestras colecciones,&nbsp;ofrecemos soluciones integrales para ba\u00f1os&nbsp;y&#8230;","protected":false},"author":17,"featured_media":0,"parent":0,"menu_order":0,"comment_status":"closed","ping_status":"closed","template":"templates\/home.php","meta":{"_acf_changed":false,"footnotes":""},"class_list":["post-54935","page","type-page","status-publish","hentry"],"acf":[],"yoast_head":"<!-- This site is optimized with the Yoast SEO plugin v27.1.1 - https:\/\/yoast.com\/product\/yoast-seo-wordpress\/ -->\n<title>Strohm Teka - Strohm Teka Hungary<\/title>\n<meta name=\"robots\" content=\"index, follow, max-snippet:-1, max-image-preview:large, max-video-preview:-1\" \/>\n<link rel=\"canonical\" href=\"https:\/\/strohm-teka.hu\/es\/\" \/>\n<meta property=\"og:locale\" content=\"es_ES\" \/>\n<meta property=\"og:type\" content=\"article\" \/>\n<meta property=\"og:title\" content=\"Strohm Teka - Strohm Teka Hungary\" \/>\n<meta property=\"og:description\" content=\"Sobre Strohm Teka Strohm Teka es una marca enfocada en brindar soluciones integrales para el espacio de ba\u00f1o a trav\u00e9s de todas sus categor\u00edas de producto: grifer\u00eda, muebles, espejos, mamparas, accesorios y diversos productos cer\u00e1micos como ba\u00f1eras, platos de ducha, inodoros y bidets. En Strohm Teka a trav\u00e9s de nuestras colecciones,&nbsp;ofrecemos soluciones integrales para ba\u00f1os&nbsp;y...\" \/>\n<meta property=\"og:url\" content=\"https:\/\/strohm-teka.hu\/es\/\" \/>\n<meta property=\"og:site_name\" content=\"Strohm Teka Hungary\" \/>\n<meta property=\"article:modified_time\" content=\"2021-06-29T16:36:10+00:00\" \/>\n<meta property=\"og:image\" content=\"https:\/\/strohm-wp-services.1s.funcionalia.com\/2021\/01\/brand_rgb_png3.png\" \/>\n\t<meta property=\"og:image:width\" content=\"11601\" \/>\n\t<meta property=\"og:image:height\" content=\"4519\" \/>\n\t<meta property=\"og:image:type\" content=\"image\/png\" \/>\n<meta name=\"twitter:card\" content=\"summary_large_image\" \/>\n<script type=\"application\/ld+json\" class=\"yoast-schema-graph\">{\"@context\":\"https:\/\/schema.org\",\"@graph\":[{\"@type\":\"WebPage\",\"@id\":\"https:\/\/strohm-teka.hu\/es\/\",\"url\":\"https:\/\/strohm-teka.hu\/es\/\",\"name\":\"Strohm Teka - Strohm Teka Hungary\",\"isPartOf\":{\"@id\":\"https:\/\/strohm-teka.hu\/es\/#website\"},\"datePublished\":\"2020-09-24T14:48:32+00:00\",\"dateModified\":\"2021-06-29T16:36:10+00:00\",\"breadcrumb\":{\"@id\":\"https:\/\/strohm-teka.hu\/es\/#breadcrumb\"},\"inLanguage\":\"es\",\"potentialAction\":[{\"@type\":\"ReadAction\",\"target\":[\"https:\/\/strohm-teka.hu\/es\/\"]}]},{\"@type\":\"BreadcrumbList\",\"@id\":\"https:\/\/strohm-teka.hu\/es\/#breadcrumb\",\"itemListElement\":[{\"@type\":\"ListItem\",\"position\":1,\"name\":\"Home\",\"item\":\"https:\/\/strohm-teka.hu\/es\/\"},{\"@type\":\"ListItem\",\"position\":2,\"name\":\"Strohm Teka\"}]},{\"@type\":\"WebSite\",\"@id\":\"https:\/\/strohm-teka.hu\/es\/#website\",\"url\":\"https:\/\/strohm-teka.hu\/es\/\",\"name\":\"Strohm Teka Hungary\",\"description\":\"Welcome to your comfort zone\",\"publisher\":{\"@id\":\"https:\/\/strohm-teka.hu\/es\/#organization\"},\"potentialAction\":[{\"@type\":\"SearchAction\",\"target\":{\"@type\":\"EntryPoint\",\"urlTemplate\":\"https:\/\/strohm-teka.hu\/es\/?s={search_term_string}\"},\"query-input\":{\"@type\":\"PropertyValueSpecification\",\"valueRequired\":true,\"valueName\":\"search_term_string\"}}],\"inLanguage\":\"es\"},{\"@type\":\"Organization\",\"@id\":\"https:\/\/strohm-teka.hu\/es\/#organization\",\"name\":\"Strohm Teka\",\"url\":\"https:\/\/strohm-teka.hu\/es\/\",\"logo\":{\"@type\":\"ImageObject\",\"inLanguage\":\"es\",\"@id\":\"https:\/\/strohm-teka.hu\/es\/#\/schema\/logo\/image\/\",\"url\":\"https:\/\/strohm-wp-services.1s.funcionalia.com\/2021\/01\/strohm_teka_logo.jpg\",\"contentUrl\":\"https:\/\/strohm-wp-services.1s.funcionalia.com\/2021\/01\/strohm_teka_logo.jpg\",\"width\":738,\"height\":354,\"caption\":\"Strohm Teka\"},\"image\":{\"@id\":\"https:\/\/strohm-teka.hu\/es\/#\/schema\/logo\/image\/\"},\"sameAs\":[\"https:\/\/www.instagram.com\/strohm_teka_es\/\",\"https:\/\/www.linkedin.com\/company\/teka-strohm-espa\u00f1a\/\"]}]}<\/script>\n<!-- \/ Yoast SEO plugin. -->","yoast_head_json":{"title":"Strohm Teka - Strohm Teka Hungary","robots":{"index":"index","follow":"follow","max-snippet":"max-snippet:-1","max-image-preview":"max-image-preview:large","max-video-preview":"max-video-preview:-1"},"canonical":"https:\/\/strohm-teka.hu\/es\/","og_locale":"es_ES","og_type":"article","og_title":"Strohm Teka - Strohm Teka Hungary","og_description":"Sobre Strohm Teka Strohm Teka es una marca enfocada en brindar soluciones integrales para el espacio de ba\u00f1o a trav\u00e9s de todas sus categor\u00edas de producto: grifer\u00eda, muebles, espejos, mamparas, accesorios y diversos productos cer\u00e1micos como ba\u00f1eras, platos de ducha, inodoros y bidets. En Strohm Teka a trav\u00e9s de nuestras colecciones,&nbsp;ofrecemos soluciones integrales para ba\u00f1os&nbsp;y...","og_url":"https:\/\/strohm-teka.hu\/es\/","og_site_name":"Strohm Teka Hungary","article_modified_time":"2021-06-29T16:36:10+00:00","og_image":[{"width":11601,"height":4519,"url":"https:\/\/strohm-wp-services.1s.funcionalia.com\/2021\/01\/brand_rgb_png3.png","type":"image\/png"}],"twitter_card":"summary_large_image","schema":{"@context":"https:\/\/schema.org","@graph":[{"@type":"WebPage","@id":"https:\/\/strohm-teka.hu\/es\/","url":"https:\/\/strohm-teka.hu\/es\/","name":"Strohm Teka - Strohm Teka Hungary","isPartOf":{"@id":"https:\/\/strohm-teka.hu\/es\/#website"},"datePublished":"2020-09-24T14:48:32+00:00","dateModified":"2021-06-29T16:36:10+00:00","breadcrumb":{"@id":"https:\/\/strohm-teka.hu\/es\/#breadcrumb"},"inLanguage":"es","potentialAction":[{"@type":"ReadAction","target":["https:\/\/strohm-teka.hu\/es\/"]}]},{"@type":"BreadcrumbList","@id":"https:\/\/strohm-teka.hu\/es\/#breadcrumb","itemListElement":[{"@type":"ListItem","position":1,"name":"Home","item":"https:\/\/strohm-teka.hu\/es\/"},{"@type":"ListItem","position":2,"name":"Strohm Teka"}]},{"@type":"WebSite","@id":"https:\/\/strohm-teka.hu\/es\/#website","url":"https:\/\/strohm-teka.hu\/es\/","name":"Strohm Teka Hungary","description":"Welcome to your comfort zone","publisher":{"@id":"https:\/\/strohm-teka.hu\/es\/#organization"},"potentialAction":[{"@type":"SearchAction","target":{"@type":"EntryPoint","urlTemplate":"https:\/\/strohm-teka.hu\/es\/?s={search_term_string}"},"query-input":{"@type":"PropertyValueSpecification","valueRequired":true,"valueName":"search_term_string"}}],"inLanguage":"es"},{"@type":"Organization","@id":"https:\/\/strohm-teka.hu\/es\/#organization","name":"Strohm Teka","url":"https:\/\/strohm-teka.hu\/es\/","logo":{"@type":"ImageObject","inLanguage":"es","@id":"https:\/\/strohm-teka.hu\/es\/#\/schema\/logo\/image\/","url":"https:\/\/strohm-wp-services.1s.funcionalia.com\/2021\/01\/strohm_teka_logo.jpg","contentUrl":"https:\/\/strohm-wp-services.1s.funcionalia.com\/2021\/01\/strohm_teka_logo.jpg","width":738,"height":354,"caption":"Strohm Teka"},"image":{"@id":"https:\/\/strohm-teka.hu\/es\/#\/schema\/logo\/image\/"},"sameAs":["https:\/\/www.instagram.com\/strohm_teka_es\/","https:\/\/www.linkedin.com\/company\/teka-strohm-espa\u00f1a\/"]}]}},"_links":{"self":[{"href":"https:\/\/strohm-teka.hu\/es\/wp-json\/wp\/v2\/pages\/54935","targetHints":{"allow":["GET"]}}],"collection":[{"href":"https:\/\/strohm-teka.hu\/es\/wp-json\/wp\/v2\/pages"}],"about":[{"href":"https:\/\/strohm-teka.hu\/es\/wp-json\/wp\/v2\/types\/page"}],"author":[{"embeddable":true,"href":"https:\/\/strohm-teka.hu\/es\/wp-json\/wp\/v2\/users\/17"}],"replies":[{"embeddable":true,"href":"https:\/\/strohm-teka.hu\/es\/wp-json\/wp\/v2\/comments?post=54935"}],"version-history":[{"count":5,"href":"https:\/\/strohm-teka.hu\/es\/wp-json\/wp\/v2\/pages\/54935\/revisions"}],"predecessor-version":[{"id":103531,"href":"https:\/\/strohm-teka.hu\/es\/wp-json\/wp\/v2\/pages\/54935\/revisions\/103531"}],"wp:attachment":[{"href":"https:\/\/strohm-teka.hu\/es\/wp-json\/wp\/v2\/media?parent=54935"}],"curies":[{"name":"wp","href":"https:\/\/api.w.org\/{rel}","templated":true}]}}