{"id":55017,"date":"2020-09-24T16:16:15","date_gmt":"2020-09-24T16:16:15","guid":{"rendered":"http:\/\/strohm-teka.com\/?page_id=55017"},"modified":"2021-01-22T15:20:12","modified_gmt":"2021-01-22T14:20:12","slug":"sense","status":"publish","type":"page","link":"https:\/\/strohm-teka.hu\/es\/colecciones\/sense\/","title":{"rendered":"Sense"},"content":{"rendered":"<div class=\"center-aligned-columns\">\n\t<div class=\"grid align-center\">\n\t\t<div class=\"cols col6 tab-col5 mob-col12\">\n\t\t\t\t\t\t\t<video src=\"https:\/\/strohm-teka.com\/wp-content\/uploads\/2020\/10\/gripo-sense_1.mp4\" alt=\"\" autoplay loop muted playsinline preload><\/video>\n\t\t\t\t\t<\/div>\n\t\t<div class=\"cols col6 tab-col7 mob-col12 padded-in-text\">\n\t\t\t<h3>Sum\u00e9rgete en una calma absoluta<\/h3>\n\t\t\t<p><p>Una colecci\u00f3n para los que buscan apagar el ruido y el estr\u00e9s al llegar a casa.<br \/>\n<br \/><strong>Sense<\/strong> se caracteriza por la suavidad de sus formas, la sutileza de los movimientos y el silencio.<br \/>Se compone de <strong>grifer\u00eda de ba\u00f1o<\/strong> en finos acabados metalizados, muebles de ba\u00f1o de distintos tama\u00f1os, <strong>lavabos<\/strong> y <strong>espejos<\/strong>  con sensor de movimiento.<br \/>\n<br \/> Una propuesta para personas sensibles, sofisticadas y amantes de los detalles.<\/p>\n<\/p>\n\t\t<\/div>\n\t<\/div>\n<\/div>\n\n<div class=\"center-aligned-columns\">\n\t<div class=\"grid align-center\">\n\t\t<div class=\"cols col6 tab-col5 mob-col12\">\n\t\t\t\t\t\t\t<img decoding=\"async\" src=\"https:\/\/strohm-wp-services.1s.funcionalia.com\/2020\/10\/lavabo-01-750x500.jpg\" alt=\"\">\n\t\t\t\t\t<\/div>\n\t\t<div class=\"cols col6 tab-col7 mob-col12 padded-in-text\">\n\t\t\t<h3>Dise\u00f1o que acompa\u00f1a<\/h3>\n\t\t\t<p><p>Los productos Sense est\u00e1n dise\u00f1ados para llenar tu cuarto de ba\u00f1o de delicadeza, gracias a peque\u00f1os detalles como:<br \/>\n<br \/><strong>Grifos de ba\u00f1o que consumen 50% menos agua<\/strong>, muebles de lavabo con apertura tipo push, espejos con sensor de movimiento y mamparas correderas con una apertura silenciosa.<br \/>\n<br \/>La colecci\u00f3n de <strong>muebles de ba\u00f1o viene en 3 acabados distintos y m\u00e1s de 4 medidas a elegir.<\/strong> Fabricados en Espa\u00f1a con herrajes <strong>Hettich\u00ae<\/strong> de alta calidad que hace que las aperturas del caj\u00f3n sean suaves y delicadas.<\/p>\n<\/p>\n\t\t<\/div>\n\t<\/div>\n<\/div>\n\n<\/div><\/div>\n<div class=\"full-screen-row\">\n\t<div class=\"content \" style=\"background-image: url(https:\/\/strohm-wp-services.1s.funcionalia.com\/2020\/11\/strohm_sense_009-1-900x500.jpg);width:33%;\">\n\t\t\t\t<div class=\"inner-holder\">\n\t\t\t<p class=\"title\"><a href=\"\">Estilos Sense<\/a><\/p>\n\t\t\t<p class=\"description\"><\/p>\n\t\t<\/div>\n\t<\/div>\n\t<div class=\"content empty\" style=\"background-image: url(https:\/\/strohm-wp-services.1s.funcionalia.com\/2020\/11\/strohm_sense_006-900x500.jpg);width:34%;\">\n\t\t\t<div class=\"inner-holder\">\n\t\t\t<p class=\"title\"><a href=\"\"><\/a><\/p>\n\t\t\t<p class=\"description\"><\/p>\n\t\t<\/div>\n\t<\/div>\n\t\t<div class=\"content \" style=\"background-image: url(https:\/\/strohm-wp-services.1s.funcionalia.com\/2020\/11\/strohm_sense_004-900x500.jpg);width:33%;\">\n\t\t\t<div class=\"inner-holder\">\n\t\t\t<p class=\"title\"><a href=\"\">&nbsp;<\/a><\/p>\n\t\t\t<p class=\"description\"><\/p>\n\t\t<\/div>\n\t<\/div>\n\t<\/div>\n<div class=\"container\"><div class=\"formatted-text\">\n\n\n<div class=\"center-aligned-columns video\" id=\"video-block-block_60096a550a4061\">\n\t<div class=\"grid align-center video-holder\">\n\t\t<div class=\"cols col12 mob-col12\">\n\t\t\t<h3>Descubre la colecci\u00f3n Sense<\/h3>\n\t\t<\/div>\n\t\t<div class=\"cols col12 mob-col12\">\n\t\t\t<div class=\"img\">\n\t\t\t\t<img decoding=\"async\" src=\"https:\/\/strohm-wp-services.1s.funcionalia.com\/2020\/10\/sense-strohm-video-thumbnail.jpg\" alt=\"\">\n\t\t\t\t<a href=\"#\" class=\"play play-video-btn\">\n\t\t\t\t\t<img decoding=\"async\" src=\"https:\/\/strohm-teka.hu\/wp-content\/themes\/strohm\/img\/ui-kit\/play.svg\" alt=\"\">\n\t\t\t\t<\/a>\n\t\t\t<\/div>\n\t\t<\/div>\n\t<\/div>\n\t\t\n\t\t<video class=\"video-player\" id=\"video-player\" preload=\"true\" width=\"100%\" controls style=\"display:none;\"> \n\t\t\t<source src=\"https:\/\/player.vimeo.com\/external\/322226112.hd.mp4?s=b87c9039db2817c7b931d4dcb7031eecc24c9fa1&#038;profile_id=175\">\n\t\t<\/video>\n\t\n\t\t\n<\/div>\n\n<style type=\"text\/css\">\n\t.acf-block-component #video-block-block_60096a550a4061 iframe.yt-video-player {\n\t\tdisplay: none;\n\t}\n<\/style>","protected":false},"excerpt":{"rendered":"","protected":false},"author":17,"featured_media":59586,"parent":41,"menu_order":1,"comment_status":"closed","ping_status":"closed","template":"templates\/collection.php","meta":{"_acf_changed":false,"footnotes":""},"class_list":["post-55017","page","type-page","status-publish","has-post-thumbnail","hentry"],"acf":[],"yoast_head":"<!-- This site is optimized with the Yoast SEO plugin v27.1.1 - https:\/\/yoast.com\/product\/yoast-seo-wordpress\/ -->\n<title>Sense - Strohm Teka Hungary<\/title>\n<meta name=\"robots\" content=\"index, follow, max-snippet:-1, max-image-preview:large, max-video-preview:-1\" \/>\n<link rel=\"canonical\" href=\"https:\/\/strohm-teka.hu\/es\/colecciones\/sense\/\" \/>\n<meta property=\"og:locale\" content=\"es_ES\" \/>\n<meta property=\"og:type\" content=\"article\" \/>\n<meta property=\"og:title\" content=\"Sense - Strohm Teka Hungary\" \/>\n<meta property=\"og:url\" content=\"https:\/\/strohm-teka.hu\/es\/colecciones\/sense\/\" \/>\n<meta property=\"og:site_name\" content=\"Strohm Teka Hungary\" \/>\n<meta property=\"article:modified_time\" content=\"2021-01-22T14:20:12+00:00\" \/>\n<meta property=\"og:image\" content=\"https:\/\/strohm-wp-services.1s.funcionalia.com\/2020\/11\/strohm_sense_005.jpg\" \/>\n\t<meta property=\"og:image:width\" content=\"1500\" \/>\n\t<meta property=\"og:image:height\" content=\"1000\" \/>\n\t<meta property=\"og:image:type\" content=\"image\/jpeg\" \/>\n<meta name=\"twitter:card\" content=\"summary_large_image\" \/>\n<script type=\"application\/ld+json\" class=\"yoast-schema-graph\">{\"@context\":\"https:\/\/schema.org\",\"@graph\":[{\"@type\":\"WebPage\",\"@id\":\"https:\/\/strohm-teka.hu\/es\/colecciones\/sense\/\",\"url\":\"https:\/\/strohm-teka.hu\/es\/colecciones\/sense\/\",\"name\":\"Sense - Strohm Teka Hungary\",\"isPartOf\":{\"@id\":\"https:\/\/strohm-teka.hu\/es\/#website\"},\"primaryImageOfPage\":{\"@id\":\"https:\/\/strohm-teka.hu\/es\/colecciones\/sense\/#primaryimage\"},\"image\":{\"@id\":\"https:\/\/strohm-teka.hu\/es\/colecciones\/sense\/#primaryimage\"},\"thumbnailUrl\":\"https:\/\/strohm-wp-services.1s.funcionalia.com\/2020\/11\/strohm_sense_005.jpg\",\"datePublished\":\"2020-09-24T16:16:15+00:00\",\"dateModified\":\"2021-01-22T14:20:12+00:00\",\"breadcrumb\":{\"@id\":\"https:\/\/strohm-teka.hu\/es\/colecciones\/sense\/#breadcrumb\"},\"inLanguage\":\"es\",\"potentialAction\":[{\"@type\":\"ReadAction\",\"target\":[\"https:\/\/strohm-teka.hu\/es\/colecciones\/sense\/\"]}]},{\"@type\":\"ImageObject\",\"inLanguage\":\"es\",\"@id\":\"https:\/\/strohm-teka.hu\/es\/colecciones\/sense\/#primaryimage\",\"url\":\"https:\/\/strohm-wp-services.1s.funcionalia.com\/2020\/11\/strohm_sense_005.jpg\",\"contentUrl\":\"https:\/\/strohm-wp-services.1s.funcionalia.com\/2020\/11\/strohm_sense_005.jpg\",\"width\":1500,\"height\":1000},{\"@type\":\"BreadcrumbList\",\"@id\":\"https:\/\/strohm-teka.hu\/es\/colecciones\/sense\/#breadcrumb\",\"itemListElement\":[{\"@type\":\"ListItem\",\"position\":1,\"name\":\"Home\",\"item\":\"https:\/\/strohm-teka.hu\/es\/\"},{\"@type\":\"ListItem\",\"position\":2,\"name\":\"Colecciones\",\"item\":\"https:\/\/strohm-teka.hu\/es\/colecciones\/\"},{\"@type\":\"ListItem\",\"position\":3,\"name\":\"Sense\"}]},{\"@type\":\"WebSite\",\"@id\":\"https:\/\/strohm-teka.hu\/es\/#website\",\"url\":\"https:\/\/strohm-teka.hu\/es\/\",\"name\":\"Strohm Teka Hungary\",\"description\":\"Welcome to your comfort zone\",\"publisher\":{\"@id\":\"https:\/\/strohm-teka.hu\/es\/#organization\"},\"potentialAction\":[{\"@type\":\"SearchAction\",\"target\":{\"@type\":\"EntryPoint\",\"urlTemplate\":\"https:\/\/strohm-teka.hu\/es\/?s={search_term_string}\"},\"query-input\":{\"@type\":\"PropertyValueSpecification\",\"valueRequired\":true,\"valueName\":\"search_term_string\"}}],\"inLanguage\":\"es\"},{\"@type\":\"Organization\",\"@id\":\"https:\/\/strohm-teka.hu\/es\/#organization\",\"name\":\"Strohm Teka\",\"url\":\"https:\/\/strohm-teka.hu\/es\/\",\"logo\":{\"@type\":\"ImageObject\",\"inLanguage\":\"es\",\"@id\":\"https:\/\/strohm-teka.hu\/es\/#\/schema\/logo\/image\/\",\"url\":\"https:\/\/strohm-wp-services.1s.funcionalia.com\/2021\/01\/strohm_teka_logo.jpg\",\"contentUrl\":\"https:\/\/strohm-wp-services.1s.funcionalia.com\/2021\/01\/strohm_teka_logo.jpg\",\"width\":738,\"height\":354,\"caption\":\"Strohm Teka\"},\"image\":{\"@id\":\"https:\/\/strohm-teka.hu\/es\/#\/schema\/logo\/image\/\"},\"sameAs\":[\"https:\/\/www.instagram.com\/strohm_teka_es\/\",\"https:\/\/www.linkedin.com\/company\/teka-strohm-espa\u00f1a\/\"]}]}<\/script>\n<!-- \/ Yoast SEO plugin. -->","yoast_head_json":{"title":"Sense - Strohm Teka Hungary","robots":{"index":"index","follow":"follow","max-snippet":"max-snippet:-1","max-image-preview":"max-image-preview:large","max-video-preview":"max-video-preview:-1"},"canonical":"https:\/\/strohm-teka.hu\/es\/colecciones\/sense\/","og_locale":"es_ES","og_type":"article","og_title":"Sense - Strohm Teka Hungary","og_url":"https:\/\/strohm-teka.hu\/es\/colecciones\/sense\/","og_site_name":"Strohm Teka Hungary","article_modified_time":"2021-01-22T14:20:12+00:00","og_image":[{"width":1500,"height":1000,"url":"https:\/\/strohm-wp-services.1s.funcionalia.com\/2020\/11\/strohm_sense_005.jpg","type":"image\/jpeg"}],"twitter_card":"summary_large_image","schema":{"@context":"https:\/\/schema.org","@graph":[{"@type":"WebPage","@id":"https:\/\/strohm-teka.hu\/es\/colecciones\/sense\/","url":"https:\/\/strohm-teka.hu\/es\/colecciones\/sense\/","name":"Sense - Strohm Teka Hungary","isPartOf":{"@id":"https:\/\/strohm-teka.hu\/es\/#website"},"primaryImageOfPage":{"@id":"https:\/\/strohm-teka.hu\/es\/colecciones\/sense\/#primaryimage"},"image":{"@id":"https:\/\/strohm-teka.hu\/es\/colecciones\/sense\/#primaryimage"},"thumbnailUrl":"https:\/\/strohm-wp-services.1s.funcionalia.com\/2020\/11\/strohm_sense_005.jpg","datePublished":"2020-09-24T16:16:15+00:00","dateModified":"2021-01-22T14:20:12+00:00","breadcrumb":{"@id":"https:\/\/strohm-teka.hu\/es\/colecciones\/sense\/#breadcrumb"},"inLanguage":"es","potentialAction":[{"@type":"ReadAction","target":["https:\/\/strohm-teka.hu\/es\/colecciones\/sense\/"]}]},{"@type":"ImageObject","inLanguage":"es","@id":"https:\/\/strohm-teka.hu\/es\/colecciones\/sense\/#primaryimage","url":"https:\/\/strohm-wp-services.1s.funcionalia.com\/2020\/11\/strohm_sense_005.jpg","contentUrl":"https:\/\/strohm-wp-services.1s.funcionalia.com\/2020\/11\/strohm_sense_005.jpg","width":1500,"height":1000},{"@type":"BreadcrumbList","@id":"https:\/\/strohm-teka.hu\/es\/colecciones\/sense\/#breadcrumb","itemListElement":[{"@type":"ListItem","position":1,"name":"Home","item":"https:\/\/strohm-teka.hu\/es\/"},{"@type":"ListItem","position":2,"name":"Colecciones","item":"https:\/\/strohm-teka.hu\/es\/colecciones\/"},{"@type":"ListItem","position":3,"name":"Sense"}]},{"@type":"WebSite","@id":"https:\/\/strohm-teka.hu\/es\/#website","url":"https:\/\/strohm-teka.hu\/es\/","name":"Strohm Teka Hungary","description":"Welcome to your comfort zone","publisher":{"@id":"https:\/\/strohm-teka.hu\/es\/#organization"},"potentialAction":[{"@type":"SearchAction","target":{"@type":"EntryPoint","urlTemplate":"https:\/\/strohm-teka.hu\/es\/?s={search_term_string}"},"query-input":{"@type":"PropertyValueSpecification","valueRequired":true,"valueName":"search_term_string"}}],"inLanguage":"es"},{"@type":"Organization","@id":"https:\/\/strohm-teka.hu\/es\/#organization","name":"Strohm Teka","url":"https:\/\/strohm-teka.hu\/es\/","logo":{"@type":"ImageObject","inLanguage":"es","@id":"https:\/\/strohm-teka.hu\/es\/#\/schema\/logo\/image\/","url":"https:\/\/strohm-wp-services.1s.funcionalia.com\/2021\/01\/strohm_teka_logo.jpg","contentUrl":"https:\/\/strohm-wp-services.1s.funcionalia.com\/2021\/01\/strohm_teka_logo.jpg","width":738,"height":354,"caption":"Strohm Teka"},"image":{"@id":"https:\/\/strohm-teka.hu\/es\/#\/schema\/logo\/image\/"},"sameAs":["https:\/\/www.instagram.com\/strohm_teka_es\/","https:\/\/www.linkedin.com\/company\/teka-strohm-espa\u00f1a\/"]}]}},"_links":{"self":[{"href":"https:\/\/strohm-teka.hu\/es\/wp-json\/wp\/v2\/pages\/55017","targetHints":{"allow":["GET"]}}],"collection":[{"href":"https:\/\/strohm-teka.hu\/es\/wp-json\/wp\/v2\/pages"}],"about":[{"href":"https:\/\/strohm-teka.hu\/es\/wp-json\/wp\/v2\/types\/page"}],"author":[{"embeddable":true,"href":"https:\/\/strohm-teka.hu\/es\/wp-json\/wp\/v2\/users\/17"}],"replies":[{"embeddable":true,"href":"https:\/\/strohm-teka.hu\/es\/wp-json\/wp\/v2\/comments?post=55017"}],"version-history":[{"count":5,"href":"https:\/\/strohm-teka.hu\/es\/wp-json\/wp\/v2\/pages\/55017\/revisions"}],"predecessor-version":[{"id":97991,"href":"https:\/\/strohm-teka.hu\/es\/wp-json\/wp\/v2\/pages\/55017\/revisions\/97991"}],"up":[{"embeddable":true,"href":"https:\/\/strohm-teka.hu\/es\/wp-json\/wp\/v2\/pages\/41"}],"wp:featuredmedia":[{"embeddable":true,"href":"https:\/\/strohm-teka.hu\/es\/wp-json\/wp\/v2\/media\/59586"}],"wp:attachment":[{"href":"https:\/\/strohm-teka.hu\/es\/wp-json\/wp\/v2\/media?parent=55017"}],"curies":[{"name":"wp","href":"https:\/\/api.w.org\/{rel}","templated":true}]}}