{"id":55024,"date":"2020-09-24T16:20:47","date_gmt":"2020-09-24T16:20:47","guid":{"rendered":"http:\/\/strohm-teka.com\/?page_id=55024"},"modified":"2021-01-22T15:21:52","modified_gmt":"2021-01-22T14:21:52","slug":"manacor","status":"publish","type":"page","link":"https:\/\/strohm-teka.hu\/es\/colecciones\/manacor\/","title":{"rendered":"Manacor"},"content":{"rendered":"<div class=\"center-aligned-columns\">\n\t<div class=\"grid align-center\">\n\t\t<div class=\"cols col6 tab-col5 mob-col12\">\n\t\t\t\t\t\t\t<img decoding=\"async\" src=\"https:\/\/strohm-wp-services.1s.funcionalia.com\/2020\/11\/strohm_manacor_001-750x500.jpg\" alt=\"\">\n\t\t\t\t\t<\/div>\n\t\t<div class=\"cols col6 tab-col7 mob-col12 padded-in-text\">\n\t\t\t<h3>Dise\u00f1o esencial<\/h3>\n\t\t\t<p><p>El dise\u00f1o de la <strong>colecci\u00f3n Manacor<\/strong> se basa formas geom\u00e9tricas simples y vol\u00famenes exentos.<\/p>\n<p>Con el c\u00edrculo y el rect\u00e1ngulo como base formal, se mezclan materiales y texturas como en la naturaleza, generando contrastes arm\u00f3nicos a la vista y al tacto.<\/p>\n<p>El <strong>r\u00fastico de la madera<\/strong>, la fuerza del metal y la suavidad de la cer\u00e1mica crean un ecosistema de sensaciones.<\/p>\n<\/p>\n\t\t<\/div>\n\t<\/div>\n<\/div>\n\n<div class=\"center-aligned-columns\">\n\t<div class=\"grid align-center\">\n\t\t<div class=\"cols col6 tab-col5 mob-col12\">\n\t\t\t\t\t\t\t<img decoding=\"async\" src=\"https:\/\/strohm-wp-services.1s.funcionalia.com\/2020\/11\/strohm_manacor_002-720x500.jpg\" alt=\"\">\n\t\t\t\t\t<\/div>\n\t\t<div class=\"cols col6 tab-col7 mob-col12 padded-in-text\">\n\t\t\t<h3>Tradici\u00f3n y actualidad<\/h3>\n\t\t\t<p><p>Para crear tu propio paisaje esencial, elige entre los tres acabados de <strong>mueble de ba\u00f1o y columna.<\/strong> Comb\u00ednalas con <strong>grifer\u00edas, lavabos cer\u00e1micos<\/strong> y <strong>espejos redondos.<\/strong><\/p>\n<\/p>\n\t\t<\/div>\n\t<\/div>\n<\/div>\n\n<div class=\"center-aligned-columns\">\n\t<div class=\"grid align-center\">\n\t\t<div class=\"cols col6 tab-col5 mob-col12\">\n\t\t\t\t\t\t\t<img decoding=\"async\" src=\"https:\/\/strohm-wp-services.1s.funcionalia.com\/2020\/11\/strohm_manacor_016-750x500.jpg\" alt=\"\">\n\t\t\t\t\t<\/div>\n\t\t<div class=\"cols col6 tab-col7 mob-col12 padded-in-text\">\n\t\t\t<h3>Elecciones sencillas<\/h3>\n\t\t\t<p><p>Completa la colecci\u00f3n una selecci\u00f3n de <strong>4 tipos de mamparas.<\/strong> Compuestas de paneles correderos sencillos y funcionales con cierre suave que se adaptan a cada espacio de ba\u00f1o. <\/p>\n<\/p>\n\t\t<\/div>\n\t<\/div>\n<\/div>\n\n\n<div class=\"center-aligned-columns video\" id=\"video-block-block_60096a550a6e0\">\n\t<div class=\"grid align-center video-holder\">\n\t\t<div class=\"cols col12 mob-col12\">\n\t\t\t<h3>Descubre la colecci\u00f3n Manacor<\/h3>\n\t\t<\/div>\n\t\t<div class=\"cols col12 mob-col12\">\n\t\t\t<div class=\"img\">\n\t\t\t\t<img decoding=\"async\" src=\"https:\/\/strohm-wp-services.1s.funcionalia.com\/2020\/09\/manacor-strohm-video-thumbnail.jpg\" alt=\"\">\n\t\t\t\t<a href=\"#\" class=\"play play-video-btn\">\n\t\t\t\t\t<img decoding=\"async\" src=\"https:\/\/strohm-teka.hu\/wp-content\/themes\/strohm\/img\/ui-kit\/play.svg\" alt=\"\">\n\t\t\t\t<\/a>\n\t\t\t<\/div>\n\t\t<\/div>\n\t<\/div>\n\t\t\n\t\t<video class=\"video-player\" id=\"video-player\" preload=\"true\" width=\"100%\" controls style=\"display:none;\"> \n\t\t\t<source src=\"https:\/\/player.vimeo.com\/external\/322225735.hd.mp4?s=b8e92111436e4e2aee0c44d6eaa326da64983cf5&#038;profile_id=175\">\n\t\t<\/video>\n\t\n\t\t\n<\/div>\n\n<style type=\"text\/css\">\n\t.acf-block-component #video-block-block_60096a550a6e0 iframe.yt-video-player {\n\t\tdisplay: none;\n\t}\n<\/style>\n\n<\/div><\/div>\n<div class=\"full-screen-row\">\n\t<div class=\"content \" style=\"background-image: url(https:\/\/strohm-wp-services.1s.funcionalia.com\/2020\/11\/strohm_manacor_011-900x500.jpg);width:33%;\">\n\t\t\t\t<div class=\"inner-holder\">\n\t\t\t<p class=\"title\"><a href=\"\">&nbsp;<\/a><\/p>\n\t\t\t<p class=\"description\"><\/p>\n\t\t<\/div>\n\t<\/div>\n\t<div class=\"content \" style=\"background-image: url(https:\/\/strohm-wp-services.1s.funcionalia.com\/2020\/11\/strohm_manacor_003-900x500.jpg);width:34%;\">\n\t\t\t<div class=\"inner-holder\">\n\t\t\t<p class=\"title\"><a href=\"\"> &nbsp;<\/a><\/p>\n\t\t\t<p class=\"description\"><\/p>\n\t\t<\/div>\n\t<\/div>\n\t\t<div class=\"content \" style=\"background-image: url(https:\/\/strohm-wp-services.1s.funcionalia.com\/2020\/11\/strohm_manacor_008-800x500.jpg);width:33%;\">\n\t\t\t<div class=\"inner-holder\">\n\t\t\t<p class=\"title\"><a href=\"\">&nbsp;<\/a><\/p>\n\t\t\t<p class=\"description\"><\/p>\n\t\t<\/div>\n\t<\/div>\n\t<\/div>\n<div class=\"container\"><div class=\"formatted-text\">","protected":false},"excerpt":{"rendered":"","protected":false},"author":17,"featured_media":59554,"parent":41,"menu_order":5,"comment_status":"closed","ping_status":"closed","template":"templates\/collection.php","meta":{"_acf_changed":false,"footnotes":""},"class_list":["post-55024","page","type-page","status-publish","has-post-thumbnail","hentry"],"acf":[],"yoast_head":"<!-- This site is optimized with the Yoast SEO plugin v27.1.1 - https:\/\/yoast.com\/product\/yoast-seo-wordpress\/ -->\n<title>Manacor - Strohm Teka Hungary<\/title>\n<meta name=\"robots\" content=\"index, follow, max-snippet:-1, max-image-preview:large, max-video-preview:-1\" \/>\n<link rel=\"canonical\" href=\"https:\/\/strohm-teka.hu\/es\/colecciones\/manacor\/\" \/>\n<meta property=\"og:locale\" content=\"es_ES\" \/>\n<meta property=\"og:type\" content=\"article\" \/>\n<meta property=\"og:title\" content=\"Manacor - Strohm Teka Hungary\" \/>\n<meta property=\"og:url\" content=\"https:\/\/strohm-teka.hu\/es\/colecciones\/manacor\/\" \/>\n<meta property=\"og:site_name\" content=\"Strohm Teka Hungary\" \/>\n<meta property=\"article:modified_time\" content=\"2021-01-22T14:21:52+00:00\" \/>\n<meta property=\"og:image\" content=\"https:\/\/strohm-wp-services.1s.funcionalia.com\/2020\/11\/strohm_manacor_005.jpg\" \/>\n\t<meta property=\"og:image:width\" content=\"1500\" \/>\n\t<meta property=\"og:image:height\" content=\"1000\" \/>\n\t<meta property=\"og:image:type\" content=\"image\/jpeg\" \/>\n<meta name=\"twitter:card\" content=\"summary_large_image\" \/>\n<script type=\"application\/ld+json\" class=\"yoast-schema-graph\">{\"@context\":\"https:\/\/schema.org\",\"@graph\":[{\"@type\":\"WebPage\",\"@id\":\"https:\/\/strohm-teka.hu\/es\/colecciones\/manacor\/\",\"url\":\"https:\/\/strohm-teka.hu\/es\/colecciones\/manacor\/\",\"name\":\"Manacor - Strohm Teka Hungary\",\"isPartOf\":{\"@id\":\"https:\/\/strohm-teka.hu\/es\/#website\"},\"primaryImageOfPage\":{\"@id\":\"https:\/\/strohm-teka.hu\/es\/colecciones\/manacor\/#primaryimage\"},\"image\":{\"@id\":\"https:\/\/strohm-teka.hu\/es\/colecciones\/manacor\/#primaryimage\"},\"thumbnailUrl\":\"https:\/\/strohm-wp-services.1s.funcionalia.com\/2020\/11\/strohm_manacor_005.jpg\",\"datePublished\":\"2020-09-24T16:20:47+00:00\",\"dateModified\":\"2021-01-22T14:21:52+00:00\",\"breadcrumb\":{\"@id\":\"https:\/\/strohm-teka.hu\/es\/colecciones\/manacor\/#breadcrumb\"},\"inLanguage\":\"es\",\"potentialAction\":[{\"@type\":\"ReadAction\",\"target\":[\"https:\/\/strohm-teka.hu\/es\/colecciones\/manacor\/\"]}]},{\"@type\":\"ImageObject\",\"inLanguage\":\"es\",\"@id\":\"https:\/\/strohm-teka.hu\/es\/colecciones\/manacor\/#primaryimage\",\"url\":\"https:\/\/strohm-wp-services.1s.funcionalia.com\/2020\/11\/strohm_manacor_005.jpg\",\"contentUrl\":\"https:\/\/strohm-wp-services.1s.funcionalia.com\/2020\/11\/strohm_manacor_005.jpg\",\"width\":1500,\"height\":1000},{\"@type\":\"BreadcrumbList\",\"@id\":\"https:\/\/strohm-teka.hu\/es\/colecciones\/manacor\/#breadcrumb\",\"itemListElement\":[{\"@type\":\"ListItem\",\"position\":1,\"name\":\"Home\",\"item\":\"https:\/\/strohm-teka.hu\/es\/\"},{\"@type\":\"ListItem\",\"position\":2,\"name\":\"Colecciones\",\"item\":\"https:\/\/strohm-teka.hu\/es\/colecciones\/\"},{\"@type\":\"ListItem\",\"position\":3,\"name\":\"Manacor\"}]},{\"@type\":\"WebSite\",\"@id\":\"https:\/\/strohm-teka.hu\/es\/#website\",\"url\":\"https:\/\/strohm-teka.hu\/es\/\",\"name\":\"Strohm Teka Hungary\",\"description\":\"Welcome to your comfort zone\",\"publisher\":{\"@id\":\"https:\/\/strohm-teka.hu\/es\/#organization\"},\"potentialAction\":[{\"@type\":\"SearchAction\",\"target\":{\"@type\":\"EntryPoint\",\"urlTemplate\":\"https:\/\/strohm-teka.hu\/es\/?s={search_term_string}\"},\"query-input\":{\"@type\":\"PropertyValueSpecification\",\"valueRequired\":true,\"valueName\":\"search_term_string\"}}],\"inLanguage\":\"es\"},{\"@type\":\"Organization\",\"@id\":\"https:\/\/strohm-teka.hu\/es\/#organization\",\"name\":\"Strohm Teka\",\"url\":\"https:\/\/strohm-teka.hu\/es\/\",\"logo\":{\"@type\":\"ImageObject\",\"inLanguage\":\"es\",\"@id\":\"https:\/\/strohm-teka.hu\/es\/#\/schema\/logo\/image\/\",\"url\":\"https:\/\/strohm-wp-services.1s.funcionalia.com\/2021\/01\/strohm_teka_logo.jpg\",\"contentUrl\":\"https:\/\/strohm-wp-services.1s.funcionalia.com\/2021\/01\/strohm_teka_logo.jpg\",\"width\":738,\"height\":354,\"caption\":\"Strohm Teka\"},\"image\":{\"@id\":\"https:\/\/strohm-teka.hu\/es\/#\/schema\/logo\/image\/\"},\"sameAs\":[\"https:\/\/www.instagram.com\/strohm_teka_es\/\",\"https:\/\/www.linkedin.com\/company\/teka-strohm-espa\u00f1a\/\"]}]}<\/script>\n<!-- \/ Yoast SEO plugin. -->","yoast_head_json":{"title":"Manacor - Strohm Teka Hungary","robots":{"index":"index","follow":"follow","max-snippet":"max-snippet:-1","max-image-preview":"max-image-preview:large","max-video-preview":"max-video-preview:-1"},"canonical":"https:\/\/strohm-teka.hu\/es\/colecciones\/manacor\/","og_locale":"es_ES","og_type":"article","og_title":"Manacor - Strohm Teka Hungary","og_url":"https:\/\/strohm-teka.hu\/es\/colecciones\/manacor\/","og_site_name":"Strohm Teka Hungary","article_modified_time":"2021-01-22T14:21:52+00:00","og_image":[{"width":1500,"height":1000,"url":"https:\/\/strohm-wp-services.1s.funcionalia.com\/2020\/11\/strohm_manacor_005.jpg","type":"image\/jpeg"}],"twitter_card":"summary_large_image","schema":{"@context":"https:\/\/schema.org","@graph":[{"@type":"WebPage","@id":"https:\/\/strohm-teka.hu\/es\/colecciones\/manacor\/","url":"https:\/\/strohm-teka.hu\/es\/colecciones\/manacor\/","name":"Manacor - Strohm Teka Hungary","isPartOf":{"@id":"https:\/\/strohm-teka.hu\/es\/#website"},"primaryImageOfPage":{"@id":"https:\/\/strohm-teka.hu\/es\/colecciones\/manacor\/#primaryimage"},"image":{"@id":"https:\/\/strohm-teka.hu\/es\/colecciones\/manacor\/#primaryimage"},"thumbnailUrl":"https:\/\/strohm-wp-services.1s.funcionalia.com\/2020\/11\/strohm_manacor_005.jpg","datePublished":"2020-09-24T16:20:47+00:00","dateModified":"2021-01-22T14:21:52+00:00","breadcrumb":{"@id":"https:\/\/strohm-teka.hu\/es\/colecciones\/manacor\/#breadcrumb"},"inLanguage":"es","potentialAction":[{"@type":"ReadAction","target":["https:\/\/strohm-teka.hu\/es\/colecciones\/manacor\/"]}]},{"@type":"ImageObject","inLanguage":"es","@id":"https:\/\/strohm-teka.hu\/es\/colecciones\/manacor\/#primaryimage","url":"https:\/\/strohm-wp-services.1s.funcionalia.com\/2020\/11\/strohm_manacor_005.jpg","contentUrl":"https:\/\/strohm-wp-services.1s.funcionalia.com\/2020\/11\/strohm_manacor_005.jpg","width":1500,"height":1000},{"@type":"BreadcrumbList","@id":"https:\/\/strohm-teka.hu\/es\/colecciones\/manacor\/#breadcrumb","itemListElement":[{"@type":"ListItem","position":1,"name":"Home","item":"https:\/\/strohm-teka.hu\/es\/"},{"@type":"ListItem","position":2,"name":"Colecciones","item":"https:\/\/strohm-teka.hu\/es\/colecciones\/"},{"@type":"ListItem","position":3,"name":"Manacor"}]},{"@type":"WebSite","@id":"https:\/\/strohm-teka.hu\/es\/#website","url":"https:\/\/strohm-teka.hu\/es\/","name":"Strohm Teka Hungary","description":"Welcome to your comfort zone","publisher":{"@id":"https:\/\/strohm-teka.hu\/es\/#organization"},"potentialAction":[{"@type":"SearchAction","target":{"@type":"EntryPoint","urlTemplate":"https:\/\/strohm-teka.hu\/es\/?s={search_term_string}"},"query-input":{"@type":"PropertyValueSpecification","valueRequired":true,"valueName":"search_term_string"}}],"inLanguage":"es"},{"@type":"Organization","@id":"https:\/\/strohm-teka.hu\/es\/#organization","name":"Strohm Teka","url":"https:\/\/strohm-teka.hu\/es\/","logo":{"@type":"ImageObject","inLanguage":"es","@id":"https:\/\/strohm-teka.hu\/es\/#\/schema\/logo\/image\/","url":"https:\/\/strohm-wp-services.1s.funcionalia.com\/2021\/01\/strohm_teka_logo.jpg","contentUrl":"https:\/\/strohm-wp-services.1s.funcionalia.com\/2021\/01\/strohm_teka_logo.jpg","width":738,"height":354,"caption":"Strohm Teka"},"image":{"@id":"https:\/\/strohm-teka.hu\/es\/#\/schema\/logo\/image\/"},"sameAs":["https:\/\/www.instagram.com\/strohm_teka_es\/","https:\/\/www.linkedin.com\/company\/teka-strohm-espa\u00f1a\/"]}]}},"_links":{"self":[{"href":"https:\/\/strohm-teka.hu\/es\/wp-json\/wp\/v2\/pages\/55024","targetHints":{"allow":["GET"]}}],"collection":[{"href":"https:\/\/strohm-teka.hu\/es\/wp-json\/wp\/v2\/pages"}],"about":[{"href":"https:\/\/strohm-teka.hu\/es\/wp-json\/wp\/v2\/types\/page"}],"author":[{"embeddable":true,"href":"https:\/\/strohm-teka.hu\/es\/wp-json\/wp\/v2\/users\/17"}],"replies":[{"embeddable":true,"href":"https:\/\/strohm-teka.hu\/es\/wp-json\/wp\/v2\/comments?post=55024"}],"version-history":[{"count":5,"href":"https:\/\/strohm-teka.hu\/es\/wp-json\/wp\/v2\/pages\/55024\/revisions"}],"predecessor-version":[{"id":63751,"href":"https:\/\/strohm-teka.hu\/es\/wp-json\/wp\/v2\/pages\/55024\/revisions\/63751"}],"up":[{"embeddable":true,"href":"https:\/\/strohm-teka.hu\/es\/wp-json\/wp\/v2\/pages\/41"}],"wp:featuredmedia":[{"embeddable":true,"href":"https:\/\/strohm-teka.hu\/es\/wp-json\/wp\/v2\/media\/59554"}],"wp:attachment":[{"href":"https:\/\/strohm-teka.hu\/es\/wp-json\/wp\/v2\/media?parent=55024"}],"curies":[{"name":"wp","href":"https:\/\/api.w.org\/{rel}","templated":true}]}}