{"id":57338,"date":"2020-10-02T13:58:36","date_gmt":"2020-10-02T11:58:36","guid":{"rendered":"http:\/\/strohm-teka.com\/?page_id=57338"},"modified":"2021-01-22T15:19:37","modified_gmt":"2021-01-22T14:19:37","slug":"platos-de-ducha","status":"publish","type":"page","link":"https:\/\/strohm-teka.hu\/es\/colecciones\/platos-de-ducha\/","title":{"rendered":"Platos de ducha"},"content":{"rendered":"<div class=\"center-aligned-columns\">\n\t<div class=\"grid align-center\">\n\t\t<div class=\"cols col6 tab-col5 mob-col12\">\n\t\t\t\t\t\t\t<img decoding=\"async\" src=\"https:\/\/strohm-wp-services.1s.funcionalia.com\/2020\/11\/strohm_inca_003-750x500.jpg\" alt=\"\">\n\t\t\t\t\t<\/div>\n\t\t<div class=\"cols col6 tab-col7 mob-col12 padded-in-text\">\n\t\t\t<h3>Calidad para toda la vida<\/h3>\n\t\t\t<p><p class=\"p1\">Adem\u00e1s de un dise\u00f1o flexible, todos nuestros platos de ducha tienen tratamientos que mejoran su uso. Son altamente resistentes a los qu\u00edmicos y a los rayos UV.<\/p>\n<p class=\"p1\">Una capa de <em>gel coat premium<\/em> cierra los poros de la resina y garantiza una superficie antideslizante. Adem\u00e1s, esta capa evita que se incruste suciedad haciendo que la limpieza sea m\u00e1s f\u00e1cil y duradera.\n<\/p>\n<p class=\"p1\"><strong> Todos nuestros platos de ducha<\/strong> son <strong>100% fabricados en Espa\u00f1a<\/strong>.<\/p>\n<\/p>\n\t\t<\/div>\n\t<\/div>\n<\/div>\n\n<div class=\"center-aligned-columns\">\n\t<div class=\"grid align-center\">\n\t\t<div class=\"cols col6 tab-col5 mob-col12\">\n\t\t\t\t\t\t\t<img decoding=\"async\" src=\"https:\/\/strohm-wp-services.1s.funcionalia.com\/importedmedia\/STROHM_BATHROOM_SHOWERSYSTEMS_ITACA__672980200_view-750x500.png\" alt=\"\">\n\t\t\t\t\t<\/div>\n\t\t<div class=\"cols col6 tab-col7 mob-col12 padded-in-text\">\n\t\t\t<h3>Variedad para personalizar tu ducha<\/h3>\n\t\t\t<p><p class=\"p1\">Los platos de ducha de Strohm Teka son fabricados de resina mineral..<\/p>\n<p class=\"p1\">Las rejillas son de dise\u00f1o exclusivo y fabricadas en acero inoxidable.<\/p>\n<p class=\"p1\">Para adaptarse a cualquier estilo y espacio de ba\u00f1o, <strong>ofrecemos 4 modelos diferentes, con acabados en 2 texturas y 5 colores: blanco, beige, tortorla, cement y graphite.<\/strong><\/p>\n<p class=\"p1\"><strong>Personaliza tu plato de ducha para adaptarlo a tu propio estilo.<\/strong><\/p>\n<\/p>\n\t\t<\/div>\n\t<\/div>\n<\/div>\n\n<\/div><\/div>\n<div class=\"full-screen-row\">\n\t<div class=\"content \" style=\"background-image: url(https:\/\/strohm-wp-services.1s.funcionalia.com\/2020\/11\/strohm_itaca_009-900x500.jpg);width:33%;\">\n\t\t\t\t<div class=\"inner-holder\">\n\t\t\t<p class=\"title\"><a href=\"\">Colores<\/a><\/p>\n\t\t\t<p class=\"description\"><\/p>\n\t\t<\/div>\n\t<\/div>\n\t<div class=\"content \" style=\"background-image: url(https:\/\/strohm-wp-services.1s.funcionalia.com\/2020\/11\/strohm_showertray_b-588x500.jpg);width:34%;\">\n\t\t\t<div class=\"inner-holder\">\n\t\t\t<p class=\"title\"><a href=\"\">Beige<\/a><\/p>\n\t\t\t<p class=\"description\"><\/p>\n\t\t<\/div>\n\t<\/div>\n\t\t<div class=\"content \" style=\"background-image: url(https:\/\/strohm-wp-services.1s.funcionalia.com\/2020\/11\/strohm_showertray_t-588x500.jpg);width:33%;\">\n\t\t\t<div class=\"inner-holder\">\n\t\t\t<p class=\"title\"><a href=\"\">Tortora<\/a><\/p>\n\t\t\t<p class=\"description\"><\/p>\n\t\t<\/div>\n\t<\/div>\n\t<\/div>\n<div class=\"container\"><div class=\"formatted-text\">\n\n<\/div><\/div>\n<div class=\"full-screen-row\">\n\t<div class=\"content \" style=\"background-image: url(https:\/\/strohm-wp-services.1s.funcionalia.com\/2020\/11\/strohm_showertray_w-588x500.jpg);width:33%;\">\n\t\t\t\t<div class=\"inner-holder\">\n\t\t\t<p class=\"title\"><a href=\"\">White<\/a><\/p>\n\t\t\t<p class=\"description\"><\/p>\n\t\t<\/div>\n\t<\/div>\n\t<div class=\"content \" style=\"background-image: url(https:\/\/strohm-wp-services.1s.funcionalia.com\/2020\/11\/strohm_showertray_c-588x500.jpg);width:34%;\">\n\t\t\t<div class=\"inner-holder\">\n\t\t\t<p class=\"title\"><a href=\"\">Cement<\/a><\/p>\n\t\t\t<p class=\"description\"><\/p>\n\t\t<\/div>\n\t<\/div>\n\t\t<div class=\"content \" style=\"background-image: url(https:\/\/strohm-wp-services.1s.funcionalia.com\/2020\/11\/strohm_inca_002-900x500.jpg);width:33%;\">\n\t\t\t<div class=\"inner-holder\">\n\t\t\t<p class=\"title\"><a href=\"\">Graphite<\/a><\/p>\n\t\t\t<p class=\"description\"><\/p>\n\t\t<\/div>\n\t<\/div>\n\t<\/div>\n<div class=\"container\"><div class=\"formatted-text\">","protected":false},"excerpt":{"rendered":"","protected":false},"author":17,"featured_media":59734,"parent":41,"menu_order":1,"comment_status":"closed","ping_status":"closed","template":"templates\/collection.php","meta":{"_acf_changed":false,"footnotes":""},"class_list":["post-57338","page","type-page","status-publish","has-post-thumbnail","hentry"],"acf":[],"yoast_head":"<!-- This site is optimized with the Yoast SEO plugin v27.1.1 - https:\/\/yoast.com\/product\/yoast-seo-wordpress\/ -->\n<title>Platos de ducha - Strohm Teka Hungary<\/title>\n<meta name=\"robots\" content=\"index, follow, max-snippet:-1, max-image-preview:large, max-video-preview:-1\" \/>\n<link rel=\"canonical\" href=\"https:\/\/strohm-teka.hu\/es\/colecciones\/platos-de-ducha\/\" \/>\n<meta property=\"og:locale\" content=\"es_ES\" \/>\n<meta property=\"og:type\" content=\"article\" \/>\n<meta property=\"og:title\" content=\"Platos de ducha - Strohm Teka Hungary\" \/>\n<meta property=\"og:url\" content=\"https:\/\/strohm-teka.hu\/es\/colecciones\/platos-de-ducha\/\" \/>\n<meta property=\"og:site_name\" content=\"Strohm Teka Hungary\" \/>\n<meta property=\"article:modified_time\" content=\"2021-01-22T14:19:37+00:00\" \/>\n<meta property=\"og:image\" content=\"https:\/\/strohm-wp-services.1s.funcionalia.com\/2020\/11\/strohm_shower_tray.jpg\" \/>\n\t<meta property=\"og:image:width\" content=\"1500\" \/>\n\t<meta property=\"og:image:height\" content=\"1000\" \/>\n\t<meta property=\"og:image:type\" content=\"image\/jpeg\" \/>\n<meta name=\"twitter:card\" content=\"summary_large_image\" \/>\n<script type=\"application\/ld+json\" class=\"yoast-schema-graph\">{\"@context\":\"https:\/\/schema.org\",\"@graph\":[{\"@type\":\"WebPage\",\"@id\":\"https:\/\/strohm-teka.hu\/es\/colecciones\/platos-de-ducha\/\",\"url\":\"https:\/\/strohm-teka.hu\/es\/colecciones\/platos-de-ducha\/\",\"name\":\"Platos de ducha - Strohm Teka Hungary\",\"isPartOf\":{\"@id\":\"https:\/\/strohm-teka.hu\/es\/#website\"},\"primaryImageOfPage\":{\"@id\":\"https:\/\/strohm-teka.hu\/es\/colecciones\/platos-de-ducha\/#primaryimage\"},\"image\":{\"@id\":\"https:\/\/strohm-teka.hu\/es\/colecciones\/platos-de-ducha\/#primaryimage\"},\"thumbnailUrl\":\"https:\/\/strohm-wp-services.1s.funcionalia.com\/2020\/11\/strohm_shower_tray.jpg\",\"datePublished\":\"2020-10-02T11:58:36+00:00\",\"dateModified\":\"2021-01-22T14:19:37+00:00\",\"breadcrumb\":{\"@id\":\"https:\/\/strohm-teka.hu\/es\/colecciones\/platos-de-ducha\/#breadcrumb\"},\"inLanguage\":\"es\",\"potentialAction\":[{\"@type\":\"ReadAction\",\"target\":[\"https:\/\/strohm-teka.hu\/es\/colecciones\/platos-de-ducha\/\"]}]},{\"@type\":\"ImageObject\",\"inLanguage\":\"es\",\"@id\":\"https:\/\/strohm-teka.hu\/es\/colecciones\/platos-de-ducha\/#primaryimage\",\"url\":\"https:\/\/strohm-wp-services.1s.funcionalia.com\/2020\/11\/strohm_shower_tray.jpg\",\"contentUrl\":\"https:\/\/strohm-wp-services.1s.funcionalia.com\/2020\/11\/strohm_shower_tray.jpg\",\"width\":1500,\"height\":1000},{\"@type\":\"BreadcrumbList\",\"@id\":\"https:\/\/strohm-teka.hu\/es\/colecciones\/platos-de-ducha\/#breadcrumb\",\"itemListElement\":[{\"@type\":\"ListItem\",\"position\":1,\"name\":\"Home\",\"item\":\"https:\/\/strohm-teka.hu\/es\/\"},{\"@type\":\"ListItem\",\"position\":2,\"name\":\"Colecciones\",\"item\":\"https:\/\/strohm-teka.hu\/es\/colecciones\/\"},{\"@type\":\"ListItem\",\"position\":3,\"name\":\"Platos de ducha\"}]},{\"@type\":\"WebSite\",\"@id\":\"https:\/\/strohm-teka.hu\/es\/#website\",\"url\":\"https:\/\/strohm-teka.hu\/es\/\",\"name\":\"Strohm Teka Hungary\",\"description\":\"Welcome to your comfort zone\",\"publisher\":{\"@id\":\"https:\/\/strohm-teka.hu\/es\/#organization\"},\"potentialAction\":[{\"@type\":\"SearchAction\",\"target\":{\"@type\":\"EntryPoint\",\"urlTemplate\":\"https:\/\/strohm-teka.hu\/es\/?s={search_term_string}\"},\"query-input\":{\"@type\":\"PropertyValueSpecification\",\"valueRequired\":true,\"valueName\":\"search_term_string\"}}],\"inLanguage\":\"es\"},{\"@type\":\"Organization\",\"@id\":\"https:\/\/strohm-teka.hu\/es\/#organization\",\"name\":\"Strohm Teka\",\"url\":\"https:\/\/strohm-teka.hu\/es\/\",\"logo\":{\"@type\":\"ImageObject\",\"inLanguage\":\"es\",\"@id\":\"https:\/\/strohm-teka.hu\/es\/#\/schema\/logo\/image\/\",\"url\":\"https:\/\/strohm-wp-services.1s.funcionalia.com\/2021\/01\/strohm_teka_logo.jpg\",\"contentUrl\":\"https:\/\/strohm-wp-services.1s.funcionalia.com\/2021\/01\/strohm_teka_logo.jpg\",\"width\":738,\"height\":354,\"caption\":\"Strohm Teka\"},\"image\":{\"@id\":\"https:\/\/strohm-teka.hu\/es\/#\/schema\/logo\/image\/\"},\"sameAs\":[\"https:\/\/www.instagram.com\/strohm_teka_es\/\",\"https:\/\/www.linkedin.com\/company\/teka-strohm-espa\u00f1a\/\"]}]}<\/script>\n<!-- \/ Yoast SEO plugin. -->","yoast_head_json":{"title":"Platos de ducha - Strohm Teka Hungary","robots":{"index":"index","follow":"follow","max-snippet":"max-snippet:-1","max-image-preview":"max-image-preview:large","max-video-preview":"max-video-preview:-1"},"canonical":"https:\/\/strohm-teka.hu\/es\/colecciones\/platos-de-ducha\/","og_locale":"es_ES","og_type":"article","og_title":"Platos de ducha - Strohm Teka Hungary","og_url":"https:\/\/strohm-teka.hu\/es\/colecciones\/platos-de-ducha\/","og_site_name":"Strohm Teka Hungary","article_modified_time":"2021-01-22T14:19:37+00:00","og_image":[{"width":1500,"height":1000,"url":"https:\/\/strohm-wp-services.1s.funcionalia.com\/2020\/11\/strohm_shower_tray.jpg","type":"image\/jpeg"}],"twitter_card":"summary_large_image","schema":{"@context":"https:\/\/schema.org","@graph":[{"@type":"WebPage","@id":"https:\/\/strohm-teka.hu\/es\/colecciones\/platos-de-ducha\/","url":"https:\/\/strohm-teka.hu\/es\/colecciones\/platos-de-ducha\/","name":"Platos de ducha - Strohm Teka Hungary","isPartOf":{"@id":"https:\/\/strohm-teka.hu\/es\/#website"},"primaryImageOfPage":{"@id":"https:\/\/strohm-teka.hu\/es\/colecciones\/platos-de-ducha\/#primaryimage"},"image":{"@id":"https:\/\/strohm-teka.hu\/es\/colecciones\/platos-de-ducha\/#primaryimage"},"thumbnailUrl":"https:\/\/strohm-wp-services.1s.funcionalia.com\/2020\/11\/strohm_shower_tray.jpg","datePublished":"2020-10-02T11:58:36+00:00","dateModified":"2021-01-22T14:19:37+00:00","breadcrumb":{"@id":"https:\/\/strohm-teka.hu\/es\/colecciones\/platos-de-ducha\/#breadcrumb"},"inLanguage":"es","potentialAction":[{"@type":"ReadAction","target":["https:\/\/strohm-teka.hu\/es\/colecciones\/platos-de-ducha\/"]}]},{"@type":"ImageObject","inLanguage":"es","@id":"https:\/\/strohm-teka.hu\/es\/colecciones\/platos-de-ducha\/#primaryimage","url":"https:\/\/strohm-wp-services.1s.funcionalia.com\/2020\/11\/strohm_shower_tray.jpg","contentUrl":"https:\/\/strohm-wp-services.1s.funcionalia.com\/2020\/11\/strohm_shower_tray.jpg","width":1500,"height":1000},{"@type":"BreadcrumbList","@id":"https:\/\/strohm-teka.hu\/es\/colecciones\/platos-de-ducha\/#breadcrumb","itemListElement":[{"@type":"ListItem","position":1,"name":"Home","item":"https:\/\/strohm-teka.hu\/es\/"},{"@type":"ListItem","position":2,"name":"Colecciones","item":"https:\/\/strohm-teka.hu\/es\/colecciones\/"},{"@type":"ListItem","position":3,"name":"Platos de ducha"}]},{"@type":"WebSite","@id":"https:\/\/strohm-teka.hu\/es\/#website","url":"https:\/\/strohm-teka.hu\/es\/","name":"Strohm Teka Hungary","description":"Welcome to your comfort zone","publisher":{"@id":"https:\/\/strohm-teka.hu\/es\/#organization"},"potentialAction":[{"@type":"SearchAction","target":{"@type":"EntryPoint","urlTemplate":"https:\/\/strohm-teka.hu\/es\/?s={search_term_string}"},"query-input":{"@type":"PropertyValueSpecification","valueRequired":true,"valueName":"search_term_string"}}],"inLanguage":"es"},{"@type":"Organization","@id":"https:\/\/strohm-teka.hu\/es\/#organization","name":"Strohm Teka","url":"https:\/\/strohm-teka.hu\/es\/","logo":{"@type":"ImageObject","inLanguage":"es","@id":"https:\/\/strohm-teka.hu\/es\/#\/schema\/logo\/image\/","url":"https:\/\/strohm-wp-services.1s.funcionalia.com\/2021\/01\/strohm_teka_logo.jpg","contentUrl":"https:\/\/strohm-wp-services.1s.funcionalia.com\/2021\/01\/strohm_teka_logo.jpg","width":738,"height":354,"caption":"Strohm Teka"},"image":{"@id":"https:\/\/strohm-teka.hu\/es\/#\/schema\/logo\/image\/"},"sameAs":["https:\/\/www.instagram.com\/strohm_teka_es\/","https:\/\/www.linkedin.com\/company\/teka-strohm-espa\u00f1a\/"]}]}},"_links":{"self":[{"href":"https:\/\/strohm-teka.hu\/es\/wp-json\/wp\/v2\/pages\/57338","targetHints":{"allow":["GET"]}}],"collection":[{"href":"https:\/\/strohm-teka.hu\/es\/wp-json\/wp\/v2\/pages"}],"about":[{"href":"https:\/\/strohm-teka.hu\/es\/wp-json\/wp\/v2\/types\/page"}],"author":[{"embeddable":true,"href":"https:\/\/strohm-teka.hu\/es\/wp-json\/wp\/v2\/users\/17"}],"replies":[{"embeddable":true,"href":"https:\/\/strohm-teka.hu\/es\/wp-json\/wp\/v2\/comments?post=57338"}],"version-history":[{"count":5,"href":"https:\/\/strohm-teka.hu\/es\/wp-json\/wp\/v2\/pages\/57338\/revisions"}],"predecessor-version":[{"id":63946,"href":"https:\/\/strohm-teka.hu\/es\/wp-json\/wp\/v2\/pages\/57338\/revisions\/63946"}],"up":[{"embeddable":true,"href":"https:\/\/strohm-teka.hu\/es\/wp-json\/wp\/v2\/pages\/41"}],"wp:featuredmedia":[{"embeddable":true,"href":"https:\/\/strohm-teka.hu\/es\/wp-json\/wp\/v2\/media\/59734"}],"wp:attachment":[{"href":"https:\/\/strohm-teka.hu\/es\/wp-json\/wp\/v2\/media?parent=57338"}],"curies":[{"name":"wp","href":"https:\/\/api.w.org\/{rel}","templated":true}]}}