{"id":110449,"date":"2022-03-18T12:03:30","date_gmt":"2022-03-18T11:03:30","guid":{"rendered":"https:\/\/strohm-teka.hu\/?page_id=110449"},"modified":"2024-09-17T09:23:16","modified_gmt":"2024-09-17T07:23:16","slug":"bemutatoterem","status":"publish","type":"page","link":"https:\/\/strohm-teka.hu\/hu\/bemutatoterem\/","title":{"rendered":"Strohm Teka \u2013 ahol a f\u00fcrd\u0151szob\u00e1ban minden pillanat \u00e9lm\u00e9nny\u00e9 v\u00e1lik"},"content":{"rendered":"\n<div class=\"wp-block-columns is-layout-flex wp-container-core-columns-is-layout-9d6595d7 wp-block-columns-is-layout-flex\">\n<div class=\"wp-block-column is-layout-flow wp-block-column-is-layout-flow\" style=\"flex-basis:95%\">\n<p><strong><em>Minden napot a f\u00fcrd\u0151szob\u00e1ban kezd\u00fcnk \u00e9s fejez\u00fcnk be, \u00edgy a Strohm Tekan\u00e1l minden pillanatra teljesk\u00f6r\u0171 f\u00fcrd\u0151szobai megold\u00e1sokat k\u00edn\u00e1lunk, hogy a f\u00fcrd\u0151szob\u00e1ban t\u00f6lt\u00f6tt id\u0151, val\u00f3ban \u00f6r\u00f6mteli pillanatok sora legyen.<\/em><\/strong><\/p>\n<\/div>\n<\/div>\n\n\n\n<figure class=\"wp-block-image size-large fullwidth\"><img loading=\"lazy\" decoding=\"async\" width=\"1024\" height=\"576\" src=\"https:\/\/strohm-wp-services.1s.funcionalia.com\/2022\/04\/show_0-1-1024x576.jpg\" alt=\"\" class=\"wp-image-110956\" title=\"\" srcset=\"https:\/\/strohm-wp-services.1s.funcionalia.com\/2022\/04\/show_0-1-1024x576.jpg 1024w, https:\/\/strohm-wp-services.1s.funcionalia.com\/2022\/04\/show_0-1-300x169.jpg 300w, https:\/\/strohm-wp-services.1s.funcionalia.com\/2022\/04\/show_0-1-768x432.jpg 768w, https:\/\/strohm-wp-services.1s.funcionalia.com\/2022\/04\/show_0-1-700x394.jpg 700w, https:\/\/strohm-wp-services.1s.funcionalia.com\/2022\/04\/show_0-1-600x337.jpg 600w, https:\/\/strohm-wp-services.1s.funcionalia.com\/2022\/04\/show_0-1.jpg 1366w\" sizes=\"auto, (max-width: 1024px) 100vw, 1024px\" \/><\/figure>\n\n\n\n<div class=\"wp-block-columns is-layout-flex wp-container-core-columns-is-layout-9d6595d7 wp-block-columns-is-layout-flex\">\n<div class=\"wp-block-column is-layout-flow wp-block-column-is-layout-flow\" style=\"flex-basis:95%\">\n<p>A Strohm Teka a f\u00fcrd\u0151szoba ir\u00e1nti szenved\u00e9lyb\u0151l sz\u00fcletett meg. Egy m\u00e1rka, ami lehet\u0151s\u00e9get k\u00edn\u00e1l arra, hogy a f\u00fcrd\u0151szob\u00e1t a harm\u00f3nia, a kikapcsol\u00f3d\u00e1s \u00e9s a meg\u00fajul\u00e1s terek\u00e9nt \u00e9lj\u00fck meg, egy m\u00e1rka, amiben mindenki megtal\u00e1lja a szem\u00e9lyis\u00e9g\u00e9t, egy m\u00e1rka, ami egy\u00e9nre szabott megold\u00e1sokat k\u00edn\u00e1l minden koroszt\u00e1ly sz\u00e1m\u00e1ra, minden \u00e9lethelyzetre. A Strohm Teka elk\u00eds\u00e9ri \u00e9lete minden fontos pillanat\u00e1ban, gondoskodik \u00d6nr\u0151l \u00e9s csal\u00e1dj\u00e1r\u00f3l. Kollekci\u00f3ink a b\u00e9ke, a pihen\u00e9s, az intimit\u00e1s pillanatait ny\u00fajtj\u00e1k \u00d6nnek, mik\u00f6zben fr\u00edss\u00edtik test\u00e9t, nyugtatj\u00e1k elm\u00e9j\u00e9t.<\/p>\n\n\n\n<p><strong>Strohm Teka<\/strong>, <em>Inspiring bathrooms.<\/em><\/p>\n\n\n\n<p>A 20. sz\u00e1zad elej\u00e9n alap\u00edtott c\u00e9g (Casa Buades) csaptelepek \u00e9s szerelv\u00e9nyek gy\u00e1rt\u00e1s\u00e1ra specializ\u00e1l\u00f3dott. N\u00f6veked\u00e9s\u00e9vel imm\u00e1r, mint Strohm Teka folyamatosan b\u0151v\u00edti portfoli\u00f3j\u00e1t, \u00edgy teljesk\u00f6r\u0171 f\u00fcrd\u0151szobai megold\u00e1sokat k\u00edn\u00e1l, a csaptelepek \u00e9s zuhanyrendszerek mellett b\u00fatorokat, t\u00fckr\u00f6ket, zuhanykabinokat, zuhanyt\u00e1lc\u00e1kat, f\u00fcrd\u0151k\u00e1dakat, kieg\u00e9sz\u00edt\u0151ket, WC-ket \u00e9s bid\u00e9ket is.<\/p>\n\n\n\n<p>A f\u00fcrd\u0151szob\u00e1ban t\u00f6lt\u00f6tt id\u0151 egyik k\u00f6zponti r\u00e9sz\u00e9t k\u00e9pezi \u00e9let\u00fcnknek, hiszen itt ind\u00edtjuk \u00e9s itt fejezz\u00fck be mindennapjainkat. A napi tiszt\u00e1lkod\u00e1si rutin mellett \u00e1poljuk test\u00fcnket, lelk\u00fcnket, kikapcsolhatjuk elm\u00e9nket a f\u00e1raszt\u00f3 h\u00e9tk\u00f6znapok ut\u00e1n. Egy hely, ahol szeretteink \u00e1pol\u00e1sa mellett a mindennapi kikapcsol\u00f3d\u00e1s is nagy szerepet j\u00e1tszik, \u00e9s folyamatosan meg\u00fajulhat test\u00fcnk, lelk\u00fcnk \u00e9s elm\u00e9nk is.<\/p>\n<\/div>\n<\/div>\n\n\n\n<figure class=\"wp-block-image size-large is-style-default\"><img loading=\"lazy\" decoding=\"async\" width=\"1024\" height=\"682\" src=\"https:\/\/strohm-wp-services.1s.funcionalia.com\/2022\/04\/18teka_leather-1024x682.jpg\" alt=\"\" class=\"wp-image-111070\" srcset=\"https:\/\/strohm-wp-services.1s.funcionalia.com\/2022\/04\/18teka_leather-1024x682.jpg 1024w, https:\/\/strohm-wp-services.1s.funcionalia.com\/2022\/04\/18teka_leather-300x200.jpg 300w, https:\/\/strohm-wp-services.1s.funcionalia.com\/2022\/04\/18teka_leather-768x512.jpg 768w, https:\/\/strohm-wp-services.1s.funcionalia.com\/2022\/04\/18teka_leather-1536x1024.jpg 1536w, https:\/\/strohm-wp-services.1s.funcionalia.com\/2022\/04\/18teka_leather-750x500.jpg 750w, https:\/\/strohm-wp-services.1s.funcionalia.com\/2022\/04\/18teka_leather-1400x933.jpg 1400w, https:\/\/strohm-wp-services.1s.funcionalia.com\/2022\/04\/18teka_leather-700x467.jpg 700w, https:\/\/strohm-wp-services.1s.funcionalia.com\/2022\/04\/18teka_leather-600x400.jpg 600w, https:\/\/strohm-wp-services.1s.funcionalia.com\/2022\/04\/18teka_leather.jpg 1595w\" sizes=\"auto, (max-width: 1024px) 100vw, 1024px\" \/><\/figure>\n\n\n\n<div class=\"wp-block-columns is-layout-flex wp-container-core-columns-is-layout-9d6595d7 wp-block-columns-is-layout-flex\">\n<div class=\"wp-block-column is-layout-flow wp-block-column-is-layout-flow\" style=\"flex-basis:95%\">\n<p>A Strohm Teka a f\u00fcrd\u0151szob\u00e1ban t\u00f6lt\u00f6tt id\u0151t, szeretn\u00e9 olyan \u00e9lm\u00e9ny\u00e9 var\u00e1zsolni, amit eddig nem tapasztalhattunk a napi rutin elv\u00e9gz\u00e9se k\u00f6zben. \u00cdgy \u00fatt\u00f6r\u0151 term\u00e9keink nem csup\u00e1n a technol\u00f3gi\u00e1val \u00e9s az egyedi formatervez\u00e9ssel szolg\u00e1lj\u00e1k ki c\u00e9lunkat, kollekci\u00f3ink tervez\u00e9se \u00e9s fejleszt\u00e9se sor\u00e1n folyamatosan szem el\u0151tt tartjuk m\u00e1rka\u00e9rt\u00e9keinket: <strong>T\u00e1mogat\u00f3, Gondoskod\u00f3, Inspir\u00e1l\u00f3.<\/strong><\/p>\n\n\n\n<p><strong>T\u00e1mogat\u00f3:<\/strong><\/p>\n\n\n\n<p>F\u00fcrd\u0151szob\u00e1ink&nbsp;tervez\u00e9sekor nem csup\u00e1n az otthonokat vessz\u00fck figyelembe, hanem a benn\u00fck \u00e9l\u0151 emberek ig\u00e9nyeit is. Term\u00e9keink sz\u00e9les k\u00f6r\u00e9nek \u00e9s a sz\u00e1mtalan kieg\u00e9sz\u00edt\u0151nek k\u00f6sz\u00f6nhet\u0151en \u00e1ltalunk b\u00e1rki megval\u00f3s\u00edthatja \u00e1lmai f\u00fcrd\u0151szob\u00e1j\u00e1t, seg\u00edt\u00fcnk megval\u00f3s\u00edtani l\u00e9p\u00e9sr\u0151l l\u00e9p\u00e9sre, r\u00e9szletr\u0151l r\u00e9szletre.<\/p>\n\n\n\n<p><strong>Gondoskod\u00f3:<\/strong><\/p>\n\n\n\n<p>Elk\u00f6telezettek vagyunk az emberek k\u00e9nyelm\u00e9\u00e9rt, biztons\u00e1g\u00e1\u00e9rt, eg\u00e9szs\u00e9g\u00e9\u00e9rt \u00e9s lelki nyugalm\u00e1\u00e9rt. \u00cdgy a tervez\u00e9s, az innov\u00e1ci\u00f3 \u00e9s a min\u0151s\u00e9g garant\u00e1lja minden ember \u00e9s szerettei biztons\u00e1g\u00e1t \u00e9s eg\u00e9szs\u00e9g\u00e9t, t\u00f6bbek k\u00f6z\u00f6tt olyan term\u00e9kekkel, mint a cs\u00fasz\u00e1smentes zuhanyt\u00e1lc\u00e1ink, vagy Antibakteri\u00e1lis zuhanyrendszer\u00fcnk.<\/p>\n\n\n\n<p><strong>Inspir\u00e1l\u00f3:<\/strong><\/p>\n\n\n\n<p>\u201c\u00c9N\u201d id\u0151 mindenkinek j\u00e1r! Egy nyugodt pillanat a felt\u00f6lt\u0151d\u00e9sre, az elm\u00e9lked\u00e9sre, a meg\u00fajul\u00e1sra, k\u00f6r\u00fclv\u00e9ve olyan f\u00fcrd\u0151szobai kell\u00e9kekkel, amelyek c\u00e9lja, hogy fizikailag \u00e9s lelkileg is jobban \u00e9rezze mag\u00e1t.<\/p>\n\n\n\n<p><strong>Az \u00d6n bemutat\u00f3terme Budapesten: Egy \u00e9lm\u00e9ny, amely megv\u00e1ltoztatja elk\u00e9pzel\u00e9s\u00e9t a f\u00fcrd\u0151szob\u00e1kr\u00f3l.<\/strong><\/p>\n\n\n\n<p><strong>A Strohm Teka magyarorsz\u00e1gi bemutat\u00f3terme Budapest k\u00f6zpontj\u00e1ban tal\u00e1lhat\u00f3 a <em>V\u00e1ci \u00fat 140<\/em>. sz\u00e1m alatt. A m\u00e1rka bemutat\u00f3term\u00e9ben olyan diz\u00e1jn kapott helyet, ami teljes m\u00e9rt\u00e9kben megtestes\u00edti a m\u00e1rka filoz\u00f3fi\u00e1j\u00e1t.<\/strong><\/p>\n<\/div>\n<\/div>\n\n\n\n<figure class=\"wp-block-image size-large is-style-default\"><img loading=\"lazy\" decoding=\"async\" width=\"1024\" height=\"682\" src=\"https:\/\/strohm-wp-services.1s.funcionalia.com\/2022\/04\/01teka_pvd-1024x682.jpg\" alt=\"\" class=\"wp-image-111064\" srcset=\"https:\/\/strohm-wp-services.1s.funcionalia.com\/2022\/04\/01teka_pvd-1024x682.jpg 1024w, https:\/\/strohm-wp-services.1s.funcionalia.com\/2022\/04\/01teka_pvd-300x200.jpg 300w, https:\/\/strohm-wp-services.1s.funcionalia.com\/2022\/04\/01teka_pvd-768x512.jpg 768w, https:\/\/strohm-wp-services.1s.funcionalia.com\/2022\/04\/01teka_pvd-1536x1024.jpg 1536w, https:\/\/strohm-wp-services.1s.funcionalia.com\/2022\/04\/01teka_pvd-750x500.jpg 750w, https:\/\/strohm-wp-services.1s.funcionalia.com\/2022\/04\/01teka_pvd-1400x933.jpg 1400w, https:\/\/strohm-wp-services.1s.funcionalia.com\/2022\/04\/01teka_pvd-700x467.jpg 700w, https:\/\/strohm-wp-services.1s.funcionalia.com\/2022\/04\/01teka_pvd-600x400.jpg 600w, https:\/\/strohm-wp-services.1s.funcionalia.com\/2022\/04\/01teka_pvd.jpg 1595w\" sizes=\"auto, (max-width: 1024px) 100vw, 1024px\" \/><\/figure>\n\n\n\n<div class=\"wp-block-columns is-layout-flex wp-container-core-columns-is-layout-9d6595d7 wp-block-columns-is-layout-flex\">\n<div class=\"wp-block-column is-layout-flow wp-block-column-is-layout-flow\" style=\"flex-basis:90%\">\n<p>Az utcafronttal rendelkez\u0151 csod\u00e1latos \u00fcvegkalitk\u00e1ba z\u00e1rt bemutat\u00f3terem k\u00f6zel 260 nm-en fogadja l\u00e1togat\u00f3it. A Strohm Teka Showroom lehet\u0151s\u00e9get k\u00edn\u00e1l arra, hogy k\u00f6zelebbr\u0151l megismerkedhessen term\u00e9keinkkel, kipr\u00f3b\u00e1lja zuhanyrendszereinket, kinyithassa b\u00fatoraink fi\u00f3kj\u00e1t, meg\u00e9rinthesse \u00f6nt\u00f6tt m\u00e1rv\u00e1ny mosd\u00f3inkat, vagy ak\u00e1r \u00e9l\u0151ben l\u00e1thassa Antibakteri\u00e1lis zuhanyrendszer\u00fcnk m\u0171k\u00f6d\u00e9s\u00e9t.<\/p>\n\n\n\n<p>Egy t\u00e9r, ahol 7 teljesen berendezett f\u00fcrd\u0151szoba adhat \u00d6nnek inspir\u00e1ci\u00f3t a saj\u00e1t f\u00fcrd\u0151szoba kialak\u00edt\u00e1s\u00e1ra vagy fel\u00faj\u00edt\u00e1s\u00e1ra, egy t\u00e9r, ahol szabadon engedheti kreativit\u00e1s\u00e1t sz\u00ednes csaptelepeink l\u00e1tt\u00e1n, egy t\u00e9r, ahol el\u0151sz\u00f6r \u00e9lheti \u00e1t a Strohm Teka \u00e9lm\u00e9nyt, ahol testk\u00f6zelb\u0151l \u00e9rezheti a mediterr\u00e1n ihlet\u00e9s\u0171 design \u00e9rint\u00e9s\u00e9t.<\/p>\n\n\n\n<p>A sz\u00ednek, anyagok, f\u00e9nyek \u00f6sszkompoz\u00edci\u00f3ja olyan vil\u00e1gba rep\u00edtheti, amit mindig is a harm\u00f3nia cs\u00facspontjak\u00e9nt \u00e9lt meg, egy olyan vil\u00e1gba, ahova j\u00f3 tartozni, \u00e9s amit sz\u00edvesen hazavinne otthon\u00e1ba is, hogy minden nap \u00e1t\u00e9lhesse ezt az \u00e9rz\u00e9st.<\/p>\n\n\n\n<p>A bemutat\u00f3teremben berendezett f\u00fcrd\u0151szob\u00e1ink a vid\u00e9ki h\u00e1ztart\u00e1sokt\u00f3l, eg\u00e9szen a nagyv\u00e1rosi \u00e9letm\u00f3don \u00e1t, a sz\u00e1llodai szob\u00e1kig t\u00f6bb lehet\u0151s\u00e9get is ny\u00fajtanak, hogy mindenki megtal\u00e1lhassa \u00e1lmai f\u00fcrd\u0151szob\u00e1j\u00e1t.<\/p>\n\n\n\n<p><strong>A showroom keddt\u0151l p\u00e9nteking 10 \u00e9s 17 \u00f3ra k\u00f6z\u00f6tt l\u00e1togathat\u00f3.<\/strong><\/p>\n\n\n\n<p>Fedezze fel kollekci\u00f3inkat <a href=\"https:\/\/strohm-teka.hu\/hu\/kollekciok\/\" target=\"_blank\" rel=\"noreferrer noopener\">itt.<\/a><\/p>\n<\/div>\n<\/div>\n\n\n\n<figure class=\"wp-block-image size-large is-style-default\"><img loading=\"lazy\" decoding=\"async\" width=\"1024\" height=\"576\" src=\"https:\/\/strohm-wp-services.1s.funcionalia.com\/2022\/04\/show_3-1024x576.jpg\" alt=\"\" class=\"wp-image-110962\" srcset=\"https:\/\/strohm-wp-services.1s.funcionalia.com\/2022\/04\/show_3-1024x576.jpg 1024w, https:\/\/strohm-wp-services.1s.funcionalia.com\/2022\/04\/show_3-300x169.jpg 300w, https:\/\/strohm-wp-services.1s.funcionalia.com\/2022\/04\/show_3-768x432.jpg 768w, https:\/\/strohm-wp-services.1s.funcionalia.com\/2022\/04\/show_3-700x394.jpg 700w, https:\/\/strohm-wp-services.1s.funcionalia.com\/2022\/04\/show_3-600x337.jpg 600w, https:\/\/strohm-wp-services.1s.funcionalia.com\/2022\/04\/show_3.jpg 1366w\" sizes=\"auto, (max-width: 1024px) 100vw, 1024px\" \/><\/figure>\n\n\n\n<div class=\"wp-block-columns is-layout-flex wp-container-core-columns-is-layout-9d6595d7 wp-block-columns-is-layout-flex\">\n<div class=\"wp-block-column is-layout-flow wp-block-column-is-layout-flow\" style=\"flex-basis:95%\">\n<p>A Strohm Tek\u00e1r\u00f3l:<\/p>\n\n\n\n<p>A Strohm Teka a sv\u00e1jci Heritage B Holding h\u00e1rom \u00fczlet\u00e1g\u00e1nak egyike, amely vil\u00e1gszerte t\u00f6bb<ins>,<\/ins> mint 500 embert foglalkoztat. A madridi sz\u00e9khely\u0171, mallorcai irod\u00e1kkal rendelkez\u0151 v\u00e1llalat t\u00f6bb, mint 50 orsz\u00e1gban szolg\u00e1lja ki \u00fcgyfeleit \u00e9s partnereit.<\/p>\n\n\n\n<p>A Strohm Teka k\u00e9t saj\u00e1t gy\u00e1rral rendelkezik, egy magyarorsz\u00e1gi \u00e9s egy k\u00ednai gy\u00e1rral, amik csaptelepek \u00e9s zuhanyrendszerek gy\u00e1rt\u00e1s\u00e1ra szakosodtak. Gy\u00f6kereinkhez h\u0171en, zuhanyt\u00e1lc\u00e1inkat, b\u00fatorainkat \u00e9s zuhanykabinjainkat Spanyolorsz\u00e1gban gy\u00e1rtjuk.<\/p>\n\n\n\n<p>Magyarorsz\u00e1gi gy\u00e1rt\u00f3egys\u00e9g\u00fcnk a t\u00f6bb, mint 120 \u00e9ves m\u00faltra visszatekint\u0151 STROHM MOF\u00c9M Zrt. A v\u00e1llalat Magyarorsz\u00e1g piacvezet\u0151 f\u00e9nyes szerelv\u00e9ny gy\u00e1rt\u00f3ja, a v\u00edz \u00e9s g\u00e1zfelhaszn\u00e1l\u00e1s\u00fa goly\u00f3scsapok egyik legnagyobb eur\u00f3pai el\u0151\u00e1ll\u00edt\u00f3ja, Strohm Teka \u00e9s Mof\u00e9m m\u00e1rk\u00e1k mellett a Teka konyhatechnikai term\u00e9kek hazai forgalmaz\u00f3ja.<\/p>\n\n\n\n<p>T\u00f6bb mint 120 \u00e9ves tapasztalatunkkal a f\u00fcrd\u0151szob\u00e1k vil\u00e1g\u00e1ban a vil\u00e1g minden t\u00e1j\u00e1n ki\u00e9rdemelt\u00fck a szerel\u0151k \u00e9s szakemberek bizalm\u00e1t is.<\/p>\n<\/div>\n<\/div>\n\n\n\n<div style=\"height:85px\" aria-hidden=\"true\" class=\"wp-block-spacer\"><\/div>\n","protected":false},"excerpt":{"rendered":"Minden napot a f\u00fcrd\u0151szob\u00e1ban kezd\u00fcnk \u00e9s fejez\u00fcnk be, \u00edgy a Strohm Tekan\u00e1l minden pillanatra teljesk\u00f6r\u0171 f\u00fcrd\u0151szobai megold\u00e1sokat k\u00edn\u00e1lunk, hogy a f\u00fcrd\u0151szob\u00e1ban t\u00f6lt\u00f6tt id\u0151, val\u00f3ban \u00f6r\u00f6mteli pillanatok sora legyen. A Strohm Teka a f\u00fcrd\u0151szoba ir\u00e1nti szenved\u00e9lyb\u0151l sz\u00fcletett meg. Egy m\u00e1rka, ami lehet\u0151s\u00e9get k\u00edn\u00e1l arra, hogy a f\u00fcrd\u0151szob\u00e1t a harm\u00f3nia, a kikapcsol\u00f3d\u00e1s \u00e9s a meg\u00fajul\u00e1s terek\u00e9nt \u00e9lj\u00fck&#8230;","protected":false},"author":17,"featured_media":111374,"parent":0,"menu_order":0,"comment_status":"closed","ping_status":"closed","template":"","meta":{"_acf_changed":false,"footnotes":""},"class_list":["post-110449","page","type-page","status-publish","has-post-thumbnail","hentry"],"acf":[],"yoast_head":"<!-- This site is optimized with the Yoast SEO plugin v27.1.1 - https:\/\/yoast.com\/product\/yoast-seo-wordpress\/ -->\n<title>Strohm Teka \u2013 ahol a f\u00fcrd\u0151szob\u00e1ban minden pillanat \u00e9lm\u00e9nny\u00e9 v\u00e1lik - Strohm Teka<\/title>\n<meta name=\"robots\" content=\"index, follow, max-snippet:-1, max-image-preview:large, max-video-preview:-1\" \/>\n<link rel=\"canonical\" href=\"https:\/\/strohm-teka.hu\/hu\/bemutatoterem\/\" \/>\n<meta property=\"og:locale\" content=\"hu_HU\" \/>\n<meta property=\"og:type\" content=\"article\" \/>\n<meta property=\"og:title\" content=\"Strohm Teka \u2013 ahol a f\u00fcrd\u0151szob\u00e1ban minden pillanat \u00e9lm\u00e9nny\u00e9 v\u00e1lik - Strohm Teka\" \/>\n<meta property=\"og:description\" content=\"Minden napot a f\u00fcrd\u0151szob\u00e1ban kezd\u00fcnk \u00e9s fejez\u00fcnk be, \u00edgy a Strohm Tekan\u00e1l minden pillanatra teljesk\u00f6r\u0171 f\u00fcrd\u0151szobai megold\u00e1sokat k\u00edn\u00e1lunk, hogy a f\u00fcrd\u0151szob\u00e1ban t\u00f6lt\u00f6tt id\u0151, val\u00f3ban \u00f6r\u00f6mteli pillanatok sora legyen. A Strohm Teka a f\u00fcrd\u0151szoba ir\u00e1nti szenved\u00e9lyb\u0151l sz\u00fcletett meg. Egy m\u00e1rka, ami lehet\u0151s\u00e9get k\u00edn\u00e1l arra, hogy a f\u00fcrd\u0151szob\u00e1t a harm\u00f3nia, a kikapcsol\u00f3d\u00e1s \u00e9s a meg\u00fajul\u00e1s terek\u00e9nt \u00e9lj\u00fck...\" \/>\n<meta property=\"og:url\" content=\"https:\/\/strohm-teka.hu\/hu\/bemutatoterem\/\" \/>\n<meta property=\"og:site_name\" content=\"Strohm Teka\" \/>\n<meta property=\"article:modified_time\" content=\"2024-09-17T07:23:16+00:00\" \/>\n<meta property=\"og:image\" content=\"https:\/\/strohm-wp-services.1s.funcionalia.com\/2022\/04\/captura-de-pantalla-2022-04-29-a-las-9-33-36-1024x553.png\" \/>\n\t<meta property=\"og:image:width\" content=\"1024\" \/>\n\t<meta property=\"og:image:height\" content=\"553\" \/>\n\t<meta property=\"og:image:type\" content=\"image\/png\" \/>\n<meta name=\"twitter:card\" content=\"summary_large_image\" \/>\n<script type=\"application\/ld+json\" class=\"yoast-schema-graph\">{\"@context\":\"https:\/\/schema.org\",\"@graph\":[{\"@type\":\"WebPage\",\"@id\":\"https:\/\/strohm-teka.hu\/hu\/bemutatoterem\/\",\"url\":\"https:\/\/strohm-teka.hu\/hu\/bemutatoterem\/\",\"name\":\"Strohm Teka \u2013 ahol a f\u00fcrd\u0151szob\u00e1ban minden pillanat \u00e9lm\u00e9nny\u00e9 v\u00e1lik - Strohm Teka\",\"isPartOf\":{\"@id\":\"https:\/\/strohm-teka.hu\/hu\/#website\"},\"primaryImageOfPage\":{\"@id\":\"https:\/\/strohm-teka.hu\/hu\/bemutatoterem\/#primaryimage\"},\"image\":{\"@id\":\"https:\/\/strohm-teka.hu\/hu\/bemutatoterem\/#primaryimage\"},\"thumbnailUrl\":\"https:\/\/strohm-wp-services.1s.funcionalia.com\/2022\/09\/showroom_slider_08_.jpg\",\"datePublished\":\"2022-03-18T11:03:30+00:00\",\"dateModified\":\"2024-09-17T07:23:16+00:00\",\"breadcrumb\":{\"@id\":\"https:\/\/strohm-teka.hu\/hu\/bemutatoterem\/#breadcrumb\"},\"inLanguage\":\"hu\",\"potentialAction\":[{\"@type\":\"ReadAction\",\"target\":[\"https:\/\/strohm-teka.hu\/hu\/bemutatoterem\/\"]}]},{\"@type\":\"ImageObject\",\"inLanguage\":\"hu\",\"@id\":\"https:\/\/strohm-teka.hu\/hu\/bemutatoterem\/#primaryimage\",\"url\":\"https:\/\/strohm-wp-services.1s.funcionalia.com\/2022\/09\/showroom_slider_08_.jpg\",\"contentUrl\":\"https:\/\/strohm-wp-services.1s.funcionalia.com\/2022\/09\/showroom_slider_08_.jpg\",\"width\":917,\"height\":500},{\"@type\":\"BreadcrumbList\",\"@id\":\"https:\/\/strohm-teka.hu\/hu\/bemutatoterem\/#breadcrumb\",\"itemListElement\":[{\"@type\":\"ListItem\",\"position\":1,\"name\":\"Home\",\"item\":\"https:\/\/strohm-teka.hu\/hu\/\"},{\"@type\":\"ListItem\",\"position\":2,\"name\":\"Strohm Teka \u2013 ahol a f\u00fcrd\u0151szob\u00e1ban minden pillanat \u00e9lm\u00e9nny\u00e9 v\u00e1lik\"}]},{\"@type\":\"WebSite\",\"@id\":\"https:\/\/strohm-teka.hu\/hu\/#website\",\"url\":\"https:\/\/strohm-teka.hu\/hu\/\",\"name\":\"Strohm Teka\",\"description\":\"Soluciones integrales para ba\u00f1o. Grifer\u00eda, sistemas de ducha, muebles y lavabos, mamparas, inodoros y bid\u00e9s, lavabos y accesorios de ba\u00f1o.\",\"publisher\":{\"@id\":\"https:\/\/strohm-teka.hu\/hu\/#organization\"},\"potentialAction\":[{\"@type\":\"SearchAction\",\"target\":{\"@type\":\"EntryPoint\",\"urlTemplate\":\"https:\/\/strohm-teka.hu\/hu\/?s={search_term_string}\"},\"query-input\":{\"@type\":\"PropertyValueSpecification\",\"valueRequired\":true,\"valueName\":\"search_term_string\"}}],\"inLanguage\":\"hu\"},{\"@type\":\"Organization\",\"@id\":\"https:\/\/strohm-teka.hu\/hu\/#organization\",\"name\":\"Strohm Teka\",\"url\":\"https:\/\/strohm-teka.hu\/hu\/\",\"logo\":{\"@type\":\"ImageObject\",\"inLanguage\":\"hu\",\"@id\":\"https:\/\/strohm-teka.hu\/hu\/#\/schema\/logo\/image\/\",\"url\":\"https:\/\/strohm-wp-services.1s.funcionalia.com\/2021\/01\/strohm_teka_logo.jpg\",\"contentUrl\":\"https:\/\/strohm-wp-services.1s.funcionalia.com\/2021\/01\/strohm_teka_logo.jpg\",\"width\":738,\"height\":354,\"caption\":\"Strohm Teka\"},\"image\":{\"@id\":\"https:\/\/strohm-teka.hu\/hu\/#\/schema\/logo\/image\/\"},\"sameAs\":[\"https:\/\/www.instagram.com\/strohm_teka_es\/\",\"https:\/\/www.linkedin.com\/company\/teka-strohm-espa\u00f1a\/\"]}]}<\/script>\n<!-- \/ Yoast SEO plugin. -->","yoast_head_json":{"title":"Strohm Teka \u2013 ahol a f\u00fcrd\u0151szob\u00e1ban minden pillanat \u00e9lm\u00e9nny\u00e9 v\u00e1lik - Strohm Teka","robots":{"index":"index","follow":"follow","max-snippet":"max-snippet:-1","max-image-preview":"max-image-preview:large","max-video-preview":"max-video-preview:-1"},"canonical":"https:\/\/strohm-teka.hu\/hu\/bemutatoterem\/","og_locale":"hu_HU","og_type":"article","og_title":"Strohm Teka \u2013 ahol a f\u00fcrd\u0151szob\u00e1ban minden pillanat \u00e9lm\u00e9nny\u00e9 v\u00e1lik - Strohm Teka","og_description":"Minden napot a f\u00fcrd\u0151szob\u00e1ban kezd\u00fcnk \u00e9s fejez\u00fcnk be, \u00edgy a Strohm Tekan\u00e1l minden pillanatra teljesk\u00f6r\u0171 f\u00fcrd\u0151szobai megold\u00e1sokat k\u00edn\u00e1lunk, hogy a f\u00fcrd\u0151szob\u00e1ban t\u00f6lt\u00f6tt id\u0151, val\u00f3ban \u00f6r\u00f6mteli pillanatok sora legyen. A Strohm Teka a f\u00fcrd\u0151szoba ir\u00e1nti szenved\u00e9lyb\u0151l sz\u00fcletett meg. Egy m\u00e1rka, ami lehet\u0151s\u00e9get k\u00edn\u00e1l arra, hogy a f\u00fcrd\u0151szob\u00e1t a harm\u00f3nia, a kikapcsol\u00f3d\u00e1s \u00e9s a meg\u00fajul\u00e1s terek\u00e9nt \u00e9lj\u00fck...","og_url":"https:\/\/strohm-teka.hu\/hu\/bemutatoterem\/","og_site_name":"Strohm Teka","article_modified_time":"2024-09-17T07:23:16+00:00","og_image":[{"width":1024,"height":553,"url":"https:\/\/strohm-wp-services.1s.funcionalia.com\/2022\/04\/captura-de-pantalla-2022-04-29-a-las-9-33-36-1024x553.png","type":"image\/png"}],"twitter_card":"summary_large_image","schema":{"@context":"https:\/\/schema.org","@graph":[{"@type":"WebPage","@id":"https:\/\/strohm-teka.hu\/hu\/bemutatoterem\/","url":"https:\/\/strohm-teka.hu\/hu\/bemutatoterem\/","name":"Strohm Teka \u2013 ahol a f\u00fcrd\u0151szob\u00e1ban minden pillanat \u00e9lm\u00e9nny\u00e9 v\u00e1lik - Strohm Teka","isPartOf":{"@id":"https:\/\/strohm-teka.hu\/hu\/#website"},"primaryImageOfPage":{"@id":"https:\/\/strohm-teka.hu\/hu\/bemutatoterem\/#primaryimage"},"image":{"@id":"https:\/\/strohm-teka.hu\/hu\/bemutatoterem\/#primaryimage"},"thumbnailUrl":"https:\/\/strohm-wp-services.1s.funcionalia.com\/2022\/09\/showroom_slider_08_.jpg","datePublished":"2022-03-18T11:03:30+00:00","dateModified":"2024-09-17T07:23:16+00:00","breadcrumb":{"@id":"https:\/\/strohm-teka.hu\/hu\/bemutatoterem\/#breadcrumb"},"inLanguage":"hu","potentialAction":[{"@type":"ReadAction","target":["https:\/\/strohm-teka.hu\/hu\/bemutatoterem\/"]}]},{"@type":"ImageObject","inLanguage":"hu","@id":"https:\/\/strohm-teka.hu\/hu\/bemutatoterem\/#primaryimage","url":"https:\/\/strohm-wp-services.1s.funcionalia.com\/2022\/09\/showroom_slider_08_.jpg","contentUrl":"https:\/\/strohm-wp-services.1s.funcionalia.com\/2022\/09\/showroom_slider_08_.jpg","width":917,"height":500},{"@type":"BreadcrumbList","@id":"https:\/\/strohm-teka.hu\/hu\/bemutatoterem\/#breadcrumb","itemListElement":[{"@type":"ListItem","position":1,"name":"Home","item":"https:\/\/strohm-teka.hu\/hu\/"},{"@type":"ListItem","position":2,"name":"Strohm Teka \u2013 ahol a f\u00fcrd\u0151szob\u00e1ban minden pillanat \u00e9lm\u00e9nny\u00e9 v\u00e1lik"}]},{"@type":"WebSite","@id":"https:\/\/strohm-teka.hu\/hu\/#website","url":"https:\/\/strohm-teka.hu\/hu\/","name":"Strohm Teka","description":"Soluciones integrales para ba\u00f1o. Grifer\u00eda, sistemas de ducha, muebles y lavabos, mamparas, inodoros y bid\u00e9s, lavabos y accesorios de ba\u00f1o.","publisher":{"@id":"https:\/\/strohm-teka.hu\/hu\/#organization"},"potentialAction":[{"@type":"SearchAction","target":{"@type":"EntryPoint","urlTemplate":"https:\/\/strohm-teka.hu\/hu\/?s={search_term_string}"},"query-input":{"@type":"PropertyValueSpecification","valueRequired":true,"valueName":"search_term_string"}}],"inLanguage":"hu"},{"@type":"Organization","@id":"https:\/\/strohm-teka.hu\/hu\/#organization","name":"Strohm Teka","url":"https:\/\/strohm-teka.hu\/hu\/","logo":{"@type":"ImageObject","inLanguage":"hu","@id":"https:\/\/strohm-teka.hu\/hu\/#\/schema\/logo\/image\/","url":"https:\/\/strohm-wp-services.1s.funcionalia.com\/2021\/01\/strohm_teka_logo.jpg","contentUrl":"https:\/\/strohm-wp-services.1s.funcionalia.com\/2021\/01\/strohm_teka_logo.jpg","width":738,"height":354,"caption":"Strohm Teka"},"image":{"@id":"https:\/\/strohm-teka.hu\/hu\/#\/schema\/logo\/image\/"},"sameAs":["https:\/\/www.instagram.com\/strohm_teka_es\/","https:\/\/www.linkedin.com\/company\/teka-strohm-espa\u00f1a\/"]}]}},"_links":{"self":[{"href":"https:\/\/strohm-teka.hu\/hu\/wp-json\/wp\/v2\/pages\/110449","targetHints":{"allow":["GET"]}}],"collection":[{"href":"https:\/\/strohm-teka.hu\/hu\/wp-json\/wp\/v2\/pages"}],"about":[{"href":"https:\/\/strohm-teka.hu\/hu\/wp-json\/wp\/v2\/types\/page"}],"author":[{"embeddable":true,"href":"https:\/\/strohm-teka.hu\/hu\/wp-json\/wp\/v2\/users\/17"}],"replies":[{"embeddable":true,"href":"https:\/\/strohm-teka.hu\/hu\/wp-json\/wp\/v2\/comments?post=110449"}],"version-history":[{"count":10,"href":"https:\/\/strohm-teka.hu\/hu\/wp-json\/wp\/v2\/pages\/110449\/revisions"}],"predecessor-version":[{"id":133862,"href":"https:\/\/strohm-teka.hu\/hu\/wp-json\/wp\/v2\/pages\/110449\/revisions\/133862"}],"wp:featuredmedia":[{"embeddable":true,"href":"https:\/\/strohm-teka.hu\/hu\/wp-json\/wp\/v2\/media\/111374"}],"wp:attachment":[{"href":"https:\/\/strohm-teka.hu\/hu\/wp-json\/wp\/v2\/media?parent=110449"}],"curies":[{"name":"wp","href":"https:\/\/api.w.org\/{rel}","templated":true}]}}