{"id":134943,"date":"2025-06-09T12:51:28","date_gmt":"2025-06-09T10:51:28","guid":{"rendered":"https:\/\/strohm-teka.hu\/?page_id=134943"},"modified":"2025-06-09T12:55:23","modified_gmt":"2025-06-09T10:55:23","slug":"lavi","status":"publish","type":"page","link":"https:\/\/strohm-teka.hu\/hu\/kollekciok\/lavi\/","title":{"rendered":"Lavi"},"content":{"rendered":"<div class=\"center-aligned-columns\">\n\t<div class=\"grid align-center\">\n\t\t<div class=\"cols col6 tab-col5 mob-col12\">\n\t\t\t\t\t\t\t<img decoding=\"async\" src=\"https:\/\/strohm-wp-services.1s.funcionalia.com\/2025\/06\/lavi_desc1.jpg\" alt=\"\">\n\t\t\t\t\t<\/div>\n\t\t<div class=\"cols col6 tab-col7 mob-col12 padded-in-text\">\n\t\t\t<h3>A term\u00e9szet \u00e9rint\u00e9se<\/h3>\n\t\t\t<p><p>A Lavi kollekci\u00f3t az organikus form\u00e1k ihlett\u00e9k fa<br \/>\nhat\u00e1s\u00fa, organikus r\u00e9szletek mellett a term\u00e9szetes anyagok alkalmaz\u00e1sa teszi teljess\u00e9.<\/p>\n<\/p>\n\t\t<\/div>\n\t<\/div>\n<\/div>\n\n<div class=\"center-aligned-columns\">\n\t<div class=\"grid align-center\">\n\t\t<div class=\"cols col6 tab-col5 mob-col12\">\n\t\t\t\t\t\t\t<video src=\"https:\/\/strohm-wp-services.1s.funcionalia.com\/2025\/03\/black.mp4\" alt=\"\" autoplay loop muted playsinline preload><\/video>\n\t\t\t\t\t<\/div>\n\t\t<div class=\"cols col6 tab-col7 mob-col12 padded-in-text\">\n\t\t\t<h3>Kollekci\u00f3elemek<\/h3>\n\t\t\t<p><p>A fa hat\u00e1s\u00fa, innovat\u00edv anyag k\u00e9ts\u00e9gk\u00edv\u00fcl a kollekci\u00f3 legk\u00fcl\u00f6nlegesebb eleme, ugyanakkor modern \u00e9s egyedi formavil\u00e1g\u00e1val is kit\u0171nik. A csaptelepek fekete \u00e9s feh\u00e9r sz\u00ednben, fa bet\u00e9tekkel \u00e9rhet\u0151k el. A mosd\u00f3k sima fel\u00fclete \u00e9s a b\u00fatorok \u00edvelt vonalai azonnal magukra vonj\u00e1k a figyelmet \u2013 letisztult eszt\u00e9tik\u00e1jukkal \u00e9s r\u00e9szletgazdag kidolgoz\u00e1sukkal.<\/p>\n<\/p>\n\t\t<\/div>\n\t<\/div>\n<\/div>\n\n<div class=\"center-aligned-columns\">\n\t<div class=\"grid align-center\">\n\t\t<div class=\"cols col6 tab-col5 mob-col12\">\n\t\t\t\t\t\t\t<img decoding=\"async\" src=\"https:\/\/strohm-wp-services.1s.funcionalia.com\/2025\/06\/lavi_desc3.jpg\" alt=\"\">\n\t\t\t\t\t<\/div>\n\t\t<div class=\"cols col6 tab-col7 mob-col12 padded-in-text\">\n\t\t\t<h3>Az \u00edv<\/h3>\n\t\t\t<p><p>Lekerek\u00edtett form\u00e1k, amelyek nemcsak a csaptelepeken, hanem a b\u00fatorok kialak\u00edt\u00e1s\u00e1n is visszak\u00f6sz\u00f6nnek. Az egyr\u00e9szes f\u00fcrd\u0151szobai mosd\u00f3szekr\u00e9ny l\u00e1gy \u00edvekkel \u00e9s finom tapint\u00e1s\u00fa fel\u00fcletekkel k\u00e9sz\u00fcl. K\u00e9t t\u00e1gas fi\u00f3kja b\u0151s\u00e9ges t\u00e1rol\u00f3helyet k\u00edn\u00e1l, mik\u00f6zben eleg\u00e1ns megjelen\u00e9s\u00e9vel \u00faj szintre emeli f\u00fcrd\u0151szob\u00e1d st\u00edlus\u00e1t.<\/p>\n<\/p>\n\t\t<\/div>\n\t<\/div>\n<\/div>\n\n<div class=\"center-aligned-columns\">\n\t<div class=\"grid align-center\">\n\t\t<div class=\"cols col6 tab-col5 mob-col12\">\n\t\t\t\t\t\t\t<img decoding=\"async\" src=\"https:\/\/strohm-wp-services.1s.funcionalia.com\/2025\/06\/lavi_desc4.jpg\" alt=\"\">\n\t\t\t\t\t<\/div>\n\t\t<div class=\"cols col6 tab-col7 mob-col12 padded-in-text\">\n\t\t\t<h3>Multibox<\/h3>\n\t\t\t<p><p>A Lavi be\u00e9p\u00edthet\u0151 rendszerei kiz\u00e1r\u00f3lag a saj\u00e1t fejleszt\u00e9s\u0171 Multibox rendszerrel telep\u00edthet\u0151k. Ez az innovat\u00edv technol\u00f3gia sz\u00e1mos el\u0151nyt k\u00edn\u00e1l:<br \/>\nzajcs\u00f6kkent\u00e9st, egyszer\u0171 csaptelepcser\u00e9t, valamint az \u00f6sszes vez\u00e9rl\u0151elemet egyetlen, letisztult panelen helyezi el. A be\u00e9p\u00edtett rendszerek k\u00fcls\u0151 elemei feh\u00e9r \u00e9s fekete sz\u00ednben, fa bet\u00e9tekkel \u00e9rhet\u0151k el \u2013 \u00edgy t\u00f6k\u00e9letesen illeszkednek a kollekci\u00f3 t\u00f6bbi darabj\u00e1hoz.<br \/>\nA zuhanykieg\u00e9sz\u00edt\u0151k k\u00f6z\u00f6tt pedig megtal\u00e1lhat\u00f3k a hozz\u00e1juk ill\u0151 zuhanyfejek \u00e9s zuhanykarok is.<\/p>\n<\/p>\n\t\t<\/div>\n\t<\/div>\n<\/div>","protected":false},"excerpt":{"rendered":"","protected":false},"author":17,"featured_media":0,"parent":61343,"menu_order":0,"comment_status":"closed","ping_status":"closed","template":"templates\/collection.php","meta":{"_acf_changed":false,"footnotes":""},"class_list":["post-134943","page","type-page","status-publish","hentry"],"acf":[],"yoast_head":"<!-- This site is optimized with the Yoast SEO plugin v27.1.1 - https:\/\/yoast.com\/product\/yoast-seo-wordpress\/ -->\n<title>Lavi - Strohm Teka<\/title>\n<meta name=\"robots\" content=\"index, follow, max-snippet:-1, max-image-preview:large, max-video-preview:-1\" \/>\n<link rel=\"canonical\" href=\"https:\/\/strohm-teka.hu\/hu\/kollekciok\/lavi\/\" \/>\n<meta property=\"og:locale\" content=\"hu_HU\" \/>\n<meta property=\"og:type\" content=\"article\" \/>\n<meta property=\"og:title\" content=\"Lavi - Strohm Teka\" \/>\n<meta property=\"og:url\" content=\"https:\/\/strohm-teka.hu\/hu\/kollekciok\/lavi\/\" \/>\n<meta property=\"og:site_name\" content=\"Strohm Teka\" \/>\n<meta property=\"article:modified_time\" content=\"2025-06-09T10:55:23+00:00\" \/>\n<meta property=\"og:image\" content=\"https:\/\/strohm-wp-services.1s.funcionalia.com\/2021\/01\/brand_rgb_png3.png\" \/>\n\t<meta property=\"og:image:width\" content=\"11601\" \/>\n\t<meta property=\"og:image:height\" content=\"4519\" \/>\n\t<meta property=\"og:image:type\" content=\"image\/png\" \/>\n<meta name=\"twitter:card\" content=\"summary_large_image\" \/>\n<script type=\"application\/ld+json\" class=\"yoast-schema-graph\">{\"@context\":\"https:\/\/schema.org\",\"@graph\":[{\"@type\":\"WebPage\",\"@id\":\"https:\/\/strohm-teka.hu\/hu\/kollekciok\/lavi\/\",\"url\":\"https:\/\/strohm-teka.hu\/hu\/kollekciok\/lavi\/\",\"name\":\"Lavi - Strohm Teka\",\"isPartOf\":{\"@id\":\"https:\/\/strohm-teka.hu\/hu\/#website\"},\"datePublished\":\"2025-06-09T10:51:28+00:00\",\"dateModified\":\"2025-06-09T10:55:23+00:00\",\"breadcrumb\":{\"@id\":\"https:\/\/strohm-teka.hu\/hu\/kollekciok\/lavi\/#breadcrumb\"},\"inLanguage\":\"hu\",\"potentialAction\":[{\"@type\":\"ReadAction\",\"target\":[\"https:\/\/strohm-teka.hu\/hu\/kollekciok\/lavi\/\"]}]},{\"@type\":\"BreadcrumbList\",\"@id\":\"https:\/\/strohm-teka.hu\/hu\/kollekciok\/lavi\/#breadcrumb\",\"itemListElement\":[{\"@type\":\"ListItem\",\"position\":1,\"name\":\"Home\",\"item\":\"https:\/\/strohm-teka.hu\/hu\/\"},{\"@type\":\"ListItem\",\"position\":2,\"name\":\"Kollekci\u00f3k\",\"item\":\"https:\/\/strohm-teka.hu\/hu\/kollekciok\/\"},{\"@type\":\"ListItem\",\"position\":3,\"name\":\"Lavi\"}]},{\"@type\":\"WebSite\",\"@id\":\"https:\/\/strohm-teka.hu\/hu\/#website\",\"url\":\"https:\/\/strohm-teka.hu\/hu\/\",\"name\":\"Strohm Teka\",\"description\":\"Soluciones integrales para ba\u00f1o. Grifer\u00eda, sistemas de ducha, muebles y lavabos, mamparas, inodoros y bid\u00e9s, lavabos y accesorios de ba\u00f1o.\",\"publisher\":{\"@id\":\"https:\/\/strohm-teka.hu\/hu\/#organization\"},\"potentialAction\":[{\"@type\":\"SearchAction\",\"target\":{\"@type\":\"EntryPoint\",\"urlTemplate\":\"https:\/\/strohm-teka.hu\/hu\/?s={search_term_string}\"},\"query-input\":{\"@type\":\"PropertyValueSpecification\",\"valueRequired\":true,\"valueName\":\"search_term_string\"}}],\"inLanguage\":\"hu\"},{\"@type\":\"Organization\",\"@id\":\"https:\/\/strohm-teka.hu\/hu\/#organization\",\"name\":\"Strohm Teka\",\"url\":\"https:\/\/strohm-teka.hu\/hu\/\",\"logo\":{\"@type\":\"ImageObject\",\"inLanguage\":\"hu\",\"@id\":\"https:\/\/strohm-teka.hu\/hu\/#\/schema\/logo\/image\/\",\"url\":\"https:\/\/strohm-wp-services.1s.funcionalia.com\/2021\/01\/strohm_teka_logo.jpg\",\"contentUrl\":\"https:\/\/strohm-wp-services.1s.funcionalia.com\/2021\/01\/strohm_teka_logo.jpg\",\"width\":738,\"height\":354,\"caption\":\"Strohm Teka\"},\"image\":{\"@id\":\"https:\/\/strohm-teka.hu\/hu\/#\/schema\/logo\/image\/\"},\"sameAs\":[\"https:\/\/www.instagram.com\/strohm_teka_es\/\",\"https:\/\/www.linkedin.com\/company\/teka-strohm-espa\u00f1a\/\"]}]}<\/script>\n<!-- \/ Yoast SEO plugin. -->","yoast_head_json":{"title":"Lavi - Strohm Teka","robots":{"index":"index","follow":"follow","max-snippet":"max-snippet:-1","max-image-preview":"max-image-preview:large","max-video-preview":"max-video-preview:-1"},"canonical":"https:\/\/strohm-teka.hu\/hu\/kollekciok\/lavi\/","og_locale":"hu_HU","og_type":"article","og_title":"Lavi - Strohm Teka","og_url":"https:\/\/strohm-teka.hu\/hu\/kollekciok\/lavi\/","og_site_name":"Strohm Teka","article_modified_time":"2025-06-09T10:55:23+00:00","og_image":[{"width":11601,"height":4519,"url":"https:\/\/strohm-wp-services.1s.funcionalia.com\/2021\/01\/brand_rgb_png3.png","type":"image\/png"}],"twitter_card":"summary_large_image","schema":{"@context":"https:\/\/schema.org","@graph":[{"@type":"WebPage","@id":"https:\/\/strohm-teka.hu\/hu\/kollekciok\/lavi\/","url":"https:\/\/strohm-teka.hu\/hu\/kollekciok\/lavi\/","name":"Lavi - Strohm Teka","isPartOf":{"@id":"https:\/\/strohm-teka.hu\/hu\/#website"},"datePublished":"2025-06-09T10:51:28+00:00","dateModified":"2025-06-09T10:55:23+00:00","breadcrumb":{"@id":"https:\/\/strohm-teka.hu\/hu\/kollekciok\/lavi\/#breadcrumb"},"inLanguage":"hu","potentialAction":[{"@type":"ReadAction","target":["https:\/\/strohm-teka.hu\/hu\/kollekciok\/lavi\/"]}]},{"@type":"BreadcrumbList","@id":"https:\/\/strohm-teka.hu\/hu\/kollekciok\/lavi\/#breadcrumb","itemListElement":[{"@type":"ListItem","position":1,"name":"Home","item":"https:\/\/strohm-teka.hu\/hu\/"},{"@type":"ListItem","position":2,"name":"Kollekci\u00f3k","item":"https:\/\/strohm-teka.hu\/hu\/kollekciok\/"},{"@type":"ListItem","position":3,"name":"Lavi"}]},{"@type":"WebSite","@id":"https:\/\/strohm-teka.hu\/hu\/#website","url":"https:\/\/strohm-teka.hu\/hu\/","name":"Strohm Teka","description":"Soluciones integrales para ba\u00f1o. Grifer\u00eda, sistemas de ducha, muebles y lavabos, mamparas, inodoros y bid\u00e9s, lavabos y accesorios de ba\u00f1o.","publisher":{"@id":"https:\/\/strohm-teka.hu\/hu\/#organization"},"potentialAction":[{"@type":"SearchAction","target":{"@type":"EntryPoint","urlTemplate":"https:\/\/strohm-teka.hu\/hu\/?s={search_term_string}"},"query-input":{"@type":"PropertyValueSpecification","valueRequired":true,"valueName":"search_term_string"}}],"inLanguage":"hu"},{"@type":"Organization","@id":"https:\/\/strohm-teka.hu\/hu\/#organization","name":"Strohm Teka","url":"https:\/\/strohm-teka.hu\/hu\/","logo":{"@type":"ImageObject","inLanguage":"hu","@id":"https:\/\/strohm-teka.hu\/hu\/#\/schema\/logo\/image\/","url":"https:\/\/strohm-wp-services.1s.funcionalia.com\/2021\/01\/strohm_teka_logo.jpg","contentUrl":"https:\/\/strohm-wp-services.1s.funcionalia.com\/2021\/01\/strohm_teka_logo.jpg","width":738,"height":354,"caption":"Strohm Teka"},"image":{"@id":"https:\/\/strohm-teka.hu\/hu\/#\/schema\/logo\/image\/"},"sameAs":["https:\/\/www.instagram.com\/strohm_teka_es\/","https:\/\/www.linkedin.com\/company\/teka-strohm-espa\u00f1a\/"]}]}},"_links":{"self":[{"href":"https:\/\/strohm-teka.hu\/hu\/wp-json\/wp\/v2\/pages\/134943","targetHints":{"allow":["GET"]}}],"collection":[{"href":"https:\/\/strohm-teka.hu\/hu\/wp-json\/wp\/v2\/pages"}],"about":[{"href":"https:\/\/strohm-teka.hu\/hu\/wp-json\/wp\/v2\/types\/page"}],"author":[{"embeddable":true,"href":"https:\/\/strohm-teka.hu\/hu\/wp-json\/wp\/v2\/users\/17"}],"replies":[{"embeddable":true,"href":"https:\/\/strohm-teka.hu\/hu\/wp-json\/wp\/v2\/comments?post=134943"}],"version-history":[{"count":1,"href":"https:\/\/strohm-teka.hu\/hu\/wp-json\/wp\/v2\/pages\/134943\/revisions"}],"predecessor-version":[{"id":134953,"href":"https:\/\/strohm-teka.hu\/hu\/wp-json\/wp\/v2\/pages\/134943\/revisions\/134953"}],"up":[{"embeddable":true,"href":"https:\/\/strohm-teka.hu\/hu\/wp-json\/wp\/v2\/pages\/61343"}],"wp:attachment":[{"href":"https:\/\/strohm-teka.hu\/hu\/wp-json\/wp\/v2\/media?parent=134943"}],"curies":[{"name":"wp","href":"https:\/\/api.w.org\/{rel}","templated":true}]}}