{"id":134954,"date":"2025-06-09T13:04:53","date_gmt":"2025-06-09T11:04:53","guid":{"rendered":"https:\/\/strohm-teka.hu\/?page_id=134954"},"modified":"2025-06-09T13:07:30","modified_gmt":"2025-06-09T11:07:30","slug":"timor","status":"publish","type":"page","link":"https:\/\/strohm-teka.hu\/hu\/kollekciok\/timor\/","title":{"rendered":"Timor"},"content":{"rendered":"<div class=\"center-aligned-columns\">\n\t<div class=\"grid align-center\">\n\t\t<div class=\"cols col6 tab-col5 mob-col12\">\n\t\t\t\t\t\t\t<img decoding=\"async\" src=\"https:\/\/strohm-wp-services.1s.funcionalia.com\/2025\/06\/timor_desc2.jpg\" alt=\"\">\n\t\t\t\t\t<\/div>\n\t\t<div class=\"cols col6 tab-col7 mob-col12 padded-in-text\">\n\t\t\t<h3><\/h3>\n\t\t\t<p><p>A Strohm Teka Timor zuhanyfalai a sokoldal\u00fas\u00e1got \u00e9s<br \/>\na magas min\u0151s\u00e9get \u00f6tv\u00f6zik, hogy b\u00e1rmilyen<br \/>\nf\u00fcrd\u0151szobai st\u00edlushoz passzoljanak. 6 \u00e9s 8 mm vastag<br \/>\n\u00fcvegb\u0151l k\u00e9sz\u00fclnek, \u00edgy tart\u00f3ss\u00e1gukkal, biztons\u00e1gos \u00e9s<br \/>\neleg\u00e1ns diz\u00e1jnjukkal k\u00f6nnyed\u00e9n illeszkednek minden<br \/>\nt\u00e9rbe.<\/p>\n<\/p>\n\t\t<\/div>\n\t<\/div>\n<\/div>\n\n<div class=\"center-aligned-columns\">\n\t<div class=\"grid align-center\">\n\t\t<div class=\"cols col6 tab-col5 mob-col12\">\n\t\t\t\t\t\t\t<img decoding=\"async\" src=\"https:\/\/strohm-wp-services.1s.funcionalia.com\/2025\/06\/timor_desc1.jpg\" alt=\"\">\n\t\t\t\t\t<\/div>\n\t\t<div class=\"cols col6 tab-col7 mob-col12 padded-in-text\">\n\t\t\t<h3><\/h3>\n\t\t\t<p><p>A Strohm Clean kezel\u00e9s egy v\u00e9d\u0151r\u00e9teg, amely tasz\u00edtja<br \/>\na vizet \u00e9s a szennyez\u0151d\u00e9seket, megk\u00f6nny\u00edtve a<br \/>\ntiszt\u00edt\u00e1st, ez\u00e1ltal seg\u00edt meg\u0151rizni a term\u00e9k eredeti<br \/>\n\u00e1llapot\u00e1t \u00e9s megjelen\u00e9s\u00e9t hosszabb ideig. Okos<br \/>\nkialak\u00edt\u00e1s\u00e1nak k\u00f6sz\u00f6nhet\u0151en a telep\u00edt\u00e9s gyors \u00e9s<br \/>\negyszer\u0171, \u00edgy ide\u00e1lis v\u00e1laszt\u00e1s mind fel\u00faj\u00edt\u00e1sokhoz,<br \/>\nmind \u00faj f\u00fcrd\u0151szobai projektekhez.<\/p>\n<\/p>\n\t\t<\/div>\n\t<\/div>\n<\/div>","protected":false},"excerpt":{"rendered":"","protected":false},"author":17,"featured_media":134961,"parent":61343,"menu_order":0,"comment_status":"closed","ping_status":"closed","template":"templates\/collection.php","meta":{"_acf_changed":false,"footnotes":""},"class_list":["post-134954","page","type-page","status-publish","has-post-thumbnail","hentry"],"acf":[],"yoast_head":"<!-- This site is optimized with the Yoast SEO plugin v27.1.1 - https:\/\/yoast.com\/product\/yoast-seo-wordpress\/ -->\n<title>Timor - Strohm Teka<\/title>\n<meta name=\"robots\" content=\"index, follow, max-snippet:-1, max-image-preview:large, max-video-preview:-1\" \/>\n<link rel=\"canonical\" href=\"https:\/\/strohm-teka.hu\/hu\/kollekciok\/timor\/\" \/>\n<meta property=\"og:locale\" content=\"hu_HU\" \/>\n<meta property=\"og:type\" content=\"article\" \/>\n<meta property=\"og:title\" content=\"Timor - Strohm Teka\" \/>\n<meta property=\"og:url\" content=\"https:\/\/strohm-teka.hu\/hu\/kollekciok\/timor\/\" \/>\n<meta property=\"og:site_name\" content=\"Strohm Teka\" \/>\n<meta property=\"article:modified_time\" content=\"2025-06-09T11:07:30+00:00\" \/>\n<meta property=\"og:image\" content=\"https:\/\/strohm-wp-services.1s.funcionalia.com\/2025\/06\/timor.jpg\" \/>\n\t<meta property=\"og:image:width\" content=\"1280\" \/>\n\t<meta property=\"og:image:height\" content=\"720\" \/>\n\t<meta property=\"og:image:type\" content=\"image\/jpeg\" \/>\n<meta name=\"twitter:card\" content=\"summary_large_image\" \/>\n<script type=\"application\/ld+json\" class=\"yoast-schema-graph\">{\"@context\":\"https:\/\/schema.org\",\"@graph\":[{\"@type\":\"WebPage\",\"@id\":\"https:\/\/strohm-teka.hu\/hu\/kollekciok\/timor\/\",\"url\":\"https:\/\/strohm-teka.hu\/hu\/kollekciok\/timor\/\",\"name\":\"Timor - Strohm Teka\",\"isPartOf\":{\"@id\":\"https:\/\/strohm-teka.hu\/hu\/#website\"},\"primaryImageOfPage\":{\"@id\":\"https:\/\/strohm-teka.hu\/hu\/kollekciok\/timor\/#primaryimage\"},\"image\":{\"@id\":\"https:\/\/strohm-teka.hu\/hu\/kollekciok\/timor\/#primaryimage\"},\"thumbnailUrl\":\"https:\/\/strohm-wp-services.1s.funcionalia.com\/2025\/06\/timor.jpg\",\"datePublished\":\"2025-06-09T11:04:53+00:00\",\"dateModified\":\"2025-06-09T11:07:30+00:00\",\"breadcrumb\":{\"@id\":\"https:\/\/strohm-teka.hu\/hu\/kollekciok\/timor\/#breadcrumb\"},\"inLanguage\":\"hu\",\"potentialAction\":[{\"@type\":\"ReadAction\",\"target\":[\"https:\/\/strohm-teka.hu\/hu\/kollekciok\/timor\/\"]}]},{\"@type\":\"ImageObject\",\"inLanguage\":\"hu\",\"@id\":\"https:\/\/strohm-teka.hu\/hu\/kollekciok\/timor\/#primaryimage\",\"url\":\"https:\/\/strohm-wp-services.1s.funcionalia.com\/2025\/06\/timor.jpg\",\"contentUrl\":\"https:\/\/strohm-wp-services.1s.funcionalia.com\/2025\/06\/timor.jpg\",\"width\":1280,\"height\":720},{\"@type\":\"BreadcrumbList\",\"@id\":\"https:\/\/strohm-teka.hu\/hu\/kollekciok\/timor\/#breadcrumb\",\"itemListElement\":[{\"@type\":\"ListItem\",\"position\":1,\"name\":\"Home\",\"item\":\"https:\/\/strohm-teka.hu\/hu\/\"},{\"@type\":\"ListItem\",\"position\":2,\"name\":\"Kollekci\u00f3k\",\"item\":\"https:\/\/strohm-teka.hu\/hu\/kollekciok\/\"},{\"@type\":\"ListItem\",\"position\":3,\"name\":\"Timor\"}]},{\"@type\":\"WebSite\",\"@id\":\"https:\/\/strohm-teka.hu\/hu\/#website\",\"url\":\"https:\/\/strohm-teka.hu\/hu\/\",\"name\":\"Strohm Teka\",\"description\":\"Soluciones integrales para ba\u00f1o. Grifer\u00eda, sistemas de ducha, muebles y lavabos, mamparas, inodoros y bid\u00e9s, lavabos y accesorios de ba\u00f1o.\",\"publisher\":{\"@id\":\"https:\/\/strohm-teka.hu\/hu\/#organization\"},\"potentialAction\":[{\"@type\":\"SearchAction\",\"target\":{\"@type\":\"EntryPoint\",\"urlTemplate\":\"https:\/\/strohm-teka.hu\/hu\/?s={search_term_string}\"},\"query-input\":{\"@type\":\"PropertyValueSpecification\",\"valueRequired\":true,\"valueName\":\"search_term_string\"}}],\"inLanguage\":\"hu\"},{\"@type\":\"Organization\",\"@id\":\"https:\/\/strohm-teka.hu\/hu\/#organization\",\"name\":\"Strohm Teka\",\"url\":\"https:\/\/strohm-teka.hu\/hu\/\",\"logo\":{\"@type\":\"ImageObject\",\"inLanguage\":\"hu\",\"@id\":\"https:\/\/strohm-teka.hu\/hu\/#\/schema\/logo\/image\/\",\"url\":\"https:\/\/strohm-wp-services.1s.funcionalia.com\/2021\/01\/strohm_teka_logo.jpg\",\"contentUrl\":\"https:\/\/strohm-wp-services.1s.funcionalia.com\/2021\/01\/strohm_teka_logo.jpg\",\"width\":738,\"height\":354,\"caption\":\"Strohm Teka\"},\"image\":{\"@id\":\"https:\/\/strohm-teka.hu\/hu\/#\/schema\/logo\/image\/\"},\"sameAs\":[\"https:\/\/www.instagram.com\/strohm_teka_es\/\",\"https:\/\/www.linkedin.com\/company\/teka-strohm-espa\u00f1a\/\"]}]}<\/script>\n<!-- \/ Yoast SEO plugin. -->","yoast_head_json":{"title":"Timor - Strohm Teka","robots":{"index":"index","follow":"follow","max-snippet":"max-snippet:-1","max-image-preview":"max-image-preview:large","max-video-preview":"max-video-preview:-1"},"canonical":"https:\/\/strohm-teka.hu\/hu\/kollekciok\/timor\/","og_locale":"hu_HU","og_type":"article","og_title":"Timor - Strohm Teka","og_url":"https:\/\/strohm-teka.hu\/hu\/kollekciok\/timor\/","og_site_name":"Strohm Teka","article_modified_time":"2025-06-09T11:07:30+00:00","og_image":[{"width":1280,"height":720,"url":"https:\/\/strohm-wp-services.1s.funcionalia.com\/2025\/06\/timor.jpg","type":"image\/jpeg"}],"twitter_card":"summary_large_image","schema":{"@context":"https:\/\/schema.org","@graph":[{"@type":"WebPage","@id":"https:\/\/strohm-teka.hu\/hu\/kollekciok\/timor\/","url":"https:\/\/strohm-teka.hu\/hu\/kollekciok\/timor\/","name":"Timor - Strohm Teka","isPartOf":{"@id":"https:\/\/strohm-teka.hu\/hu\/#website"},"primaryImageOfPage":{"@id":"https:\/\/strohm-teka.hu\/hu\/kollekciok\/timor\/#primaryimage"},"image":{"@id":"https:\/\/strohm-teka.hu\/hu\/kollekciok\/timor\/#primaryimage"},"thumbnailUrl":"https:\/\/strohm-wp-services.1s.funcionalia.com\/2025\/06\/timor.jpg","datePublished":"2025-06-09T11:04:53+00:00","dateModified":"2025-06-09T11:07:30+00:00","breadcrumb":{"@id":"https:\/\/strohm-teka.hu\/hu\/kollekciok\/timor\/#breadcrumb"},"inLanguage":"hu","potentialAction":[{"@type":"ReadAction","target":["https:\/\/strohm-teka.hu\/hu\/kollekciok\/timor\/"]}]},{"@type":"ImageObject","inLanguage":"hu","@id":"https:\/\/strohm-teka.hu\/hu\/kollekciok\/timor\/#primaryimage","url":"https:\/\/strohm-wp-services.1s.funcionalia.com\/2025\/06\/timor.jpg","contentUrl":"https:\/\/strohm-wp-services.1s.funcionalia.com\/2025\/06\/timor.jpg","width":1280,"height":720},{"@type":"BreadcrumbList","@id":"https:\/\/strohm-teka.hu\/hu\/kollekciok\/timor\/#breadcrumb","itemListElement":[{"@type":"ListItem","position":1,"name":"Home","item":"https:\/\/strohm-teka.hu\/hu\/"},{"@type":"ListItem","position":2,"name":"Kollekci\u00f3k","item":"https:\/\/strohm-teka.hu\/hu\/kollekciok\/"},{"@type":"ListItem","position":3,"name":"Timor"}]},{"@type":"WebSite","@id":"https:\/\/strohm-teka.hu\/hu\/#website","url":"https:\/\/strohm-teka.hu\/hu\/","name":"Strohm Teka","description":"Soluciones integrales para ba\u00f1o. Grifer\u00eda, sistemas de ducha, muebles y lavabos, mamparas, inodoros y bid\u00e9s, lavabos y accesorios de ba\u00f1o.","publisher":{"@id":"https:\/\/strohm-teka.hu\/hu\/#organization"},"potentialAction":[{"@type":"SearchAction","target":{"@type":"EntryPoint","urlTemplate":"https:\/\/strohm-teka.hu\/hu\/?s={search_term_string}"},"query-input":{"@type":"PropertyValueSpecification","valueRequired":true,"valueName":"search_term_string"}}],"inLanguage":"hu"},{"@type":"Organization","@id":"https:\/\/strohm-teka.hu\/hu\/#organization","name":"Strohm Teka","url":"https:\/\/strohm-teka.hu\/hu\/","logo":{"@type":"ImageObject","inLanguage":"hu","@id":"https:\/\/strohm-teka.hu\/hu\/#\/schema\/logo\/image\/","url":"https:\/\/strohm-wp-services.1s.funcionalia.com\/2021\/01\/strohm_teka_logo.jpg","contentUrl":"https:\/\/strohm-wp-services.1s.funcionalia.com\/2021\/01\/strohm_teka_logo.jpg","width":738,"height":354,"caption":"Strohm Teka"},"image":{"@id":"https:\/\/strohm-teka.hu\/hu\/#\/schema\/logo\/image\/"},"sameAs":["https:\/\/www.instagram.com\/strohm_teka_es\/","https:\/\/www.linkedin.com\/company\/teka-strohm-espa\u00f1a\/"]}]}},"_links":{"self":[{"href":"https:\/\/strohm-teka.hu\/hu\/wp-json\/wp\/v2\/pages\/134954","targetHints":{"allow":["GET"]}}],"collection":[{"href":"https:\/\/strohm-teka.hu\/hu\/wp-json\/wp\/v2\/pages"}],"about":[{"href":"https:\/\/strohm-teka.hu\/hu\/wp-json\/wp\/v2\/types\/page"}],"author":[{"embeddable":true,"href":"https:\/\/strohm-teka.hu\/hu\/wp-json\/wp\/v2\/users\/17"}],"replies":[{"embeddable":true,"href":"https:\/\/strohm-teka.hu\/hu\/wp-json\/wp\/v2\/comments?post=134954"}],"version-history":[{"count":1,"href":"https:\/\/strohm-teka.hu\/hu\/wp-json\/wp\/v2\/pages\/134954\/revisions"}],"predecessor-version":[{"id":134964,"href":"https:\/\/strohm-teka.hu\/hu\/wp-json\/wp\/v2\/pages\/134954\/revisions\/134964"}],"up":[{"embeddable":true,"href":"https:\/\/strohm-teka.hu\/hu\/wp-json\/wp\/v2\/pages\/61343"}],"wp:featuredmedia":[{"embeddable":true,"href":"https:\/\/strohm-teka.hu\/hu\/wp-json\/wp\/v2\/media\/134961"}],"wp:attachment":[{"href":"https:\/\/strohm-teka.hu\/hu\/wp-json\/wp\/v2\/media?parent=134954"}],"curies":[{"name":"wp","href":"https:\/\/api.w.org\/{rel}","templated":true}]}}