{"id":61511,"date":"2020-09-24T14:48:32","date_gmt":"2020-09-24T12:48:32","guid":{"rendered":"https:\/\/strohm-teka.com\/strohm-teka\/"},"modified":"2025-06-05T08:47:10","modified_gmt":"2025-06-05T06:47:10","slug":"strohm-teka","status":"publish","type":"page","link":"https:\/\/strohm-teka.hu\/hu\/","title":{"rendered":"Strohm Teka"},"content":{"rendered":"\n<div style=\"height:20px\" aria-hidden=\"true\" class=\"wp-block-spacer\"><\/div>\n\n\n<\/div><\/div>\n<div class=\"full-screen-container \" style=\"background-image: url(https:\/\/strohm-wp-services.1s.funcionalia.com\/2020\/10\/showroom-02_dark-e1605183776226-1500x600.jpg);\">\n\t<div class=\"content\">\n\t\t<div class=\"inner-holder\">\n\t\t\t<p class=\"title\">\u00c9lje \u00e1t bemutat\u00f3term\u00fcnk \u00e9lm\u00e9ny\u00e9t<\/p>\n\t\t\t<p class=\"description\">L\u00e1togassa meg budapesti bemutat\u00f3term\u00fcnket<\/p>\n\t\t\t<p class=\"description\"><a href=\"\/hu\/bemutatoterem\/\" class=\"link arrow-link\">Bemutatoterem<\/a><\/p>\n\t\t<\/div>\n\t<\/div>\n<\/div>\n<div class=\"container\"><div class=\"formatted-text\">\n\n<\/div><\/div>\n<div class=\"full-screen-row\">\n\t<div class=\"content \" style=\"background-image: url(https:\/\/strohm-wp-services.1s.funcionalia.com\/2020\/10\/detalles_0009_capa-27-900x500.jpg);width:50%;\">\n\t\t\t\t<div class=\"inner-holder\">\n\t\t\t<p class=\"title\"><a href=\"\/hu\/termekkategoria\/zuhany\/\">Zuhanyrendszerek<\/a><\/p>\n\t\t\t<p class=\"description\"><\/p>\n\t\t<\/div>\n\t<\/div>\n\t<div class=\"content \" style=\"background-image: url(https:\/\/strohm-wp-services.1s.funcionalia.com\/2020\/10\/lavabo-01-900x500.jpg);width:50%;\">\n\t\t\t<div class=\"inner-holder\">\n\t\t\t<p class=\"title\"><a href=\"\/hu\/termekkategoria\/mosdokagylok-es-furdoszobaszekrenyek\/\">Mosd\u00f3kagyl\u00f3k \u00e9s f\u00fcrd\u0151szobaszekr\u00e9nyek<\/a><\/p>\n\t\t\t<p class=\"description\"><\/p>\n\t\t<\/div>\n\t<\/div>\n\t<\/div>\n<div class=\"container\"><div class=\"formatted-text\">\n\n<\/div><\/div>\n<div class=\"full-screen-row\">\n\t<div class=\"content \" style=\"background-image: url(https:\/\/strohm-wp-services.1s.funcionalia.com\/2020\/10\/bano-03-900x500.jpg);width:60%;\">\n\t\t\t\t<div class=\"inner-holder\">\n\t\t\t<p class=\"title\"><a href=\"\/hu\/termekkategoria\/furdokadak\/\">F\u00fcrd\u0151k\u00e1dak<\/a><\/p>\n\t\t\t<p class=\"description\"><\/p>\n\t\t<\/div>\n\t<\/div>\n\t<div class=\"content \" style=\"background-image: url(https:\/\/strohm-wp-services.1s.funcionalia.com\/2020\/09\/banos-modernos-sanitarios.jpg);width:40%;\">\n\t\t\t<div class=\"inner-holder\">\n\t\t\t<p class=\"title\"><a href=\"\/hu\/termekkategoria\/wc-k-es-bidek\/\">WC-k \u00e9s bid\u00e9k<\/a><\/p>\n\t\t\t<p class=\"description\"><\/p>\n\t\t<\/div>\n\t<\/div>\n\t<\/div>\n<div class=\"container\"><div class=\"formatted-text\">\n\n<\/div><\/div>\n<div class=\"full-screen-row\">\n\t<div class=\"content \" style=\"background-image: url(https:\/\/strohm-wp-services.1s.funcionalia.com\/2020\/10\/detalles_0004_capa-32-900x500.jpg);width:40%;\">\n\t\t\t\t<div class=\"inner-holder\">\n\t\t\t<p class=\"title\"><a href=\"\/hu\/termekkategoria\/kiegeszitok\/\">Kieg\u00e9sz\u00edt\u0151k<\/a><\/p>\n\t\t\t<p class=\"description\"><\/p>\n\t\t<\/div>\n\t<\/div>\n\t<div class=\"content \" style=\"background-image: url(https:\/\/strohm-wp-services.1s.funcionalia.com\/2020\/10\/detalles_0002_capa-34-900x500.jpg);width:60%;\">\n\t\t\t<div class=\"inner-holder\">\n\t\t\t<p class=\"title\"><a href=\"https:\/\/strohm-teka.hu\/hu\/kollekciok\/zuhanytalcak\/\">Zuhanyt\u00e1lc\u00e1k<\/a><\/p>\n\t\t\t<p class=\"description\"><\/p>\n\t\t<\/div>\n\t<\/div>\n\t<\/div>\n<div class=\"container\"><div class=\"formatted-text\">\n\n\n<div style=\"height:20px\" aria-hidden=\"true\" class=\"wp-block-spacer\"><\/div>\n\n\n<\/div><\/div>\n<div class=\"full-screen-container \" style=\"background-image: url(https:\/\/strohm-wp-services.1s.funcionalia.com\/2020\/10\/bano-07-1800x600.jpg);\">\n\t<div class=\"content\">\n\t\t<div class=\"inner-holder\">\n\t\t\t<p class=\"title\">Egy kollekci\u00f3 minden st\u00edlushoz<\/p>\n\t\t\t<p class=\"description\">Egy m\u00e1rka minden ig\u00e9nyre<\/p>\n\t\t\t<p class=\"description\"><a href=\"https:\/\/strohm-teka.hu\/hu\/kollekciok\/\" class=\"link arrow-link\">Kollekci\u00f3k megtekint\u00e9se<\/a><\/p>\n\t\t<\/div>\n\t<\/div>\n<\/div>\n<div class=\"container\"><div class=\"formatted-text\">\n\n\n<div style=\"height:20px\" aria-hidden=\"true\" class=\"wp-block-spacer\"><\/div>\n\n\n<\/div><\/div>\n<div class=\"full-screen-row\">\n\t<div class=\"content \" style=\"background-image: url(https:\/\/strohm-wp-services.1s.funcionalia.com\/2020\/10\/banosol-copia-e1603354567524-900x500.jpg);width:70%;\">\n\t\t\t\t<div class=\"inner-holder\">\n\t\t\t<p class=\"title\"><a href=\"https:\/\/strohm-teka.hu\/hu\/kollekciok\/itaca\/\">Itaca kollekci\u00f3<\/a><\/p>\n\t\t\t<p class=\"description\">Tal\u00e1lja meg a kontrasztok harm\u00f3ni\u00e1j\u00e1t a term\u00e9szetben<\/p>\n\t\t<\/div>\n\t<\/div>\n\t<div class=\"content empty\" style=\"background-image: url(https:\/\/strohm-wp-services.1s.funcionalia.com\/2020\/10\/strohm_sowroom_276-900x500.jpg);width:30%;\">\n\t\t\t<div class=\"inner-holder\">\n\t\t\t<p class=\"title\"><a href=\"\"><\/a><\/p>\n\t\t\t<p class=\"description\"><\/p>\n\t\t<\/div>\n\t<\/div>\n\t<\/div>\n<div class=\"container\"><div class=\"formatted-text\">\n\n\n<div style=\"height:20px\" aria-hidden=\"true\" class=\"wp-block-spacer\"><\/div>\n\n\n<\/div><\/div>\n<div class=\"full-screen-row\">\n\t<div class=\"content empty\" style=\"background-image: url(https:\/\/strohm-wp-services.1s.funcionalia.com\/2020\/11\/strohm_sense_008-900x500.jpg);width:40%;\">\n\t\t\t\t<div class=\"inner-holder\">\n\t\t\t<p class=\"title\"><a href=\"https:\/\/strohm-teka.hu\/hu\/kollekciok\/sense\/\"><\/a><\/p>\n\t\t\t<p class=\"description\"><\/p>\n\t\t<\/div>\n\t<\/div>\n\t<div class=\"content \" style=\"background-image: url(https:\/\/strohm-wp-services.1s.funcionalia.com\/2020\/11\/strohm_sense_004-900x500.jpg);width:60%;\">\n\t\t\t<div class=\"inner-holder\">\n\t\t\t<p class=\"title\"><a href=\"https:\/\/strohm-teka.hu\/hu\/kollekciok\/sense\/\">Sense kollekci\u00f3<\/a><\/p>\n\t\t\t<p class=\"description\">Halk\u00edtsa le a v\u00e1ros zaj\u00e1t \u00e9s hangol\u00f3djon r\u00e1 \u00e9rz\u00e9keire<\/p>\n\t\t<\/div>\n\t<\/div>\n\t<\/div>\n<div class=\"container\"><div class=\"formatted-text\">\n\n\n<div style=\"height:20px\" aria-hidden=\"true\" class=\"wp-block-spacer\"><\/div>\n\n\n\n<iframe loading=\"lazy\" src=\"https:\/\/www.youtube.com\/embed\/3xL0biWH_oM\" allow=\"accelerometer; autoplay; clipboard-write; encrypted-media; gyroscope; picture-in-picture\" allowfullscreen=\"\" width=\"100%\" height=\"690\" frameborder=\"0\"><\/iframe>\n\n\n\n<h3 class=\"wp-block-heading\">Strohm Tek\u00e1r\u00f3l<\/h3>\n\n\n\n<p class=\"has-normal-font-size\">A Strohm Teka m\u00e1rka glob\u00e1lis megold\u00e1sokat k\u00edn\u00e1l a f\u00fcrd\u0151szob\u00e1kban minden term\u00e9kkateg\u00f3ri\u00e1j\u00e1val: <strong>csaptelepek<\/strong>, <strong>f\u00fcrd\u0151szobaszekr\u00e9nyek<\/strong>, <strong>t\u00fckr\u00f6k<\/strong>, <strong>zuhanypanelek<\/strong>, <strong>kieg\u00e9sz\u00edt\u0151k<\/strong>, <strong>k\u00e1dak<\/strong>, <strong>zuhanyt\u00e1lc\u00e1k<\/strong>, <strong>WC-k <\/strong>\u00e9s <strong>bid\u00e9k<\/strong>.<\/p>\n\n\n\n<p>A Strohm Teka-n\u00e1l kollekci\u00f3inkkal \u00e1tfog\u00f3 f\u00fcrd\u0151szobai megold\u00e1sokat k\u00edn\u00e1lunk, <strong>mik\u00f6zben szem el\u0151tt tartjuk a felhaszn\u00e1l\u00f3k k\u00fcl\u00f6nb\u00f6z\u0151 \u00e9letst\u00edlus\u00e1t.<\/strong> Olyan f\u00fcrd\u0151szob\u00e1kat tervez\u00fcnk, amik funkcion\u00e1lisak, ugyanakkor nagy hangs\u00falyt fektetnek a k\u00e9nyelemre \u00e9s pihentet\u0151ek, mindig k\u00f6vetve m\u00e1rka\u00e9rt\u00e9keinket: <em>k\u00f6nny\u0171 haszn\u00e1lat<\/em>, <em>t\u00f6r\u0151d\u00e9s<\/em> \u00e9s <em>inspir\u00e1ci\u00f3<\/em>\u2026<\/p>\n\n\n\n<p>Mindez \u00f6sszhangban van azzal a k\u00fcldet\u00e9s\u00fcnkkel, hogy a higi\u00e9niai megold\u00e1sokn\u00e1l t\u00f6bbet ny\u00fajtsunk: integr\u00e1lt \u00e9lm\u00e9nyeket k\u00edn\u00e1lunk, amelyek a napi higi\u00e9niai rutint k\u00fcl\u00f6nleges pillanatokk\u00e1 var\u00e1zsolj\u00e1k.<\/p>\n\n\n\n<div style=\"height:100px\" aria-hidden=\"true\" class=\"wp-block-spacer\"><\/div>\n","protected":false},"excerpt":{"rendered":"Strohm Tek\u00e1r\u00f3l A Strohm Teka m\u00e1rka glob\u00e1lis megold\u00e1sokat k\u00edn\u00e1l a f\u00fcrd\u0151szob\u00e1kban minden term\u00e9kkateg\u00f3ri\u00e1j\u00e1val: csaptelepek, f\u00fcrd\u0151szobaszekr\u00e9nyek, t\u00fckr\u00f6k, zuhanypanelek, kieg\u00e9sz\u00edt\u0151k, k\u00e1dak, zuhanyt\u00e1lc\u00e1k, WC-k \u00e9s bid\u00e9k. A Strohm Teka-n\u00e1l kollekci\u00f3inkkal \u00e1tfog\u00f3 f\u00fcrd\u0151szobai megold\u00e1sokat k\u00edn\u00e1lunk, mik\u00f6zben szem el\u0151tt tartjuk a felhaszn\u00e1l\u00f3k k\u00fcl\u00f6nb\u00f6z\u0151 \u00e9letst\u00edlus\u00e1t. Olyan f\u00fcrd\u0151szob\u00e1kat tervez\u00fcnk, amik funkcion\u00e1lisak, ugyanakkor nagy hangs\u00falyt fektetnek a k\u00e9nyelemre \u00e9s pihentet\u0151ek, mindig k\u00f6vetve m\u00e1rka\u00e9rt\u00e9keinket:&#8230;","protected":false},"author":17,"featured_media":0,"parent":0,"menu_order":0,"comment_status":"closed","ping_status":"closed","template":"templates\/home.php","meta":{"_acf_changed":false,"footnotes":""},"class_list":["post-61511","page","type-page","status-publish","hentry"],"acf":[],"yoast_head":"<!-- This site is optimized with the Yoast SEO plugin v27.1.1 - https:\/\/yoast.com\/product\/yoast-seo-wordpress\/ -->\n<title>Strohm Teka - Strohm Teka<\/title>\n<meta name=\"robots\" content=\"index, follow, max-snippet:-1, max-image-preview:large, max-video-preview:-1\" \/>\n<link rel=\"canonical\" href=\"https:\/\/strohm-teka.hu\/hu\/\" \/>\n<meta property=\"og:locale\" content=\"hu_HU\" \/>\n<meta property=\"og:type\" content=\"article\" \/>\n<meta property=\"og:title\" content=\"Strohm Teka - Strohm Teka\" \/>\n<meta property=\"og:description\" content=\"Strohm Tek\u00e1r\u00f3l A Strohm Teka m\u00e1rka glob\u00e1lis megold\u00e1sokat k\u00edn\u00e1l a f\u00fcrd\u0151szob\u00e1kban minden term\u00e9kkateg\u00f3ri\u00e1j\u00e1val: csaptelepek, f\u00fcrd\u0151szobaszekr\u00e9nyek, t\u00fckr\u00f6k, zuhanypanelek, kieg\u00e9sz\u00edt\u0151k, k\u00e1dak, zuhanyt\u00e1lc\u00e1k, WC-k \u00e9s bid\u00e9k. A Strohm Teka-n\u00e1l kollekci\u00f3inkkal \u00e1tfog\u00f3 f\u00fcrd\u0151szobai megold\u00e1sokat k\u00edn\u00e1lunk, mik\u00f6zben szem el\u0151tt tartjuk a felhaszn\u00e1l\u00f3k k\u00fcl\u00f6nb\u00f6z\u0151 \u00e9letst\u00edlus\u00e1t. Olyan f\u00fcrd\u0151szob\u00e1kat tervez\u00fcnk, amik funkcion\u00e1lisak, ugyanakkor nagy hangs\u00falyt fektetnek a k\u00e9nyelemre \u00e9s pihentet\u0151ek, mindig k\u00f6vetve m\u00e1rka\u00e9rt\u00e9keinket:...\" \/>\n<meta property=\"og:url\" content=\"https:\/\/strohm-teka.hu\/hu\/\" \/>\n<meta property=\"og:site_name\" content=\"Strohm Teka\" \/>\n<meta property=\"article:modified_time\" content=\"2025-06-05T06:47:10+00:00\" \/>\n<meta property=\"og:image\" content=\"https:\/\/strohm-wp-services.1s.funcionalia.com\/2021\/01\/brand_rgb_png3.png\" \/>\n\t<meta property=\"og:image:width\" content=\"11601\" \/>\n\t<meta property=\"og:image:height\" content=\"4519\" \/>\n\t<meta property=\"og:image:type\" content=\"image\/png\" \/>\n<meta name=\"twitter:card\" content=\"summary_large_image\" \/>\n<script type=\"application\/ld+json\" class=\"yoast-schema-graph\">{\"@context\":\"https:\/\/schema.org\",\"@graph\":[{\"@type\":\"WebPage\",\"@id\":\"https:\/\/strohm-teka.hu\/hu\/\",\"url\":\"https:\/\/strohm-teka.hu\/hu\/\",\"name\":\"Strohm Teka - Strohm Teka\",\"isPartOf\":{\"@id\":\"https:\/\/strohm-teka.hu\/hu\/#website\"},\"datePublished\":\"2020-09-24T12:48:32+00:00\",\"dateModified\":\"2025-06-05T06:47:10+00:00\",\"breadcrumb\":{\"@id\":\"https:\/\/strohm-teka.hu\/hu\/#breadcrumb\"},\"inLanguage\":\"hu\",\"potentialAction\":[{\"@type\":\"ReadAction\",\"target\":[\"https:\/\/strohm-teka.hu\/hu\/\"]}]},{\"@type\":\"BreadcrumbList\",\"@id\":\"https:\/\/strohm-teka.hu\/hu\/#breadcrumb\",\"itemListElement\":[{\"@type\":\"ListItem\",\"position\":1,\"name\":\"Home\",\"item\":\"https:\/\/strohm-teka.hu\/hu\/\"},{\"@type\":\"ListItem\",\"position\":2,\"name\":\"Strohm Teka\"}]},{\"@type\":\"WebSite\",\"@id\":\"https:\/\/strohm-teka.hu\/hu\/#website\",\"url\":\"https:\/\/strohm-teka.hu\/hu\/\",\"name\":\"Strohm Teka\",\"description\":\"Soluciones integrales para ba\u00f1o. Grifer\u00eda, sistemas de ducha, muebles y lavabos, mamparas, inodoros y bid\u00e9s, lavabos y accesorios de ba\u00f1o.\",\"publisher\":{\"@id\":\"https:\/\/strohm-teka.hu\/hu\/#organization\"},\"potentialAction\":[{\"@type\":\"SearchAction\",\"target\":{\"@type\":\"EntryPoint\",\"urlTemplate\":\"https:\/\/strohm-teka.hu\/hu\/?s={search_term_string}\"},\"query-input\":{\"@type\":\"PropertyValueSpecification\",\"valueRequired\":true,\"valueName\":\"search_term_string\"}}],\"inLanguage\":\"hu\"},{\"@type\":\"Organization\",\"@id\":\"https:\/\/strohm-teka.hu\/hu\/#organization\",\"name\":\"Strohm Teka\",\"url\":\"https:\/\/strohm-teka.hu\/hu\/\",\"logo\":{\"@type\":\"ImageObject\",\"inLanguage\":\"hu\",\"@id\":\"https:\/\/strohm-teka.hu\/hu\/#\/schema\/logo\/image\/\",\"url\":\"https:\/\/strohm-wp-services.1s.funcionalia.com\/2021\/01\/strohm_teka_logo.jpg\",\"contentUrl\":\"https:\/\/strohm-wp-services.1s.funcionalia.com\/2021\/01\/strohm_teka_logo.jpg\",\"width\":738,\"height\":354,\"caption\":\"Strohm Teka\"},\"image\":{\"@id\":\"https:\/\/strohm-teka.hu\/hu\/#\/schema\/logo\/image\/\"},\"sameAs\":[\"https:\/\/www.instagram.com\/strohm_teka_es\/\",\"https:\/\/www.linkedin.com\/company\/teka-strohm-espa\u00f1a\/\"]}]}<\/script>\n<!-- \/ Yoast SEO plugin. -->","yoast_head_json":{"title":"Strohm Teka - Strohm Teka","robots":{"index":"index","follow":"follow","max-snippet":"max-snippet:-1","max-image-preview":"max-image-preview:large","max-video-preview":"max-video-preview:-1"},"canonical":"https:\/\/strohm-teka.hu\/hu\/","og_locale":"hu_HU","og_type":"article","og_title":"Strohm Teka - Strohm Teka","og_description":"Strohm Tek\u00e1r\u00f3l A Strohm Teka m\u00e1rka glob\u00e1lis megold\u00e1sokat k\u00edn\u00e1l a f\u00fcrd\u0151szob\u00e1kban minden term\u00e9kkateg\u00f3ri\u00e1j\u00e1val: csaptelepek, f\u00fcrd\u0151szobaszekr\u00e9nyek, t\u00fckr\u00f6k, zuhanypanelek, kieg\u00e9sz\u00edt\u0151k, k\u00e1dak, zuhanyt\u00e1lc\u00e1k, WC-k \u00e9s bid\u00e9k. A Strohm Teka-n\u00e1l kollekci\u00f3inkkal \u00e1tfog\u00f3 f\u00fcrd\u0151szobai megold\u00e1sokat k\u00edn\u00e1lunk, mik\u00f6zben szem el\u0151tt tartjuk a felhaszn\u00e1l\u00f3k k\u00fcl\u00f6nb\u00f6z\u0151 \u00e9letst\u00edlus\u00e1t. Olyan f\u00fcrd\u0151szob\u00e1kat tervez\u00fcnk, amik funkcion\u00e1lisak, ugyanakkor nagy hangs\u00falyt fektetnek a k\u00e9nyelemre \u00e9s pihentet\u0151ek, mindig k\u00f6vetve m\u00e1rka\u00e9rt\u00e9keinket:...","og_url":"https:\/\/strohm-teka.hu\/hu\/","og_site_name":"Strohm Teka","article_modified_time":"2025-06-05T06:47:10+00:00","og_image":[{"width":11601,"height":4519,"url":"https:\/\/strohm-wp-services.1s.funcionalia.com\/2021\/01\/brand_rgb_png3.png","type":"image\/png"}],"twitter_card":"summary_large_image","schema":{"@context":"https:\/\/schema.org","@graph":[{"@type":"WebPage","@id":"https:\/\/strohm-teka.hu\/hu\/","url":"https:\/\/strohm-teka.hu\/hu\/","name":"Strohm Teka - Strohm Teka","isPartOf":{"@id":"https:\/\/strohm-teka.hu\/hu\/#website"},"datePublished":"2020-09-24T12:48:32+00:00","dateModified":"2025-06-05T06:47:10+00:00","breadcrumb":{"@id":"https:\/\/strohm-teka.hu\/hu\/#breadcrumb"},"inLanguage":"hu","potentialAction":[{"@type":"ReadAction","target":["https:\/\/strohm-teka.hu\/hu\/"]}]},{"@type":"BreadcrumbList","@id":"https:\/\/strohm-teka.hu\/hu\/#breadcrumb","itemListElement":[{"@type":"ListItem","position":1,"name":"Home","item":"https:\/\/strohm-teka.hu\/hu\/"},{"@type":"ListItem","position":2,"name":"Strohm Teka"}]},{"@type":"WebSite","@id":"https:\/\/strohm-teka.hu\/hu\/#website","url":"https:\/\/strohm-teka.hu\/hu\/","name":"Strohm Teka","description":"Soluciones integrales para ba\u00f1o. Grifer\u00eda, sistemas de ducha, muebles y lavabos, mamparas, inodoros y bid\u00e9s, lavabos y accesorios de ba\u00f1o.","publisher":{"@id":"https:\/\/strohm-teka.hu\/hu\/#organization"},"potentialAction":[{"@type":"SearchAction","target":{"@type":"EntryPoint","urlTemplate":"https:\/\/strohm-teka.hu\/hu\/?s={search_term_string}"},"query-input":{"@type":"PropertyValueSpecification","valueRequired":true,"valueName":"search_term_string"}}],"inLanguage":"hu"},{"@type":"Organization","@id":"https:\/\/strohm-teka.hu\/hu\/#organization","name":"Strohm Teka","url":"https:\/\/strohm-teka.hu\/hu\/","logo":{"@type":"ImageObject","inLanguage":"hu","@id":"https:\/\/strohm-teka.hu\/hu\/#\/schema\/logo\/image\/","url":"https:\/\/strohm-wp-services.1s.funcionalia.com\/2021\/01\/strohm_teka_logo.jpg","contentUrl":"https:\/\/strohm-wp-services.1s.funcionalia.com\/2021\/01\/strohm_teka_logo.jpg","width":738,"height":354,"caption":"Strohm Teka"},"image":{"@id":"https:\/\/strohm-teka.hu\/hu\/#\/schema\/logo\/image\/"},"sameAs":["https:\/\/www.instagram.com\/strohm_teka_es\/","https:\/\/www.linkedin.com\/company\/teka-strohm-espa\u00f1a\/"]}]}},"_links":{"self":[{"href":"https:\/\/strohm-teka.hu\/hu\/wp-json\/wp\/v2\/pages\/61511","targetHints":{"allow":["GET"]}}],"collection":[{"href":"https:\/\/strohm-teka.hu\/hu\/wp-json\/wp\/v2\/pages"}],"about":[{"href":"https:\/\/strohm-teka.hu\/hu\/wp-json\/wp\/v2\/types\/page"}],"author":[{"embeddable":true,"href":"https:\/\/strohm-teka.hu\/hu\/wp-json\/wp\/v2\/users\/17"}],"replies":[{"embeddable":true,"href":"https:\/\/strohm-teka.hu\/hu\/wp-json\/wp\/v2\/comments?post=61511"}],"version-history":[{"count":13,"href":"https:\/\/strohm-teka.hu\/hu\/wp-json\/wp\/v2\/pages\/61511\/revisions"}],"predecessor-version":[{"id":134931,"href":"https:\/\/strohm-teka.hu\/hu\/wp-json\/wp\/v2\/pages\/61511\/revisions\/134931"}],"wp:attachment":[{"href":"https:\/\/strohm-teka.hu\/hu\/wp-json\/wp\/v2\/media?parent=61511"}],"curies":[{"name":"wp","href":"https:\/\/api.w.org\/{rel}","templated":true}]}}