{"id":61609,"date":"2020-09-21T10:20:23","date_gmt":"2020-09-21T08:20:23","guid":{"rendered":"https:\/\/strohm-teka.com\/donde-estamos\/"},"modified":"2025-06-05T08:38:44","modified_gmt":"2025-06-05T06:38:44","slug":"kozpontjaink","status":"publish","type":"page","link":"https:\/\/strohm-teka.hu\/hu\/kozpontjaink\/","title":{"rendered":"K\u00f6zpontjaink"},"content":{"rendered":"\n<p>Vil\u00e1gszerte t\u00f6bb mint 400 alkalmazottunk van. A madridi k\u00f6zpontban \u00e9s a mallorcai kirendelts\u00e9ggel t\u00f6bb, mint 50 orsz\u00e1g partnereit szolg\u00e1ljuk ki.<\/p>\n\n\n\n<p>A <strong>Strohm Teka<\/strong> Magyarorsz\u00e1gon \u00e9s K\u00edn\u00e1ban saj\u00e1t gy\u00e1rral rendelkezik, amelyek <strong>csaptelepek<\/strong> \u00e9s <strong>zuhanyrendszerek<\/strong> gy\u00e1rt\u00e1s\u00e1ra specializ\u00e1l\u00f3dtak. Gy\u00f6kereihez h\u0171en, zuhanyt\u00e1lc\u00e1ink, szekr\u00e9nyeink \u00e9s zuhanykabinjaink Spanyolorsz\u00e1gban k\u00e9sz\u00fclnek.<\/p>\n\n\n\n<p>T\u00f6bb mint 100 \u00e9ves tapasztalatunkkal a f\u00fcrd\u0151szobai term\u00e9kek gy\u00e1rt\u00e1s\u00e1ban vil\u00e1gszerte elnyert\u00fck a szakemberek \u00e9s a szerel\u0151k bizalm\u00e1t.<\/p>\n","protected":false},"excerpt":{"rendered":"Vil\u00e1gszerte t\u00f6bb mint 400 alkalmazottunk van. A madridi k\u00f6zpontban \u00e9s a mallorcai kirendelts\u00e9ggel t\u00f6bb, mint 50 orsz\u00e1g partnereit szolg\u00e1ljuk ki. A Strohm Teka Magyarorsz\u00e1gon \u00e9s K\u00edn\u00e1ban saj\u00e1t gy\u00e1rral rendelkezik, amelyek csaptelepek \u00e9s zuhanyrendszerek gy\u00e1rt\u00e1s\u00e1ra specializ\u00e1l\u00f3dtak. Gy\u00f6kereihez h\u0171en, zuhanyt\u00e1lc\u00e1ink, szekr\u00e9nyeink \u00e9s zuhanykabinjaink Spanyolorsz\u00e1gban k\u00e9sz\u00fclnek. T\u00f6bb mint 100 \u00e9ves tapasztalatunkkal a f\u00fcrd\u0151szobai term\u00e9kek gy\u00e1rt\u00e1s\u00e1ban vil\u00e1gszerte elnyert\u00fck a&#8230;","protected":false},"author":17,"featured_media":61611,"parent":0,"menu_order":3,"comment_status":"closed","ping_status":"closed","template":"templates\/locations.php","meta":{"_acf_changed":false,"footnotes":""},"class_list":["post-61609","page","type-page","status-publish","has-post-thumbnail","hentry"],"acf":[],"yoast_head":"<!-- This site is optimized with the Yoast SEO plugin v27.1.1 - https:\/\/yoast.com\/product\/yoast-seo-wordpress\/ -->\n<title>K\u00f6zpontjaink - Strohm Teka<\/title>\n<meta name=\"robots\" content=\"index, follow, max-snippet:-1, max-image-preview:large, max-video-preview:-1\" \/>\n<link rel=\"canonical\" href=\"https:\/\/strohm-teka.hu\/hu\/kozpontjaink\/\" \/>\n<meta property=\"og:locale\" content=\"hu_HU\" \/>\n<meta property=\"og:type\" content=\"article\" \/>\n<meta property=\"og:title\" content=\"K\u00f6zpontjaink - Strohm Teka\" \/>\n<meta property=\"og:description\" content=\"Vil\u00e1gszerte t\u00f6bb mint 400 alkalmazottunk van. A madridi k\u00f6zpontban \u00e9s a mallorcai kirendelts\u00e9ggel t\u00f6bb, mint 50 orsz\u00e1g partnereit szolg\u00e1ljuk ki. A Strohm Teka Magyarorsz\u00e1gon \u00e9s K\u00edn\u00e1ban saj\u00e1t gy\u00e1rral rendelkezik, amelyek csaptelepek \u00e9s zuhanyrendszerek gy\u00e1rt\u00e1s\u00e1ra specializ\u00e1l\u00f3dtak. Gy\u00f6kereihez h\u0171en, zuhanyt\u00e1lc\u00e1ink, szekr\u00e9nyeink \u00e9s zuhanykabinjaink Spanyolorsz\u00e1gban k\u00e9sz\u00fclnek. T\u00f6bb mint 100 \u00e9ves tapasztalatunkkal a f\u00fcrd\u0151szobai term\u00e9kek gy\u00e1rt\u00e1s\u00e1ban vil\u00e1gszerte elnyert\u00fck a...\" \/>\n<meta property=\"og:url\" content=\"https:\/\/strohm-teka.hu\/hu\/kozpontjaink\/\" \/>\n<meta property=\"og:site_name\" content=\"Strohm Teka\" \/>\n<meta property=\"article:modified_time\" content=\"2025-06-05T06:38:44+00:00\" \/>\n<meta property=\"og:image\" content=\"https:\/\/strohm-wp-services.1s.funcionalia.com\/2020\/11\/strohm_showroom_013.jpg\" \/>\n\t<meta property=\"og:image:width\" content=\"1500\" \/>\n\t<meta property=\"og:image:height\" content=\"1000\" \/>\n\t<meta property=\"og:image:type\" content=\"image\/jpeg\" \/>\n<meta name=\"twitter:card\" content=\"summary_large_image\" \/>\n<script type=\"application\/ld+json\" class=\"yoast-schema-graph\">{\"@context\":\"https:\/\/schema.org\",\"@graph\":[{\"@type\":\"WebPage\",\"@id\":\"https:\/\/strohm-teka.hu\/hu\/kozpontjaink\/\",\"url\":\"https:\/\/strohm-teka.hu\/hu\/kozpontjaink\/\",\"name\":\"K\u00f6zpontjaink - Strohm Teka\",\"isPartOf\":{\"@id\":\"https:\/\/strohm-teka.hu\/hu\/#website\"},\"primaryImageOfPage\":{\"@id\":\"https:\/\/strohm-teka.hu\/hu\/kozpontjaink\/#primaryimage\"},\"image\":{\"@id\":\"https:\/\/strohm-teka.hu\/hu\/kozpontjaink\/#primaryimage\"},\"thumbnailUrl\":\"https:\/\/strohm-wp-services.1s.funcionalia.com\/2020\/11\/strohm_showroom_013.jpg\",\"datePublished\":\"2020-09-21T08:20:23+00:00\",\"dateModified\":\"2025-06-05T06:38:44+00:00\",\"breadcrumb\":{\"@id\":\"https:\/\/strohm-teka.hu\/hu\/kozpontjaink\/#breadcrumb\"},\"inLanguage\":\"hu\",\"potentialAction\":[{\"@type\":\"ReadAction\",\"target\":[\"https:\/\/strohm-teka.hu\/hu\/kozpontjaink\/\"]}]},{\"@type\":\"ImageObject\",\"inLanguage\":\"hu\",\"@id\":\"https:\/\/strohm-teka.hu\/hu\/kozpontjaink\/#primaryimage\",\"url\":\"https:\/\/strohm-wp-services.1s.funcionalia.com\/2020\/11\/strohm_showroom_013.jpg\",\"contentUrl\":\"https:\/\/strohm-wp-services.1s.funcionalia.com\/2020\/11\/strohm_showroom_013.jpg\",\"width\":1500,\"height\":1000},{\"@type\":\"BreadcrumbList\",\"@id\":\"https:\/\/strohm-teka.hu\/hu\/kozpontjaink\/#breadcrumb\",\"itemListElement\":[{\"@type\":\"ListItem\",\"position\":1,\"name\":\"Home\",\"item\":\"https:\/\/strohm-teka.hu\/hu\/\"},{\"@type\":\"ListItem\",\"position\":2,\"name\":\"K\u00f6zpontjaink\"}]},{\"@type\":\"WebSite\",\"@id\":\"https:\/\/strohm-teka.hu\/hu\/#website\",\"url\":\"https:\/\/strohm-teka.hu\/hu\/\",\"name\":\"Strohm Teka\",\"description\":\"Soluciones integrales para ba\u00f1o. Grifer\u00eda, sistemas de ducha, muebles y lavabos, mamparas, inodoros y bid\u00e9s, lavabos y accesorios de ba\u00f1o.\",\"publisher\":{\"@id\":\"https:\/\/strohm-teka.hu\/hu\/#organization\"},\"potentialAction\":[{\"@type\":\"SearchAction\",\"target\":{\"@type\":\"EntryPoint\",\"urlTemplate\":\"https:\/\/strohm-teka.hu\/hu\/?s={search_term_string}\"},\"query-input\":{\"@type\":\"PropertyValueSpecification\",\"valueRequired\":true,\"valueName\":\"search_term_string\"}}],\"inLanguage\":\"hu\"},{\"@type\":\"Organization\",\"@id\":\"https:\/\/strohm-teka.hu\/hu\/#organization\",\"name\":\"Strohm Teka\",\"url\":\"https:\/\/strohm-teka.hu\/hu\/\",\"logo\":{\"@type\":\"ImageObject\",\"inLanguage\":\"hu\",\"@id\":\"https:\/\/strohm-teka.hu\/hu\/#\/schema\/logo\/image\/\",\"url\":\"https:\/\/strohm-wp-services.1s.funcionalia.com\/2021\/01\/strohm_teka_logo.jpg\",\"contentUrl\":\"https:\/\/strohm-wp-services.1s.funcionalia.com\/2021\/01\/strohm_teka_logo.jpg\",\"width\":738,\"height\":354,\"caption\":\"Strohm Teka\"},\"image\":{\"@id\":\"https:\/\/strohm-teka.hu\/hu\/#\/schema\/logo\/image\/\"},\"sameAs\":[\"https:\/\/www.instagram.com\/strohm_teka_es\/\",\"https:\/\/www.linkedin.com\/company\/teka-strohm-espa\u00f1a\/\"]}]}<\/script>\n<!-- \/ Yoast SEO plugin. -->","yoast_head_json":{"title":"K\u00f6zpontjaink - Strohm Teka","robots":{"index":"index","follow":"follow","max-snippet":"max-snippet:-1","max-image-preview":"max-image-preview:large","max-video-preview":"max-video-preview:-1"},"canonical":"https:\/\/strohm-teka.hu\/hu\/kozpontjaink\/","og_locale":"hu_HU","og_type":"article","og_title":"K\u00f6zpontjaink - Strohm Teka","og_description":"Vil\u00e1gszerte t\u00f6bb mint 400 alkalmazottunk van. A madridi k\u00f6zpontban \u00e9s a mallorcai kirendelts\u00e9ggel t\u00f6bb, mint 50 orsz\u00e1g partnereit szolg\u00e1ljuk ki. A Strohm Teka Magyarorsz\u00e1gon \u00e9s K\u00edn\u00e1ban saj\u00e1t gy\u00e1rral rendelkezik, amelyek csaptelepek \u00e9s zuhanyrendszerek gy\u00e1rt\u00e1s\u00e1ra specializ\u00e1l\u00f3dtak. Gy\u00f6kereihez h\u0171en, zuhanyt\u00e1lc\u00e1ink, szekr\u00e9nyeink \u00e9s zuhanykabinjaink Spanyolorsz\u00e1gban k\u00e9sz\u00fclnek. T\u00f6bb mint 100 \u00e9ves tapasztalatunkkal a f\u00fcrd\u0151szobai term\u00e9kek gy\u00e1rt\u00e1s\u00e1ban vil\u00e1gszerte elnyert\u00fck a...","og_url":"https:\/\/strohm-teka.hu\/hu\/kozpontjaink\/","og_site_name":"Strohm Teka","article_modified_time":"2025-06-05T06:38:44+00:00","og_image":[{"width":1500,"height":1000,"url":"https:\/\/strohm-wp-services.1s.funcionalia.com\/2020\/11\/strohm_showroom_013.jpg","type":"image\/jpeg"}],"twitter_card":"summary_large_image","schema":{"@context":"https:\/\/schema.org","@graph":[{"@type":"WebPage","@id":"https:\/\/strohm-teka.hu\/hu\/kozpontjaink\/","url":"https:\/\/strohm-teka.hu\/hu\/kozpontjaink\/","name":"K\u00f6zpontjaink - Strohm Teka","isPartOf":{"@id":"https:\/\/strohm-teka.hu\/hu\/#website"},"primaryImageOfPage":{"@id":"https:\/\/strohm-teka.hu\/hu\/kozpontjaink\/#primaryimage"},"image":{"@id":"https:\/\/strohm-teka.hu\/hu\/kozpontjaink\/#primaryimage"},"thumbnailUrl":"https:\/\/strohm-wp-services.1s.funcionalia.com\/2020\/11\/strohm_showroom_013.jpg","datePublished":"2020-09-21T08:20:23+00:00","dateModified":"2025-06-05T06:38:44+00:00","breadcrumb":{"@id":"https:\/\/strohm-teka.hu\/hu\/kozpontjaink\/#breadcrumb"},"inLanguage":"hu","potentialAction":[{"@type":"ReadAction","target":["https:\/\/strohm-teka.hu\/hu\/kozpontjaink\/"]}]},{"@type":"ImageObject","inLanguage":"hu","@id":"https:\/\/strohm-teka.hu\/hu\/kozpontjaink\/#primaryimage","url":"https:\/\/strohm-wp-services.1s.funcionalia.com\/2020\/11\/strohm_showroom_013.jpg","contentUrl":"https:\/\/strohm-wp-services.1s.funcionalia.com\/2020\/11\/strohm_showroom_013.jpg","width":1500,"height":1000},{"@type":"BreadcrumbList","@id":"https:\/\/strohm-teka.hu\/hu\/kozpontjaink\/#breadcrumb","itemListElement":[{"@type":"ListItem","position":1,"name":"Home","item":"https:\/\/strohm-teka.hu\/hu\/"},{"@type":"ListItem","position":2,"name":"K\u00f6zpontjaink"}]},{"@type":"WebSite","@id":"https:\/\/strohm-teka.hu\/hu\/#website","url":"https:\/\/strohm-teka.hu\/hu\/","name":"Strohm Teka","description":"Soluciones integrales para ba\u00f1o. Grifer\u00eda, sistemas de ducha, muebles y lavabos, mamparas, inodoros y bid\u00e9s, lavabos y accesorios de ba\u00f1o.","publisher":{"@id":"https:\/\/strohm-teka.hu\/hu\/#organization"},"potentialAction":[{"@type":"SearchAction","target":{"@type":"EntryPoint","urlTemplate":"https:\/\/strohm-teka.hu\/hu\/?s={search_term_string}"},"query-input":{"@type":"PropertyValueSpecification","valueRequired":true,"valueName":"search_term_string"}}],"inLanguage":"hu"},{"@type":"Organization","@id":"https:\/\/strohm-teka.hu\/hu\/#organization","name":"Strohm Teka","url":"https:\/\/strohm-teka.hu\/hu\/","logo":{"@type":"ImageObject","inLanguage":"hu","@id":"https:\/\/strohm-teka.hu\/hu\/#\/schema\/logo\/image\/","url":"https:\/\/strohm-wp-services.1s.funcionalia.com\/2021\/01\/strohm_teka_logo.jpg","contentUrl":"https:\/\/strohm-wp-services.1s.funcionalia.com\/2021\/01\/strohm_teka_logo.jpg","width":738,"height":354,"caption":"Strohm Teka"},"image":{"@id":"https:\/\/strohm-teka.hu\/hu\/#\/schema\/logo\/image\/"},"sameAs":["https:\/\/www.instagram.com\/strohm_teka_es\/","https:\/\/www.linkedin.com\/company\/teka-strohm-espa\u00f1a\/"]}]}},"_links":{"self":[{"href":"https:\/\/strohm-teka.hu\/hu\/wp-json\/wp\/v2\/pages\/61609","targetHints":{"allow":["GET"]}}],"collection":[{"href":"https:\/\/strohm-teka.hu\/hu\/wp-json\/wp\/v2\/pages"}],"about":[{"href":"https:\/\/strohm-teka.hu\/hu\/wp-json\/wp\/v2\/types\/page"}],"author":[{"embeddable":true,"href":"https:\/\/strohm-teka.hu\/hu\/wp-json\/wp\/v2\/users\/17"}],"replies":[{"embeddable":true,"href":"https:\/\/strohm-teka.hu\/hu\/wp-json\/wp\/v2\/comments?post=61609"}],"version-history":[{"count":6,"href":"https:\/\/strohm-teka.hu\/hu\/wp-json\/wp\/v2\/pages\/61609\/revisions"}],"predecessor-version":[{"id":134930,"href":"https:\/\/strohm-teka.hu\/hu\/wp-json\/wp\/v2\/pages\/61609\/revisions\/134930"}],"wp:featuredmedia":[{"embeddable":true,"href":"https:\/\/strohm-teka.hu\/hu\/wp-json\/wp\/v2\/media\/61611"}],"wp:attachment":[{"href":"https:\/\/strohm-teka.hu\/hu\/wp-json\/wp\/v2\/media?parent=61609"}],"curies":[{"name":"wp","href":"https:\/\/api.w.org\/{rel}","templated":true}]}}