{"id":61700,"date":"2020-09-24T09:59:02","date_gmt":"2020-09-24T07:59:02","guid":{"rendered":"https:\/\/strohm-teka.com\/contactar\/"},"modified":"2021-05-05T18:30:36","modified_gmt":"2021-05-05T16:30:36","slug":"kapcsolat","status":"publish","type":"page","link":"https:\/\/strohm-teka.hu\/hu\/kapcsolat\/","title":{"rendered":"L\u00e9pjen kapcsolatba vel\u00fcnk"},"content":{"rendered":"\n<p>Term\u00e9kkel kapcsolatos k\u00e9rd\u00e9seket, k\u00e9rem, k\u00f6zvetlen\u00fcl a Vev\u0151szolg\u00e1latnak k\u00fcldje a k\u00f6vetkez\u0151 e-mail c\u00edmen: <a href=\"mailto:strohmsupport@strohm-teka.com\">strohmsupport@strohm-teka.com<\/a><\/p>\n\n\n\n<div class=\"wp-block-columns is-layout-flex wp-container-core-columns-is-layout-9d6595d7 wp-block-columns-is-layout-flex\">\n<div class=\"wp-block-column is-layout-flow wp-block-column-is-layout-flow\" style=\"flex-basis:66.66%\">\n<h3 class=\"wp-block-heading\">Kapcsolatfelv\u00e9teli adatlap<\/h3>\n\n\n\n<!-- Begin Mailchimp Signup Form -->\n<link href=\"\/\/cdn-images.mailchimp.com\/embedcode\/classic-10_7.css\" rel=\"stylesheet\" type=\"text\/css\">\n<style type=\"text\/css\">\n\t#mc_embed_signup{background:#fff; clear:left; font:14px Helvetica,Arial,sans-serif; }\n\t\/* Add your own Mailchimp form style overrides in your site stylesheet or in this style block.\n\t   We recommend moving this block and the preceding CSS link to the HEAD of your HTML file. *\/\n<\/style>\n<style type=\"text\/css\">\n\t#mc-embedded-subscribe-form input[type=checkbox]{display: inline; width: auto;margin-right: 10px;}\n\t#mergeRow-gdpr {margin-top: 20px;}\n\t#mergeRow-gdpr fieldset label {font-weight: normal;}\n\t#mc-embedded-subscribe-form .mc_fieldset{border:none;min-height: 0px;padding-bottom:0px;}\n<\/style>\n<div id=\"mc_embed_signup\">\n\t<script>(function() {\n\t\twindow.mc4wp = window.mc4wp || {\n\t\t\tlisteners: [],\n\t\t\tforms: {\n\t\t\t\ton: function(evt, cb) {\n\t\t\t\t\twindow.mc4wp.listeners.push(\n\t\t\t\t\t\t{\n\t\t\t\t\t\t\tevent   : evt,\n\t\t\t\t\t\t\tcallback: cb\n\t\t\t\t\t\t}\n\t\t\t\t\t);\n\t\t\t\t}\n\t\t\t}\n\t\t}\n\t})();\n\t<\/script><!-- Mailchimp for WordPress v4.8.3 - https:\/\/wordpress.org\/plugins\/mailchimp-for-wp\/ --><form id=\"mc4wp-form-1\" class=\"mc4wp-form mc4wp-form-98900\" method=\"post\" data-id=\"98900\" data-name=\"Contacto\" onsubmit=\"return strohm_mc_validate();\"><div class=\"mc4wp-form-fields\">\n\n\t<div id=\"mc_embed_signup_scroll\">\n<div class=\"indicates-required\"><span class=\"asterisk\">*<\/span> k\u00f6telez\u0151 mez\u0151<\/div>\n<div class=\"mc-field-group size1of2\">\n\t<label for=\"mce-FNAME\">Keresztn\u00e9v <\/label>\n\t<input type=\"text\" value=\"\" name=\"FNAME\" class=\"\" id=\"mce-FNAME\">\n<\/div>\n<div class=\"mc-field-group size1of2\">\n\t<label for=\"mce-LNAME\">Vezet\u00e9kn\u00e9v <\/label>\n\t<input type=\"text\" value=\"\" name=\"LNAME\" class=\"\" id=\"mce-LNAME\">\n<\/div>\n<div class=\"mc-field-group size1of2\">\n\t<label for=\"mce-EMAIL\">E-mail  <span class=\"asterisk\">*<\/span>\n<\/label>\n\t<input type=\"email\" value=\"\" name=\"EMAIL\" class=\"required email\" id=\"mce-EMAIL\">\n<\/div>\n<div class=\"mc-field-group size1of2\">\n\t<label for=\"mce-PHONE\">Telefonsz\u00e1m kapcsolatfelv\u00e9telhez <\/label>\n\t<input type=\"text\" name=\"PHONE\" class=\"\" value=\"\" id=\"mce-PHONE\">\n<\/div>\n<input type=\"hidden\" value=\"EN\" name=\"LANG\" class=\"hidden\" id=\"mce-LANG\">\n\n \n<div class=\"mc-field-group size1of2\">\n\t<label for=\"mce-REGION\">R\u00e9gi\u00f3 <\/label>\n\t<input type=\"text\" name=\"REGION\" class=\"\" value=\"\" id=\"mce-REGION\">\n<\/div>\n \n<div class=\"mc-field-group size1of2\">\n\t<label for=\"mce-TYPE\">K\u00e9r\u00e9s t\u00edpusa <\/label>\n\t<select name=\"TYPE\" class=\"\" id=\"mce-TYPE\">\n\t<option value=\"\"><\/option>\n\t<option value=\"technical\">Technikai<\/option>\n<option value=\"purchase\">Hol kaphat\u00f3<\/option>\n<option value=\"quality\">Min\u0151s\u00e9ggel kapcsolatos<\/option>\n<option value=\"other\">Egy\u00e9b<\/option>\n\n\t<\/select>\n<\/div>\n<div class=\"mc-field-group\">\n\t<label for=\"mce-MESSAGE\">K\u00e9r\u00e9s  <span class=\"asterisk\">*<\/span>\n<\/label>\n\t<textarea name=\"MESSAGE\" class=\"required\" id=\"mce-MESSAGE\"><\/textarea>\n<\/div>\n\n<input type=\"hidden\" value=\"Contact\" name=\"FORM\" id=\"mce-FORM\">\n<div id=\"mergeRow-gdpr\" class=\"mergeRow gdpr-mergeRow content__gdprBlock mc-field-group\">\n\t<div class=\"content__gdpr\">\n\t\t<label>Enged\u00e9lyek \u00e9s adatv\u00e9delem<\/label>\n\t\t<p>Beleegyezik, hogy kapcsolatba l\u00e9pj\u00fcnk \u00d6nnel k\u00e9rd\u00e9sei megv\u00e1laszol\u00e1s\u00e1hoz?\n<\/p>\n\t\t<p >\n\t\t\t<label>\n\t\t\t\t<input id=\"gdpr_49879\" name=\"INTERESTS[8e27d10fcd][]\" type=\"checkbox\" value=\"2e6b8e7c75\"><span>Hozz\u00e1j\u00e1rulok ahhoz, hogy a Strohm munkat\u00e1rsa kapcsolatba l\u00e9pjen velem b\u00e1rmely m\u00f3don, az adatv\u00e9delmi ir\u00e1nyelveknek megfelel\u0151en.<\/span>\n\t\t\t<\/label>\n\t\t<\/p>\n\t\t<p>\n\t\t\t<label class=\"checkbox\"><input id=\"legal\" name=\"INTERESTS[8e27d10fcd][]\" type=\"checkbox\" value=\"a0337aef7f\">Elfogadom a webhely <a href=\"https:\/\/strohm-teka.com\/hu\/adatvedelmi-iranyelvek\/\" target=\"_blank\">adatv\u00e9delmi ir\u00e1nyelveit.<\/a><\/label><\/p>\n\t\t<p >\n\t\t\t<label><input name=\"INTERESTS[8e27d10fcd][]\" type=\"checkbox\" value=\"5936bc3b0b\"><span>Szeretn\u00e9k feliratkozni a Strohm Teka h\u00edrlev\u00e9lre is.<\/span>\n\t\t<\/p>\n\t\t<p>A list\u00e1nkr\u00f3l b\u00e1rmikor leiratkozhat, ha a valamennyi e-mail\u00fcnk alj\u00e1n megtal\u00e1lhat\u00f3 hivatkoz\u00e1sra kattint, illetve ha szeretn\u00e9, akkor \u00edrhat nek\u00fcnk az info@strohm-teka.com c\u00edmre is. Adatv\u00e9delmi szab\u00e1lyzatunkat a strohm-teka.com webhelyen b\u00e1rmikor megn\u00e9zheti.<\/p>\n\t\t<\/label>\n\t<\/div>\n<\/div>\n\t<div id=\"mce-responses\" class=\"clear\">\n\t\t<div class=\"response\" id=\"mce-error-response\" style=\"display:none\"><\/div>\n\t\t<div class=\"response\" id=\"mce-success-response\" style=\"display:none\"><\/div>\n\t<\/div>    <!-- real people should not fill this in and expect good things - do not remove this or risk form bot signups-->\n\t<div style=\"position: absolute; left: -5000px;\" aria-hidden=\"true\"><input type=\"text\" name=\"b_d8fa65a356568f6171dc89a4a_297328ce02\" tabindex=\"-1\" value=\"\"><\/div>\n\t<div class=\"clear\"><input type=\"submit\" value=\"Bek\u00fcld\u00e9s\" name=\"subscribe\" id=\"mc-embedded-subscribe\" class=\"button\"><\/div>\n\t<\/div>\n\t<\/div>\n\t<label style=\"display: none !important;\">Leave empty if you are a human: <input type=\"text\" name=\"_mc4wp_honeypot\" value=\"\" tabindex=\"-1\" autocomplete=\"off\" \/><\/label><input type=\"hidden\" name=\"_mc4wp_timestamp\" value=\"1776367365\" \/><input type=\"hidden\" name=\"_mc4wp_form_id\" value=\"98900\" \/><input type=\"hidden\" name=\"_mc4wp_form_element_id\" value=\"mc4wp-form-1\" \/><div class=\"mc4wp-response\"><\/div>\n<\/form>\n<\/div><script type='text\/javascript'>\n\n\nfunction strohm_mc_validate(){\n\tif ($('#mce-EMAIL').val().length < 6){\n\t\tconsole.log('email');\n\t\talert(window.mc_translations['required_em']);\n\t\treturn false;\n\t}\n\tif ($('#mce-MESSAGE').val().length < 2){\n\t\tconsole.log('message');\n\t\talert(window.mc_translations['required_ms']);\n\t\treturn false;\n\t}\n\tif ($('#legal').prop('checked')!=true){\n\t\tconsole.log('legal');\n\t\talert(window.mc_translations['required_leg']);\n\t\treturn false;\n\t}\n\tif ($('#gdpr_49879').prop('checked')!=true){\n\t\tconsole.log('legal');\n\t\talert(window.mc_translations['required_ctem']);\n\t\treturn false;\n\t}\n\treturn true;\n}\n\n\nwindow.mc_translations = {\n  required_em: \"Az e-mail mez\u0151 kit\u00f6lt\u00e9se k\u00f6telez\u0151.\",\n  required_ms: \"T\u00f6ltse ki a lek\u00e9rdez\u00e9s mez\u0151t.\",\nrequired_leg: \"Az \u0171rlap bek\u00fcld\u00e9s\u00e9hez fogadja el a felt\u00e9teleket.\",\nrequired_ctem: \"K\u00e9rj\u00fck, hogy legal\u00e1bb az e-mailen kereszt\u00fcli kapcsolatfelv\u00e9telhez j\u00e1ruljon hozz\u00e1.\"\n};\n\n<\/script>\n<!--End mc_embed_signup-->\n\t\n\t\n<\/div>\n\n\n\n<div class=\"wp-block-column is-layout-flow wp-block-column-is-layout-flow\" style=\"flex-basis:33.33%\">\n<div style=\"height:120px\" aria-hidden=\"true\" class=\"wp-block-spacer\"><\/div>\n\n\n\n<h4 class=\"wp-block-heading\">Tov\u00e1bbi linkek<\/h4>\n\n\n\n<p class=\"arrow-link\"><a href=\"https:\/\/strohm-teka.com\/hu\/kozpontjaink\/\" data-type=\"page\" data-id=\"204\">K\u00f6zpontjaink<\/a><\/p>\n\n\n\n<p class=\"arrow-link\"><a href=\"https:\/\/strohm-teka.com\/hu\/termekeinkrol\/katalogusok-es-brosurak\/\" data-type=\"page\" data-id=\"242\">Katal\u00f3gusok \u00e9s bros\u00far\u00e1k<\/a><\/p>\n\n\n\n<p class=\"arrow-link\"><a href=\"https:\/\/strohm-teka.com\/hu\/termekeinkrol\/minosegi-tanusitvanyok\/\" data-type=\"page\" data-id=\"330\">Min\u0151s\u00e9gi tan\u00fas\u00edtv\u00e1nyok<\/a><\/p>\n\n\n\n<p class=\"arrow-link\"><a href=\"https:\/\/strohm-teka.com\/hu\/termekeinkrol\/termek-jellemzok\/\">Term\u00e9k jellemz\u0151k<\/a><\/p>\n<\/div>\n<\/div>\n\n\n\n<p><\/p>\n","protected":false},"excerpt":{"rendered":"Term\u00e9kkel kapcsolatos k\u00e9rd\u00e9seket, k\u00e9rem, k\u00f6zvetlen\u00fcl a Vev\u0151szolg\u00e1latnak k\u00fcldje a k\u00f6vetkez\u0151 e-mail c\u00edmen: strohmsupport@strohm-teka.com Kapcsolatfelv\u00e9teli adatlap Tov\u00e1bbi linkek K\u00f6zpontjaink Katal\u00f3gusok \u00e9s bros\u00far\u00e1k Min\u0151s\u00e9gi tan\u00fas\u00edtv\u00e1nyok Term\u00e9k jellemz\u0151k","protected":false},"author":17,"featured_media":0,"parent":0,"menu_order":0,"comment_status":"closed","ping_status":"closed","template":"","meta":{"_acf_changed":false,"footnotes":""},"class_list":["post-61700","page","type-page","status-publish","hentry"],"acf":[],"yoast_head":"<!-- This site is optimized with the Yoast SEO plugin v27.1.1 - https:\/\/yoast.com\/product\/yoast-seo-wordpress\/ -->\n<title>L\u00e9pjen kapcsolatba vel\u00fcnk - Strohm Teka<\/title>\n<meta name=\"robots\" content=\"index, follow, max-snippet:-1, max-image-preview:large, max-video-preview:-1\" \/>\n<link rel=\"canonical\" href=\"https:\/\/strohm-teka.hu\/hu\/kapcsolat\/\" \/>\n<meta property=\"og:locale\" content=\"hu_HU\" \/>\n<meta property=\"og:type\" content=\"article\" \/>\n<meta property=\"og:title\" content=\"L\u00e9pjen kapcsolatba vel\u00fcnk - Strohm Teka\" \/>\n<meta property=\"og:description\" content=\"Term\u00e9kkel kapcsolatos k\u00e9rd\u00e9seket, k\u00e9rem, k\u00f6zvetlen\u00fcl a Vev\u0151szolg\u00e1latnak k\u00fcldje a k\u00f6vetkez\u0151 e-mail c\u00edmen: strohmsupport@strohm-teka.com Kapcsolatfelv\u00e9teli adatlap Tov\u00e1bbi linkek K\u00f6zpontjaink Katal\u00f3gusok \u00e9s bros\u00far\u00e1k Min\u0151s\u00e9gi tan\u00fas\u00edtv\u00e1nyok Term\u00e9k jellemz\u0151k\" \/>\n<meta property=\"og:url\" content=\"https:\/\/strohm-teka.hu\/hu\/kapcsolat\/\" \/>\n<meta property=\"og:site_name\" content=\"Strohm Teka\" \/>\n<meta property=\"article:modified_time\" content=\"2021-05-05T16:30:36+00:00\" \/>\n<meta property=\"og:image\" content=\"https:\/\/strohm-wp-services.1s.funcionalia.com\/2021\/01\/brand_rgb_png3.png\" \/>\n\t<meta property=\"og:image:width\" content=\"11601\" \/>\n\t<meta property=\"og:image:height\" content=\"4519\" \/>\n\t<meta property=\"og:image:type\" content=\"image\/png\" \/>\n<meta name=\"twitter:card\" content=\"summary_large_image\" \/>\n<script type=\"application\/ld+json\" class=\"yoast-schema-graph\">{\"@context\":\"https:\/\/schema.org\",\"@graph\":[{\"@type\":\"WebPage\",\"@id\":\"https:\/\/strohm-teka.hu\/hu\/kapcsolat\/\",\"url\":\"https:\/\/strohm-teka.hu\/hu\/kapcsolat\/\",\"name\":\"L\u00e9pjen kapcsolatba vel\u00fcnk - Strohm Teka\",\"isPartOf\":{\"@id\":\"https:\/\/strohm-teka.hu\/hu\/#website\"},\"datePublished\":\"2020-09-24T07:59:02+00:00\",\"dateModified\":\"2021-05-05T16:30:36+00:00\",\"breadcrumb\":{\"@id\":\"https:\/\/strohm-teka.hu\/hu\/kapcsolat\/#breadcrumb\"},\"inLanguage\":\"hu\",\"potentialAction\":[{\"@type\":\"ReadAction\",\"target\":[\"https:\/\/strohm-teka.hu\/hu\/kapcsolat\/\"]}]},{\"@type\":\"BreadcrumbList\",\"@id\":\"https:\/\/strohm-teka.hu\/hu\/kapcsolat\/#breadcrumb\",\"itemListElement\":[{\"@type\":\"ListItem\",\"position\":1,\"name\":\"Home\",\"item\":\"https:\/\/strohm-teka.hu\/hu\/\"},{\"@type\":\"ListItem\",\"position\":2,\"name\":\"L\u00e9pjen kapcsolatba vel\u00fcnk\"}]},{\"@type\":\"WebSite\",\"@id\":\"https:\/\/strohm-teka.hu\/hu\/#website\",\"url\":\"https:\/\/strohm-teka.hu\/hu\/\",\"name\":\"Strohm Teka\",\"description\":\"Soluciones integrales para ba\u00f1o. Grifer\u00eda, sistemas de ducha, muebles y lavabos, mamparas, inodoros y bid\u00e9s, lavabos y accesorios de ba\u00f1o.\",\"publisher\":{\"@id\":\"https:\/\/strohm-teka.hu\/hu\/#organization\"},\"potentialAction\":[{\"@type\":\"SearchAction\",\"target\":{\"@type\":\"EntryPoint\",\"urlTemplate\":\"https:\/\/strohm-teka.hu\/hu\/?s={search_term_string}\"},\"query-input\":{\"@type\":\"PropertyValueSpecification\",\"valueRequired\":true,\"valueName\":\"search_term_string\"}}],\"inLanguage\":\"hu\"},{\"@type\":\"Organization\",\"@id\":\"https:\/\/strohm-teka.hu\/hu\/#organization\",\"name\":\"Strohm Teka\",\"url\":\"https:\/\/strohm-teka.hu\/hu\/\",\"logo\":{\"@type\":\"ImageObject\",\"inLanguage\":\"hu\",\"@id\":\"https:\/\/strohm-teka.hu\/hu\/#\/schema\/logo\/image\/\",\"url\":\"https:\/\/strohm-wp-services.1s.funcionalia.com\/2021\/01\/strohm_teka_logo.jpg\",\"contentUrl\":\"https:\/\/strohm-wp-services.1s.funcionalia.com\/2021\/01\/strohm_teka_logo.jpg\",\"width\":738,\"height\":354,\"caption\":\"Strohm Teka\"},\"image\":{\"@id\":\"https:\/\/strohm-teka.hu\/hu\/#\/schema\/logo\/image\/\"},\"sameAs\":[\"https:\/\/www.instagram.com\/strohm_teka_es\/\",\"https:\/\/www.linkedin.com\/company\/teka-strohm-espa\u00f1a\/\"]}]}<\/script>\n<!-- \/ Yoast SEO plugin. -->","yoast_head_json":{"title":"L\u00e9pjen kapcsolatba vel\u00fcnk - Strohm Teka","robots":{"index":"index","follow":"follow","max-snippet":"max-snippet:-1","max-image-preview":"max-image-preview:large","max-video-preview":"max-video-preview:-1"},"canonical":"https:\/\/strohm-teka.hu\/hu\/kapcsolat\/","og_locale":"hu_HU","og_type":"article","og_title":"L\u00e9pjen kapcsolatba vel\u00fcnk - Strohm Teka","og_description":"Term\u00e9kkel kapcsolatos k\u00e9rd\u00e9seket, k\u00e9rem, k\u00f6zvetlen\u00fcl a Vev\u0151szolg\u00e1latnak k\u00fcldje a k\u00f6vetkez\u0151 e-mail c\u00edmen: strohmsupport@strohm-teka.com Kapcsolatfelv\u00e9teli adatlap Tov\u00e1bbi linkek K\u00f6zpontjaink Katal\u00f3gusok \u00e9s bros\u00far\u00e1k Min\u0151s\u00e9gi tan\u00fas\u00edtv\u00e1nyok Term\u00e9k jellemz\u0151k","og_url":"https:\/\/strohm-teka.hu\/hu\/kapcsolat\/","og_site_name":"Strohm Teka","article_modified_time":"2021-05-05T16:30:36+00:00","og_image":[{"width":11601,"height":4519,"url":"https:\/\/strohm-wp-services.1s.funcionalia.com\/2021\/01\/brand_rgb_png3.png","type":"image\/png"}],"twitter_card":"summary_large_image","schema":{"@context":"https:\/\/schema.org","@graph":[{"@type":"WebPage","@id":"https:\/\/strohm-teka.hu\/hu\/kapcsolat\/","url":"https:\/\/strohm-teka.hu\/hu\/kapcsolat\/","name":"L\u00e9pjen kapcsolatba vel\u00fcnk - Strohm Teka","isPartOf":{"@id":"https:\/\/strohm-teka.hu\/hu\/#website"},"datePublished":"2020-09-24T07:59:02+00:00","dateModified":"2021-05-05T16:30:36+00:00","breadcrumb":{"@id":"https:\/\/strohm-teka.hu\/hu\/kapcsolat\/#breadcrumb"},"inLanguage":"hu","potentialAction":[{"@type":"ReadAction","target":["https:\/\/strohm-teka.hu\/hu\/kapcsolat\/"]}]},{"@type":"BreadcrumbList","@id":"https:\/\/strohm-teka.hu\/hu\/kapcsolat\/#breadcrumb","itemListElement":[{"@type":"ListItem","position":1,"name":"Home","item":"https:\/\/strohm-teka.hu\/hu\/"},{"@type":"ListItem","position":2,"name":"L\u00e9pjen kapcsolatba vel\u00fcnk"}]},{"@type":"WebSite","@id":"https:\/\/strohm-teka.hu\/hu\/#website","url":"https:\/\/strohm-teka.hu\/hu\/","name":"Strohm Teka","description":"Soluciones integrales para ba\u00f1o. Grifer\u00eda, sistemas de ducha, muebles y lavabos, mamparas, inodoros y bid\u00e9s, lavabos y accesorios de ba\u00f1o.","publisher":{"@id":"https:\/\/strohm-teka.hu\/hu\/#organization"},"potentialAction":[{"@type":"SearchAction","target":{"@type":"EntryPoint","urlTemplate":"https:\/\/strohm-teka.hu\/hu\/?s={search_term_string}"},"query-input":{"@type":"PropertyValueSpecification","valueRequired":true,"valueName":"search_term_string"}}],"inLanguage":"hu"},{"@type":"Organization","@id":"https:\/\/strohm-teka.hu\/hu\/#organization","name":"Strohm Teka","url":"https:\/\/strohm-teka.hu\/hu\/","logo":{"@type":"ImageObject","inLanguage":"hu","@id":"https:\/\/strohm-teka.hu\/hu\/#\/schema\/logo\/image\/","url":"https:\/\/strohm-wp-services.1s.funcionalia.com\/2021\/01\/strohm_teka_logo.jpg","contentUrl":"https:\/\/strohm-wp-services.1s.funcionalia.com\/2021\/01\/strohm_teka_logo.jpg","width":738,"height":354,"caption":"Strohm Teka"},"image":{"@id":"https:\/\/strohm-teka.hu\/hu\/#\/schema\/logo\/image\/"},"sameAs":["https:\/\/www.instagram.com\/strohm_teka_es\/","https:\/\/www.linkedin.com\/company\/teka-strohm-espa\u00f1a\/"]}]}},"_links":{"self":[{"href":"https:\/\/strohm-teka.hu\/hu\/wp-json\/wp\/v2\/pages\/61700","targetHints":{"allow":["GET"]}}],"collection":[{"href":"https:\/\/strohm-teka.hu\/hu\/wp-json\/wp\/v2\/pages"}],"about":[{"href":"https:\/\/strohm-teka.hu\/hu\/wp-json\/wp\/v2\/types\/page"}],"author":[{"embeddable":true,"href":"https:\/\/strohm-teka.hu\/hu\/wp-json\/wp\/v2\/users\/17"}],"replies":[{"embeddable":true,"href":"https:\/\/strohm-teka.hu\/hu\/wp-json\/wp\/v2\/comments?post=61700"}],"version-history":[{"count":5,"href":"https:\/\/strohm-teka.hu\/hu\/wp-json\/wp\/v2\/pages\/61700\/revisions"}],"predecessor-version":[{"id":98910,"href":"https:\/\/strohm-teka.hu\/hu\/wp-json\/wp\/v2\/pages\/61700\/revisions\/98910"}],"wp:attachment":[{"href":"https:\/\/strohm-teka.hu\/hu\/wp-json\/wp\/v2\/media?parent=61700"}],"curies":[{"name":"wp","href":"https:\/\/api.w.org\/{rel}","templated":true}]}}