{"id":63901,"date":"2020-09-24T18:17:59","date_gmt":"2020-09-24T16:17:59","guid":{"rendered":"https:\/\/strohm-teka.com\/kollekciok\/antibakterialis\/"},"modified":"2021-05-10T18:22:32","modified_gmt":"2021-05-10T16:22:32","slug":"antibakterialis","status":"publish","type":"page","link":"https:\/\/strohm-teka.hu\/hu\/kollekciok\/antibakterialis\/","title":{"rendered":"Antibakteri\u00e1lis"},"content":{"rendered":"<div class=\"full-card2 dark\" style=\"background-image: url(https:\/\/strohm-wp-services.1s.funcionalia.com\/2020\/11\/strohm_healthy_004-1400x800.jpg);\">\n\t<div class=\"content\">\n\t\t<p class=\"title\">TISZTA V\u00cdZ AZ ELEJ\u00c9T\u0150L A V\u00c9G\u00c9IG<\/p>\n\t\t<p class=\"description\"><p>Antibakteri\u00e1lis, az \u00e9letmin\u0151s\u00e9get jav\u00edt\u00f3 zuhanyrendszer.<\/p>\n<\/p>\n\t\t\t<\/div>\n<\/div>\n\n<div class=\"center-aligned-columns\">\n\t<div class=\"grid align-center\">\n\t\t<div class=\"cols col6 tab-col5 mob-col12\">\n\t\t\t\t\t\t\t<img decoding=\"async\" src=\"https:\/\/strohm-wp-services.1s.funcionalia.com\/2020\/11\/healthy_poster-750x500.jpg\" alt=\"\">\n\t\t\t\t\t<\/div>\n\t\t<div class=\"cols col6 tab-col7 mob-col12 padded-in-text\">\n\t\t\t<h3><strong>Innov\u00e1ci\u00f3 \u00e9s gondoskod\u00e1s <\/strong><\/h3>\n\t\t\t<p><p>A Strohm Teka \u00faj Antibakteri\u00e1lis termoszt\u00e1tos zuhanyrendszere gondoskodik az \u00d6n \u00e9s csal\u00e1dja eg\u00e9szs\u00e9g\u00e9r\u0151l.<br \/>\n<br \/>A zuhanyrendszerben visszamaradt v\u00edz automatikus \u00fcr\u00edt\u00e9s\u00e9nek k\u00f6sz\u00f6nhet\u0151en az <strong>Antibakteri\u00e1lis<\/strong> zuhanyrendszer garant\u00e1lja az \u00f6sszes cs\u0151 teljes tisztas\u00e1g\u00e1t, valamint a csap elz\u00e1r\u00e1sa ut\u00e1n a cs\u00f6p\u00f6g\u00e9s vagy zavar\u00f3 zajok megsz\u00fcntet\u00e9s\u00e9t.<br \/>\n<br \/>Az <strong>Antibakteri\u00e1lis termoszt\u00e1tos<\/strong> zuhanyrendszer cs\u00f6kkenti a bakt\u00e9riumok kialakul\u00e1s\u00e1nak kock\u00e1zat\u00e1t, gondoskodik a b\u0151re v\u00e9delm\u00e9r\u0151l, valamint a biztons\u00e1gos \u00e9s kellemes zuhanyz\u00e1si \u00e9lm\u00e9nyr\u0151l.<\/p>\n<\/p>\n\t\t<\/div>\n\t<\/div>\n<\/div>\n\n\n<div class=\"wp-block-columns is-layout-flex wp-container-core-columns-is-layout-9d6595d7 wp-block-columns-is-layout-flex\">\n<div class=\"wp-block-column is-layout-flow wp-block-column-is-layout-flow\">\n<div class=\"wp-block-image\"><figure class=\"alignleft size-large is-resized\"><img loading=\"lazy\" decoding=\"async\" src=\"https:\/\/strohm-teka.com\/wp-content\/uploads\/2020\/09\/strohm_i16_antibacterial.png\" alt=\"Antibakteri\u00e1lis\" class=\"wp-image-55145\" width=\"90\" height=\"90\" srcset=\"https:\/\/strohm-wp-services.1s.funcionalia.com\/2020\/09\/strohm_i16_antibacterial.png 361w, https:\/\/strohm-wp-services.1s.funcionalia.com\/2020\/09\/strohm_i16_antibacterial-300x300.png 300w, https:\/\/strohm-wp-services.1s.funcionalia.com\/2020\/09\/strohm_i16_antibacterial-150x150.png 150w, https:\/\/strohm-wp-services.1s.funcionalia.com\/2020\/09\/strohm_i16_antibacterial-100x100.png 100w\" sizes=\"auto, (max-width: 90px) 100vw, 90px\" \/><\/figure><\/div>\n\n\n\n<h4 class=\"wp-block-heading\"><strong>Antibakteri\u00e1lis<\/strong><\/h4>\n\n\n\n<p>Seg\u00edt a betegs\u00e9gek megel\u0151z\u00e9s\u00e9ben az\u00e1ltal, hogy a zuhanyz\u00e1s ut\u00e1n h\u00e1tramard\u00f3 vizet automatikusan ki\u00fcr\u00edti.<\/p>\n<\/div>\n\n\n\n<div class=\"wp-block-column is-layout-flow wp-block-column-is-layout-flow\">\n<div class=\"wp-block-image\"><figure class=\"alignleft size-large is-resized\"><img loading=\"lazy\" decoding=\"async\" src=\"https:\/\/strohm-teka.com\/wp-content\/uploads\/2020\/09\/strohm_i7_childprotection.png\" alt=\"\" class=\"wp-image-55146\" width=\"90\" height=\"90\" srcset=\"https:\/\/strohm-wp-services.1s.funcionalia.com\/2020\/09\/strohm_i7_childprotection.png 361w, https:\/\/strohm-wp-services.1s.funcionalia.com\/2020\/09\/strohm_i7_childprotection-300x300.png 300w, https:\/\/strohm-wp-services.1s.funcionalia.com\/2020\/09\/strohm_i7_childprotection-150x150.png 150w, https:\/\/strohm-wp-services.1s.funcionalia.com\/2020\/09\/strohm_i7_childprotection-100x100.png 100w\" sizes=\"auto, (max-width: 90px) 100vw, 90px\" \/><\/figure><\/div>\n\n\n\n<h4 class=\"wp-block-heading\"><strong>Gyerekv\u00e9delem<\/strong><\/h4>\n\n\n\n<p>A 38 \u00b0 C-os h\u0151m\u00e9rs\u00e9klet STOP seg\u00edt megel\u0151zni a forr\u00e1z\u00e1st. Gondoskodunk \u00d6nr\u0151l \u00e9s a csal\u00e1dj\u00e1r\u00f3l.<\/p>\n<\/div>\n\n\n\n<div class=\"wp-block-column is-layout-flow wp-block-column-is-layout-flow\">\n<div class=\"wp-block-image\"><figure class=\"alignleft size-large is-resized\"><img loading=\"lazy\" decoding=\"async\" src=\"https:\/\/strohm-teka.com\/wp-content\/uploads\/2020\/09\/strohm_i2_scaldingprevention-1.png\" alt=\"\" class=\"wp-image-55144\" width=\"90\" height=\"90\" srcset=\"https:\/\/strohm-wp-services.1s.funcionalia.com\/2020\/09\/strohm_i2_scaldingprevention-1.png 360w, https:\/\/strohm-wp-services.1s.funcionalia.com\/2020\/09\/strohm_i2_scaldingprevention-1-300x300.png 300w, https:\/\/strohm-wp-services.1s.funcionalia.com\/2020\/09\/strohm_i2_scaldingprevention-1-150x150.png 150w, https:\/\/strohm-wp-services.1s.funcionalia.com\/2020\/09\/strohm_i2_scaldingprevention-1-100x100.png 100w\" sizes=\"auto, (max-width: 90px) 100vw, 90px\" \/><\/figure><\/div>\n\n\n\n<h4 class=\"wp-block-heading\"><strong><strong>Forr\u00e1z\u00e1s elleni v\u00e9delem<\/strong><\/strong><\/h4>\n\n\n\n<p>Az \u00f6sszes termoszt\u00e1tos csaptelep\u00fcnk<br>38 \u00b0C-on h\u0151m\u00e9rs\u00e9klet STOP funkci\u00f3val van ell\u00e1tva. Ez az esztk\u00f6z megakad\u00e1lyozza a nem k\u00edv\u00e1nt h\u0151m\u00e9rs\u00e9klet ingadoz\u00e1st, \u00edgy cs\u00f6kkentve a forr\u00e1z\u00e1s kock\u00e1zat\u00e1t.<\/p>\n<\/div>\n<\/div>\n\n\n\n<div class=\"center-aligned-columns video\" id=\"video-block-block_60096a550a5573\">\n\t<div class=\"grid align-center video-holder\">\n\t\t<div class=\"cols col12 mob-col12\">\n\t\t\t<h3>Tudjon meg t\u00f6bbet a Strohm Antibakteri\u00e1lis term\u00e9kcsal\u00e1dr\u00f3l<\/h3>\n\t\t<\/div>\n\t\t<div class=\"cols col12 mob-col12\">\n\t\t\t<div class=\"img\">\n\t\t\t\t<img decoding=\"async\" src=\"https:\/\/strohm-wp-services.1s.funcionalia.com\/2020\/10\/poster_healthy.jpg\" alt=\"\">\n\t\t\t\t<a href=\"#\" class=\"play play-video-btn\">\n\t\t\t\t\t<img decoding=\"async\" src=\"https:\/\/strohm-teka.hu\/wp-content\/themes\/strohm\/img\/ui-kit\/play.svg\" alt=\"\">\n\t\t\t\t<\/a>\n\t\t\t<\/div>\n\t\t<\/div>\n\t<\/div>\n\t\t\t\t <iframe loading=\"lazy\" class=\"yt-video-player\" width=\"100%\" height=\"500\" src=\"https:\/\/www.youtube.com\/embed\/1rizf5NP1LE?autoplay=1&#038;mute=1\" frameborder=\"0\" allow=\"accelerometer; autoplay; clipboard-write; encrypted-media; gyroscope; picture-in-picture;\" allowfullscreen><\/iframe>\n\t\t\t\n<\/div>\n\n<style type=\"text\/css\">\n\t.acf-block-component #video-block-block_60096a550a5573 iframe.yt-video-player {\n\t\tdisplay: none;\n\t}\n<\/style>\n\n<\/div><\/div>\n<div class=\"full-screen-row\">\n\t<div class=\"content \" style=\"background-image: url(https:\/\/strohm-wp-services.1s.funcionalia.com\/2020\/11\/strohm_healthy_005-900x500.jpg);width:33%;\">\n\t\t\t\t<div class=\"inner-holder\">\n\t\t\t<p class=\"title\"><a href=\"\">\u00a0 <\/a><\/p>\n\t\t\t<p class=\"description\"><\/p>\n\t\t<\/div>\n\t<\/div>\n\t<div class=\"content \" style=\"background-image: url(https:\/\/strohm-wp-services.1s.funcionalia.com\/2020\/11\/strohm_healthy_002-900x500.jpg);width:34%;\">\n\t\t\t<div class=\"inner-holder\">\n\t\t\t<p class=\"title\"><a href=\"\"> <\/a><\/p>\n\t\t\t<p class=\"description\"><\/p>\n\t\t<\/div>\n\t<\/div>\n\t\t<div class=\"content \" style=\"background-image: url(https:\/\/strohm-wp-services.1s.funcionalia.com\/importedmedia\/STROHM_BATHROOM_SHOWERSYSTEMS_HEALTHY_182310200_black-900x500.png);width:33%;\">\n\t\t\t<div class=\"inner-holder\">\n\t\t\t<p class=\"title\"><a href=\"\">\u00a0 <\/a><\/p>\n\t\t\t<p class=\"description\"><\/p>\n\t\t<\/div>\n\t<\/div>\n\t<\/div>\n<div class=\"container\"><div class=\"formatted-text\">","protected":false},"excerpt":{"rendered":"Antibakteri\u00e1lis Seg\u00edt a betegs\u00e9gek megel\u0151z\u00e9s\u00e9ben az\u00e1ltal, hogy a zuhanyz\u00e1s ut\u00e1n h\u00e1tramard\u00f3 vizet automatikusan ki\u00fcr\u00edti. Gyerekv\u00e9delem A 38 \u00b0 C-os h\u0151m\u00e9rs\u00e9klet STOP seg\u00edt megel\u0151zni a forr\u00e1z\u00e1st. Gondoskodunk \u00d6nr\u0151l \u00e9s a csal\u00e1dj\u00e1r\u00f3l. Forr\u00e1z\u00e1s elleni v\u00e9delem Az \u00f6sszes termoszt\u00e1tos csaptelep\u00fcnk38 \u00b0C-on h\u0151m\u00e9rs\u00e9klet STOP funkci\u00f3val van ell\u00e1tva. Ez az esztk\u00f6z megakad\u00e1lyozza a nem k\u00edv\u00e1nt h\u0151m\u00e9rs\u00e9klet ingadoz\u00e1st, \u00edgy cs\u00f6kkentve a&#8230;","protected":false},"author":17,"featured_media":61355,"parent":61343,"menu_order":0,"comment_status":"closed","ping_status":"closed","template":"templates\/collection.php","meta":{"_acf_changed":false,"footnotes":""},"class_list":["post-63901","page","type-page","status-publish","has-post-thumbnail","hentry"],"acf":[],"yoast_head":"<!-- This site is optimized with the Yoast SEO plugin v27.1.1 - https:\/\/yoast.com\/product\/yoast-seo-wordpress\/ -->\n<title>Antibakteri\u00e1lis - Strohm Teka<\/title>\n<meta name=\"robots\" content=\"index, follow, max-snippet:-1, max-image-preview:large, max-video-preview:-1\" \/>\n<link rel=\"canonical\" href=\"https:\/\/strohm-teka.hu\/hu\/kollekciok\/antibakterialis\/\" \/>\n<meta property=\"og:locale\" content=\"hu_HU\" \/>\n<meta property=\"og:type\" content=\"article\" \/>\n<meta property=\"og:title\" content=\"Antibakteri\u00e1lis - Strohm Teka\" \/>\n<meta property=\"og:description\" content=\"Antibakteri\u00e1lis Seg\u00edt a betegs\u00e9gek megel\u0151z\u00e9s\u00e9ben az\u00e1ltal, hogy a zuhanyz\u00e1s ut\u00e1n h\u00e1tramard\u00f3 vizet automatikusan ki\u00fcr\u00edti. Gyerekv\u00e9delem A 38 \u00b0 C-os h\u0151m\u00e9rs\u00e9klet STOP seg\u00edt megel\u0151zni a forr\u00e1z\u00e1st. Gondoskodunk \u00d6nr\u0151l \u00e9s a csal\u00e1dj\u00e1r\u00f3l. Forr\u00e1z\u00e1s elleni v\u00e9delem Az \u00f6sszes termoszt\u00e1tos csaptelep\u00fcnk38 \u00b0C-on h\u0151m\u00e9rs\u00e9klet STOP funkci\u00f3val van ell\u00e1tva. Ez az esztk\u00f6z megakad\u00e1lyozza a nem k\u00edv\u00e1nt h\u0151m\u00e9rs\u00e9klet ingadoz\u00e1st, \u00edgy cs\u00f6kkentve a...\" \/>\n<meta property=\"og:url\" content=\"https:\/\/strohm-teka.hu\/hu\/kollekciok\/antibakterialis\/\" \/>\n<meta property=\"og:site_name\" content=\"Strohm Teka\" \/>\n<meta property=\"article:modified_time\" content=\"2021-05-10T16:22:32+00:00\" \/>\n<meta property=\"og:image\" content=\"https:\/\/strohm-wp-services.1s.funcionalia.com\/2020\/11\/strohm_healthy_002.jpg\" \/>\n\t<meta property=\"og:image:width\" content=\"1500\" \/>\n\t<meta property=\"og:image:height\" content=\"1000\" \/>\n\t<meta property=\"og:image:type\" content=\"image\/jpeg\" \/>\n<meta name=\"twitter:card\" content=\"summary_large_image\" \/>\n<script type=\"application\/ld+json\" class=\"yoast-schema-graph\">{\"@context\":\"https:\/\/schema.org\",\"@graph\":[{\"@type\":\"WebPage\",\"@id\":\"https:\/\/strohm-teka.hu\/hu\/kollekciok\/antibakterialis\/\",\"url\":\"https:\/\/strohm-teka.hu\/hu\/kollekciok\/antibakterialis\/\",\"name\":\"Antibakteri\u00e1lis - Strohm Teka\",\"isPartOf\":{\"@id\":\"https:\/\/strohm-teka.hu\/hu\/#website\"},\"primaryImageOfPage\":{\"@id\":\"https:\/\/strohm-teka.hu\/hu\/kollekciok\/antibakterialis\/#primaryimage\"},\"image\":{\"@id\":\"https:\/\/strohm-teka.hu\/hu\/kollekciok\/antibakterialis\/#primaryimage\"},\"thumbnailUrl\":\"https:\/\/strohm-wp-services.1s.funcionalia.com\/2020\/11\/strohm_healthy_002.jpg\",\"datePublished\":\"2020-09-24T16:17:59+00:00\",\"dateModified\":\"2021-05-10T16:22:32+00:00\",\"breadcrumb\":{\"@id\":\"https:\/\/strohm-teka.hu\/hu\/kollekciok\/antibakterialis\/#breadcrumb\"},\"inLanguage\":\"hu\",\"potentialAction\":[{\"@type\":\"ReadAction\",\"target\":[\"https:\/\/strohm-teka.hu\/hu\/kollekciok\/antibakterialis\/\"]}]},{\"@type\":\"ImageObject\",\"inLanguage\":\"hu\",\"@id\":\"https:\/\/strohm-teka.hu\/hu\/kollekciok\/antibakterialis\/#primaryimage\",\"url\":\"https:\/\/strohm-wp-services.1s.funcionalia.com\/2020\/11\/strohm_healthy_002.jpg\",\"contentUrl\":\"https:\/\/strohm-wp-services.1s.funcionalia.com\/2020\/11\/strohm_healthy_002.jpg\",\"width\":1500,\"height\":1000},{\"@type\":\"BreadcrumbList\",\"@id\":\"https:\/\/strohm-teka.hu\/hu\/kollekciok\/antibakterialis\/#breadcrumb\",\"itemListElement\":[{\"@type\":\"ListItem\",\"position\":1,\"name\":\"Home\",\"item\":\"https:\/\/strohm-teka.hu\/hu\/\"},{\"@type\":\"ListItem\",\"position\":2,\"name\":\"Kollekci\u00f3k\",\"item\":\"https:\/\/strohm-teka.hu\/hu\/kollekciok\/\"},{\"@type\":\"ListItem\",\"position\":3,\"name\":\"Antibakteri\u00e1lis\"}]},{\"@type\":\"WebSite\",\"@id\":\"https:\/\/strohm-teka.hu\/hu\/#website\",\"url\":\"https:\/\/strohm-teka.hu\/hu\/\",\"name\":\"Strohm Teka\",\"description\":\"Soluciones integrales para ba\u00f1o. Grifer\u00eda, sistemas de ducha, muebles y lavabos, mamparas, inodoros y bid\u00e9s, lavabos y accesorios de ba\u00f1o.\",\"publisher\":{\"@id\":\"https:\/\/strohm-teka.hu\/hu\/#organization\"},\"potentialAction\":[{\"@type\":\"SearchAction\",\"target\":{\"@type\":\"EntryPoint\",\"urlTemplate\":\"https:\/\/strohm-teka.hu\/hu\/?s={search_term_string}\"},\"query-input\":{\"@type\":\"PropertyValueSpecification\",\"valueRequired\":true,\"valueName\":\"search_term_string\"}}],\"inLanguage\":\"hu\"},{\"@type\":\"Organization\",\"@id\":\"https:\/\/strohm-teka.hu\/hu\/#organization\",\"name\":\"Strohm Teka\",\"url\":\"https:\/\/strohm-teka.hu\/hu\/\",\"logo\":{\"@type\":\"ImageObject\",\"inLanguage\":\"hu\",\"@id\":\"https:\/\/strohm-teka.hu\/hu\/#\/schema\/logo\/image\/\",\"url\":\"https:\/\/strohm-wp-services.1s.funcionalia.com\/2021\/01\/strohm_teka_logo.jpg\",\"contentUrl\":\"https:\/\/strohm-wp-services.1s.funcionalia.com\/2021\/01\/strohm_teka_logo.jpg\",\"width\":738,\"height\":354,\"caption\":\"Strohm Teka\"},\"image\":{\"@id\":\"https:\/\/strohm-teka.hu\/hu\/#\/schema\/logo\/image\/\"},\"sameAs\":[\"https:\/\/www.instagram.com\/strohm_teka_es\/\",\"https:\/\/www.linkedin.com\/company\/teka-strohm-espa\u00f1a\/\"]}]}<\/script>\n<!-- \/ Yoast SEO plugin. -->","yoast_head_json":{"title":"Antibakteri\u00e1lis - Strohm Teka","robots":{"index":"index","follow":"follow","max-snippet":"max-snippet:-1","max-image-preview":"max-image-preview:large","max-video-preview":"max-video-preview:-1"},"canonical":"https:\/\/strohm-teka.hu\/hu\/kollekciok\/antibakterialis\/","og_locale":"hu_HU","og_type":"article","og_title":"Antibakteri\u00e1lis - Strohm Teka","og_description":"Antibakteri\u00e1lis Seg\u00edt a betegs\u00e9gek megel\u0151z\u00e9s\u00e9ben az\u00e1ltal, hogy a zuhanyz\u00e1s ut\u00e1n h\u00e1tramard\u00f3 vizet automatikusan ki\u00fcr\u00edti. Gyerekv\u00e9delem A 38 \u00b0 C-os h\u0151m\u00e9rs\u00e9klet STOP seg\u00edt megel\u0151zni a forr\u00e1z\u00e1st. Gondoskodunk \u00d6nr\u0151l \u00e9s a csal\u00e1dj\u00e1r\u00f3l. Forr\u00e1z\u00e1s elleni v\u00e9delem Az \u00f6sszes termoszt\u00e1tos csaptelep\u00fcnk38 \u00b0C-on h\u0151m\u00e9rs\u00e9klet STOP funkci\u00f3val van ell\u00e1tva. Ez az esztk\u00f6z megakad\u00e1lyozza a nem k\u00edv\u00e1nt h\u0151m\u00e9rs\u00e9klet ingadoz\u00e1st, \u00edgy cs\u00f6kkentve a...","og_url":"https:\/\/strohm-teka.hu\/hu\/kollekciok\/antibakterialis\/","og_site_name":"Strohm Teka","article_modified_time":"2021-05-10T16:22:32+00:00","og_image":[{"width":1500,"height":1000,"url":"https:\/\/strohm-wp-services.1s.funcionalia.com\/2020\/11\/strohm_healthy_002.jpg","type":"image\/jpeg"}],"twitter_card":"summary_large_image","schema":{"@context":"https:\/\/schema.org","@graph":[{"@type":"WebPage","@id":"https:\/\/strohm-teka.hu\/hu\/kollekciok\/antibakterialis\/","url":"https:\/\/strohm-teka.hu\/hu\/kollekciok\/antibakterialis\/","name":"Antibakteri\u00e1lis - Strohm Teka","isPartOf":{"@id":"https:\/\/strohm-teka.hu\/hu\/#website"},"primaryImageOfPage":{"@id":"https:\/\/strohm-teka.hu\/hu\/kollekciok\/antibakterialis\/#primaryimage"},"image":{"@id":"https:\/\/strohm-teka.hu\/hu\/kollekciok\/antibakterialis\/#primaryimage"},"thumbnailUrl":"https:\/\/strohm-wp-services.1s.funcionalia.com\/2020\/11\/strohm_healthy_002.jpg","datePublished":"2020-09-24T16:17:59+00:00","dateModified":"2021-05-10T16:22:32+00:00","breadcrumb":{"@id":"https:\/\/strohm-teka.hu\/hu\/kollekciok\/antibakterialis\/#breadcrumb"},"inLanguage":"hu","potentialAction":[{"@type":"ReadAction","target":["https:\/\/strohm-teka.hu\/hu\/kollekciok\/antibakterialis\/"]}]},{"@type":"ImageObject","inLanguage":"hu","@id":"https:\/\/strohm-teka.hu\/hu\/kollekciok\/antibakterialis\/#primaryimage","url":"https:\/\/strohm-wp-services.1s.funcionalia.com\/2020\/11\/strohm_healthy_002.jpg","contentUrl":"https:\/\/strohm-wp-services.1s.funcionalia.com\/2020\/11\/strohm_healthy_002.jpg","width":1500,"height":1000},{"@type":"BreadcrumbList","@id":"https:\/\/strohm-teka.hu\/hu\/kollekciok\/antibakterialis\/#breadcrumb","itemListElement":[{"@type":"ListItem","position":1,"name":"Home","item":"https:\/\/strohm-teka.hu\/hu\/"},{"@type":"ListItem","position":2,"name":"Kollekci\u00f3k","item":"https:\/\/strohm-teka.hu\/hu\/kollekciok\/"},{"@type":"ListItem","position":3,"name":"Antibakteri\u00e1lis"}]},{"@type":"WebSite","@id":"https:\/\/strohm-teka.hu\/hu\/#website","url":"https:\/\/strohm-teka.hu\/hu\/","name":"Strohm Teka","description":"Soluciones integrales para ba\u00f1o. Grifer\u00eda, sistemas de ducha, muebles y lavabos, mamparas, inodoros y bid\u00e9s, lavabos y accesorios de ba\u00f1o.","publisher":{"@id":"https:\/\/strohm-teka.hu\/hu\/#organization"},"potentialAction":[{"@type":"SearchAction","target":{"@type":"EntryPoint","urlTemplate":"https:\/\/strohm-teka.hu\/hu\/?s={search_term_string}"},"query-input":{"@type":"PropertyValueSpecification","valueRequired":true,"valueName":"search_term_string"}}],"inLanguage":"hu"},{"@type":"Organization","@id":"https:\/\/strohm-teka.hu\/hu\/#organization","name":"Strohm Teka","url":"https:\/\/strohm-teka.hu\/hu\/","logo":{"@type":"ImageObject","inLanguage":"hu","@id":"https:\/\/strohm-teka.hu\/hu\/#\/schema\/logo\/image\/","url":"https:\/\/strohm-wp-services.1s.funcionalia.com\/2021\/01\/strohm_teka_logo.jpg","contentUrl":"https:\/\/strohm-wp-services.1s.funcionalia.com\/2021\/01\/strohm_teka_logo.jpg","width":738,"height":354,"caption":"Strohm Teka"},"image":{"@id":"https:\/\/strohm-teka.hu\/hu\/#\/schema\/logo\/image\/"},"sameAs":["https:\/\/www.instagram.com\/strohm_teka_es\/","https:\/\/www.linkedin.com\/company\/teka-strohm-espa\u00f1a\/"]}]}},"_links":{"self":[{"href":"https:\/\/strohm-teka.hu\/hu\/wp-json\/wp\/v2\/pages\/63901","targetHints":{"allow":["GET"]}}],"collection":[{"href":"https:\/\/strohm-teka.hu\/hu\/wp-json\/wp\/v2\/pages"}],"about":[{"href":"https:\/\/strohm-teka.hu\/hu\/wp-json\/wp\/v2\/types\/page"}],"author":[{"embeddable":true,"href":"https:\/\/strohm-teka.hu\/hu\/wp-json\/wp\/v2\/users\/17"}],"replies":[{"embeddable":true,"href":"https:\/\/strohm-teka.hu\/hu\/wp-json\/wp\/v2\/comments?post=63901"}],"version-history":[{"count":5,"href":"https:\/\/strohm-teka.hu\/hu\/wp-json\/wp\/v2\/pages\/63901\/revisions"}],"predecessor-version":[{"id":98979,"href":"https:\/\/strohm-teka.hu\/hu\/wp-json\/wp\/v2\/pages\/63901\/revisions\/98979"}],"up":[{"embeddable":true,"href":"https:\/\/strohm-teka.hu\/hu\/wp-json\/wp\/v2\/pages\/61343"}],"wp:featuredmedia":[{"embeddable":true,"href":"https:\/\/strohm-teka.hu\/hu\/wp-json\/wp\/v2\/media\/61355"}],"wp:attachment":[{"href":"https:\/\/strohm-teka.hu\/hu\/wp-json\/wp\/v2\/media?parent=63901"}],"curies":[{"name":"wp","href":"https:\/\/api.w.org\/{rel}","templated":true}]}}