{"id":63919,"date":"2020-09-24T16:21:41","date_gmt":"2020-09-24T14:21:41","guid":{"rendered":"https:\/\/strohm-teka.com\/kollekciok\/soller\/"},"modified":"2025-06-13T11:17:22","modified_gmt":"2025-06-13T09:17:22","slug":"soller","status":"publish","type":"page","link":"https:\/\/strohm-teka.hu\/hu\/kollekciok\/soller\/","title":{"rendered":"Soller"},"content":{"rendered":"<div class=\"center-aligned-columns\">\n\t<div class=\"grid align-center\">\n\t\t<div class=\"cols col6 tab-col5 mob-col12\">\n\t\t\t\t\t\t\t<img decoding=\"async\" src=\"https:\/\/strohm-wp-services.1s.funcionalia.com\/2025\/06\/soller_desc1.jpg\" alt=\"\">\n\t\t\t\t\t<\/div>\n\t\t<div class=\"cols col6 tab-col7 mob-col12 padded-in-text\">\n\t\t\t<h3>Egys\u00e9ges diz\u00e1jn<\/h3>\n\t\t\t<p><p>Biztons\u00e1gos, er\u0151s, szem\u00e9lyre szabott: a Soller kollekci\u00f3 kiegyens\u00falyozott, t\u00f6k\u00e9letes vonalvezet\u00e9se a<br \/>\ngeometriai form\u00e1kon alap\u00fa csaptelepeken, WC-ken, mosd\u00f3kon \u00e9s f\u00fcrd\u0151szobai szekr\u00e9nyeken is<br \/>\nvisszak\u00f6sz\u00f6n.<br \/>\nA Soller kollekci\u00f3t els\u0151sorban azok sz\u00e1m\u00e1ra aj\u00e1nljuk, akik a modern \u00e9p\u00edt\u00e9szet elemeit szeretn\u00e9k viszontl\u00e1tni<br \/>\nf\u00fcrd\u0151szob\u00e1jukban.<\/p>\n<\/p>\n\t\t<\/div>\n\t<\/div>\n<\/div>\n\n<div class=\"center-aligned-columns\">\n\t<div class=\"grid align-center\">\n\t\t<div class=\"cols col6 tab-col5 mob-col12\">\n\t\t\t\t\t\t\t<img decoding=\"async\" src=\"https:\/\/strohm-wp-services.1s.funcionalia.com\/2025\/06\/soller_desc2.jpg\" alt=\"\">\n\t\t\t\t\t<\/div>\n\t\t<div class=\"cols col6 tab-col7 mob-col12 padded-in-text\">\n\t\t\t<h3>A kevesebb t\u00f6bb<\/h3>\n\t\t\t<p><p>Egy f\u00fcrd\u0151szoba tiszta vonalvezet\u00e9ssel, minimalista diz\u00e1jnnal, \u00e9s t\u00f6k\u00e9letesen harmoniz\u00e1l\u00f3 term\u00e9szetes<br \/>\nsz\u00ednekkel.<br \/>\nAz egyedi st\u00edlus a kollekci\u00f3 minden modellj\u00e9re jellemz\u0151 a zuhanyrendszerekt\u0151l, a csaptelepeken, t\u00fckr\u00f6k\u00f6n \u00e1t a ker\u00e1mia \u00e9s \u00f6nt\u00f6tt m\u00e1rv\u00e1ny mosd\u00f3kig.<\/p>\n<\/p>\n\t\t<\/div>\n\t<\/div>\n<\/div>\n\n<div class=\"center-aligned-columns\">\n\t<div class=\"grid align-center\">\n\t\t<div class=\"cols col6 tab-col5 mob-col12\">\n\t\t\t\t\t\t\t<img decoding=\"async\" src=\"https:\/\/strohm-wp-services.1s.funcionalia.com\/2025\/06\/soller_desc3.jpg\" alt=\"\">\n\t\t\t\t\t<\/div>\n\t\t<div class=\"cols col6 tab-col7 mob-col12 padded-in-text\">\n\t\t\t<h3>Szem\u00e9lyre szabhat\u00f3<\/h3>\n\t\t\t<p><p>Alak\u00edtsa egy\u00e9ni ig\u00e9nyeihez \u00e9s szem\u00e9lyis\u00e9g\u00e9hez f\u00fcrd\u0151szob\u00e1j\u00e1t: a Soller kollekci\u00f3 term\u00e9keivel lehet\u0151s\u00e9ge van erre is.<br \/>\nA mosd\u00f3pult 3 k\u00fcl\u00f6nb\u00f6z\u0151 fel\u00fclet\u00e9hez k\u00fcl\u00f6nb\u00f6z\u0151 b\u00fator modulokb\u00f3l v\u00e1laszthat, \u00edgy 8 k\u00fcl\u00f6nb\u00f6z\u0151 vari\u00e1ci\u00f3s<br \/>\nlehet\u0151s\u00e9ge van. A mosd\u00f3kagyl\u00f3k k\u00f6z\u00f6tt ker\u00e1mia \u00e9s \u00f6nt\u00f6tt m\u00e1rv\u00e1ny t\u00edpus is megtal\u00e1lhat\u00f3.<\/p>\n<\/p>\n\t\t<\/div>\n\t<\/div>\n<\/div>\n\n<\/div><\/div>\n<div class=\"full-screen-row\">\n\t<div class=\"content \" style=\"background-image: url(https:\/\/strohm-wp-services.1s.funcionalia.com\/2020\/11\/strohm_soller_006-800x500.jpg);width:33%;\">\n\t\t\t\t<div class=\"inner-holder\">\n\t\t\t<p class=\"title\"><a href=\"\">&nbsp;<\/a><\/p>\n\t\t\t<p class=\"description\"><\/p>\n\t\t<\/div>\n\t<\/div>\n\t<div class=\"content empty\" style=\"background-image: url(https:\/\/strohm-wp-services.1s.funcionalia.com\/2020\/11\/strohm_soller_002-900x500.jpg);width:34%;\">\n\t\t\t<div class=\"inner-holder\">\n\t\t\t<p class=\"title\"><a href=\"\"><\/a><\/p>\n\t\t\t<p class=\"description\"><\/p>\n\t\t<\/div>\n\t<\/div>\n\t\t<div class=\"content \" style=\"background-image: url(https:\/\/strohm-wp-services.1s.funcionalia.com\/2025\/06\/soller_desc2.jpg);width:33%;\">\n\t\t\t<div class=\"inner-holder\">\n\t\t\t<p class=\"title\"><a href=\"\">&nbsp;<\/a><\/p>\n\t\t\t<p class=\"description\"><\/p>\n\t\t<\/div>\n\t<\/div>\n\t<\/div>\n<div class=\"container\"><div class=\"formatted-text\">\n\n\n<p><\/p>\n","protected":false},"excerpt":{"rendered":"","protected":false},"author":17,"featured_media":134969,"parent":61343,"menu_order":2,"comment_status":"closed","ping_status":"closed","template":"templates\/collection.php","meta":{"_acf_changed":false,"footnotes":""},"class_list":["post-63919","page","type-page","status-publish","has-post-thumbnail","hentry"],"acf":[],"yoast_head":"<!-- This site is optimized with the Yoast SEO plugin v27.1.1 - https:\/\/yoast.com\/product\/yoast-seo-wordpress\/ -->\n<title>Soller - Strohm Teka<\/title>\n<meta name=\"robots\" content=\"index, follow, max-snippet:-1, max-image-preview:large, max-video-preview:-1\" \/>\n<link rel=\"canonical\" href=\"https:\/\/strohm-teka.hu\/hu\/kollekciok\/soller\/\" \/>\n<meta property=\"og:locale\" content=\"hu_HU\" \/>\n<meta property=\"og:type\" content=\"article\" \/>\n<meta property=\"og:title\" content=\"Soller - Strohm Teka\" \/>\n<meta property=\"og:url\" content=\"https:\/\/strohm-teka.hu\/hu\/kollekciok\/soller\/\" \/>\n<meta property=\"og:site_name\" content=\"Strohm Teka\" \/>\n<meta property=\"article:modified_time\" content=\"2025-06-13T09:17:22+00:00\" \/>\n<meta property=\"og:image\" content=\"https:\/\/strohm-wp-services.1s.funcionalia.com\/2025\/06\/soller.jpg\" \/>\n\t<meta property=\"og:image:width\" content=\"1280\" \/>\n\t<meta property=\"og:image:height\" content=\"720\" \/>\n\t<meta property=\"og:image:type\" content=\"image\/jpeg\" \/>\n<meta name=\"twitter:card\" content=\"summary_large_image\" \/>\n<script type=\"application\/ld+json\" class=\"yoast-schema-graph\">{\"@context\":\"https:\/\/schema.org\",\"@graph\":[{\"@type\":\"WebPage\",\"@id\":\"https:\/\/strohm-teka.hu\/hu\/kollekciok\/soller\/\",\"url\":\"https:\/\/strohm-teka.hu\/hu\/kollekciok\/soller\/\",\"name\":\"Soller - Strohm Teka\",\"isPartOf\":{\"@id\":\"https:\/\/strohm-teka.hu\/hu\/#website\"},\"primaryImageOfPage\":{\"@id\":\"https:\/\/strohm-teka.hu\/hu\/kollekciok\/soller\/#primaryimage\"},\"image\":{\"@id\":\"https:\/\/strohm-teka.hu\/hu\/kollekciok\/soller\/#primaryimage\"},\"thumbnailUrl\":\"https:\/\/strohm-wp-services.1s.funcionalia.com\/2025\/06\/soller.jpg\",\"datePublished\":\"2020-09-24T14:21:41+00:00\",\"dateModified\":\"2025-06-13T09:17:22+00:00\",\"breadcrumb\":{\"@id\":\"https:\/\/strohm-teka.hu\/hu\/kollekciok\/soller\/#breadcrumb\"},\"inLanguage\":\"hu\",\"potentialAction\":[{\"@type\":\"ReadAction\",\"target\":[\"https:\/\/strohm-teka.hu\/hu\/kollekciok\/soller\/\"]}]},{\"@type\":\"ImageObject\",\"inLanguage\":\"hu\",\"@id\":\"https:\/\/strohm-teka.hu\/hu\/kollekciok\/soller\/#primaryimage\",\"url\":\"https:\/\/strohm-wp-services.1s.funcionalia.com\/2025\/06\/soller.jpg\",\"contentUrl\":\"https:\/\/strohm-wp-services.1s.funcionalia.com\/2025\/06\/soller.jpg\",\"width\":1280,\"height\":720},{\"@type\":\"BreadcrumbList\",\"@id\":\"https:\/\/strohm-teka.hu\/hu\/kollekciok\/soller\/#breadcrumb\",\"itemListElement\":[{\"@type\":\"ListItem\",\"position\":1,\"name\":\"Home\",\"item\":\"https:\/\/strohm-teka.hu\/hu\/\"},{\"@type\":\"ListItem\",\"position\":2,\"name\":\"Kollekci\u00f3k\",\"item\":\"https:\/\/strohm-teka.hu\/hu\/kollekciok\/\"},{\"@type\":\"ListItem\",\"position\":3,\"name\":\"Soller\"}]},{\"@type\":\"WebSite\",\"@id\":\"https:\/\/strohm-teka.hu\/hu\/#website\",\"url\":\"https:\/\/strohm-teka.hu\/hu\/\",\"name\":\"Strohm Teka\",\"description\":\"Soluciones integrales para ba\u00f1o. Grifer\u00eda, sistemas de ducha, muebles y lavabos, mamparas, inodoros y bid\u00e9s, lavabos y accesorios de ba\u00f1o.\",\"publisher\":{\"@id\":\"https:\/\/strohm-teka.hu\/hu\/#organization\"},\"potentialAction\":[{\"@type\":\"SearchAction\",\"target\":{\"@type\":\"EntryPoint\",\"urlTemplate\":\"https:\/\/strohm-teka.hu\/hu\/?s={search_term_string}\"},\"query-input\":{\"@type\":\"PropertyValueSpecification\",\"valueRequired\":true,\"valueName\":\"search_term_string\"}}],\"inLanguage\":\"hu\"},{\"@type\":\"Organization\",\"@id\":\"https:\/\/strohm-teka.hu\/hu\/#organization\",\"name\":\"Strohm Teka\",\"url\":\"https:\/\/strohm-teka.hu\/hu\/\",\"logo\":{\"@type\":\"ImageObject\",\"inLanguage\":\"hu\",\"@id\":\"https:\/\/strohm-teka.hu\/hu\/#\/schema\/logo\/image\/\",\"url\":\"https:\/\/strohm-wp-services.1s.funcionalia.com\/2021\/01\/strohm_teka_logo.jpg\",\"contentUrl\":\"https:\/\/strohm-wp-services.1s.funcionalia.com\/2021\/01\/strohm_teka_logo.jpg\",\"width\":738,\"height\":354,\"caption\":\"Strohm Teka\"},\"image\":{\"@id\":\"https:\/\/strohm-teka.hu\/hu\/#\/schema\/logo\/image\/\"},\"sameAs\":[\"https:\/\/www.instagram.com\/strohm_teka_es\/\",\"https:\/\/www.linkedin.com\/company\/teka-strohm-espa\u00f1a\/\"]}]}<\/script>\n<!-- \/ Yoast SEO plugin. -->","yoast_head_json":{"title":"Soller - Strohm Teka","robots":{"index":"index","follow":"follow","max-snippet":"max-snippet:-1","max-image-preview":"max-image-preview:large","max-video-preview":"max-video-preview:-1"},"canonical":"https:\/\/strohm-teka.hu\/hu\/kollekciok\/soller\/","og_locale":"hu_HU","og_type":"article","og_title":"Soller - Strohm Teka","og_url":"https:\/\/strohm-teka.hu\/hu\/kollekciok\/soller\/","og_site_name":"Strohm Teka","article_modified_time":"2025-06-13T09:17:22+00:00","og_image":[{"width":1280,"height":720,"url":"https:\/\/strohm-wp-services.1s.funcionalia.com\/2025\/06\/soller.jpg","type":"image\/jpeg"}],"twitter_card":"summary_large_image","schema":{"@context":"https:\/\/schema.org","@graph":[{"@type":"WebPage","@id":"https:\/\/strohm-teka.hu\/hu\/kollekciok\/soller\/","url":"https:\/\/strohm-teka.hu\/hu\/kollekciok\/soller\/","name":"Soller - Strohm Teka","isPartOf":{"@id":"https:\/\/strohm-teka.hu\/hu\/#website"},"primaryImageOfPage":{"@id":"https:\/\/strohm-teka.hu\/hu\/kollekciok\/soller\/#primaryimage"},"image":{"@id":"https:\/\/strohm-teka.hu\/hu\/kollekciok\/soller\/#primaryimage"},"thumbnailUrl":"https:\/\/strohm-wp-services.1s.funcionalia.com\/2025\/06\/soller.jpg","datePublished":"2020-09-24T14:21:41+00:00","dateModified":"2025-06-13T09:17:22+00:00","breadcrumb":{"@id":"https:\/\/strohm-teka.hu\/hu\/kollekciok\/soller\/#breadcrumb"},"inLanguage":"hu","potentialAction":[{"@type":"ReadAction","target":["https:\/\/strohm-teka.hu\/hu\/kollekciok\/soller\/"]}]},{"@type":"ImageObject","inLanguage":"hu","@id":"https:\/\/strohm-teka.hu\/hu\/kollekciok\/soller\/#primaryimage","url":"https:\/\/strohm-wp-services.1s.funcionalia.com\/2025\/06\/soller.jpg","contentUrl":"https:\/\/strohm-wp-services.1s.funcionalia.com\/2025\/06\/soller.jpg","width":1280,"height":720},{"@type":"BreadcrumbList","@id":"https:\/\/strohm-teka.hu\/hu\/kollekciok\/soller\/#breadcrumb","itemListElement":[{"@type":"ListItem","position":1,"name":"Home","item":"https:\/\/strohm-teka.hu\/hu\/"},{"@type":"ListItem","position":2,"name":"Kollekci\u00f3k","item":"https:\/\/strohm-teka.hu\/hu\/kollekciok\/"},{"@type":"ListItem","position":3,"name":"Soller"}]},{"@type":"WebSite","@id":"https:\/\/strohm-teka.hu\/hu\/#website","url":"https:\/\/strohm-teka.hu\/hu\/","name":"Strohm Teka","description":"Soluciones integrales para ba\u00f1o. Grifer\u00eda, sistemas de ducha, muebles y lavabos, mamparas, inodoros y bid\u00e9s, lavabos y accesorios de ba\u00f1o.","publisher":{"@id":"https:\/\/strohm-teka.hu\/hu\/#organization"},"potentialAction":[{"@type":"SearchAction","target":{"@type":"EntryPoint","urlTemplate":"https:\/\/strohm-teka.hu\/hu\/?s={search_term_string}"},"query-input":{"@type":"PropertyValueSpecification","valueRequired":true,"valueName":"search_term_string"}}],"inLanguage":"hu"},{"@type":"Organization","@id":"https:\/\/strohm-teka.hu\/hu\/#organization","name":"Strohm Teka","url":"https:\/\/strohm-teka.hu\/hu\/","logo":{"@type":"ImageObject","inLanguage":"hu","@id":"https:\/\/strohm-teka.hu\/hu\/#\/schema\/logo\/image\/","url":"https:\/\/strohm-wp-services.1s.funcionalia.com\/2021\/01\/strohm_teka_logo.jpg","contentUrl":"https:\/\/strohm-wp-services.1s.funcionalia.com\/2021\/01\/strohm_teka_logo.jpg","width":738,"height":354,"caption":"Strohm Teka"},"image":{"@id":"https:\/\/strohm-teka.hu\/hu\/#\/schema\/logo\/image\/"},"sameAs":["https:\/\/www.instagram.com\/strohm_teka_es\/","https:\/\/www.linkedin.com\/company\/teka-strohm-espa\u00f1a\/"]}]}},"_links":{"self":[{"href":"https:\/\/strohm-teka.hu\/hu\/wp-json\/wp\/v2\/pages\/63919","targetHints":{"allow":["GET"]}}],"collection":[{"href":"https:\/\/strohm-teka.hu\/hu\/wp-json\/wp\/v2\/pages"}],"about":[{"href":"https:\/\/strohm-teka.hu\/hu\/wp-json\/wp\/v2\/types\/page"}],"author":[{"embeddable":true,"href":"https:\/\/strohm-teka.hu\/hu\/wp-json\/wp\/v2\/users\/17"}],"replies":[{"embeddable":true,"href":"https:\/\/strohm-teka.hu\/hu\/wp-json\/wp\/v2\/comments?post=63919"}],"version-history":[{"count":7,"href":"https:\/\/strohm-teka.hu\/hu\/wp-json\/wp\/v2\/pages\/63919\/revisions"}],"predecessor-version":[{"id":135366,"href":"https:\/\/strohm-teka.hu\/hu\/wp-json\/wp\/v2\/pages\/63919\/revisions\/135366"}],"up":[{"embeddable":true,"href":"https:\/\/strohm-teka.hu\/hu\/wp-json\/wp\/v2\/pages\/61343"}],"wp:featuredmedia":[{"embeddable":true,"href":"https:\/\/strohm-teka.hu\/hu\/wp-json\/wp\/v2\/media\/134969"}],"wp:attachment":[{"href":"https:\/\/strohm-teka.hu\/hu\/wp-json\/wp\/v2\/media?parent=63919"}],"curies":[{"name":"wp","href":"https:\/\/api.w.org\/{rel}","templated":true}]}}