{"id":63950,"date":"2020-09-17T21:44:08","date_gmt":"2020-09-17T19:44:08","guid":{"rendered":"https:\/\/strohm-teka.com\/kollekciok\/formentera\/"},"modified":"2022-07-13T08:19:38","modified_gmt":"2022-07-13T06:19:38","slug":"formentera","status":"publish","type":"page","link":"https:\/\/strohm-teka.hu\/hu\/kollekciok\/formentera\/","title":{"rendered":"Formentera"},"content":{"rendered":"<div class=\"center-aligned-columns\">\n\t<div class=\"grid align-center\">\n\t\t<div class=\"cols col6 tab-col5 mob-col12\">\n\t\t\t\t\t\t\t<video src=\"https:\/\/strohm-teka.com\/wp-content\/uploads\/2020\/10\/rociador.mp4\" alt=\"\" autoplay loop muted playsinline preload><\/video>\n\t\t\t\t\t<\/div>\n\t\t<div class=\"cols col6 tab-col7 mob-col12 padded-in-text\">\n\t\t\t<h3>Inspir\u00e1ci\u00f3ra tervezt\u00e9k<\/h3>\n\t\t\t<p><p>Kreat\u00edv \u00e9s egyedi szem\u00e9lyis\u00e9gek ihlett\u00e9k ezt a karakteres term\u00e9kcsal\u00e1dot, melynek a v\u00edz \u00e1ll a k\u00f6z\u00e9ppontj\u00e1ban.<br \/>\n<br \/>A v\u00edz, <strong>a visszaver\u0151d\u00e9sek \u00e9s a f\u00e9ny kaszk\u00e1djai fel\u00e9bresztik \u00e9rz\u00e9keinket. A feh\u00e9r f\u00e9nyess\u00e9ge \u00e9s form\u00e1k eredetis\u00e9ge.<\/strong><br \/>\n<br \/>Hagyja, hogy f\u00fcrd\u0151szob\u00e1ja t\u00fckr\u00f6zze mer\u00e9sz \u00e9s egyedi szem\u00e9lyis\u00e9g\u00e9t.<\/p>\n<\/p>\n\t\t<\/div>\n\t<\/div>\n<\/div>\n\n<div class=\"center-aligned-columns\">\n\t<div class=\"grid align-center\">\n\t\t<div class=\"cols col6 tab-col5 mob-col12\">\n\t\t\t\t\t\t\t<img decoding=\"async\" src=\"https:\/\/strohm-wp-services.1s.funcionalia.com\/2020\/11\/strohm_formentera_003-750x500.jpg\" alt=\"\">\n\t\t\t\t\t<\/div>\n\t\t<div class=\"cols col6 tab-col7 mob-col12 padded-in-text\">\n\t\t\t<h3>Az \u00e9rz\u00e9kek v\u00edzes\u00e9se<\/h3>\n\t\t\t<p><p>A <strong>Formentera csaptelepek <\/strong>tervez\u00e9se sor\u00e1n a v\u00edz szerepe mellett a diz\u00e1jn \u00e9s a m\u0171szaki funkci\u00f3k ker\u00fcltek el\u0151t\u00e9rbe.<\/p>\n<p><strong>Cascade csaptelepek, zuhanyrendszerek sz\u00f6gletes zuhanyfejekkel.<\/strong><\/p>\n<p>Emellett t\u00f6bb sz\u00ednb\u0151l \u00e1ll\u00f3 <strong>(mer\u00e9sz fekete, b\u00e1rsony arany, szel\u00edd r\u00f3zsasz\u00edn, t\u00fczes bronz)<\/strong> kieg\u00e9sz\u00edt\u0151k sora is a term\u00e9kcsal\u00e1d r\u00e9sze mely a ker\u00e1mia term\u00e9kekkel \u00f6tv\u00f6zve funkcionalit\u00e1st \u00e9s diz\u00e1jnt k\u00f6lcs\u00f6n\u00f6z f\u00fcrd\u0151szob\u00e1j\u00e1nak.<\/p>\n<\/p>\n\t\t<\/div>\n\t<\/div>\n<\/div>\n\n<div class=\"center-aligned-columns\">\n\t<div class=\"grid align-center\">\n\t\t<div class=\"cols col6 tab-col5 mob-col12\">\n\t\t\t\t\t\t\t<img decoding=\"async\" src=\"https:\/\/strohm-wp-services.1s.funcionalia.com\/2020\/09\/banos-modernos-sanitarios.jpg\" alt=\"\">\n\t\t\t\t\t<\/div>\n\t\t<div class=\"cols col6 tab-col7 mob-col12 padded-in-text\">\n\t\t\t<h3>Egyszer\u0171s\u00e9g \u00e9s diz\u00e1jn<\/h3>\n\t\t\t<p><p>A diz\u00e1jn \u00e9s az \u00e9p\u00edt\u00e9szet v\u00e1ltozatos elemeinek egyszer\u0171s\u00e9g\u00e9n \u00e9s a k\u00f6rnyezet sz\u00e9ps\u00e9g\u00e9n alapszik.<\/p>\n<p><strong>F\u00e9ln\u00e9gyzet alak\u00fa fali WC-k \u00e9s bid\u00e9k kiv\u00e1l\u00f3<\/strong> min\u0151s\u00e9g\u0171 ker\u00e1mi\u00e1b\u00f3l \u00e9s tiszt\u00edt\u00e1st <strong>k\u00f6nny\u00edt\u0151 bels\u0151 kialak\u00edt\u00e1ssal k\u00e9sz\u00fclnek<\/strong>.<\/p>\n<\/p>\n\t\t<\/div>\n\t<\/div>\n<\/div>\n\n\n<div class=\"center-aligned-columns video\" id=\"video-block-block_60096a550a9036\">\n\t<div class=\"grid align-center video-holder\">\n\t\t<div class=\"cols col12 mob-col12\">\n\t\t\t<h3>Tudjon meg t\u00f6bbet a Formentera kollekci\u00f3r\u00f3l<\/h3>\n\t\t<\/div>\n\t\t<div class=\"cols col12 mob-col12\">\n\t\t\t<div class=\"img\">\n\t\t\t\t<img decoding=\"async\" src=\"https:\/\/strohm-wp-services.1s.funcionalia.com\/2020\/09\/formentera-strohm-video-thumbnail.jpg\" alt=\"\">\n\t\t\t\t<a href=\"#\" class=\"play play-video-btn\">\n\t\t\t\t\t<img decoding=\"async\" src=\"https:\/\/strohm-teka.hu\/wp-content\/themes\/strohm\/img\/ui-kit\/play.svg\" alt=\"\">\n\t\t\t\t<\/a>\n\t\t\t<\/div>\n\t\t<\/div>\n\t<\/div>\n\t\t\n\t\t<video class=\"video-player\" id=\"video-player\" preload=\"true\" width=\"100%\" controls style=\"display:none;\"> \n\t\t\t<source src=\"https:\/\/player.vimeo.com\/external\/322224750.hd.mp4?s=bb5d1d7207bb9af968ea1e496d93acd84a3e4043&#038;profile_id=175\">\n\t\t<\/video>\n\t\n\t\t\n<\/div>\n\n<style type=\"text\/css\">\n\t.acf-block-component #video-block-block_60096a550a9036 iframe.yt-video-player {\n\t\tdisplay: none;\n\t}\n<\/style>","protected":false},"excerpt":{"rendered":"","protected":false},"author":17,"featured_media":61426,"parent":61343,"menu_order":3,"comment_status":"closed","ping_status":"closed","template":"templates\/collection.php","meta":{"_acf_changed":false,"footnotes":""},"class_list":["post-63950","page","type-page","status-publish","has-post-thumbnail","hentry"],"acf":[],"yoast_head":"<!-- This site is optimized with the Yoast SEO plugin v27.1.1 - https:\/\/yoast.com\/product\/yoast-seo-wordpress\/ -->\n<title>Formentera - Strohm Teka<\/title>\n<meta name=\"robots\" content=\"index, follow, max-snippet:-1, max-image-preview:large, max-video-preview:-1\" \/>\n<link rel=\"canonical\" href=\"https:\/\/strohm-teka.hu\/hu\/kollekciok\/formentera\/\" \/>\n<meta property=\"og:locale\" content=\"hu_HU\" \/>\n<meta property=\"og:type\" content=\"article\" \/>\n<meta property=\"og:title\" content=\"Formentera - Strohm Teka\" \/>\n<meta property=\"og:url\" content=\"https:\/\/strohm-teka.hu\/hu\/kollekciok\/formentera\/\" \/>\n<meta property=\"og:site_name\" content=\"Strohm Teka\" \/>\n<meta property=\"article:modified_time\" content=\"2022-07-13T06:19:38+00:00\" \/>\n<meta property=\"og:image\" content=\"https:\/\/strohm-wp-services.1s.funcionalia.com\/2020\/11\/strhom_formentera_002-e1605118019874.jpg\" \/>\n\t<meta property=\"og:image:width\" content=\"1372\" \/>\n\t<meta property=\"og:image:height\" content=\"1016\" \/>\n\t<meta property=\"og:image:type\" content=\"image\/jpeg\" \/>\n<meta name=\"twitter:card\" content=\"summary_large_image\" \/>\n<script type=\"application\/ld+json\" class=\"yoast-schema-graph\">{\"@context\":\"https:\/\/schema.org\",\"@graph\":[{\"@type\":\"WebPage\",\"@id\":\"https:\/\/strohm-teka.hu\/hu\/kollekciok\/formentera\/\",\"url\":\"https:\/\/strohm-teka.hu\/hu\/kollekciok\/formentera\/\",\"name\":\"Formentera - Strohm Teka\",\"isPartOf\":{\"@id\":\"https:\/\/strohm-teka.hu\/hu\/#website\"},\"primaryImageOfPage\":{\"@id\":\"https:\/\/strohm-teka.hu\/hu\/kollekciok\/formentera\/#primaryimage\"},\"image\":{\"@id\":\"https:\/\/strohm-teka.hu\/hu\/kollekciok\/formentera\/#primaryimage\"},\"thumbnailUrl\":\"https:\/\/strohm-wp-services.1s.funcionalia.com\/2020\/11\/strhom_formentera_002-e1605118019874.jpg\",\"datePublished\":\"2020-09-17T19:44:08+00:00\",\"dateModified\":\"2022-07-13T06:19:38+00:00\",\"breadcrumb\":{\"@id\":\"https:\/\/strohm-teka.hu\/hu\/kollekciok\/formentera\/#breadcrumb\"},\"inLanguage\":\"hu\",\"potentialAction\":[{\"@type\":\"ReadAction\",\"target\":[\"https:\/\/strohm-teka.hu\/hu\/kollekciok\/formentera\/\"]}]},{\"@type\":\"ImageObject\",\"inLanguage\":\"hu\",\"@id\":\"https:\/\/strohm-teka.hu\/hu\/kollekciok\/formentera\/#primaryimage\",\"url\":\"https:\/\/strohm-wp-services.1s.funcionalia.com\/2020\/11\/strhom_formentera_002-e1605118019874.jpg\",\"contentUrl\":\"https:\/\/strohm-wp-services.1s.funcionalia.com\/2020\/11\/strhom_formentera_002-e1605118019874.jpg\",\"width\":1372,\"height\":1016},{\"@type\":\"BreadcrumbList\",\"@id\":\"https:\/\/strohm-teka.hu\/hu\/kollekciok\/formentera\/#breadcrumb\",\"itemListElement\":[{\"@type\":\"ListItem\",\"position\":1,\"name\":\"Home\",\"item\":\"https:\/\/strohm-teka.hu\/hu\/\"},{\"@type\":\"ListItem\",\"position\":2,\"name\":\"Kollekci\u00f3k\",\"item\":\"https:\/\/strohm-teka.hu\/hu\/kollekciok\/\"},{\"@type\":\"ListItem\",\"position\":3,\"name\":\"Formentera\"}]},{\"@type\":\"WebSite\",\"@id\":\"https:\/\/strohm-teka.hu\/hu\/#website\",\"url\":\"https:\/\/strohm-teka.hu\/hu\/\",\"name\":\"Strohm Teka\",\"description\":\"Soluciones integrales para ba\u00f1o. Grifer\u00eda, sistemas de ducha, muebles y lavabos, mamparas, inodoros y bid\u00e9s, lavabos y accesorios de ba\u00f1o.\",\"publisher\":{\"@id\":\"https:\/\/strohm-teka.hu\/hu\/#organization\"},\"potentialAction\":[{\"@type\":\"SearchAction\",\"target\":{\"@type\":\"EntryPoint\",\"urlTemplate\":\"https:\/\/strohm-teka.hu\/hu\/?s={search_term_string}\"},\"query-input\":{\"@type\":\"PropertyValueSpecification\",\"valueRequired\":true,\"valueName\":\"search_term_string\"}}],\"inLanguage\":\"hu\"},{\"@type\":\"Organization\",\"@id\":\"https:\/\/strohm-teka.hu\/hu\/#organization\",\"name\":\"Strohm Teka\",\"url\":\"https:\/\/strohm-teka.hu\/hu\/\",\"logo\":{\"@type\":\"ImageObject\",\"inLanguage\":\"hu\",\"@id\":\"https:\/\/strohm-teka.hu\/hu\/#\/schema\/logo\/image\/\",\"url\":\"https:\/\/strohm-wp-services.1s.funcionalia.com\/2021\/01\/strohm_teka_logo.jpg\",\"contentUrl\":\"https:\/\/strohm-wp-services.1s.funcionalia.com\/2021\/01\/strohm_teka_logo.jpg\",\"width\":738,\"height\":354,\"caption\":\"Strohm Teka\"},\"image\":{\"@id\":\"https:\/\/strohm-teka.hu\/hu\/#\/schema\/logo\/image\/\"},\"sameAs\":[\"https:\/\/www.instagram.com\/strohm_teka_es\/\",\"https:\/\/www.linkedin.com\/company\/teka-strohm-espa\u00f1a\/\"]}]}<\/script>\n<!-- \/ Yoast SEO plugin. -->","yoast_head_json":{"title":"Formentera - Strohm Teka","robots":{"index":"index","follow":"follow","max-snippet":"max-snippet:-1","max-image-preview":"max-image-preview:large","max-video-preview":"max-video-preview:-1"},"canonical":"https:\/\/strohm-teka.hu\/hu\/kollekciok\/formentera\/","og_locale":"hu_HU","og_type":"article","og_title":"Formentera - Strohm Teka","og_url":"https:\/\/strohm-teka.hu\/hu\/kollekciok\/formentera\/","og_site_name":"Strohm Teka","article_modified_time":"2022-07-13T06:19:38+00:00","og_image":[{"width":1372,"height":1016,"url":"https:\/\/strohm-wp-services.1s.funcionalia.com\/2020\/11\/strhom_formentera_002-e1605118019874.jpg","type":"image\/jpeg"}],"twitter_card":"summary_large_image","schema":{"@context":"https:\/\/schema.org","@graph":[{"@type":"WebPage","@id":"https:\/\/strohm-teka.hu\/hu\/kollekciok\/formentera\/","url":"https:\/\/strohm-teka.hu\/hu\/kollekciok\/formentera\/","name":"Formentera - Strohm Teka","isPartOf":{"@id":"https:\/\/strohm-teka.hu\/hu\/#website"},"primaryImageOfPage":{"@id":"https:\/\/strohm-teka.hu\/hu\/kollekciok\/formentera\/#primaryimage"},"image":{"@id":"https:\/\/strohm-teka.hu\/hu\/kollekciok\/formentera\/#primaryimage"},"thumbnailUrl":"https:\/\/strohm-wp-services.1s.funcionalia.com\/2020\/11\/strhom_formentera_002-e1605118019874.jpg","datePublished":"2020-09-17T19:44:08+00:00","dateModified":"2022-07-13T06:19:38+00:00","breadcrumb":{"@id":"https:\/\/strohm-teka.hu\/hu\/kollekciok\/formentera\/#breadcrumb"},"inLanguage":"hu","potentialAction":[{"@type":"ReadAction","target":["https:\/\/strohm-teka.hu\/hu\/kollekciok\/formentera\/"]}]},{"@type":"ImageObject","inLanguage":"hu","@id":"https:\/\/strohm-teka.hu\/hu\/kollekciok\/formentera\/#primaryimage","url":"https:\/\/strohm-wp-services.1s.funcionalia.com\/2020\/11\/strhom_formentera_002-e1605118019874.jpg","contentUrl":"https:\/\/strohm-wp-services.1s.funcionalia.com\/2020\/11\/strhom_formentera_002-e1605118019874.jpg","width":1372,"height":1016},{"@type":"BreadcrumbList","@id":"https:\/\/strohm-teka.hu\/hu\/kollekciok\/formentera\/#breadcrumb","itemListElement":[{"@type":"ListItem","position":1,"name":"Home","item":"https:\/\/strohm-teka.hu\/hu\/"},{"@type":"ListItem","position":2,"name":"Kollekci\u00f3k","item":"https:\/\/strohm-teka.hu\/hu\/kollekciok\/"},{"@type":"ListItem","position":3,"name":"Formentera"}]},{"@type":"WebSite","@id":"https:\/\/strohm-teka.hu\/hu\/#website","url":"https:\/\/strohm-teka.hu\/hu\/","name":"Strohm Teka","description":"Soluciones integrales para ba\u00f1o. Grifer\u00eda, sistemas de ducha, muebles y lavabos, mamparas, inodoros y bid\u00e9s, lavabos y accesorios de ba\u00f1o.","publisher":{"@id":"https:\/\/strohm-teka.hu\/hu\/#organization"},"potentialAction":[{"@type":"SearchAction","target":{"@type":"EntryPoint","urlTemplate":"https:\/\/strohm-teka.hu\/hu\/?s={search_term_string}"},"query-input":{"@type":"PropertyValueSpecification","valueRequired":true,"valueName":"search_term_string"}}],"inLanguage":"hu"},{"@type":"Organization","@id":"https:\/\/strohm-teka.hu\/hu\/#organization","name":"Strohm Teka","url":"https:\/\/strohm-teka.hu\/hu\/","logo":{"@type":"ImageObject","inLanguage":"hu","@id":"https:\/\/strohm-teka.hu\/hu\/#\/schema\/logo\/image\/","url":"https:\/\/strohm-wp-services.1s.funcionalia.com\/2021\/01\/strohm_teka_logo.jpg","contentUrl":"https:\/\/strohm-wp-services.1s.funcionalia.com\/2021\/01\/strohm_teka_logo.jpg","width":738,"height":354,"caption":"Strohm Teka"},"image":{"@id":"https:\/\/strohm-teka.hu\/hu\/#\/schema\/logo\/image\/"},"sameAs":["https:\/\/www.instagram.com\/strohm_teka_es\/","https:\/\/www.linkedin.com\/company\/teka-strohm-espa\u00f1a\/"]}]}},"_links":{"self":[{"href":"https:\/\/strohm-teka.hu\/hu\/wp-json\/wp\/v2\/pages\/63950","targetHints":{"allow":["GET"]}}],"collection":[{"href":"https:\/\/strohm-teka.hu\/hu\/wp-json\/wp\/v2\/pages"}],"about":[{"href":"https:\/\/strohm-teka.hu\/hu\/wp-json\/wp\/v2\/types\/page"}],"author":[{"embeddable":true,"href":"https:\/\/strohm-teka.hu\/hu\/wp-json\/wp\/v2\/users\/17"}],"replies":[{"embeddable":true,"href":"https:\/\/strohm-teka.hu\/hu\/wp-json\/wp\/v2\/comments?post=63950"}],"version-history":[{"count":5,"href":"https:\/\/strohm-teka.hu\/hu\/wp-json\/wp\/v2\/pages\/63950\/revisions"}],"predecessor-version":[{"id":111177,"href":"https:\/\/strohm-teka.hu\/hu\/wp-json\/wp\/v2\/pages\/63950\/revisions\/111177"}],"up":[{"embeddable":true,"href":"https:\/\/strohm-teka.hu\/hu\/wp-json\/wp\/v2\/pages\/61343"}],"wp:featuredmedia":[{"embeddable":true,"href":"https:\/\/strohm-teka.hu\/hu\/wp-json\/wp\/v2\/media\/61426"}],"wp:attachment":[{"href":"https:\/\/strohm-teka.hu\/hu\/wp-json\/wp\/v2\/media?parent=63950"}],"curies":[{"name":"wp","href":"https:\/\/api.w.org\/{rel}","templated":true}]}}