{"id":63963,"date":"2020-09-21T10:11:53","date_gmt":"2020-09-21T08:11:53","guid":{"rendered":"https:\/\/strohm-teka.com\/strohm-ertekek\/"},"modified":"2025-06-17T13:49:50","modified_gmt":"2025-06-17T11:49:50","slug":"strohm-ertekek","status":"publish","type":"page","link":"https:\/\/strohm-teka.hu\/hu\/strohm-ertekek\/","title":{"rendered":"Strohm \u00e9rt\u00e9kek"},"content":{"rendered":"\n<p>M\u00e1rkak\u00e9nt az \u00e9rt\u00e9kek a DNS-\u00fcnk r\u00e9sz\u00e9t k\u00e9pezik. Ezek az \u00e9rt\u00e9kek a m\u00e1rka tapasztalatin alapulnak, form\u00e1lj\u00e1k \u00e9s meghat\u00e1rozz\u00e1k folyamatainkat, a term\u00e9kbevezet\u00e9seket \u00e9s minden \u00fczleti d\u00f6nt\u00e9st. Egy szil\u00e1rd alapokon \u00e1ll\u00f3 m\u00e1rka seg\u00edt meghat\u00e1rozni c\u00e9ljainkat \u00e9s meger\u0151s\u00edteni kapcsolatainkat.<\/p>\n\n\n<div class=\"center-aligned-columns\">\n\t<div class=\"grid align-center\">\n\t\t<div class=\"cols col6 tab-col5 mob-col12\">\n\t\t\t\t\t\t\t<img decoding=\"async\" src=\"https:\/\/strohm-wp-services.1s.funcionalia.com\/importedmedia\/CT625BI590_A3_C1_Grifos_IMD-750x500.jpg\" alt=\"\">\n\t\t\t\t\t<\/div>\n\t\t<div class=\"cols col6 tab-col7 mob-col12 padded-in-text\">\n\t\t\t<h3>T\u00e1mogat\u00f3<\/h3>\n\t\t\t<p><p><strong>F\u00fcrd\u0151szob\u00e1ink<\/strong> tervez\u00e9sekor nem csup\u00e1n az otthonokat vessz\u00fck figyelembe, hanem a benn\u00fck \u00e9l\u0151 emberek ig\u00e9nyeit is.<\/p>\n<p>Term\u00e9keink sz\u00e9les k\u00f6r\u00e9nek \u00e9s a sz\u00e1mtalan kieg\u00e9sz\u00edt\u0151nek k\u00f6sz\u00f6nhet\u0151en \u00e1ltalunk megval\u00f3s\u00edthatja \u00e1lmai f\u00fcrd\u0151szob\u00e1j\u00e1t, mely minden r\u00e9szlet\u00e9ben \u00d6nh\u00f6z igazodik. Az \u00d6n elk\u00e9pzel\u00e9se a mi elk\u00e9pzel\u00e9s\u00fcnk, seg\u00edt\u00fcnk megval\u00f3s\u00edtani l\u00e9p\u00e9sr\u0151l l\u00e9p\u00e9sre, r\u00e9szletr\u0151l r\u00e9szletre.<\/p>\n<\/p>\n\t\t<\/div>\n\t<\/div>\n<\/div>\n\n<div class=\"center-aligned-columns\">\n\t<div class=\"grid align-center\">\n\t\t<div class=\"cols col6 tab-col5 mob-col12\">\n\t\t\t\t\t\t\t<img decoding=\"async\" src=\"https:\/\/strohm-wp-services.1s.funcionalia.com\/2020\/09\/crema-mano-750x500.jpg\" alt=\"\">\n\t\t\t\t\t<\/div>\n\t\t<div class=\"cols col6 tab-col7 mob-col12 padded-in-text\">\n\t\t\t<h3>Gondoskod\u00f3<\/h3>\n\t\t\t<p><p>Elk\u00f6telezettek vagyunk v\u00e1s\u00e1rl\u00f3ink k\u00e9nyelm\u00e9\u00e9rt, biztons\u00e1g\u00e1\u00e9rt \u00e9s lelki nyugalm\u00e1\u00e9rt, ez\u00e9rt csakis a legjobbat k\u00edn\u00e1ljuk.<\/p>\n<p> Megb\u00edzhat\u00f3 min\u0151s\u00e9get, innov\u00e1ci\u00f3t \u00e9s k\u00fcl\u00f6nleges diz\u00e1jnt ny\u00fajtunk: \u00edgy gondoskodunk mi \u00d6nr\u0151l \u00e9s csal\u00e1dj\u00e1r\u00f3l.<\/p>\n<\/p>\n\t\t<\/div>\n\t<\/div>\n<\/div>\n\n<div class=\"center-aligned-columns\">\n\t<div class=\"grid align-center\">\n\t\t<div class=\"cols col6 tab-col5 mob-col12\">\n\t\t\t\t\t\t\t<img decoding=\"async\" src=\"https:\/\/strohm-wp-services.1s.funcionalia.com\/2022\/04\/imagen-valores_inspiracion-ajustada-1-750x500.jpg\" alt=\"\">\n\t\t\t\t\t<\/div>\n\t\t<div class=\"cols col6 tab-col7 mob-col12 padded-in-text\">\n\t\t\t<h3>Inspir\u00e1l\u00f3<\/h3>\n\t\t\t<p><p>&#8222;\u00c9N&#8221; id\u0151 mindenkinek j\u00e1r! Egy nyugodt pillanat a felt\u00f6lt\u0151d\u00e9sre, meg\u00fajul\u00e1sra, egy olyan helyen, ami j\u00f3 \u00e9rz\u00e9ssel \u00e1raszt el minket. <\/p>\n<p><strong>A Strohm Teka <\/strong>c\u00e9lja, hogy megold\u00e1st k\u00edn\u00e1ljon az \u00d6n ig\u00e9nyeire, hogy sz\u00e9les term\u00e9kv\u00e1laszt\u00e9k\u00e1val megteremtse \u00e1lmai f\u00fcrd\u0151szob\u00e1j\u00e1t<\/p>\n<\/p>\n\t\t<\/div>\n\t<\/div>\n<\/div>","protected":false},"excerpt":{"rendered":"M\u00e1rkak\u00e9nt az \u00e9rt\u00e9kek a DNS-\u00fcnk r\u00e9sz\u00e9t k\u00e9pezik. Ezek az \u00e9rt\u00e9kek a m\u00e1rka tapasztalatin alapulnak, form\u00e1lj\u00e1k \u00e9s meghat\u00e1rozz\u00e1k folyamatainkat, a term\u00e9kbevezet\u00e9seket \u00e9s minden \u00fczleti d\u00f6nt\u00e9st. Egy szil\u00e1rd alapokon \u00e1ll\u00f3 m\u00e1rka seg\u00edt meghat\u00e1rozni c\u00e9ljainkat \u00e9s meger\u0151s\u00edteni kapcsolatainkat.","protected":false},"author":17,"featured_media":61596,"parent":0,"menu_order":2,"comment_status":"closed","ping_status":"closed","template":"","meta":{"_acf_changed":false,"footnotes":""},"class_list":["post-63963","page","type-page","status-publish","has-post-thumbnail","hentry"],"acf":[],"yoast_head":"<!-- This site is optimized with the Yoast SEO plugin v27.1.1 - https:\/\/yoast.com\/product\/yoast-seo-wordpress\/ -->\n<title>Strohm \u00e9rt\u00e9kek - Strohm Teka<\/title>\n<meta name=\"robots\" content=\"index, follow, max-snippet:-1, max-image-preview:large, max-video-preview:-1\" \/>\n<link rel=\"canonical\" href=\"https:\/\/strohm-teka.hu\/hu\/strohm-ertekek\/\" \/>\n<meta property=\"og:locale\" content=\"hu_HU\" \/>\n<meta property=\"og:type\" content=\"article\" \/>\n<meta property=\"og:title\" content=\"Strohm \u00e9rt\u00e9kek - Strohm Teka\" \/>\n<meta property=\"og:description\" content=\"M\u00e1rkak\u00e9nt az \u00e9rt\u00e9kek a DNS-\u00fcnk r\u00e9sz\u00e9t k\u00e9pezik. Ezek az \u00e9rt\u00e9kek a m\u00e1rka tapasztalatin alapulnak, form\u00e1lj\u00e1k \u00e9s meghat\u00e1rozz\u00e1k folyamatainkat, a term\u00e9kbevezet\u00e9seket \u00e9s minden \u00fczleti d\u00f6nt\u00e9st. Egy szil\u00e1rd alapokon \u00e1ll\u00f3 m\u00e1rka seg\u00edt meghat\u00e1rozni c\u00e9ljainkat \u00e9s meger\u0151s\u00edteni kapcsolatainkat.\" \/>\n<meta property=\"og:url\" content=\"https:\/\/strohm-teka.hu\/hu\/strohm-ertekek\/\" \/>\n<meta property=\"og:site_name\" content=\"Strohm Teka\" \/>\n<meta property=\"article:modified_time\" content=\"2025-06-17T11:49:50+00:00\" \/>\n<meta property=\"og:image\" content=\"https:\/\/strohm-wp-services.1s.funcionalia.com\/2020\/11\/strohm_showroom_015-e1605188290675.jpg\" \/>\n\t<meta property=\"og:image:width\" content=\"1164\" \/>\n\t<meta property=\"og:image:height\" content=\"684\" \/>\n\t<meta property=\"og:image:type\" content=\"image\/jpeg\" \/>\n<meta name=\"twitter:card\" content=\"summary_large_image\" \/>\n<script type=\"application\/ld+json\" class=\"yoast-schema-graph\">{\"@context\":\"https:\/\/schema.org\",\"@graph\":[{\"@type\":\"WebPage\",\"@id\":\"https:\/\/strohm-teka.hu\/hu\/strohm-ertekek\/\",\"url\":\"https:\/\/strohm-teka.hu\/hu\/strohm-ertekek\/\",\"name\":\"Strohm \u00e9rt\u00e9kek - Strohm Teka\",\"isPartOf\":{\"@id\":\"https:\/\/strohm-teka.hu\/hu\/#website\"},\"primaryImageOfPage\":{\"@id\":\"https:\/\/strohm-teka.hu\/hu\/strohm-ertekek\/#primaryimage\"},\"image\":{\"@id\":\"https:\/\/strohm-teka.hu\/hu\/strohm-ertekek\/#primaryimage\"},\"thumbnailUrl\":\"https:\/\/strohm-wp-services.1s.funcionalia.com\/2020\/11\/strohm_showroom_015-e1605188290675.jpg\",\"datePublished\":\"2020-09-21T08:11:53+00:00\",\"dateModified\":\"2025-06-17T11:49:50+00:00\",\"breadcrumb\":{\"@id\":\"https:\/\/strohm-teka.hu\/hu\/strohm-ertekek\/#breadcrumb\"},\"inLanguage\":\"hu\",\"potentialAction\":[{\"@type\":\"ReadAction\",\"target\":[\"https:\/\/strohm-teka.hu\/hu\/strohm-ertekek\/\"]}]},{\"@type\":\"ImageObject\",\"inLanguage\":\"hu\",\"@id\":\"https:\/\/strohm-teka.hu\/hu\/strohm-ertekek\/#primaryimage\",\"url\":\"https:\/\/strohm-wp-services.1s.funcionalia.com\/2020\/11\/strohm_showroom_015-e1605188290675.jpg\",\"contentUrl\":\"https:\/\/strohm-wp-services.1s.funcionalia.com\/2020\/11\/strohm_showroom_015-e1605188290675.jpg\",\"width\":1164,\"height\":684},{\"@type\":\"BreadcrumbList\",\"@id\":\"https:\/\/strohm-teka.hu\/hu\/strohm-ertekek\/#breadcrumb\",\"itemListElement\":[{\"@type\":\"ListItem\",\"position\":1,\"name\":\"Home\",\"item\":\"https:\/\/strohm-teka.hu\/hu\/\"},{\"@type\":\"ListItem\",\"position\":2,\"name\":\"Strohm \u00e9rt\u00e9kek\"}]},{\"@type\":\"WebSite\",\"@id\":\"https:\/\/strohm-teka.hu\/hu\/#website\",\"url\":\"https:\/\/strohm-teka.hu\/hu\/\",\"name\":\"Strohm Teka\",\"description\":\"Soluciones integrales para ba\u00f1o. Grifer\u00eda, sistemas de ducha, muebles y lavabos, mamparas, inodoros y bid\u00e9s, lavabos y accesorios de ba\u00f1o.\",\"publisher\":{\"@id\":\"https:\/\/strohm-teka.hu\/hu\/#organization\"},\"potentialAction\":[{\"@type\":\"SearchAction\",\"target\":{\"@type\":\"EntryPoint\",\"urlTemplate\":\"https:\/\/strohm-teka.hu\/hu\/?s={search_term_string}\"},\"query-input\":{\"@type\":\"PropertyValueSpecification\",\"valueRequired\":true,\"valueName\":\"search_term_string\"}}],\"inLanguage\":\"hu\"},{\"@type\":\"Organization\",\"@id\":\"https:\/\/strohm-teka.hu\/hu\/#organization\",\"name\":\"Strohm Teka\",\"url\":\"https:\/\/strohm-teka.hu\/hu\/\",\"logo\":{\"@type\":\"ImageObject\",\"inLanguage\":\"hu\",\"@id\":\"https:\/\/strohm-teka.hu\/hu\/#\/schema\/logo\/image\/\",\"url\":\"https:\/\/strohm-wp-services.1s.funcionalia.com\/2021\/01\/strohm_teka_logo.jpg\",\"contentUrl\":\"https:\/\/strohm-wp-services.1s.funcionalia.com\/2021\/01\/strohm_teka_logo.jpg\",\"width\":738,\"height\":354,\"caption\":\"Strohm Teka\"},\"image\":{\"@id\":\"https:\/\/strohm-teka.hu\/hu\/#\/schema\/logo\/image\/\"},\"sameAs\":[\"https:\/\/www.instagram.com\/strohm_teka_es\/\",\"https:\/\/www.linkedin.com\/company\/teka-strohm-espa\u00f1a\/\"]}]}<\/script>\n<!-- \/ Yoast SEO plugin. -->","yoast_head_json":{"title":"Strohm \u00e9rt\u00e9kek - Strohm Teka","robots":{"index":"index","follow":"follow","max-snippet":"max-snippet:-1","max-image-preview":"max-image-preview:large","max-video-preview":"max-video-preview:-1"},"canonical":"https:\/\/strohm-teka.hu\/hu\/strohm-ertekek\/","og_locale":"hu_HU","og_type":"article","og_title":"Strohm \u00e9rt\u00e9kek - Strohm Teka","og_description":"M\u00e1rkak\u00e9nt az \u00e9rt\u00e9kek a DNS-\u00fcnk r\u00e9sz\u00e9t k\u00e9pezik. Ezek az \u00e9rt\u00e9kek a m\u00e1rka tapasztalatin alapulnak, form\u00e1lj\u00e1k \u00e9s meghat\u00e1rozz\u00e1k folyamatainkat, a term\u00e9kbevezet\u00e9seket \u00e9s minden \u00fczleti d\u00f6nt\u00e9st. Egy szil\u00e1rd alapokon \u00e1ll\u00f3 m\u00e1rka seg\u00edt meghat\u00e1rozni c\u00e9ljainkat \u00e9s meger\u0151s\u00edteni kapcsolatainkat.","og_url":"https:\/\/strohm-teka.hu\/hu\/strohm-ertekek\/","og_site_name":"Strohm Teka","article_modified_time":"2025-06-17T11:49:50+00:00","og_image":[{"width":1164,"height":684,"url":"https:\/\/strohm-wp-services.1s.funcionalia.com\/2020\/11\/strohm_showroom_015-e1605188290675.jpg","type":"image\/jpeg"}],"twitter_card":"summary_large_image","schema":{"@context":"https:\/\/schema.org","@graph":[{"@type":"WebPage","@id":"https:\/\/strohm-teka.hu\/hu\/strohm-ertekek\/","url":"https:\/\/strohm-teka.hu\/hu\/strohm-ertekek\/","name":"Strohm \u00e9rt\u00e9kek - Strohm Teka","isPartOf":{"@id":"https:\/\/strohm-teka.hu\/hu\/#website"},"primaryImageOfPage":{"@id":"https:\/\/strohm-teka.hu\/hu\/strohm-ertekek\/#primaryimage"},"image":{"@id":"https:\/\/strohm-teka.hu\/hu\/strohm-ertekek\/#primaryimage"},"thumbnailUrl":"https:\/\/strohm-wp-services.1s.funcionalia.com\/2020\/11\/strohm_showroom_015-e1605188290675.jpg","datePublished":"2020-09-21T08:11:53+00:00","dateModified":"2025-06-17T11:49:50+00:00","breadcrumb":{"@id":"https:\/\/strohm-teka.hu\/hu\/strohm-ertekek\/#breadcrumb"},"inLanguage":"hu","potentialAction":[{"@type":"ReadAction","target":["https:\/\/strohm-teka.hu\/hu\/strohm-ertekek\/"]}]},{"@type":"ImageObject","inLanguage":"hu","@id":"https:\/\/strohm-teka.hu\/hu\/strohm-ertekek\/#primaryimage","url":"https:\/\/strohm-wp-services.1s.funcionalia.com\/2020\/11\/strohm_showroom_015-e1605188290675.jpg","contentUrl":"https:\/\/strohm-wp-services.1s.funcionalia.com\/2020\/11\/strohm_showroom_015-e1605188290675.jpg","width":1164,"height":684},{"@type":"BreadcrumbList","@id":"https:\/\/strohm-teka.hu\/hu\/strohm-ertekek\/#breadcrumb","itemListElement":[{"@type":"ListItem","position":1,"name":"Home","item":"https:\/\/strohm-teka.hu\/hu\/"},{"@type":"ListItem","position":2,"name":"Strohm \u00e9rt\u00e9kek"}]},{"@type":"WebSite","@id":"https:\/\/strohm-teka.hu\/hu\/#website","url":"https:\/\/strohm-teka.hu\/hu\/","name":"Strohm Teka","description":"Soluciones integrales para ba\u00f1o. Grifer\u00eda, sistemas de ducha, muebles y lavabos, mamparas, inodoros y bid\u00e9s, lavabos y accesorios de ba\u00f1o.","publisher":{"@id":"https:\/\/strohm-teka.hu\/hu\/#organization"},"potentialAction":[{"@type":"SearchAction","target":{"@type":"EntryPoint","urlTemplate":"https:\/\/strohm-teka.hu\/hu\/?s={search_term_string}"},"query-input":{"@type":"PropertyValueSpecification","valueRequired":true,"valueName":"search_term_string"}}],"inLanguage":"hu"},{"@type":"Organization","@id":"https:\/\/strohm-teka.hu\/hu\/#organization","name":"Strohm Teka","url":"https:\/\/strohm-teka.hu\/hu\/","logo":{"@type":"ImageObject","inLanguage":"hu","@id":"https:\/\/strohm-teka.hu\/hu\/#\/schema\/logo\/image\/","url":"https:\/\/strohm-wp-services.1s.funcionalia.com\/2021\/01\/strohm_teka_logo.jpg","contentUrl":"https:\/\/strohm-wp-services.1s.funcionalia.com\/2021\/01\/strohm_teka_logo.jpg","width":738,"height":354,"caption":"Strohm Teka"},"image":{"@id":"https:\/\/strohm-teka.hu\/hu\/#\/schema\/logo\/image\/"},"sameAs":["https:\/\/www.instagram.com\/strohm_teka_es\/","https:\/\/www.linkedin.com\/company\/teka-strohm-espa\u00f1a\/"]}]}},"_links":{"self":[{"href":"https:\/\/strohm-teka.hu\/hu\/wp-json\/wp\/v2\/pages\/63963","targetHints":{"allow":["GET"]}}],"collection":[{"href":"https:\/\/strohm-teka.hu\/hu\/wp-json\/wp\/v2\/pages"}],"about":[{"href":"https:\/\/strohm-teka.hu\/hu\/wp-json\/wp\/v2\/types\/page"}],"author":[{"embeddable":true,"href":"https:\/\/strohm-teka.hu\/hu\/wp-json\/wp\/v2\/users\/17"}],"replies":[{"embeddable":true,"href":"https:\/\/strohm-teka.hu\/hu\/wp-json\/wp\/v2\/comments?post=63963"}],"version-history":[{"count":6,"href":"https:\/\/strohm-teka.hu\/hu\/wp-json\/wp\/v2\/pages\/63963\/revisions"}],"predecessor-version":[{"id":135428,"href":"https:\/\/strohm-teka.hu\/hu\/wp-json\/wp\/v2\/pages\/63963\/revisions\/135428"}],"wp:featuredmedia":[{"embeddable":true,"href":"https:\/\/strohm-teka.hu\/hu\/wp-json\/wp\/v2\/media\/61596"}],"wp:attachment":[{"href":"https:\/\/strohm-teka.hu\/hu\/wp-json\/wp\/v2\/media?parent=63963"}],"curies":[{"name":"wp","href":"https:\/\/api.w.org\/{rel}","templated":true}]}}