{"id":65307,"date":"2020-09-24T10:29:50","date_gmt":"2020-09-24T08:29:50","guid":{"rendered":"https:\/\/strohm-teka.com\/politica-de-cookies\/"},"modified":"2022-02-21T10:19:04","modified_gmt":"2022-02-21T09:19:04","slug":"suti-sav","status":"publish","type":"page","link":"https:\/\/strohm-teka.hu\/hu\/suti-sav\/","title":{"rendered":"S\u00fcti Szab\u00e1lyzat"},"content":{"rendered":"\n<p><strong>M\u00e1sodik r\u00e9teg&nbsp;<\/strong><\/p>\n\n\n\n<p>Ez a s\u00fctikre vonatkoz\u00f3 ir\u00e1nyelv szerves r\u00e9sz\u00e9t k\u00e9pezi a weboldal (a tov\u00e1bbiakban: \u201e<strong>Webhely<\/strong>\u201d) jogi felel\u0151ss\u00e9gv\u00e1llal\u00e1si nyilatkozat\u00e1nak \u00e9s adatv\u00e9delmi ir\u00e1nyelveinek, amelyek a https:\/\/www.strohm-teka.com\/ URL-en tal\u00e1lhat\u00f3 weboldalon \u00e9s a mobileszk\u00f6z-alkalmaz\u00e1sban \u00e9rhet\u0151k el.&nbsp;<\/p>\n\n\n\n<p>A Platform b\u00f6ng\u00e9sz\u00e9s\u00e9nek jav\u00edt\u00e1sa c\u00e9lj\u00e1b\u00f3l a <strong>Strohm Bathroom Solutions S.A.\u00a0<\/strong> (a tov\u00e1bbiakban: SBS) ad\u00f3sz\u00e1m: A07005473, sz\u00e9khely: Calle Conquistador 2, 07350 Binissalem, SPANYOLORSZ\u00c1G ez\u00faton t\u00e1j\u00e9koztatja \u00d6nt, hogy adatt\u00e1rol\u00f3 \u00e9s inform\u00e1ci\u00f3 szolg\u00e1ltat\u00e1si eszk\u00f6z\u00f6ket haszn\u00e1l: s\u00fctiket, marketing pixeleket \u00e9s hasonl\u00f3 funkci\u00f3j\u00fa technol\u00f3gi\u00e1kat (a tov\u00e1bbiakban: \u201e<strong>S\u00fctik<\/strong>\u201d).<\/p>\n\n\n\n<p>T\u00e1j\u00e9koztatjuk \u00d6nt arr\u00f3l, hogy a szolg\u00e1ltat\u00f3 a s\u00fctik, valamint a saj\u00e1t \u00e9s harmadik f\u00e9l \u00e1ltal l\u00e9trehozott s\u00fctik r\u00e9v\u00e9n megszerzett adatok feldolgoz\u00e1s\u00e1nak ir\u00e1ny\u00edt\u00f3ja, d\u00f6nt az \u00f6sszegy\u0171jt\u00f6tt adatok c\u00e9lj\u00e1r\u00f3l, tartalm\u00e1r\u00f3l \u00e9s feldolgoz\u00e1s\u00e1r\u00f3l.&nbsp;<\/p>\n\n\n\n<p><strong>Mik azok a s\u00fctik?<\/strong><\/p>\n\n\n\n<p>A s\u00fctik olyan kis mennyis\u00e9g\u0171 inform\u00e1ci\u00f3t tartalmaz\u00f3 f\u00e1jlok, amelyek a weboldal l\u00e1togat\u00e1sa sor\u00e1n let\u00f6lt\u0151dnek a felhaszn\u00e1l\u00f3 k\u00e9sz\u00fcl\u00e9k\u00e9re.&nbsp;<\/p>\n\n\n\n<p>A s\u00fctik elengedhetetlenek az Internet m\u0171k\u00f6d\u00e9s\u00e9hez; nem k\u00e1ros\u00edthatj\u00e1k a felhaszn\u00e1l\u00f3 munka\u00e1llom\u00e1s\u00e1t\/eszk\u00f6z\u00e9t, \u00e9s amennyiben enged\u00e9lyezik \u0151ket a b\u00f6ng\u00e9sz\u0151 konfigur\u00e1tor\u00e1ban, seg\u00edthetnek azonos\u00edtani \u00e9s megoldani a Platform lehets\u00e9ges m\u0171k\u00f6d\u00e9si hib\u00e1it. A s\u00fctiknek sz\u00e1mos c\u00e9lja van, p\u00e9ld\u00e1ul a weboldalak k\u00f6z\u00f6tti hat\u00e9kony navig\u00e1ci\u00f3 biztos\u00edt\u00e1sa, a preferenci\u00e1k ment\u00e9se \u00e9s \u00e1ltal\u00e1noss\u00e1gban, a felhaszn\u00e1l\u00f3i \u00e9lm\u00e9ny fokoz\u00e1sa. Seg\u00edtenek abban is, hogy az online megtekintett hirdet\u00e9sek az \u00d6n \u00e9rdekl\u0151d\u00e9si k\u00f6r\u00e9nek szempontj\u00e1b\u00f3l a legmegfelel\u0151bb legyen.&nbsp;<\/p>\n\n\n\n<p><strong>A szolg\u00e1ltat\u00f3 s\u00fcti haszn\u00e1lata&nbsp;<\/strong><\/p>\n\n\n\n<p>Amennyiben elfogadja a s\u00fctik mez\u0151t a platformon t\u00f6rt\u00e9n\u0151 navig\u00e1l\u00e1s elej\u00e9n, vagy konfigur\u00e1lja a s\u00fctik be\u00e1ll\u00edt\u00e1sait, elfogadhatja az ilyen s\u00fctik haszn\u00e1lat\u00e1t az eszk\u00f6zein. Amennyiben kikapcsolja a s\u00fctiket, ez befoly\u00e1solhatja a platform egyes funkci\u00f3inak megfelel\u0151 m\u0171k\u00f6d\u00e9s\u00e9t.&nbsp;<\/p>\n\n\n\n<p>A szolg\u00e1ltat\u00f3 a s\u00fctiket az al\u00e1bb felsorolt c\u00e9lokra haszn\u00e1lja. Amennyiben a szolg\u00e1ltat\u00f3nak a j\u00f6v\u0151ben m\u00e1s s\u00fctiket is ig\u00e9nybe kellene vennie, tov\u00e1bbi jav\u00edtott szolg\u00e1ltat\u00e1sok ny\u00fajt\u00e1sa \u00e9rdek\u00e9ben, a felhaszn\u00e1l\u00f3t err\u0151l t\u00e1j\u00e9koztatnia kell. &nbsp;<\/p>\n\n\n\n<p><strong>RENDSZER S\u00dcTIK<\/strong><\/p>\n\n\n\n<p>A rendszer s\u00fctik elengedhetetlenek a platform b\u00f6ng\u00e9sz\u00e9s\u00e9hez \u00e9s a funkci\u00f3k haszn\u00e1lat\u00e1hoz. \u00c1ltal\u00e1ban ezek a s\u00fctik aktiv\u00e1lj\u00e1k a Platform k\u00fcl\u00f6nb\u00f6z\u0151 funkci\u00f3it, biztons\u00e1gosabb b\u00f6ng\u00e9sz\u00e9st ny\u00fajtanak, valamint az \u00d6n \u00e1ltal kor\u00e1bban v\u00e1lasztott funkci\u00f3kat biztos\u00edtja. Tekintettel arra, hogy ezek a weboldal m\u0171k\u00f6d\u00e9s\u00e9hez sz\u00fcks\u00e9gesek, ezek a s\u00fctik alap\u00e9rtelmez\u00e9s szerint aktiv\u00e1l\u00f3dnak, \u00e9s nem kapcsolhat\u00f3ak ki.&nbsp;<\/p>\n\n\n\n<p>A STROHM TEKA s\u00fctiket haszn\u00e1lhat az \u00d6n s\u00fcti be\u00e1ll\u00edt\u00e1sainak t\u00e1rol\u00e1s\u00e1hoz, a b\u00f6ng\u00e9sz\u00e9s stabiliz\u00e1l\u00e1s\u00e1hoz vagy biztons\u00e1gosabb\u00e1 t\u00e9tel\u00e9hez.&nbsp;<\/p>\n\n\n\n<figure class=\"wp-block-table\"><table><tbody><tr><td><strong>Rendszer s\u00fctik&nbsp;<\/strong><\/td><td><strong>C\u00e9l&nbsp;<\/strong><\/td><td><strong>Szolg\u00e1ltat\u00f3<\/strong><\/td><td><strong>Lej\u00e1rat&nbsp;<\/strong><\/td><\/tr><tr><td>OptanonConsent<\/td><td>Ez a s\u00fcti seg\u00edt annak meg\u00e1llap\u00edt\u00e1s\u00e1ban, hogy a l\u00e1togat\u00f3 elfogadta-e a s\u00fcti enged\u00e9lyt. Biztos\u00edtja, hogy a s\u00fcti enged\u00e9lyez\u00e9si mez\u0151 ne jelenjen meg a webhelyre t\u00f6rt\u00e9n\u0151 \u00fajabb bel\u00e9p\u00e9skor.&nbsp;<\/td><td>TEKA<\/td><td>1 \u00e9v<\/td><\/tr><tr><td>PHPSESSID<\/td><td>Ez a s\u00fcti a felhaszn\u00e1l\u00f3i \u00e1llapotokat t\u00e1rolja az \u00f6sszes oldallek\u00e9r\u00e9sben.&nbsp;<br><\/td><td>TEKA<\/td><td>munka-menet<\/td><\/tr><tr><td>OptanonAlertBoxClosed<\/td><td>Ez a s\u00fcti azonos\u00edtja a kil\u00e9p\u00e9st a s\u00fcti s\u00e1vb\u00f3l, \u00e9s r\u00f6gz\u00edti a felhaszn\u00e1l\u00f3i s\u00fcti-be\u00e1ll\u00edt\u00e1sokat<\/td><td>TEKA<\/td><td>1 \u00e9v<\/td><\/tr><\/tbody><\/table><\/figure>\n\n\n\n<p>Ezek a s\u00fctik a Platform m\u0171k\u00f6d\u00e9s\u00e9hez sz\u00fcks\u00e9gesek, ez\u00e9rt nem tilthat\u00f3k le.<\/p>\n\n\n\n<p><strong>SZEM\u00c9LYRE SZAB\u00c1SI S\u00dcTIK<\/strong><\/p>\n\n\n\n<p>Ezeket a s\u00fctiket olyan inform\u00e1ci\u00f3k r\u00f6gz\u00edt\u00e9s\u00e9re haszn\u00e1ljuk, amelyek lehet\u0151v\u00e9 teszik a szolg\u00e1ltat\u00e1shoz val\u00f3 hozz\u00e1f\u00e9r\u00e9st bizonyos funkci\u00f3kkal, amelyek megk\u00fcl\u00f6nb\u00f6ztetik az \u00d6n tapasztalatait a t\u00f6bbi felhaszn\u00e1l\u00f3 tapasztalatait\u00f3l, p\u00e9ld\u00e1ul az alap\u00e9rtelmezett nyelv, a keres\u00e9s sor\u00e1n megjelen\u00edtend\u0151 eredm\u00e9nyek sz\u00e1ma, a szolg\u00e1ltat\u00e1s megjelen\u00e9se vagy tartalma a szolg\u00e1ltat\u00e1s el\u00e9r\u00e9s\u00e9hez haszn\u00e1lt b\u00f6ng\u00e9sz\u0151t\u0151l vagy r\u00e9gi\u00f3t\u00f3l f\u00fcgg\u0151en. Abban az esetben, ha ez a szem\u00e9lyre szab\u00e1s a Platform megfelel\u0151 m\u0171k\u00f6d\u00e9s\u00e9hez sz\u00fcks\u00e9ges, vagy k\u00f6zvetlen\u00fcl \u00d6n k\u00e9ri, a be\u00e1ll\u00edt\u00e1sok akt\u00edvak maradnak, mivel elengedhetetlenek a Platform m\u0171k\u00f6d\u00e9s\u00e9hez.<\/p>\n\n\n\n<figure class=\"wp-block-table\"><table><tbody><tr><td><strong>Szem\u00e9lyre szab\u00e1si s\u00fctik<\/strong><\/td><td><strong>C\u00e9l<\/strong><\/td><td><strong>Szolg\u00e1ltat\u00f3<\/strong><\/td><td><strong>Lej\u00e1rat&nbsp;<\/strong><\/td><\/tr><tr><td>Whislist<br><\/td><td>Ennek a cookie-nak a c\u00e9lja, hogy a felhaszn\u00e1l\u00f3 profilj\u00e1ban elmentse a felhaszn\u00e1l\u00f3 \u00e1ltal prefer\u00e1lt term\u00e9keket.<\/td><td><a href=\"http:\/\/fullcircle.es\">Fullcircle.es<\/a><\/td><td>1 \u00e9v<\/td><\/tr><tr><td>Orsz\u00e1g\/R\u00e9gi\u00f3<\/td><td>Ez a cookie lehet\u0151v\u00e9 teszi a felhaszn\u00e1l\u00f3 sz\u00e1m\u00e1ra, hogy kiv\u00e1lassza a felhaszn\u00e1l\u00f3 piaci r\u00e9gi\u00f3j\u00e1ban el\u00e9rhet\u0151 term\u00e9ket \u00e9s \u00e1rakat. Az oldal nem lesz k\u00e9pes megjelen\u00edteni egyetlen term\u00e9ket sem, ha a piaci r\u00e9gi\u00f3 ismeretlen.<\/td><td><a href=\"http:\/\/fullcircle.es\/\">Fullcircle.es<\/a><\/td><td>30 nap<\/td><\/tr><\/tbody><\/table><\/figure>\n\n\n\n<p><strong>ELEMZ\u0150 S\u00dcTIK&nbsp;<\/strong><\/p>\n\n\n\n<p>Ezek a s\u00fctik seg\u00edtenek nyomon k\u00f6vetni \u00e9s elemezni a felhaszn\u00e1l\u00f3k viselked\u00e9s\u00e9t, bele\u00e9rtve a marketing hat\u00e1s sz\u00e1mszer\u0171s\u00edt\u00e9s\u00e9t is. Az ilyen t\u00edpus\u00fa s\u00fctik r\u00e9v\u00e9n gy\u0171jt\u00f6tt inform\u00e1ci\u00f3kat a platform aktivit\u00e1s\u00e1nak m\u00e9r\u00e9s\u00e9re haszn\u00e1lj\u00e1k, hogy a felhaszn\u00e1l\u00f3k szolg\u00e1ltat\u00e1s-elemz\u00e9s\u00e9nek megfelel\u0151 fejleszt\u00e9seket adhassanak hozz\u00e1. &nbsp;<\/p>\n\n\n\n<p>Ezeket a s\u00fctiket enged\u00e9lyezhetj\u00fck vagy letilthatjuk.&nbsp;<\/p>\n\n\n\n<figure class=\"wp-block-table\"><table><tbody><tr><td><strong>Szem\u00e9lyre szab\u00e1si s\u00fctik<\/strong><\/td><td><strong>C\u00e9l&nbsp;<\/strong><\/td><td><strong>Szolg\u00e1ltat\u00f3<\/strong><\/td><td><strong>Lej\u00e1rat<\/strong><\/td><\/tr><tr><td>_gid<\/td><td>A Google Analytics egy weboldalelemz\u0151 eszk\u00f6z, amely s\u00fcti inform\u00e1ci\u00f3k seg\u00edts\u00e9g\u00e9vel elemzi a Platform l\u00e1togat\u00f3inak \u00e9s l\u00e1togat\u00e1sainak sz\u00e1m\u00e1t, az \u00e1tlagos l\u00e1togat\u00e1si id\u0151t, az egyes felhaszn\u00e1l\u00f3k \u00e1ltal megtekintett oldalak \u00e1tlagos sz\u00e1m\u00e1t, f\u00f6ldrajzi jelent\u00e9seket, t\u00e1rsadalmi-demogr\u00e1fiai jelent\u00e9seket (nyelv, hely, internet szolg\u00e1ltat\u00f3, mobil eszk\u00f6z\u2026).&nbsp;<\/td><td><a href=\"https:\/\/policies.google.com\/privacy?hl=es\">Google Analytics<\/a><\/td><td>2 \u00e9v<\/td><\/tr><tr><td>_ga<\/td><\/tr><tr><td>_gat_UA-29864591-3<\/td><\/tr><\/tbody><\/table><\/figure>\n\n\n\n<p><strong>MARKETING S\u00dcTIK&nbsp;<\/strong><\/p>\n\n\n\n<p>Ezek a s\u00fctik b\u00f6ng\u00e9sz\u00e9si szok\u00e1sok folyamatos megfigyel\u00e9s\u00e9b\u0151l sz\u00e1rmaz\u00f3 inform\u00e1ci\u00f3kat t\u00e1rolnak a felhaszn\u00e1l\u00f3k viselked\u00e9s\u00e9r\u0151l, amelyek lehet\u0151v\u00e9 teszik sz\u00e1munkra, hogy egy speci\u00e1lis profilt dolgozzunk marketingtev\u00e9kenys\u00e9gek \u00e1ltal a hirdet\u00e9sek megjelen\u00edt\u00e9s\u00e9hez. Hasonl\u00f3k\u00e9ppen, ezek a s\u00fctik lehet\u0151v\u00e9 teszik a TEKA hirdet\u00e9seinek megjelen\u00edt\u00e9s\u00e9t harmadik f\u00e9l weboldalain. Enged\u00e9lyezheti vagy letilthatja az ilyen s\u00fctik telep\u00edt\u00e9s\u00e9t.&nbsp;<\/p>\n\n\n\n<figure class=\"wp-block-table\"><table><tbody><tr><td><strong>Marketing s\u00fctik Szolg\u00e1ltat\u00f3ja \u00e9s inform\u00e1ci\u00f3k&nbsp;<\/strong><\/td><td><strong>C\u00e9l&nbsp;<\/strong><\/td><td><strong>Lej\u00e1rat&nbsp;<\/strong><\/td><\/tr><tr><td><a href=\"https:\/\/www.facebook.com\/about\/basics\/advertising\">Facebook<\/a><\/td><td>A Facebook pixelt haszn\u00e1ljuk a Platformon t\u00f6rt\u00e9n\u0151 b\u00f6ng\u00e9sz\u00e9s\u00e9nek azonos\u00edt\u00e1s\u00e1hoz \u00e9s az inform\u00e1ci\u00f3k k\u00f6z\u00f6ss\u00e9gi m\u00e9dia fel\u00fcleten kereszt\u00fcl t\u00f6rt\u00e9n\u0151 elk\u00fcld\u00e9s\u00e9hez.&nbsp;<\/td><td>3 h\u00f3nap<\/td><\/tr><tr><td><a href=\"https:\/\/policies.google.com\/privacy?hl=en\">Google<\/a> (Google Tag Manager)<\/td><td>A Google platformot haszn\u00e1ljuk az \u00f6sszes s\u00fcti \u00e9s egy\u00e9b technol\u00f3gia kezel\u00e9s\u00e9re, amelyek a platformon t\u00e1rolt adatait kezelik. &nbsp;<\/td><td>13 h\u00f3nap<\/td><\/tr><tr><td><a href=\"https:\/\/policies.google.com\/privacy?hl=en\">Google<\/a> (Doubleclick)<\/td><td>A Doubleclick s\u00fctiket haszn\u00e1ljuk a b\u00f6ng\u00e9sz\u00e9si el\u0151zm\u00e9nyeinek elemz\u00e9s\u00e9hez \u00e9s a relev\u00e1ns TEKA-h\u00edrek \u00e9s inform\u00e1ci\u00f3k szolg\u00e1ltat\u00e1s\u00e1hoz.&nbsp;<\/td><td>13 h\u00f3nap<\/td><\/tr><\/tbody><\/table><\/figure>\n\n\n\n<p><strong>S\u00fctik ellen\u0151rz\u00e9se \u00e9s elt\u00e1vol\u00edt\u00e1sa&nbsp;<\/strong><\/p>\n\n\n\n<p>A s\u00fcti-be\u00e1ll\u00edt\u00e1sok eszk\u00f6z lehet\u0151v\u00e9 teszi az \u00d6n hozz\u00e1j\u00e1rul\u00e1s\u00e1t ig\u00e9nyl\u0151 s\u00fctik letilt\u00e1s\u00e1t vagy elfogad\u00e1s\u00e1t. A b\u00f6ng\u00e9sz\u0151 be\u00e1ll\u00edt\u00e1sainak megv\u00e1ltoztat\u00e1s\u00e1val letilthatja \u00e9s elt\u00e1vol\u00edthatja a s\u00fctiket.&nbsp;<\/p>\n\n\n\n<p>Hasonl\u00f3k\u00e9ppen, a legt\u00f6bb b\u00f6ng\u00e9sz\u0151 lehet\u0151v\u00e9 teszi az \u00f6sszes s\u00fcti elfogad\u00e1s\u00e1t vagy letilt\u00e1s\u00e1t, vagy csak bizonyosak elfogad\u00e1s\u00e1t. A s\u00fctik kezel\u00e9s\u00e9nek \u00e9s t\u00f6rl\u00e9s\u00e9nek folyamata megtal\u00e1lhat\u00f3 a b\u00f6ng\u00e9sz\u0151 s\u00fag\u00f3j\u00e1ban. Ha korl\u00e1tozni k\u00edv\u00e1nja a s\u00fctik haszn\u00e1lat\u00e1t, el\u0151fordulhat, hogy nem fogja tudni haszn\u00e1lni az \u00f6sszes interakt\u00edv platform funkci\u00f3t.<\/p>\n\n\n\n<p>Enged\u00e9lyezheti, letilthatja vagy elt\u00e1vol\u00edthatja az eszk\u00f6z\u00e9re telep\u00edtett s\u00fctiket az eszk\u00f6z\u00e9re telep\u00edtett b\u00f6ng\u00e9sz\u0151 be\u00e1ll\u00edt\u00e1sainak konfigur\u00e1l\u00e1s\u00e1val: &nbsp;<\/p>\n\n\n\n<ul class=\"wp-block-list\"><li><strong>Firefox<\/strong>:&nbsp;<a href=\"https:\/\/support.mozilla.org\/es\/kb\/habilitar-y-deshabilitar-cookies-sitios-web-rastrear-preferencias?redirectlocale=es&amp;redirectslug=habilitar-y-deshabilitar-cookies-que-los-sitios-we\">https:\/\/support.mozilla.org\/es\/kb\/habilitar-y-deshabilitar-cookies-sitios-web&#8230;<\/a><\/li><li><strong>Chrome<\/strong>:&nbsp;<a href=\"https:\/\/support.google.com\/accounts\/answer\/61416?hl=es\">https:\/\/support.google.com\/accounts\/answer\/61416?hl=es<\/a><\/li><li><strong>Explorer<\/strong>:&nbsp;<a href=\"https:\/\/support.microsoft.com\/es-es\/help\/17442\/windows-internet-explorer-dele\">https:\/\/support.microsoft.com\/es-es\/help\/17442\/windows-internet-explorer-dele<\/a><\/li><li><strong>Safari<\/strong>:&nbsp;<a href=\"https:\/\/support.apple.com\/es-es\/guide\/safari\/sfri11471\/mac\">https:\/\/support.apple.com\/es-es\/guide\/safari\/sfri11471\/mac<\/a><\/li><li><strong>Opera<\/strong>:&nbsp;<a href=\"https:\/\/help.opera.com\/Windows\/11.50\/es-ES\/cookies.html\">https:\/\/help.opera.com\/Windows\/11.50\/es-ES\/cookies.html<\/a><\/li><\/ul>\n\n\n\n<p><strong>A b\u00f6ng\u00e9sz\u0151 \u00e9rtes\u00edt\u00e9sei&nbsp;<\/strong><\/p>\n\n\n\n<p>Ha a platformon t\u00f6rt\u00e9n\u0151 b\u00f6ng\u00e9sz\u00e9sek elej\u00e9n elfogadta az \u00e9rtes\u00edt\u00e9sek enged\u00e9lyez\u00e9s\u00e9t egy felugr\u00f3 ablakon kereszt\u00fcl, a SBS \u00e9rtes\u00edt\u00e9seket k\u00fcldhet \u00d6nnek a relev\u00e1ns h\u00edrekr\u0151l \u00e9s tartalmakr\u00f3l. A b\u00f6ng\u00e9sz\u0151 be\u00e1ll\u00edt\u00e1sain kereszt\u00fcl konfigur\u00e1lhatja ezeket a felugr\u00f3 \u00e9rtes\u00edt\u00e9seket, mind a SBS-t\u0151l, mind m\u00e1s webhelyekt\u0151l.<\/p>\n\n\n\n<p><strong>Hirdet\u00e9sek konfigur\u00e1l\u00e1sa m\u00e1s platformokon&nbsp;<\/strong><\/p>\n\n\n\n<p>A sz\u00e1m\u00edt\u00f3g\u00e9pes b\u00f6ng\u00e9sz\u0151kh\u00f6z hasonl\u00f3an a mobil b\u00f6ng\u00e9sz\u0151k is lehet\u0151v\u00e9 teszik az adatv\u00e9delmi \u00e9s egy\u00e9b be\u00e1ll\u00edt\u00e1sok m\u00f3dos\u00edt\u00e1s\u00e1t a s\u00fctik letilt\u00e1s\u00e1hoz vagy elt\u00e1vol\u00edt\u00e1s\u00e1hoz. &nbsp;<\/p>\n\n\n\n<p>Ha m\u00f3dos\u00edtani k\u00edv\u00e1nja az adatv\u00e9delmi be\u00e1ll\u00edt\u00e1sokat, k\u00f6vesse a b\u00f6ng\u00e9sz\u0151 fejleszt\u0151j\u00e9nek mobileszk\u00f6z\u00f6kre vonatkoz\u00f3 utas\u00edt\u00e1sait.<\/p>\n\n\n\n<p>Az al\u00e1bbiakban bemutatunk n\u00e9h\u00e1ny linket, amelyek seg\u00edtenek a mobileszk\u00f6z adatv\u00e9delmi be\u00e1ll\u00edt\u00e1sainak m\u00f3dos\u00edt\u00e1s\u00e1ban:&nbsp;<\/p>\n\n\n\n<p><a href=\"https:\/\/support.apple.com\/es-es\/HT201265\">Safari for IOS<\/a><\/p>\n\n\n\n<p><a href=\"https:\/\/support.google.com\/accounts\/answer\/32050?co=GENIE.Platform%253DAndroid&amp;hl=es&amp;oco=0\">Chrome for Android<\/a><\/p>\n\n\n\n<p><strong>Facebook hirdet\u00e9sek konfigur\u00e1l\u00e1sa&nbsp;<\/strong><\/p>\n\n\n\n<p>Ha olyan k\u00f6z\u00f6ss\u00e9gi oldalakat haszn\u00e1l, mint az Instagram vagy a Facebook, \u00e9s elfogadja azok jogi sz\u00f6veg\u00e9t, SBS marketing inform\u00e1ci\u00f3kat kaphat. E marketing adatok megjelen\u00edt\u00e9s\u00e9hez megszerezhetj\u00fck b\u00f6ng\u00e9sz\u00e9si adatait a platformunkon tal\u00e1lhat\u00f3 Facebook Pixel seg\u00edts\u00e9g\u00e9vel, vagy a Facebook technol\u00f3gi\u00e1j\u00e1val \u00e1tadhatjuk adatb\u00e1zisunkat platformjukra, \u00e9s testre szabhatjuk marketingtev\u00e9kenys\u00e9g\u00fcnket (ebben az esetben titkos\u00edt\u00e1si-\u00e1lneves\u00edt\u00e9si int\u00e9zked\u00e9seket alkalmazunk). Ezekr\u0151l a technol\u00f3gi\u00e1kr\u00f3l tov\u00e1bbi inform\u00e1ci\u00f3k tal\u00e1lhat\u00f3k <a href=\"https:\/\/www.facebook.com\/about\/basics\/advertising\"><strong>itt<\/strong><\/a>.<\/p>\n\n\n\n<p>Ha konfigur\u00e1lni szeretn\u00e9 a Facebook marketingtev\u00e9kenys\u00e9g\u00e9t, akkor ezt az al\u00e1bbi \u00faton teheti meg: &nbsp;<\/p>\n\n\n\n<p>A megjelen\u0151 hirdet\u00e9sen kattintson a jobb fels\u0151 sarokban tal\u00e1lhat\u00f3 \u201e\u2026\u201d-ra&nbsp; Mi\u00e9rt l\u00e1tom ezt a hirdet\u00e9st?&nbsp;<\/p>\n\n\n\n<p>A felhaszn\u00e1l\u00f3i profilban v\u00e1lassza a Konfigur\u00e1ci\u00f3 &gt;&gt; Hirdet\u00e9sek lehet\u0151s\u00e9get<\/p>\n\n\n\n<p><strong>Utols\u00f3 friss\u00edt\u00e9s: 2022. febru\u00e1r 18.<\/strong><\/p>\n","protected":false},"excerpt":{"rendered":"M\u00e1sodik r\u00e9teg&nbsp; Ez a s\u00fctikre vonatkoz\u00f3 ir\u00e1nyelv szerves r\u00e9sz\u00e9t k\u00e9pezi a weboldal (a tov\u00e1bbiakban: \u201eWebhely\u201d) jogi felel\u0151ss\u00e9gv\u00e1llal\u00e1si nyilatkozat\u00e1nak \u00e9s adatv\u00e9delmi ir\u00e1nyelveinek, amelyek a https:\/\/www.strohm-teka.com\/ URL-en tal\u00e1lhat\u00f3 weboldalon \u00e9s a mobileszk\u00f6z-alkalmaz\u00e1sban \u00e9rhet\u0151k el.&nbsp; A Platform b\u00f6ng\u00e9sz\u00e9s\u00e9nek jav\u00edt\u00e1sa c\u00e9lj\u00e1b\u00f3l a Strohm Bathroom Solutions S.A.\u00a0 (a tov\u00e1bbiakban: SBS) ad\u00f3sz\u00e1m: A07005473, sz\u00e9khely: Calle Conquistador 2, 07350 Binissalem, SPANYOLORSZ\u00c1G ez\u00faton&#8230;","protected":false},"author":17,"featured_media":0,"parent":0,"menu_order":0,"comment_status":"closed","ping_status":"closed","template":"","meta":{"_acf_changed":false,"footnotes":""},"class_list":["post-65307","page","type-page","status-publish","hentry"],"acf":[],"yoast_head":"<!-- This site is optimized with the Yoast SEO plugin v27.1.1 - https:\/\/yoast.com\/product\/yoast-seo-wordpress\/ -->\n<title>S\u00fcti Szab\u00e1lyzat - Strohm Teka<\/title>\n<meta name=\"robots\" content=\"index, follow, max-snippet:-1, max-image-preview:large, max-video-preview:-1\" \/>\n<link rel=\"canonical\" href=\"https:\/\/strohm-teka.hu\/hu\/suti-sav\/\" \/>\n<meta property=\"og:locale\" content=\"hu_HU\" \/>\n<meta property=\"og:type\" content=\"article\" \/>\n<meta property=\"og:title\" content=\"S\u00fcti Szab\u00e1lyzat - Strohm Teka\" \/>\n<meta property=\"og:description\" content=\"M\u00e1sodik r\u00e9teg&nbsp; Ez a s\u00fctikre vonatkoz\u00f3 ir\u00e1nyelv szerves r\u00e9sz\u00e9t k\u00e9pezi a weboldal (a tov\u00e1bbiakban: \u201eWebhely\u201d) jogi felel\u0151ss\u00e9gv\u00e1llal\u00e1si nyilatkozat\u00e1nak \u00e9s adatv\u00e9delmi ir\u00e1nyelveinek, amelyek a https:\/\/www.strohm-teka.com\/ URL-en tal\u00e1lhat\u00f3 weboldalon \u00e9s a mobileszk\u00f6z-alkalmaz\u00e1sban \u00e9rhet\u0151k el.&nbsp; A Platform b\u00f6ng\u00e9sz\u00e9s\u00e9nek jav\u00edt\u00e1sa c\u00e9lj\u00e1b\u00f3l a Strohm Bathroom Solutions S.A.\u00a0 (a tov\u00e1bbiakban: SBS) ad\u00f3sz\u00e1m: A07005473, sz\u00e9khely: Calle Conquistador 2, 07350 Binissalem, SPANYOLORSZ\u00c1G ez\u00faton...\" \/>\n<meta property=\"og:url\" content=\"https:\/\/strohm-teka.hu\/hu\/suti-sav\/\" \/>\n<meta property=\"og:site_name\" content=\"Strohm Teka\" \/>\n<meta property=\"article:modified_time\" content=\"2022-02-21T09:19:04+00:00\" \/>\n<meta property=\"og:image\" content=\"https:\/\/strohm-wp-services.1s.funcionalia.com\/2021\/01\/brand_rgb_png3.png\" \/>\n\t<meta property=\"og:image:width\" content=\"11601\" \/>\n\t<meta property=\"og:image:height\" content=\"4519\" \/>\n\t<meta property=\"og:image:type\" content=\"image\/png\" \/>\n<meta name=\"twitter:card\" content=\"summary_large_image\" \/>\n<script type=\"application\/ld+json\" class=\"yoast-schema-graph\">{\"@context\":\"https:\/\/schema.org\",\"@graph\":[{\"@type\":\"WebPage\",\"@id\":\"https:\/\/strohm-teka.hu\/hu\/suti-sav\/\",\"url\":\"https:\/\/strohm-teka.hu\/hu\/suti-sav\/\",\"name\":\"S\u00fcti Szab\u00e1lyzat - Strohm Teka\",\"isPartOf\":{\"@id\":\"https:\/\/strohm-teka.hu\/hu\/#website\"},\"datePublished\":\"2020-09-24T08:29:50+00:00\",\"dateModified\":\"2022-02-21T09:19:04+00:00\",\"breadcrumb\":{\"@id\":\"https:\/\/strohm-teka.hu\/hu\/suti-sav\/#breadcrumb\"},\"inLanguage\":\"hu\",\"potentialAction\":[{\"@type\":\"ReadAction\",\"target\":[\"https:\/\/strohm-teka.hu\/hu\/suti-sav\/\"]}]},{\"@type\":\"BreadcrumbList\",\"@id\":\"https:\/\/strohm-teka.hu\/hu\/suti-sav\/#breadcrumb\",\"itemListElement\":[{\"@type\":\"ListItem\",\"position\":1,\"name\":\"Home\",\"item\":\"https:\/\/strohm-teka.hu\/hu\/\"},{\"@type\":\"ListItem\",\"position\":2,\"name\":\"S\u00fcti Szab\u00e1lyzat\"}]},{\"@type\":\"WebSite\",\"@id\":\"https:\/\/strohm-teka.hu\/hu\/#website\",\"url\":\"https:\/\/strohm-teka.hu\/hu\/\",\"name\":\"Strohm Teka\",\"description\":\"Soluciones integrales para ba\u00f1o. Grifer\u00eda, sistemas de ducha, muebles y lavabos, mamparas, inodoros y bid\u00e9s, lavabos y accesorios de ba\u00f1o.\",\"publisher\":{\"@id\":\"https:\/\/strohm-teka.hu\/hu\/#organization\"},\"potentialAction\":[{\"@type\":\"SearchAction\",\"target\":{\"@type\":\"EntryPoint\",\"urlTemplate\":\"https:\/\/strohm-teka.hu\/hu\/?s={search_term_string}\"},\"query-input\":{\"@type\":\"PropertyValueSpecification\",\"valueRequired\":true,\"valueName\":\"search_term_string\"}}],\"inLanguage\":\"hu\"},{\"@type\":\"Organization\",\"@id\":\"https:\/\/strohm-teka.hu\/hu\/#organization\",\"name\":\"Strohm Teka\",\"url\":\"https:\/\/strohm-teka.hu\/hu\/\",\"logo\":{\"@type\":\"ImageObject\",\"inLanguage\":\"hu\",\"@id\":\"https:\/\/strohm-teka.hu\/hu\/#\/schema\/logo\/image\/\",\"url\":\"https:\/\/strohm-wp-services.1s.funcionalia.com\/2021\/01\/strohm_teka_logo.jpg\",\"contentUrl\":\"https:\/\/strohm-wp-services.1s.funcionalia.com\/2021\/01\/strohm_teka_logo.jpg\",\"width\":738,\"height\":354,\"caption\":\"Strohm Teka\"},\"image\":{\"@id\":\"https:\/\/strohm-teka.hu\/hu\/#\/schema\/logo\/image\/\"},\"sameAs\":[\"https:\/\/www.instagram.com\/strohm_teka_es\/\",\"https:\/\/www.linkedin.com\/company\/teka-strohm-espa\u00f1a\/\"]}]}<\/script>\n<!-- \/ Yoast SEO plugin. -->","yoast_head_json":{"title":"S\u00fcti Szab\u00e1lyzat - Strohm Teka","robots":{"index":"index","follow":"follow","max-snippet":"max-snippet:-1","max-image-preview":"max-image-preview:large","max-video-preview":"max-video-preview:-1"},"canonical":"https:\/\/strohm-teka.hu\/hu\/suti-sav\/","og_locale":"hu_HU","og_type":"article","og_title":"S\u00fcti Szab\u00e1lyzat - Strohm Teka","og_description":"M\u00e1sodik r\u00e9teg&nbsp; Ez a s\u00fctikre vonatkoz\u00f3 ir\u00e1nyelv szerves r\u00e9sz\u00e9t k\u00e9pezi a weboldal (a tov\u00e1bbiakban: \u201eWebhely\u201d) jogi felel\u0151ss\u00e9gv\u00e1llal\u00e1si nyilatkozat\u00e1nak \u00e9s adatv\u00e9delmi ir\u00e1nyelveinek, amelyek a https:\/\/www.strohm-teka.com\/ URL-en tal\u00e1lhat\u00f3 weboldalon \u00e9s a mobileszk\u00f6z-alkalmaz\u00e1sban \u00e9rhet\u0151k el.&nbsp; A Platform b\u00f6ng\u00e9sz\u00e9s\u00e9nek jav\u00edt\u00e1sa c\u00e9lj\u00e1b\u00f3l a Strohm Bathroom Solutions S.A.\u00a0 (a tov\u00e1bbiakban: SBS) ad\u00f3sz\u00e1m: A07005473, sz\u00e9khely: Calle Conquistador 2, 07350 Binissalem, SPANYOLORSZ\u00c1G ez\u00faton...","og_url":"https:\/\/strohm-teka.hu\/hu\/suti-sav\/","og_site_name":"Strohm Teka","article_modified_time":"2022-02-21T09:19:04+00:00","og_image":[{"width":11601,"height":4519,"url":"https:\/\/strohm-wp-services.1s.funcionalia.com\/2021\/01\/brand_rgb_png3.png","type":"image\/png"}],"twitter_card":"summary_large_image","schema":{"@context":"https:\/\/schema.org","@graph":[{"@type":"WebPage","@id":"https:\/\/strohm-teka.hu\/hu\/suti-sav\/","url":"https:\/\/strohm-teka.hu\/hu\/suti-sav\/","name":"S\u00fcti Szab\u00e1lyzat - Strohm Teka","isPartOf":{"@id":"https:\/\/strohm-teka.hu\/hu\/#website"},"datePublished":"2020-09-24T08:29:50+00:00","dateModified":"2022-02-21T09:19:04+00:00","breadcrumb":{"@id":"https:\/\/strohm-teka.hu\/hu\/suti-sav\/#breadcrumb"},"inLanguage":"hu","potentialAction":[{"@type":"ReadAction","target":["https:\/\/strohm-teka.hu\/hu\/suti-sav\/"]}]},{"@type":"BreadcrumbList","@id":"https:\/\/strohm-teka.hu\/hu\/suti-sav\/#breadcrumb","itemListElement":[{"@type":"ListItem","position":1,"name":"Home","item":"https:\/\/strohm-teka.hu\/hu\/"},{"@type":"ListItem","position":2,"name":"S\u00fcti Szab\u00e1lyzat"}]},{"@type":"WebSite","@id":"https:\/\/strohm-teka.hu\/hu\/#website","url":"https:\/\/strohm-teka.hu\/hu\/","name":"Strohm Teka","description":"Soluciones integrales para ba\u00f1o. Grifer\u00eda, sistemas de ducha, muebles y lavabos, mamparas, inodoros y bid\u00e9s, lavabos y accesorios de ba\u00f1o.","publisher":{"@id":"https:\/\/strohm-teka.hu\/hu\/#organization"},"potentialAction":[{"@type":"SearchAction","target":{"@type":"EntryPoint","urlTemplate":"https:\/\/strohm-teka.hu\/hu\/?s={search_term_string}"},"query-input":{"@type":"PropertyValueSpecification","valueRequired":true,"valueName":"search_term_string"}}],"inLanguage":"hu"},{"@type":"Organization","@id":"https:\/\/strohm-teka.hu\/hu\/#organization","name":"Strohm Teka","url":"https:\/\/strohm-teka.hu\/hu\/","logo":{"@type":"ImageObject","inLanguage":"hu","@id":"https:\/\/strohm-teka.hu\/hu\/#\/schema\/logo\/image\/","url":"https:\/\/strohm-wp-services.1s.funcionalia.com\/2021\/01\/strohm_teka_logo.jpg","contentUrl":"https:\/\/strohm-wp-services.1s.funcionalia.com\/2021\/01\/strohm_teka_logo.jpg","width":738,"height":354,"caption":"Strohm Teka"},"image":{"@id":"https:\/\/strohm-teka.hu\/hu\/#\/schema\/logo\/image\/"},"sameAs":["https:\/\/www.instagram.com\/strohm_teka_es\/","https:\/\/www.linkedin.com\/company\/teka-strohm-espa\u00f1a\/"]}]}},"_links":{"self":[{"href":"https:\/\/strohm-teka.hu\/hu\/wp-json\/wp\/v2\/pages\/65307","targetHints":{"allow":["GET"]}}],"collection":[{"href":"https:\/\/strohm-teka.hu\/hu\/wp-json\/wp\/v2\/pages"}],"about":[{"href":"https:\/\/strohm-teka.hu\/hu\/wp-json\/wp\/v2\/types\/page"}],"author":[{"embeddable":true,"href":"https:\/\/strohm-teka.hu\/hu\/wp-json\/wp\/v2\/users\/17"}],"replies":[{"embeddable":true,"href":"https:\/\/strohm-teka.hu\/hu\/wp-json\/wp\/v2\/comments?post=65307"}],"version-history":[{"count":5,"href":"https:\/\/strohm-teka.hu\/hu\/wp-json\/wp\/v2\/pages\/65307\/revisions"}],"predecessor-version":[{"id":110430,"href":"https:\/\/strohm-teka.hu\/hu\/wp-json\/wp\/v2\/pages\/65307\/revisions\/110430"}],"wp:attachment":[{"href":"https:\/\/strohm-teka.hu\/hu\/wp-json\/wp\/v2\/media?parent=65307"}],"curies":[{"name":"wp","href":"https:\/\/api.w.org\/{rel}","templated":true}]}}